{"id":23,"date":"2016-02-16T10:49:33","date_gmt":"2016-02-16T12:49:33","guid":{"rendered":"https:\/\/wp.ufpel.edu.br\/ppgent\/?page_id=23"},"modified":"2016-02-16T11:27:28","modified_gmt":"2016-02-16T13:27:28","slug":"ingresso","status":"publish","type":"page","link":"https:\/\/wp.ufpel.edu.br\/ppgent\/ingresso\/","title":{"rendered":"Ingresso"},"content":{"rendered":"<p><a href=\"https:\/\/wp.ufpel.edu.br\/ppgent\/ingresso\/selecao-pos-doutorado-pnpd-2015\/\">Sele\u00e7\u00e3o P\u00f3s-Doutorado PNPD 2015<\/a><\/p>\n","protected":false},"excerpt":{"rendered":"<p>Sele\u00e7\u00e3o P\u00f3s-Doutorado PNPD 2015<\/p>\n","protected":false},"author":606,"featured_media":0,"parent":0,"menu_order":0,"comment_status":"closed","ping_status":"closed","template":"","meta":{"footnotes":""},"class_list":["post-23","page","type-page","status-publish","hentry"],"yoast_head":"<!-- This site is optimized with the Yoast SEO plugin v26.7 - https:\/\/yoast.com\/wordpress\/plugins\/seo\/ -->\n<title>Ingresso &#8226; PPG em Entomologia<\/title>\n<meta name=\"robots\" content=\"index, follow, max-snippet:-1, max-image-preview:large, max-video-preview:-1\" \/>\n<link rel=\"canonical\" href=\"https:\/\/wp.ufpel.edu.br\/ppgent\/ingresso\/\" \/>\n<meta property=\"og:locale\" content=\"pt_BR\" \/>\n<meta property=\"og:type\" content=\"article\" \/>\n<meta property=\"og:title\" content=\"Ingresso &#8226; PPG em Entomologia\" \/>\n<meta property=\"og:description\" content=\"Sele\u00e7\u00e3o P\u00f3s-Doutorado PNPD 2015\" \/>\n<meta property=\"og:url\" content=\"https:\/\/wp.ufpel.edu.br\/ppgent\/ingresso\/\" \/>\n<meta property=\"og:site_name\" content=\"PPG em Entomologia\" \/>\n<meta property=\"article:modified_time\" content=\"2016-02-16T13:27:28+00:00\" \/>\n<meta name=\"twitter:card\" content=\"summary_large_image\" \/>\n<script type=\"application\/ld+json\" class=\"yoast-schema-graph\">{\"@context\":\"https:\/\/schema.org\",\"@graph\":[{\"@type\":\"WebPage\",\"@id\":\"https:\/\/wp.ufpel.edu.br\/ppgent\/ingresso\/\",\"url\":\"https:\/\/wp.ufpel.edu.br\/ppgent\/ingresso\/\",\"name\":\"Ingresso &#8226; PPG em Entomologia\",\"isPartOf\":{\"@id\":\"https:\/\/wp.ufpel.edu.br\/ppgent\/#website\"},\"datePublished\":\"2016-02-16T12:49:33+00:00\",\"dateModified\":\"2016-02-16T13:27:28+00:00\",\"breadcrumb\":{\"@id\":\"https:\/\/wp.ufpel.edu.br\/ppgent\/ingresso\/#breadcrumb\"},\"inLanguage\":\"pt-BR\",\"potentialAction\":[{\"@type\":\"ReadAction\",\"target\":[\"https:\/\/wp.ufpel.edu.br\/ppgent\/ingresso\/\"]}]},{\"@type\":\"BreadcrumbList\",\"@id\":\"https:\/\/wp.ufpel.edu.br\/ppgent\/ingresso\/#breadcrumb\",\"itemListElement\":[{\"@type\":\"ListItem\",\"position\":1,\"name\":\"In\u00edcio\",\"item\":\"https:\/\/wp.ufpel.edu.br\/ppgent\/\"},{\"@type\":\"ListItem\",\"position\":2,\"name\":\"Ingresso\"}]},{\"@type\":\"WebSite\",\"@id\":\"https:\/\/wp.ufpel.edu.br\/ppgent\/#website\",\"url\":\"https:\/\/wp.ufpel.edu.br\/ppgent\/\",\"name\":\"PPG em Entomologia\",\"description\":\"Universidade Federal de Pelotas\",\"potentialAction\":[{\"@type\":\"SearchAction\",\"target\":{\"@type\":\"EntryPoint\",\"urlTemplate\":\"https:\/\/wp.ufpel.edu.br\/ppgent\/?s={search_term_string}\"},\"query-input\":{\"@type\":\"PropertyValueSpecification\",\"valueRequired\":true,\"valueName\":\"search_term_string\"}}],\"inLanguage\":\"pt-BR\"}]}<\/script>\n<!-- \/ Yoast SEO plugin. -->","yoast_head_json":{"title":"Ingresso &#8226; PPG em Entomologia","robots":{"index":"index","follow":"follow","max-snippet":"max-snippet:-1","max-image-preview":"max-image-preview:large","max-video-preview":"max-video-preview:-1"},"canonical":"https:\/\/wp.ufpel.edu.br\/ppgent\/ingresso\/","og_locale":"pt_BR","og_type":"article","og_title":"Ingresso &#8226; PPG em Entomologia","og_description":"Sele\u00e7\u00e3o P\u00f3s-Doutorado PNPD 2015","og_url":"https:\/\/wp.ufpel.edu.br\/ppgent\/ingresso\/","og_site_name":"PPG em Entomologia","article_modified_time":"2016-02-16T13:27:28+00:00","twitter_card":"summary_large_image","schema":{"@context":"https:\/\/schema.org","@graph":[{"@type":"WebPage","@id":"https:\/\/wp.ufpel.edu.br\/ppgent\/ingresso\/","url":"https:\/\/wp.ufpel.edu.br\/ppgent\/ingresso\/","name":"Ingresso &#8226; PPG em Entomologia","isPartOf":{"@id":"https:\/\/wp.ufpel.edu.br\/ppgent\/#website"},"datePublished":"2016-02-16T12:49:33+00:00","dateModified":"2016-02-16T13:27:28+00:00","breadcrumb":{"@id":"https:\/\/wp.ufpel.edu.br\/ppgent\/ingresso\/#breadcrumb"},"inLanguage":"pt-BR","potentialAction":[{"@type":"ReadAction","target":["https:\/\/wp.ufpel.edu.br\/ppgent\/ingresso\/"]}]},{"@type":"BreadcrumbList","@id":"https:\/\/wp.ufpel.edu.br\/ppgent\/ingresso\/#breadcrumb","itemListElement":[{"@type":"ListItem","position":1,"name":"In\u00edcio","item":"https:\/\/wp.ufpel.edu.br\/ppgent\/"},{"@type":"ListItem","position":2,"name":"Ingresso"}]},{"@type":"WebSite","@id":"https:\/\/wp.ufpel.edu.br\/ppgent\/#website","url":"https:\/\/wp.ufpel.edu.br\/ppgent\/","name":"PPG em Entomologia","description":"Universidade Federal de Pelotas","potentialAction":[{"@type":"SearchAction","target":{"@type":"EntryPoint","urlTemplate":"https:\/\/wp.ufpel.edu.br\/ppgent\/?s={search_term_string}"},"query-input":{"@type":"PropertyValueSpecification","valueRequired":true,"valueName":"search_term_string"}}],"inLanguage":"pt-BR"}]}},"jetpack_sharing_enabled":true,"_links":{"self":[{"href":"https:\/\/wp.ufpel.edu.br\/ppgent\/wp-json\/wp\/v2\/pages\/23","targetHints":{"allow":["GET"]}}],"collection":[{"href":"https:\/\/wp.ufpel.edu.br\/ppgent\/wp-json\/wp\/v2\/pages"}],"about":[{"href":"https:\/\/wp.ufpel.edu.br\/ppgent\/wp-json\/wp\/v2\/types\/page"}],"author":[{"embeddable":true,"href":"https:\/\/wp.ufpel.edu.br\/ppgent\/wp-json\/wp\/v2\/users\/606"}],"replies":[{"embeddable":true,"href":"https:\/\/wp.ufpel.edu.br\/ppgent\/wp-json\/wp\/v2\/comments?post=23"}],"version-history":[{"count":2,"href":"https:\/\/wp.ufpel.edu.br\/ppgent\/wp-json\/wp\/v2\/pages\/23\/revisions"}],"predecessor-version":[{"id":42,"href":"https:\/\/wp.ufpel.edu.br\/ppgent\/wp-json\/wp\/v2\/pages\/23\/revisions\/42"}],"wp:attachment":[{"href":"https:\/\/wp.ufpel.edu.br\/ppgent\/wp-json\/wp\/v2\/media?parent=23"}],"curies":[{"name":"wp","href":"https:\/\/api.w.org\/{rel}","templated":true}]}}