{"id":176,"date":"2016-03-08T13:46:43","date_gmt":"2016-03-08T16:46:43","guid":{"rendered":"https:\/\/wp.ufpel.edu.br\/ppgent\/?page_id=176"},"modified":"2021-03-10T15:55:58","modified_gmt":"2021-03-10T18:55:58","slug":"ingresso-20151","status":"publish","type":"page","link":"https:\/\/wp.ufpel.edu.br\/ppgent\/discentes\/ingresso-20151\/","title":{"rendered":"Ingresso 2015\/1"},"content":{"rendered":"<p><strong><a href=\"http:\/\/buscatextual.cnpq.br\/buscatextual\/visualizacv.do?id=K8543268T6\">Boaventura Lobo Centeno Filho<\/a><\/strong><\/p>\n<ul>\n<li><strong>Orientador: <a href=\"http:\/\/lattes.cnpq.br\/9058637936801168\">Dr. Rodrigo Ferreira Kr\u00fcger<\/a><\/strong><\/li>\n<li><strong>Co-orientador: <\/strong>Dr. <a href=\"http:\/\/lattes.cnpq.br\/4686260332916185\">Hugo Amaral<\/a><\/li>\n<li><strong>Projeto de Pesquisa: <\/strong>Discrimina\u00e7\u00e3o de esp\u00e9cies e suas popula\u00e7\u00f5es do g\u00eanero <em>Tabanus<\/em> (Diptera: Tabanidae) atrav\u00e9s da Morfometria Geom\u00e9trica, coletados na Plan\u00edcie Costeira do Rio Grande do Sul, Brasil.<\/li>\n<li style=\"text-align: justify\"><strong>Resumo: <\/strong>Os insetos da fam\u00edlia Tabanidae (Diptera), popularmente chamados de mutucas, em geral, s\u00e3o cosmopolitas. As f\u00eameas se alimentam de sangue e transmitem agentes de interesse zoossanit\u00e1rios como vermes filarioides e pat\u00f3genos como v\u00edrus, protozo\u00e1rios e bact\u00e9rias para a corrente sangu\u00ednea do hospedeiro. Portanto, possuem import\u00e2ncia como vetores de doen\u00e7as como antraz, diversas tripanossom\u00edases, filarioses e outras graves incid\u00eancias parasit\u00e1rias que atingem animais silvestres, animais dom\u00e9sticos e tamb\u00e9m ao homem. Entre os taban\u00eddeos, o g\u00eanero <em>Tabanus<\/em> possui centenas de esp\u00e9cies, sendo 191 na regi\u00e3o Neotropical. Estas esp\u00e9cies geralmente podem ser discriminadas de acordo com chaves taxon\u00f4micas morfol\u00f3gicas. No entanto, <em>Tabanus triangulum<\/em> e <em>Tabanus occidentalis<\/em> s\u00e3o consideradas cr\u00edpticas entre si por este m\u00e9todo. Por isso, utiliza-se a morfometria geom\u00e9trica como uma ferramenta complementar na taxonomia e determina\u00e7\u00e3o correta das esp\u00e9cies. Neste estudo se avaliou dois n\u00edveis de diferencia\u00e7\u00f5es, interespecificamente e intraespecificamente, com os exemplares de <em>T. triangulum<\/em> e<em> T. occidentalis<\/em>, coletados previamente na Plan\u00edcie Costeira do Rio Grande do Sul, cujas asas foram separadas do t\u00f3rax e fotografadas em Estereosc\u00f3pio \u00d3ptico (Olympus) para configurar e digitalizar marcos anat\u00f4micos (Tipo I) via cross-veins das asas. Em seguida, m\u00e9todos como An\u00e1lise dos Componentes Principais (PCA), An\u00e1lise das Vari\u00e1veis Can\u00f4nicas (CVA), An\u00e1lise Discriminante (AD) e An\u00e1lise da Regress\u00e3o e Alometria foram utilizados para elucidar se h\u00e1 diferen\u00e7a interespec\u00edfica e n\u00e3o h\u00e1 diferen\u00e7a intraespec\u00edfica quanto a forma da asa, como esperado. Constatou-se que <em>T. triangulum<\/em> e <em>T. occidentalis<\/em> apresentam forma da asa das asas diferentes entre si. A an\u00e1lise intraespec\u00edfica das localidades R1 (Arroio Pelotas, Arroio Corrientes e Arroio Grande) e R5 (Parque Nacional da Lagoa do Peixe) de <em>T. triangulum<\/em> apresentou diferen\u00e7as significantes entre si, assim como todas as localidades de <em>T. occidentalis<\/em>. A morfometria geom\u00e9trica \u00e9 eficiente para discriminar esp\u00e9cies e localidades de Tabanidae, al\u00e9m de ser uma t\u00e9cnica taxon\u00f4mica r\u00e1pida, econ\u00f4mica.<\/li>\n<li><strong>Palavras-chave: <\/strong>cross-veins; marcos anat\u00f4micos; mutucas; <em>T. occidentalis<\/em>; morfometria geom\u00e9trica.<\/li>\n<li><a href=\"https:\/\/wp.ufpel.edu.br\/ppgent\/files\/2021\/03\/2017_Dissertacao_Boaventura-Lobo-Centeno-Filho.pdf\">Download (PDF)<\/a><\/li>\n<\/ul>\n<p><strong><a href=\"http:\/\/buscatextual.cnpq.br\/buscatextual\/visualizacv.do?id=K4497540Z6\">Fabr\u00edcio Oliveira Fernandes<\/a><\/strong><\/p>\n<ul>\n<li><strong>Orientadora<\/strong>: <a href=\"http:\/\/lattes.cnpq.br\/0709608301626192\">Dr\u00aa. Ana Paula Schneid Afonso da Rosa<\/a><\/li>\n<li><strong>Co-orientador:<\/strong> <a href=\"http:\/\/lattes.cnpq.br\/6264045292151045\">Jos\u00e9 Francisco da Silva Martins<\/a><\/li>\n<li><strong>Projeto de Pesquisa:<\/strong> Desempenho de cultivares de milho e soja para resist\u00eancia a Noctu\u00eddeos e Pentatom\u00eddeos e an\u00e1lise economica.<\/li>\n<li style=\"text-align: justify\"><strong>Resumo:<\/strong> Na cultura do milho o principal inseto desfolhador \u00e9 <em>Spodoptera frugiperda<\/em> (Smith, 1797) (Lepidoptera: Noctuidae) que causa grandes preju\u00edzos. Na cultura da soja as principais esp\u00e9cies de pragas que atacam a cultura s\u00e3o as lagartas desfolhadoras <em>Anticarsia gemmatalis<\/em> (H\u00fcbner, 1818) (Lepidoptera: Noctuidae), <em>Chrysodeixis includens<\/em> (Walker, 1858) (Lepidoptera: Noctuidae) e <em>Helicoverpa<\/em> spp. causando danos tanto na parte foliar quanto nas reprodutivas. E como sugadores, temos os percevejos <em>Nezara viridula<\/em> (Linnaeus, 1758) (Hemiptera: Pentatomidae), <em>Euschistus heros<\/em> (Fabricius, 1798) (Hemiptera: Pentatomidae) e <em>Piezodorus guildinii<\/em> (Westwood, 1837) (Hemiptera: Pentatomidae) que causam danos diretos atacando os gr\u00e3os. O objetivo do presente trabalho foi determinar o potencial de cultivares resistentes a insetos-pragas do milho e soja que ocorrem em sistemas agr\u00edcolas de terras baixas. Os experimentos foram conduzidos na Embrapa Clima Temperado. Foram realizados ensaios de biologia, bioensaios com inseticidas para <em>S. frugiperda<\/em>. Para <em>A. gemmatalis<\/em> foram realizados biensaios com inseticidas. \u00c0 campo foram utilizados as cultivares de milho AG 9045 convencional e AG 9045 PRO2 isolinha Bt, conduzidos de acordo com as recomenda\u00e7\u00f5es t\u00e9cnicas. A aplica\u00e7\u00e3o de inseticidas foi realizada quando atingido o \u00edndice de 10% de plantas atacadas por <em>S. frugiperda<\/em>. Avaliou-se componentes do rendimento. Para a cultura da soja foi avaliada a ocorr\u00eancia de insetos nas cultivares de soja convencional BMX Pot\u00eancia e nas isolinhas Bt, BMX Vanguarda e BMX Ponta. Foram avaliados o n\u00famero de lagartas e percevejos atrav\u00e9s do pano de batida. O monitoramento de <em>S. frugiperda<\/em> e <em>H. armigera<\/em> foi realizado com armadilhas com ferom\u00f4nio sexual sint\u00e9tico. Ao final do trabalho realizou-se an\u00e1lise econ\u00f4mica da cultura do milho e soja. <em>S. frugiperda<\/em> na cultivar AG 9045 convencional apresentou 5 instares e para a cultivar AG 9045 PRO2 isolinha Bt 6 instares. Nos testes de inseticidas em laborat\u00f3rio, campo, produtividade e an\u00e1lise econ\u00f4mica o melhor resultado foi quando se utilizou clofenapir + zeta-cipermetrina. No milho e na soja as cultivares convencionais AG 9045 e BMX Pot\u00eancia apresentaram quantidade maior de lagartas. Em rela\u00e7\u00e3o \u00e0 produtividade e lucro a cultivar Bt AG 9045 PRO 2 e BMX Pot\u00eancia se mostraram mais produtiva\/lucrativa. De acordo com o monitoramento de <em>S. frugiperda<\/em> e <em>H. armigera<\/em> temperaturas altas, umidade relativa adequada e precipita\u00e7\u00e3o bem distribu\u00edda contribuiram para maior ocorr\u00eancia desses insetos.<\/li>\n<li><strong>Palavras-chave: <\/strong>lagartas desfolhadoras, percevejos, <em>Zea mays<\/em>, <em>Glycine max<\/em>.<\/li>\n<li><a href=\"https:\/\/wp.ufpel.edu.br\/ppgent\/files\/2021\/03\/2017_Dissertacao_Fabricio-Oliveira-Fernandes.pdf\">Download (PDF)<\/a><\/li>\n<\/ul>\n<p><strong><a href=\"http:\/\/buscatextual.cnpq.br\/buscatextual\/visualizacv.do?id=K4470759D1\">Liliane Nachtigall Martins<\/a><\/strong><\/p>\n<ul>\n<li><strong>Orientador<\/strong>: <a href=\"http:\/\/lattes.cnpq.br\/0371096131093979\">Dr. Fl\u00e1vio Roberto Mello Garcia<\/a><\/li>\n<li><strong>Co-orientador:<\/strong> <a href=\"http:\/\/lattes.cnpq.br\/0198257253890399\">Prof. Dr. F\u00e1bio Pereira Leivas Leite<\/a><\/li>\n<li><strong>Co-orientadora:<\/strong> <a href=\"http:\/\/lattes.cnpq.br\/6025656144681028\">Dra. Adrise Medeiros Nunes<\/a><\/li>\n<li><strong>Projeto de Pesquisa:<\/strong> Efeito de variedades de <em>Bacillus thuringiensis<\/em> no controle de <em>Anastrepha fraterculus<\/em> (Wied., 1830) em laborat\u00f3rio.<\/li>\n<li style=\"text-align: justify\"><strong>Resumo:<\/strong> <em>Anastrepha fraterculus<\/em> (Wied., 1830) (Diptera: Tephritidae) \u00e9 uma das principais pragas da fruticultura na Am\u00e9rica do Sul e de import\u00e2ncia quarenten\u00e1ria para outros continentes. Considerando que o controle \u00e9 realizado predominantemente atrav\u00e9s de controle qu\u00edmico, que pode acarretar problemas de contamina\u00e7\u00e3o ambiental, de sa\u00fade humana, sociais e econ\u00f4micos, torna-se necess\u00e1rio o estabelecimento de t\u00e9cnicas alternativas de controle. O entomopat\u00f3geno <em>Bacillus thuringiensis<\/em> vem sendo utilizado separadamente ou associado a outras formas de controle no Manejo Integrado de Pragas. Neste contexto o objetivo deste trabalho foi verificar os efeitos dessa bact\u00e9ria no controle de imaturos e adultos da mosca-das-frutas sul-americana. Para tanto, foram testadas tr\u00eas variedades de <em>B. thuringiensis<\/em> var. <em>israelensis<\/em> (Bti), <em>kurstaki<\/em> (Btk) e <em>oswaldocruzi<\/em> (Bto) em tr\u00eas diferentes concentra\u00e7\u00f5es (2&#215;107, 108 e 109 UFC mL-1) na dieta artificial de imaturos de <em>A. fraterculus<\/em> e foi verificado seu efeito em larvas, pupas e adultos. Foi adicionado solu\u00e7\u00e3o bacteriana (1&#215;109 UFC mL-1) a tr\u00eas tipos de atrativos alimentares (Bioanastrepha a 5%, calda de p\u00eassego 50% e Ceratrap\u00ae). Os resultados obtidos neste estudo demonstraram que ocorre um aumento na mortalidade larval com aplica\u00e7\u00e3o de maiores concentra\u00e7\u00f5es de suspens\u00e3o de Bto com efici\u00eancia de 81,26%. O Ceratrap\u00ae em mistura com Bti teve uma efici\u00eancia de controle de 100% dos adultos em um per\u00edodo de sete dias. Conclui-se que ao colocar bact\u00e9ria na dieta artificial a variedade que mais causou efici\u00eancia no controle de imaturos foi Bto e que misturando Bti Ceratrap\u00ae obt\u00e9m uma efici\u00eancia de 100% no controle dos adultos.<\/li>\n<li><strong>Palavras-chave:<\/strong> Tephritidae, controle biol\u00f3gico, entomopat\u00f3geno, atrativos alimentares.<\/li>\n<li><a href=\"https:\/\/wp.ufpel.edu.br\/ppgent\/files\/2021\/03\/2017_Dissertacao_Liliane-Nachtigall-Martins.pdf\">Download (PDF)<\/a><\/li>\n<\/ul>\n<p><strong><a href=\"http:\/\/buscatextual.cnpq.br\/buscatextual\/visualizacv.do?id=K8703488H9\">Luana Amaral dos Santos<\/a><\/strong><\/p>\n<ul>\n<li><strong>Orientador<\/strong>: <a href=\"http:\/\/lattes.cnpq.br\/0371096131093979\">Dr. Fl\u00e1vio Roberto Mello Garcia<\/a><\/li>\n<li><strong>Co-orientador:<\/strong> <a href=\"http:\/\/lattes.cnpq.br\/3632078197153438\">Prof. Dr. Marco Silva Gottschalk<\/a><\/li>\n<li><strong>Co-orientadora:<\/strong> <a href=\"http:\/\/lattes.cnpq.br\/2719193494210903\">Prof\u00aa. Dr\u00aa. Monica Laner Blauth<\/a><\/li>\n<li><strong>Projeto de Pesquisa:<\/strong> Modelagem de distribui\u00e7\u00e3o potencial e de nicho ecol\u00f3gico da esp\u00e9cie invasora <em>Drosophila suzukii<\/em> (Diptera, Drosophilidae)<\/li>\n<li style=\"text-align: justify\"><strong>Resumo:<\/strong> <em>Drosophila suzukii<\/em> (Matsumura,1931) usa frutos intactos como local de oviposi\u00e7\u00e3o e substrato para desenvolvimento larval. Origin\u00e1ria no Sudoeste da \u00c1sia, desde 2008 ela tem sido registrada em diferentes localidades da Europa e Am\u00e9rica do Norte e, a partir de 2013, na Am\u00e9rica do Sul. \u00c9 uma esp\u00e9cie de expans\u00e3o r\u00e1pida e sua dispers\u00e3o pode ser reflexo de altera\u00e7\u00f5es na sua capacidade de invas\u00e3o e de adapta\u00e7\u00e3o, podendo envolver mudan\u00e7as evolutivas do nicho ecol\u00f3gico. O objetivo deste estudo foi determinar a distribui\u00e7\u00e3o potencial mundial de <em>D. suzukii<\/em> e avaliar se sua expans\u00e3o distribucional ocorreu por mudan\u00e7as do nicho ecol\u00f3gico. Registros de ocorr\u00eancia desta esp\u00e9cie foram obtidos atrav\u00e9s de levantamento bibliogr\u00e1fico, onde 407 localidades foram registradas em todo o mundo, as quais foram utilizadas para avaliar a distribui\u00e7\u00e3o potencial de <em>D. suzukii<\/em> atrav\u00e9s do uso dos algoritmos Maximum Entropy Modeling (MaxEnt) e Genetic Algorithm for Ruleset Production (GARP). Foram utilizadas vari\u00e1veis bioclim\u00e1ticas na modelagem, obtidas do banco de dados WorldClim Global Climate Database, sendo selecionadas dez delas. O desempenho preditivo dos modelos gerados foi avaliado por meio da reconstru\u00e7\u00e3o de 1000 r\u00e9plicas com 50% dos pontos reservados para teste. A acur\u00e1cia do modelo foi verificada com o c\u00e1lculo da \u00e1rea sob a curvas ROC (Receiver Operating Characteristic). A distribui\u00e7\u00e3o geogr\u00e1fica potencial observada foi similar para ambos algoritmos e bons desempenhos foram obtidos. A proje\u00e7\u00e3o da distribui\u00e7\u00e3o potencial da esp\u00e9cie corrobora seus registros na \u00c1sia, Europa, Am\u00e9rica do Norte e do Sul e mostram possibilidade de expans\u00e3o para os continentes Africano e Oceania. As regi\u00f5es temperadas e subtropicais mostram-se mais prop\u00edcias ao estabelecimento da esp\u00e9cie. Quatro vari\u00e1veis apresentaram maior import\u00e2ncia para a gera\u00e7\u00e3o do modelo MaxEnt: as temperaturas m\u00e9dias anual, da m\u00e1xima do m\u00eas mais quente, do trimestre mais frio e a precipita\u00e7\u00e3o anual m\u00e9dia, sendo esta \u00faltima de grande relev\u00e2ncia no modelo. Para testar a hip\u00f3tese de conservadorismo do nicho ecol\u00f3gico durante o processo de invas\u00e3o, utilizamos 184 ocorr\u00eancia no sudeste asi\u00e1tico para realizar a modelagem do nicho com os algoritmos MaxEnt e GARP com 28 vari\u00e1veis bioclim\u00e1ticas do WorldClim e extrapolamos o resultado para o globo. A avalia\u00e7\u00e3o da extrapola\u00e7\u00e3o foi realizada por um teste de sensibilidade com os registros de ocorr\u00eancia mundial. Tamb\u00e9m comparamos os valores das vari\u00e1veis bioclim\u00e1ticas nos pontos de ocorr\u00eancia da esp\u00e9cie atrav\u00e9s de uma an\u00e1lise de componentes principais. Ambos modelos apresentaram bons desempenhos, e indicam que <em>D. suzukii<\/em> expandiu sua distribui\u00e7\u00e3o em \u00e1reas similares \u00e0 nativa, com clima temperado quente e frio, com ver\u00f5es e invernos bem definidos, sendo os ver\u00f5es \u00famidos. Ela expandiu sua distribui\u00e7\u00e3o tamb\u00e9m para \u00e1reas com clima Tropical com chuvas no ver\u00e3o ou fortes precipita\u00e7\u00f5es ao longo do ano e com clima Temperado com precipita\u00e7\u00e3o concentrada nos meses mais frios, ao inv\u00e9s de nos meses mais quentes ou ao longo de todo o ano. Observamos que os ambientes nas \u00e1reas nativas (Sudeste asi\u00e1tico) s\u00e3o diferentes dos das \u00e1reas introduzidas, sugerindo mudan\u00e7a de nicho. A esp\u00e9cie, tem ampliado seu nicho abi\u00f3tico mundialmente e est\u00e1 colonizando e sobrevivendo em \u00e1reas com diferentes regimes h\u00eddricos.<\/li>\n<li><strong>Palavras-chave: <\/strong>Dros\u00f3fila da asa manchada, fruticultura, mudan\u00e7a de nicho, praga agr\u00edcola.<\/li>\n<li><a href=\"https:\/\/wp.ufpel.edu.br\/ppgent\/files\/2021\/03\/2017_Dissertacao_Luana-Amaral-dos-Santos.pdf\">Download (PDF)<\/a><\/li>\n<\/ul>\n<p><strong><a href=\"http:\/\/buscatextual.cnpq.br\/buscatextual\/visualizacv.do?id=K4246874A6\">Marcelo Pinheiro Orsini<\/a><\/strong><\/p>\n<ul>\n<li><strong>Orientador<\/strong>: <a href=\"http:\/\/lattes.cnpq.br\/7398906470318595\">Dr. Edison Zefa<\/a><\/li>\n<li><strong>Projeto de Pesquisa:<\/strong> Taxonomia e Bioac\u00fastica de duas esp\u00e9cies de <em>Miogryllus<\/em> Saussure, 1877 (Orthoptera, Gryllidae, Gryllinae) do Rio Grande do Sul, Brasil<\/li>\n<li style=\"text-align: justify\"><strong>Resumo:<\/strong> <em>Miogryllus<\/em> Saussure, 1877 possui atualmente 21 esp\u00e9cies v\u00e1lidas presentes na Regi\u00e3o Neotropical e Ne\u00e1rtica, com taxonomia complexa devido a grande variabilidade intraespec\u00edfica. Para resolver o problema taxon\u00f4mico das esp\u00e9cies do g\u00eanero seria necess\u00e1ria a coleta e descri\u00e7\u00e3o ou redescri\u00e7\u00e3o das esp\u00e9cies. O objetivo desse trabalho foi descrever uma nova esp\u00e9cie de <em>Miogryllus<\/em> do munic\u00edpio de Itaqui, RS, com base em caracteres morfol\u00f3gicos e bioac\u00fasticos e caracterizar a morfologia e o repert\u00f3rio ac\u00fastico de <em>M. piracicabensis<\/em> Piza, 1960 que ocorre no munic\u00edpio de Cap\u00e3o do Le\u00e3o, RS. Os indiv\u00edduos de Itaqui, RS, (29\u00b048\u20194.870\u201dS, 56\u00b032\u201927.190\u201dW) foram coletados em 15\/01\/2015, e <em>M. piracicabensis<\/em> em outubro e novembro de 2007, e em abril de 2015 e 2016, nos munic\u00edpios de Cap\u00e3o do Le\u00e3o (31\u00ba48\u201955.13\u201dS, 52\u00ba25\u201959.67\u201dW) e Pelotas. Os indiv\u00edduos foram analisados morfologicamente, com destaque ao complexo f\u00e1lico e \u00e0s t\u00e9gminas, bem como tiveram o som de chamado empregado como car\u00e1ter taxon\u00f4mico. As estruturas foram fotografadas em lupa Zeiss Discovery V20, e os sinais ac\u00fasticos registrados com gravador ARES ML e microfone NM-MICS II e analisados no Software Avisoft SasLab Lite. <em>Miogryllus itaquiensis<\/em> sp. n. apresenta como caracter\u00edsticas diagn\u00f3sticas a cabe\u00e7a com largura menor que o pronoto; t\u00e9gminas cobrindo mais de 2\/3 do abdome e som de chamado incluindo chirp e trill; <em>M. piracicabensis<\/em> Piza, 1960 apresenta genit\u00e1lia e morfologia semelhante \u00e0 <em>M. itaquiensis<\/em> sp. n., diferindo pela cabe\u00e7a mais escura e mais larga que o pronoto; mancha esbranqui\u00e7ada contornando posteriormente o escapo e seguindo a margem interna do contorno dos olhos; sutura ecdisial esbranqui\u00e7ada; quinto palp\u00f4mero maxilar com linha pigmentar diagonal; regi\u00e3o lateral do pronoto com um banda escura; t\u00edmpano interno menor que o externo; som de chamado composto por chirps; ocorrem varia\u00e7\u00f5es no som de chamado de <em>M. piracicabensis<\/em>. O repert\u00f3rio ac\u00fastico de <em>M. piracicabensis<\/em> inclui o som de chamado, corte e agressividade, sendo que o som de chamado apresenta par\u00e2metros regulares por ser respons\u00e1vel pelo reconhecimento espec\u00edfico.<\/li>\n<li><strong>Palavras-chave:<\/strong> Ensifera; inseto; grilo; som de chamado; genit\u00e1lia, t\u00e9gmina, sistem\u00e1tica.<\/li>\n<li><a href=\"https:\/\/wp.ufpel.edu.br\/ppgent\/files\/2021\/03\/2017_Dissertacao_Marcelo-Pinheiro-Orsini.pdf\">Download (PDF)<\/a><\/li>\n<\/ul>\n","protected":false},"excerpt":{"rendered":"<p>Boaventura Lobo Centeno Filho Orientador: Dr. Rodrigo Ferreira Kr\u00fcger Co-orientador: Dr. Hugo Amaral Projeto de Pesquisa: Discrimina\u00e7\u00e3o de esp\u00e9cies e suas popula\u00e7\u00f5es do g\u00eanero Tabanus (Diptera: Tabanidae) atrav\u00e9s da Morfometria Geom\u00e9trica, coletados na Plan\u00edcie Costeira do Rio Grande do Sul, Brasil. Resumo: Os insetos da fam\u00edlia Tabanidae (Diptera), popularmente chamados de mutucas, em geral, s\u00e3o [&hellip;]<\/p>\n","protected":false},"author":606,"featured_media":0,"parent":60,"menu_order":0,"comment_status":"closed","ping_status":"closed","template":"","meta":{"footnotes":""},"class_list":["post-176","page","type-page","status-publish","hentry"],"yoast_head":"<!-- This site is optimized with the Yoast SEO plugin v26.7 - https:\/\/yoast.com\/wordpress\/plugins\/seo\/ -->\n<title>Ingresso 2015\/1 &#8226; PPG em Entomologia<\/title>\n<meta name=\"robots\" content=\"index, follow, max-snippet:-1, max-image-preview:large, max-video-preview:-1\" \/>\n<link rel=\"canonical\" href=\"https:\/\/wp.ufpel.edu.br\/ppgent\/discentes\/ingresso-20151\/\" \/>\n<meta property=\"og:locale\" content=\"pt_BR\" \/>\n<meta property=\"og:type\" content=\"article\" \/>\n<meta property=\"og:title\" content=\"Ingresso 2015\/1 &#8226; PPG em Entomologia\" \/>\n<meta property=\"og:description\" content=\"Boaventura Lobo Centeno Filho Orientador: Dr. Rodrigo Ferreira Kr\u00fcger Co-orientador: Dr. Hugo Amaral Projeto de Pesquisa: Discrimina\u00e7\u00e3o de esp\u00e9cies e suas popula\u00e7\u00f5es do g\u00eanero Tabanus (Diptera: Tabanidae) atrav\u00e9s da Morfometria Geom\u00e9trica, coletados na Plan\u00edcie Costeira do Rio Grande do Sul, Brasil. Resumo: Os insetos da fam\u00edlia Tabanidae (Diptera), popularmente chamados de mutucas, em geral, s\u00e3o [&hellip;]\" \/>\n<meta property=\"og:url\" content=\"https:\/\/wp.ufpel.edu.br\/ppgent\/discentes\/ingresso-20151\/\" \/>\n<meta property=\"og:site_name\" content=\"PPG em Entomologia\" \/>\n<meta property=\"article:modified_time\" content=\"2021-03-10T18:55:58+00:00\" \/>\n<meta name=\"twitter:card\" content=\"summary_large_image\" \/>\n<meta name=\"twitter:label1\" content=\"Est. tempo de leitura\" \/>\n\t<meta name=\"twitter:data1\" content=\"9 minutos\" \/>\n<script type=\"application\/ld+json\" class=\"yoast-schema-graph\">{\"@context\":\"https:\/\/schema.org\",\"@graph\":[{\"@type\":\"WebPage\",\"@id\":\"https:\/\/wp.ufpel.edu.br\/ppgent\/discentes\/ingresso-20151\/\",\"url\":\"https:\/\/wp.ufpel.edu.br\/ppgent\/discentes\/ingresso-20151\/\",\"name\":\"Ingresso 2015\/1 &#8226; PPG em Entomologia\",\"isPartOf\":{\"@id\":\"https:\/\/wp.ufpel.edu.br\/ppgent\/#website\"},\"datePublished\":\"2016-03-08T16:46:43+00:00\",\"dateModified\":\"2021-03-10T18:55:58+00:00\",\"breadcrumb\":{\"@id\":\"https:\/\/wp.ufpel.edu.br\/ppgent\/discentes\/ingresso-20151\/#breadcrumb\"},\"inLanguage\":\"pt-BR\",\"potentialAction\":[{\"@type\":\"ReadAction\",\"target\":[\"https:\/\/wp.ufpel.edu.br\/ppgent\/discentes\/ingresso-20151\/\"]}]},{\"@type\":\"BreadcrumbList\",\"@id\":\"https:\/\/wp.ufpel.edu.br\/ppgent\/discentes\/ingresso-20151\/#breadcrumb\",\"itemListElement\":[{\"@type\":\"ListItem\",\"position\":1,\"name\":\"In\u00edcio\",\"item\":\"https:\/\/wp.ufpel.edu.br\/ppgent\/\"},{\"@type\":\"ListItem\",\"position\":2,\"name\":\"Discentes e Disserta\u00e7\u00f5es Defendidas\",\"item\":\"https:\/\/wp.ufpel.edu.br\/ppgent\/discentes\/\"},{\"@type\":\"ListItem\",\"position\":3,\"name\":\"Ingresso 2015\/1\"}]},{\"@type\":\"WebSite\",\"@id\":\"https:\/\/wp.ufpel.edu.br\/ppgent\/#website\",\"url\":\"https:\/\/wp.ufpel.edu.br\/ppgent\/\",\"name\":\"PPG em Entomologia\",\"description\":\"Universidade Federal de Pelotas\",\"potentialAction\":[{\"@type\":\"SearchAction\",\"target\":{\"@type\":\"EntryPoint\",\"urlTemplate\":\"https:\/\/wp.ufpel.edu.br\/ppgent\/?s={search_term_string}\"},\"query-input\":{\"@type\":\"PropertyValueSpecification\",\"valueRequired\":true,\"valueName\":\"search_term_string\"}}],\"inLanguage\":\"pt-BR\"}]}<\/script>\n<!-- \/ Yoast SEO plugin. -->","yoast_head_json":{"title":"Ingresso 2015\/1 &#8226; PPG em Entomologia","robots":{"index":"index","follow":"follow","max-snippet":"max-snippet:-1","max-image-preview":"max-image-preview:large","max-video-preview":"max-video-preview:-1"},"canonical":"https:\/\/wp.ufpel.edu.br\/ppgent\/discentes\/ingresso-20151\/","og_locale":"pt_BR","og_type":"article","og_title":"Ingresso 2015\/1 &#8226; PPG em Entomologia","og_description":"Boaventura Lobo Centeno Filho Orientador: Dr. Rodrigo Ferreira Kr\u00fcger Co-orientador: Dr. Hugo Amaral Projeto de Pesquisa: Discrimina\u00e7\u00e3o de esp\u00e9cies e suas popula\u00e7\u00f5es do g\u00eanero Tabanus (Diptera: Tabanidae) atrav\u00e9s da Morfometria Geom\u00e9trica, coletados na Plan\u00edcie Costeira do Rio Grande do Sul, Brasil. Resumo: Os insetos da fam\u00edlia Tabanidae (Diptera), popularmente chamados de mutucas, em geral, s\u00e3o [&hellip;]","og_url":"https:\/\/wp.ufpel.edu.br\/ppgent\/discentes\/ingresso-20151\/","og_site_name":"PPG em Entomologia","article_modified_time":"2021-03-10T18:55:58+00:00","twitter_card":"summary_large_image","twitter_misc":{"Est. tempo de leitura":"9 minutos"},"schema":{"@context":"https:\/\/schema.org","@graph":[{"@type":"WebPage","@id":"https:\/\/wp.ufpel.edu.br\/ppgent\/discentes\/ingresso-20151\/","url":"https:\/\/wp.ufpel.edu.br\/ppgent\/discentes\/ingresso-20151\/","name":"Ingresso 2015\/1 &#8226; PPG em Entomologia","isPartOf":{"@id":"https:\/\/wp.ufpel.edu.br\/ppgent\/#website"},"datePublished":"2016-03-08T16:46:43+00:00","dateModified":"2021-03-10T18:55:58+00:00","breadcrumb":{"@id":"https:\/\/wp.ufpel.edu.br\/ppgent\/discentes\/ingresso-20151\/#breadcrumb"},"inLanguage":"pt-BR","potentialAction":[{"@type":"ReadAction","target":["https:\/\/wp.ufpel.edu.br\/ppgent\/discentes\/ingresso-20151\/"]}]},{"@type":"BreadcrumbList","@id":"https:\/\/wp.ufpel.edu.br\/ppgent\/discentes\/ingresso-20151\/#breadcrumb","itemListElement":[{"@type":"ListItem","position":1,"name":"In\u00edcio","item":"https:\/\/wp.ufpel.edu.br\/ppgent\/"},{"@type":"ListItem","position":2,"name":"Discentes e Disserta\u00e7\u00f5es Defendidas","item":"https:\/\/wp.ufpel.edu.br\/ppgent\/discentes\/"},{"@type":"ListItem","position":3,"name":"Ingresso 2015\/1"}]},{"@type":"WebSite","@id":"https:\/\/wp.ufpel.edu.br\/ppgent\/#website","url":"https:\/\/wp.ufpel.edu.br\/ppgent\/","name":"PPG em Entomologia","description":"Universidade Federal de Pelotas","potentialAction":[{"@type":"SearchAction","target":{"@type":"EntryPoint","urlTemplate":"https:\/\/wp.ufpel.edu.br\/ppgent\/?s={search_term_string}"},"query-input":{"@type":"PropertyValueSpecification","valueRequired":true,"valueName":"search_term_string"}}],"inLanguage":"pt-BR"}]}},"jetpack_sharing_enabled":true,"_links":{"self":[{"href":"https:\/\/wp.ufpel.edu.br\/ppgent\/wp-json\/wp\/v2\/pages\/176","targetHints":{"allow":["GET"]}}],"collection":[{"href":"https:\/\/wp.ufpel.edu.br\/ppgent\/wp-json\/wp\/v2\/pages"}],"about":[{"href":"https:\/\/wp.ufpel.edu.br\/ppgent\/wp-json\/wp\/v2\/types\/page"}],"author":[{"embeddable":true,"href":"https:\/\/wp.ufpel.edu.br\/ppgent\/wp-json\/wp\/v2\/users\/606"}],"replies":[{"embeddable":true,"href":"https:\/\/wp.ufpel.edu.br\/ppgent\/wp-json\/wp\/v2\/comments?post=176"}],"version-history":[{"count":5,"href":"https:\/\/wp.ufpel.edu.br\/ppgent\/wp-json\/wp\/v2\/pages\/176\/revisions"}],"predecessor-version":[{"id":499,"href":"https:\/\/wp.ufpel.edu.br\/ppgent\/wp-json\/wp\/v2\/pages\/176\/revisions\/499"}],"up":[{"embeddable":true,"href":"https:\/\/wp.ufpel.edu.br\/ppgent\/wp-json\/wp\/v2\/pages\/60"}],"wp:attachment":[{"href":"https:\/\/wp.ufpel.edu.br\/ppgent\/wp-json\/wp\/v2\/media?parent=176"}],"curies":[{"name":"wp","href":"https:\/\/api.w.org\/{rel}","templated":true}]}}