{"id":11,"date":"2016-02-16T10:45:32","date_gmt":"2016-02-16T12:45:32","guid":{"rendered":"https:\/\/wp.ufpel.edu.br\/ppgent\/?page_id=11"},"modified":"2016-02-16T13:09:27","modified_gmt":"2016-02-16T15:09:27","slug":"selecao-pos-doutorado-pnpd-2015","status":"publish","type":"page","link":"https:\/\/wp.ufpel.edu.br\/ppgent\/ingresso\/selecao-pos-doutorado-pnpd-2015\/","title":{"rendered":"Sele\u00e7\u00e3o P\u00f3s-Doutorado PNPD 2015"},"content":{"rendered":"<ul>\n<li><a href=\"https:\/\/wp.ufpel.edu.br\/ppgent\/files\/2016\/02\/resultadospnpd2015.pdf\" rel=\"\">Divulga\u00e7\u00e3o dos resultados finais do edital PNPD<\/a><\/li>\n<li><a href=\"https:\/\/wp.ufpel.edu.br\/ppgent\/files\/2016\/02\/resultado1e2.jpg\" rel=\"\">Divulga\u00e7\u00e3o dos resultados da 1a e 2a etapas do edital PNPD<\/a><\/li>\n<li><a href=\"https:\/\/wp.ufpel.edu.br\/ppgent\/files\/2016\/02\/AprovadosPNPD2015-2.pdf\" rel=\"\">Lista de Candidatos Aprovados na An\u00e1lise do Plano de Trabalho (<strong>ap\u00f3s recursos<\/strong>)<\/a><\/li>\n<\/ul>\n<p>As datas das entrevistas ser\u00e3o reagendadas em virtude de recurso face a avalia\u00e7\u00e3o do plano de trabalho. O recurso ser\u00e1 julgado pela comiss\u00e3o no prazo de 48h, a partir de quando ser\u00e3o apresentadas novas datas.<\/p>\n<ul>\n<li><a href=\"https:\/\/wp.ufpel.edu.br\/ppgent\/files\/2016\/02\/AprovadosPNPD2015-1.pdf\" rel=\"\">Lista de Candidatos Aprovados na An\u00e1lise do Plano de Trabalho<\/a><\/li>\n<li><a href=\"https:\/\/wp.ufpel.edu.br\/ppgent\/files\/2016\/02\/HomologadosPNPD2015.pdf\" rel=\"\">Lista de Inscri\u00e7\u00f5es Homologadas ap\u00f3s corre\u00e7\u00e3o<\/a><\/li>\n<li><a href=\"https:\/\/wp.ufpel.edu.br\/ppgent\/files\/2016\/02\/CCF23112015_00000.pdf\" rel=\"\">Edital PNPD Entomologia &#8211; 2015<\/a><\/li>\n<\/ul>\n","protected":false},"excerpt":{"rendered":"<p>Divulga\u00e7\u00e3o dos resultados finais do edital PNPD Divulga\u00e7\u00e3o dos resultados da 1a e 2a etapas do edital PNPD Lista de Candidatos Aprovados na An\u00e1lise do Plano de Trabalho (ap\u00f3s recursos) As datas das entrevistas ser\u00e3o reagendadas em virtude de recurso face a avalia\u00e7\u00e3o do plano de trabalho. O recurso ser\u00e1 julgado pela comiss\u00e3o no prazo [&hellip;]<\/p>\n","protected":false},"author":606,"featured_media":0,"parent":23,"menu_order":0,"comment_status":"closed","ping_status":"closed","template":"","meta":{"footnotes":""},"class_list":["post-11","page","type-page","status-publish","hentry"],"yoast_head":"<!-- This site is optimized with the Yoast SEO plugin v26.7 - https:\/\/yoast.com\/wordpress\/plugins\/seo\/ -->\n<title>Sele\u00e7\u00e3o P\u00f3s-Doutorado PNPD 2015 &#8226; PPG em Entomologia<\/title>\n<meta name=\"robots\" content=\"index, follow, max-snippet:-1, max-image-preview:large, max-video-preview:-1\" \/>\n<link rel=\"canonical\" href=\"https:\/\/wp.ufpel.edu.br\/ppgent\/ingresso\/selecao-pos-doutorado-pnpd-2015\/\" \/>\n<meta property=\"og:locale\" content=\"pt_BR\" \/>\n<meta property=\"og:type\" content=\"article\" \/>\n<meta property=\"og:title\" content=\"Sele\u00e7\u00e3o P\u00f3s-Doutorado PNPD 2015 &#8226; PPG em Entomologia\" \/>\n<meta property=\"og:description\" content=\"Divulga\u00e7\u00e3o dos resultados finais do edital PNPD Divulga\u00e7\u00e3o dos resultados da 1a e 2a etapas do edital PNPD Lista de Candidatos Aprovados na An\u00e1lise do Plano de Trabalho (ap\u00f3s recursos) As datas das entrevistas ser\u00e3o reagendadas em virtude de recurso face a avalia\u00e7\u00e3o do plano de trabalho. O recurso ser\u00e1 julgado pela comiss\u00e3o no prazo [&hellip;]\" \/>\n<meta property=\"og:url\" content=\"https:\/\/wp.ufpel.edu.br\/ppgent\/ingresso\/selecao-pos-doutorado-pnpd-2015\/\" \/>\n<meta property=\"og:site_name\" content=\"PPG em Entomologia\" \/>\n<meta property=\"article:modified_time\" content=\"2016-02-16T15:09:27+00:00\" \/>\n<meta name=\"twitter:card\" content=\"summary_large_image\" \/>\n<script type=\"application\/ld+json\" class=\"yoast-schema-graph\">{\"@context\":\"https:\/\/schema.org\",\"@graph\":[{\"@type\":\"WebPage\",\"@id\":\"https:\/\/wp.ufpel.edu.br\/ppgent\/ingresso\/selecao-pos-doutorado-pnpd-2015\/\",\"url\":\"https:\/\/wp.ufpel.edu.br\/ppgent\/ingresso\/selecao-pos-doutorado-pnpd-2015\/\",\"name\":\"Sele\u00e7\u00e3o P\u00f3s-Doutorado PNPD 2015 &#8226; PPG em Entomologia\",\"isPartOf\":{\"@id\":\"https:\/\/wp.ufpel.edu.br\/ppgent\/#website\"},\"datePublished\":\"2016-02-16T12:45:32+00:00\",\"dateModified\":\"2016-02-16T15:09:27+00:00\",\"breadcrumb\":{\"@id\":\"https:\/\/wp.ufpel.edu.br\/ppgent\/ingresso\/selecao-pos-doutorado-pnpd-2015\/#breadcrumb\"},\"inLanguage\":\"pt-BR\",\"potentialAction\":[{\"@type\":\"ReadAction\",\"target\":[\"https:\/\/wp.ufpel.edu.br\/ppgent\/ingresso\/selecao-pos-doutorado-pnpd-2015\/\"]}]},{\"@type\":\"BreadcrumbList\",\"@id\":\"https:\/\/wp.ufpel.edu.br\/ppgent\/ingresso\/selecao-pos-doutorado-pnpd-2015\/#breadcrumb\",\"itemListElement\":[{\"@type\":\"ListItem\",\"position\":1,\"name\":\"In\u00edcio\",\"item\":\"https:\/\/wp.ufpel.edu.br\/ppgent\/\"},{\"@type\":\"ListItem\",\"position\":2,\"name\":\"Ingresso\",\"item\":\"https:\/\/wp.ufpel.edu.br\/ppgent\/ingresso\/\"},{\"@type\":\"ListItem\",\"position\":3,\"name\":\"Sele\u00e7\u00e3o P\u00f3s-Doutorado PNPD 2015\"}]},{\"@type\":\"WebSite\",\"@id\":\"https:\/\/wp.ufpel.edu.br\/ppgent\/#website\",\"url\":\"https:\/\/wp.ufpel.edu.br\/ppgent\/\",\"name\":\"PPG em Entomologia\",\"description\":\"Universidade Federal de Pelotas\",\"potentialAction\":[{\"@type\":\"SearchAction\",\"target\":{\"@type\":\"EntryPoint\",\"urlTemplate\":\"https:\/\/wp.ufpel.edu.br\/ppgent\/?s={search_term_string}\"},\"query-input\":{\"@type\":\"PropertyValueSpecification\",\"valueRequired\":true,\"valueName\":\"search_term_string\"}}],\"inLanguage\":\"pt-BR\"}]}<\/script>\n<!-- \/ Yoast SEO plugin. -->","yoast_head_json":{"title":"Sele\u00e7\u00e3o P\u00f3s-Doutorado PNPD 2015 &#8226; PPG em Entomologia","robots":{"index":"index","follow":"follow","max-snippet":"max-snippet:-1","max-image-preview":"max-image-preview:large","max-video-preview":"max-video-preview:-1"},"canonical":"https:\/\/wp.ufpel.edu.br\/ppgent\/ingresso\/selecao-pos-doutorado-pnpd-2015\/","og_locale":"pt_BR","og_type":"article","og_title":"Sele\u00e7\u00e3o P\u00f3s-Doutorado PNPD 2015 &#8226; PPG em Entomologia","og_description":"Divulga\u00e7\u00e3o dos resultados finais do edital PNPD Divulga\u00e7\u00e3o dos resultados da 1a e 2a etapas do edital PNPD Lista de Candidatos Aprovados na An\u00e1lise do Plano de Trabalho (ap\u00f3s recursos) As datas das entrevistas ser\u00e3o reagendadas em virtude de recurso face a avalia\u00e7\u00e3o do plano de trabalho. O recurso ser\u00e1 julgado pela comiss\u00e3o no prazo [&hellip;]","og_url":"https:\/\/wp.ufpel.edu.br\/ppgent\/ingresso\/selecao-pos-doutorado-pnpd-2015\/","og_site_name":"PPG em Entomologia","article_modified_time":"2016-02-16T15:09:27+00:00","twitter_card":"summary_large_image","schema":{"@context":"https:\/\/schema.org","@graph":[{"@type":"WebPage","@id":"https:\/\/wp.ufpel.edu.br\/ppgent\/ingresso\/selecao-pos-doutorado-pnpd-2015\/","url":"https:\/\/wp.ufpel.edu.br\/ppgent\/ingresso\/selecao-pos-doutorado-pnpd-2015\/","name":"Sele\u00e7\u00e3o P\u00f3s-Doutorado PNPD 2015 &#8226; PPG em Entomologia","isPartOf":{"@id":"https:\/\/wp.ufpel.edu.br\/ppgent\/#website"},"datePublished":"2016-02-16T12:45:32+00:00","dateModified":"2016-02-16T15:09:27+00:00","breadcrumb":{"@id":"https:\/\/wp.ufpel.edu.br\/ppgent\/ingresso\/selecao-pos-doutorado-pnpd-2015\/#breadcrumb"},"inLanguage":"pt-BR","potentialAction":[{"@type":"ReadAction","target":["https:\/\/wp.ufpel.edu.br\/ppgent\/ingresso\/selecao-pos-doutorado-pnpd-2015\/"]}]},{"@type":"BreadcrumbList","@id":"https:\/\/wp.ufpel.edu.br\/ppgent\/ingresso\/selecao-pos-doutorado-pnpd-2015\/#breadcrumb","itemListElement":[{"@type":"ListItem","position":1,"name":"In\u00edcio","item":"https:\/\/wp.ufpel.edu.br\/ppgent\/"},{"@type":"ListItem","position":2,"name":"Ingresso","item":"https:\/\/wp.ufpel.edu.br\/ppgent\/ingresso\/"},{"@type":"ListItem","position":3,"name":"Sele\u00e7\u00e3o P\u00f3s-Doutorado PNPD 2015"}]},{"@type":"WebSite","@id":"https:\/\/wp.ufpel.edu.br\/ppgent\/#website","url":"https:\/\/wp.ufpel.edu.br\/ppgent\/","name":"PPG em Entomologia","description":"Universidade Federal de Pelotas","potentialAction":[{"@type":"SearchAction","target":{"@type":"EntryPoint","urlTemplate":"https:\/\/wp.ufpel.edu.br\/ppgent\/?s={search_term_string}"},"query-input":{"@type":"PropertyValueSpecification","valueRequired":true,"valueName":"search_term_string"}}],"inLanguage":"pt-BR"}]}},"jetpack_sharing_enabled":true,"_links":{"self":[{"href":"https:\/\/wp.ufpel.edu.br\/ppgent\/wp-json\/wp\/v2\/pages\/11","targetHints":{"allow":["GET"]}}],"collection":[{"href":"https:\/\/wp.ufpel.edu.br\/ppgent\/wp-json\/wp\/v2\/pages"}],"about":[{"href":"https:\/\/wp.ufpel.edu.br\/ppgent\/wp-json\/wp\/v2\/types\/page"}],"author":[{"embeddable":true,"href":"https:\/\/wp.ufpel.edu.br\/ppgent\/wp-json\/wp\/v2\/users\/606"}],"replies":[{"embeddable":true,"href":"https:\/\/wp.ufpel.edu.br\/ppgent\/wp-json\/wp\/v2\/comments?post=11"}],"version-history":[{"count":7,"href":"https:\/\/wp.ufpel.edu.br\/ppgent\/wp-json\/wp\/v2\/pages\/11\/revisions"}],"predecessor-version":[{"id":137,"href":"https:\/\/wp.ufpel.edu.br\/ppgent\/wp-json\/wp\/v2\/pages\/11\/revisions\/137"}],"up":[{"embeddable":true,"href":"https:\/\/wp.ufpel.edu.br\/ppgent\/wp-json\/wp\/v2\/pages\/23"}],"wp:attachment":[{"href":"https:\/\/wp.ufpel.edu.br\/ppgent\/wp-json\/wp\/v2\/media?parent=11"}],"curies":[{"name":"wp","href":"https:\/\/api.w.org\/{rel}","templated":true}]}}