{"id":737,"date":"2017-07-05T10:02:22","date_gmt":"2017-07-05T13:02:22","guid":{"rendered":"https:\/\/wp.ufpel.edu.br\/ppgemat\/?page_id=737"},"modified":"2025-10-25T17:20:05","modified_gmt":"2025-10-25T20:20:05","slug":"documentos","status":"publish","type":"page","link":"https:\/\/wp.ufpel.edu.br\/ppgemat\/documentos\/","title":{"rendered":"Documentos"},"content":{"rendered":"<p><span style=\"color: #000000; font-family: georgia, palatino, serif;\"><strong><span style=\"font-size: 14pt;\">Documentos Gerais<\/span><\/strong><\/span><\/p>\n<p><a href=\"https:\/\/wp.ufpel.edu.br\/ppgemat\/files\/2025\/10\/APCN-proposta_2023-reduzido.pdf\">Projeto de cria\u00e7\u00e3o do curso de Doutorado<\/a> &#8211; atualizado em 25\/10\/2025<\/p>\n<p><span style=\"color: #000000;\"><a href=\"https:\/\/wp.ufpel.edu.br\/ppgemat\/files\/2017\/07\/Projeto_ppgemat.pdf\">Projeto de cria\u00e7\u00e3o do curso de Mestrado<\/a> &#8211; atualizado em 02\/06\/2021<\/span><\/p>\n<p><span style=\"color: #000000;\"><a href=\"https:\/\/wp.ufpel.edu.br\/ppgemat\/files\/2025\/09\/Regimento-PPGEMAT-21082025.pdf\">Regimento do PPGEMAT<\/a> &#8211; atualizado em 21\/08\/2025<\/span><\/p>\n<p><span style=\"color: #000000;\"><a style=\"color: #000000;\" href=\"https:\/\/wp.ufpel.edu.br\/ppgemat\/files\/2021\/09\/2021_06_02-Normativa-credenciamento-aprovado.pdf\">Normativa PPGEMAT 01\/2021<\/a> &#8211; aprovada em 02\/06\/2021<\/span><\/p>\n<p>&nbsp;<\/p>\n<p><span style=\"font-size: 14pt;\"><strong><span style=\"color: #000000;\">Documentos da UFPel<\/span><\/strong><\/span><\/p>\n<p><span style=\"color: #000000;\"><a style=\"color: #000000;\" href=\"https:\/\/wp.ufpel.edu.br\/cpa\/files\/2016\/08\/PDI-UFPel-2015-2020.pdf\">PDI 2015-2020<\/a><\/span><\/p>\n<p><span style=\"color: #000000;\"><a style=\"color: #000000;\" href=\"https:\/\/wp.ufpel.edu.br\/scs\/files\/2021\/03\/Resolucao-46-CONSUN.pdf\">Prorroga\u00e7\u00e3o de vig\u00eancia do PDI 2015-2020<\/a><\/span><\/p>\n<p><span style=\"color: #000000;\"><a style=\"color: #000000;\" href=\"https:\/\/wp.ufpel.edu.br\/pdi\/\">Elabora\u00e7\u00e3o do pr\u00f3ximo PDI<\/a><\/span><\/p>\n<h3><\/h3>\n<p>&nbsp;<\/p>\n<h3><span style=\"color: #000000; font-family: georgia, palatino, serif;\">Estudante Especial<\/span><\/h3>\n<p><span style=\"color: #000000;\"><a href=\"https:\/\/wp.ufpel.edu.br\/ppgemat\/files\/2022\/02\/formulario-inscricao-estudante_especial-SITE-atualizado-16fev22.docx\">Formul\u00e1rio de inscri\u00e7\u00e3o &#8211; Estudante Especial<\/a><\/span><\/p>\n<p>&nbsp;<\/p>\n<p><span style=\"color: #ffffff; font-size: 14pt;\">.<\/span><\/p>\n<p><span style=\"color: #000000; font-family: georgia, palatino, serif;\"><strong><span style=\"font-size: 14pt;\">Professor Externo &#8211; Bancas<\/span><\/strong><\/span><\/p>\n<p><span style=\"color: #000000; font-family: georgia, palatino, serif;\"><a style=\"color: #000000;\" href=\"https:\/\/wp.ufpel.edu.br\/ppgemat\/files\/2018\/07\/Ficha-de-Cadastro-visitante.docx\">Ficha de Cadastro visitante<\/a><\/span><\/p>\n","protected":false},"excerpt":{"rendered":"<p>Documentos Gerais Projeto de cria\u00e7\u00e3o do curso de Doutorado &#8211; atualizado em 25\/10\/2025 Projeto de cria\u00e7\u00e3o do curso de Mestrado &#8211; atualizado em 02\/06\/2021 Regimento do PPGEMAT &#8211; atualizado em 21\/08\/2025 Normativa PPGEMAT 01\/2021 &#8211; aprovada em 02\/06\/2021 &nbsp; Documentos da UFPel PDI 2015-2020 Prorroga\u00e7\u00e3o de vig\u00eancia do PDI 2015-2020 Elabora\u00e7\u00e3o do pr\u00f3ximo PDI &nbsp; [&hellip;]<\/p>\n","protected":false},"author":617,"featured_media":0,"parent":0,"menu_order":0,"comment_status":"closed","ping_status":"closed","template":"","meta":{"footnotes":""},"class_list":["post-737","page","type-page","status-publish","hentry"],"_links":{"self":[{"href":"https:\/\/wp.ufpel.edu.br\/ppgemat\/wp-json\/wp\/v2\/pages\/737","targetHints":{"allow":["GET"]}}],"collection":[{"href":"https:\/\/wp.ufpel.edu.br\/ppgemat\/wp-json\/wp\/v2\/pages"}],"about":[{"href":"https:\/\/wp.ufpel.edu.br\/ppgemat\/wp-json\/wp\/v2\/types\/page"}],"author":[{"embeddable":true,"href":"https:\/\/wp.ufpel.edu.br\/ppgemat\/wp-json\/wp\/v2\/users\/617"}],"replies":[{"embeddable":true,"href":"https:\/\/wp.ufpel.edu.br\/ppgemat\/wp-json\/wp\/v2\/comments?post=737"}],"version-history":[{"count":4,"href":"https:\/\/wp.ufpel.edu.br\/ppgemat\/wp-json\/wp\/v2\/pages\/737\/revisions"}],"predecessor-version":[{"id":3709,"href":"https:\/\/wp.ufpel.edu.br\/ppgemat\/wp-json\/wp\/v2\/pages\/737\/revisions\/3709"}],"wp:attachment":[{"href":"https:\/\/wp.ufpel.edu.br\/ppgemat\/wp-json\/wp\/v2\/media?parent=737"}],"curies":[{"name":"wp","href":"https:\/\/api.w.org\/{rel}","templated":true}]}}