{"id":593,"date":"2017-04-03T18:17:29","date_gmt":"2017-04-03T21:17:29","guid":{"rendered":"https:\/\/wp.ufpel.edu.br\/ppgemat\/?page_id=593"},"modified":"2024-02-27T17:28:16","modified_gmt":"2024-02-27T20:28:16","slug":"revistas","status":"publish","type":"page","link":"https:\/\/wp.ufpel.edu.br\/ppgemat\/revistas\/","title":{"rendered":"Revistas"},"content":{"rendered":"<p><span style=\"font-size: 14pt; color: #000000;\">Para pesquisar sobre as revistas, acesse o link a seguir da <a style=\"color: #000000;\" href=\"https:\/\/sucupira.capes.gov.br\/sucupira\/public\/consultas\/coleta\/veiculoPublicacaoQualis\/listaConsultaGeralPeriodicos.jsf\">Plataforma Sucupira<\/a>.<\/span><\/p>\n<p><span style=\"font-size: 14pt; color: #000000;\">No <strong>Evento de Classifica\u00e7\u00e3o,<\/strong>\u00a0selecione o quadri\u00eanio <strong>2017-2020<\/strong>.<\/span><\/p>\n<p><span style=\"font-size: 14pt; color: #000000;\">Na <strong>\u00c1rea de Avalia\u00e7\u00e3o<\/strong>, selecione <strong>ENSINO<\/strong>.<\/span><\/p>\n<p><span style=\"font-size: 14pt; color: #000000;\">Voc\u00ea pode escolher pesquisar pelo <strong>ISSN,<\/strong> pelo <strong>t\u00edtulo<\/strong> da revista ou pela <strong>classifica\u00e7\u00e3o.<\/strong><\/span><\/p>\n<p><span style=\"font-size: 14pt; color: #000000;\">A <strong>classifica\u00e7\u00e3o<\/strong> obedece a seguinte ordem: A1, A2, A3, A4, B1, B2, B3, B4, B5 e C, sendo que a C n\u00e3o pontua.\u00a0<\/span><\/p>\n<p><span style=\"font-size: 14pt; color: #000000;\">O ideal \u00e9 que as publica\u00e7\u00f5es sejam feitas em revistas com qualifica\u00e7\u00e3o dentro do extrato A.<\/span><\/p>\n<p><img class=\"alignnone wp-image-1726 aligncenter\" src=\"https:\/\/wp.ufpel.edu.br\/ppgemat\/files\/2020\/06\/Site-PPGEMAT-Boas-escritas-400x300.jpg\" alt=\"\" width=\"328\" height=\"246\" srcset=\"https:\/\/wp.ufpel.edu.br\/ppgemat\/files\/2020\/06\/Site-PPGEMAT-Boas-escritas-400x300.jpg 400w, https:\/\/wp.ufpel.edu.br\/ppgemat\/files\/2020\/06\/Site-PPGEMAT-Boas-escritas-768x576.jpg 768w, https:\/\/wp.ufpel.edu.br\/ppgemat\/files\/2020\/06\/Site-PPGEMAT-Boas-escritas.jpg 960w\" sizes=\"(max-width: 328px) 100vw, 328px\" \/><\/p>\n<p><span style=\"font-size: 14pt; color: #000000;\">\u00a0<\/span><\/p>\n<p>&nbsp;<\/p>\n","protected":false},"excerpt":{"rendered":"<p>Para pesquisar sobre as revistas, acesse o link a seguir da Plataforma Sucupira. No Evento de Classifica\u00e7\u00e3o,\u00a0selecione o quadri\u00eanio 2017-2020. Na \u00c1rea de Avalia\u00e7\u00e3o, selecione ENSINO. Voc\u00ea pode escolher pesquisar pelo ISSN, pelo t\u00edtulo da revista ou pela classifica\u00e7\u00e3o. A classifica\u00e7\u00e3o obedece a seguinte ordem: A1, A2, A3, A4, B1, B2, B3, B4, B5 e [&hellip;]<\/p>\n","protected":false},"author":617,"featured_media":0,"parent":0,"menu_order":0,"comment_status":"closed","ping_status":"closed","template":"","meta":{"footnotes":""},"class_list":["post-593","page","type-page","status-publish","hentry"],"_links":{"self":[{"href":"https:\/\/wp.ufpel.edu.br\/ppgemat\/wp-json\/wp\/v2\/pages\/593","targetHints":{"allow":["GET"]}}],"collection":[{"href":"https:\/\/wp.ufpel.edu.br\/ppgemat\/wp-json\/wp\/v2\/pages"}],"about":[{"href":"https:\/\/wp.ufpel.edu.br\/ppgemat\/wp-json\/wp\/v2\/types\/page"}],"author":[{"embeddable":true,"href":"https:\/\/wp.ufpel.edu.br\/ppgemat\/wp-json\/wp\/v2\/users\/617"}],"replies":[{"embeddable":true,"href":"https:\/\/wp.ufpel.edu.br\/ppgemat\/wp-json\/wp\/v2\/comments?post=593"}],"version-history":[{"count":15,"href":"https:\/\/wp.ufpel.edu.br\/ppgemat\/wp-json\/wp\/v2\/pages\/593\/revisions"}],"predecessor-version":[{"id":3011,"href":"https:\/\/wp.ufpel.edu.br\/ppgemat\/wp-json\/wp\/v2\/pages\/593\/revisions\/3011"}],"wp:attachment":[{"href":"https:\/\/wp.ufpel.edu.br\/ppgemat\/wp-json\/wp\/v2\/media?parent=593"}],"curies":[{"name":"wp","href":"https:\/\/api.w.org\/{rel}","templated":true}]}}