{"id":3549,"date":"2025-09-15T21:34:27","date_gmt":"2025-09-16T00:34:27","guid":{"rendered":"https:\/\/wp.ufpel.edu.br\/ppgemat\/?page_id=3549"},"modified":"2025-12-12T17:45:16","modified_gmt":"2025-12-12T20:45:16","slug":"selecao-2026","status":"publish","type":"page","link":"https:\/\/wp.ufpel.edu.br\/ppgemat\/processo-seletivo\/selecao-2026\/","title":{"rendered":"Sele\u00e7\u00e3o 2026"},"content":{"rendered":"<p><strong>PROGRAMA DE P\u00d3S-GRADUA\u00c7\u00c3O EM EDUCA\u00c7\u00c3O MATEM\u00c1TICA &#8211; PPGEMAT<\/strong><\/p>\n<p>&nbsp;<\/p>\n<p><span style=\"color: #3366ff;\"><strong>12\/12\/2025 &#8211; <span style=\"color: #3366ff;\"><a style=\"color: #3366ff;\" href=\"https:\/\/wp.ufpel.edu.br\/ppgemat\/files\/2025\/12\/2026-MM-Resultado-Final.pdf\">RESULTADO FINAL &#8211; MESTRADO<\/a><\/span><\/strong><\/span><br \/>\n<span style=\"color: #3366ff;\"><strong>12\/12\/2025 &#8211; <a style=\"color: #3366ff;\" href=\"https:\/\/wp.ufpel.edu.br\/ppgemat\/files\/2025\/12\/2026-DD-Resultado-Final.pdf\">RESULTADO FINAL &#8211; DOUTORADO<\/a><\/strong><\/span><\/p>\n<p>&nbsp;<\/p>\n<p>08\/12\/2025 &#8211; <a href=\"https:\/\/wp.ufpel.edu.br\/ppgemat\/files\/2025\/12\/2026-M-Resultado-Final-Preliminar.pdf\">Resultado Final Preliminar &#8211; MESTRADO<\/a><br \/>\n08\/12\/2025 &#8211; <a href=\"https:\/\/wp.ufpel.edu.br\/ppgemat\/files\/2025\/12\/2026-D-Resultado-Final-preliminar.pdf\">Resultado Final Preliminar &#8211; DOUTORADO<\/a><\/p>\n<p>08\/12\/2025 &#8211; <a href=\"https:\/\/wp.ufpel.edu.br\/ppgemat\/files\/2025\/12\/2026-M-Lista-curriculo-apos-recurso.pdf\">Rela\u00e7\u00e3o candidatos aprovados &#8211; ap\u00f3s recurso curr\u00edculo &#8211; MESTRADO<\/a><br \/>\n08\/12\/2025 &#8211; <a href=\"https:\/\/wp.ufpel.edu.br\/ppgemat\/files\/2025\/12\/2026-D-Lista-curriculo-apos-recurso-.pdf\">Rela\u00e7\u00e3o candidatos aprovados &#8211; ap\u00f3s recurso curr\u00edculo &#8211; DOUTORADO<\/a><\/p>\n<p>02\/12\/2025 &#8211; <a href=\"https:\/\/wp.ufpel.edu.br\/ppgemat\/files\/2025\/12\/2026-M-Curriculo.pdf\">Resultado da an\u00e1lise do curr\u00edculo &#8211; MESTRADO<\/a><br \/>\n02\/12\/2025 &#8211; <a href=\"https:\/\/wp.ufpel.edu.br\/ppgemat\/files\/2025\/12\/2026-D-Curriculo-.pdf\">Resultado da an\u00e1lise do curr\u00edculo &#8211; DOUTORADO<\/a><\/p>\n<p>24\/11\/2025 &#8211; <a href=\"https:\/\/wp.ufpel.edu.br\/ppgemat\/files\/2025\/11\/2026-M-aprovados-apos-recursos.pdf\">Rela\u00e7\u00e3o candidatos aprovados &#8211; ap\u00f3s recurso entrevistas &#8211; MESTRADO<\/a><br \/>\n24\/11\/2025 &#8211; <a href=\"https:\/\/wp.ufpel.edu.br\/ppgemat\/files\/2025\/11\/2026-D-aprovados-apos-recursos.pdf\">Rela\u00e7\u00e3o candidatos aprovados &#8211; ap\u00f3s recurso entrevistas &#8211; DOUTORADO<\/a><\/p>\n<p>14\/11\/2025 &#8211; <a href=\"https:\/\/wp.ufpel.edu.br\/ppgemat\/files\/2025\/11\/2026-M-aprovados-entrevistas.pdf\">Rela\u00e7\u00e3o candidatos aprovados na entrevista &#8211; MESTRADO<\/a><br \/>\n14\/11\/2025 &#8211; <a href=\"https:\/\/wp.ufpel.edu.br\/ppgemat\/files\/2025\/11\/2026-D-aprovados-entrevistas.pdf\">Rela\u00e7\u00e3o candidatos aprovados na entrevista &#8211; DOUTORADO<\/a><\/p>\n<p>07\/11\/2025 &#8211; <a href=\"https:\/\/wp.ufpel.edu.br\/ppgemat\/files\/2025\/11\/2026-M-avaliacao-projeto-apos-recurso.pdf\">Rela\u00e7\u00e3o candidatos aprovados &#8211; ap\u00f3s recurso avalia\u00e7\u00e3o projetos &#8211; MESTRADO<\/a><br \/>\n07\/11\/2025 &#8211; <a href=\"https:\/\/wp.ufpel.edu.br\/ppgemat\/files\/2025\/11\/2026-M-horario-entrevistas-apos-recurso.pdf\">Data e hor\u00e1rio entrevistas &#8211; MESTRADO<\/a><\/p>\n<p>07\/11\/2025 &#8211; <a href=\"https:\/\/wp.ufpel.edu.br\/ppgemat\/files\/2025\/11\/2026-D-avaliacao-projeto-apos-recurso.pdf\">Rela\u00e7\u00e3o candidatos aprovados &#8211; ap\u00f3s recurso avalia\u00e7\u00e3o projetos &#8211; DOUTORADO<\/a><br \/>\n07\/11\/2025 &#8211; <a href=\"https:\/\/wp.ufpel.edu.br\/ppgemat\/files\/2025\/11\/2026-D-horario-entrevistas-apos-recurso.pdf\">Data e hor\u00e1rio entrevistas &#8211; DOUTORADO<\/a><\/p>\n<p>03\/11\/2025 &#8211; <a href=\"https:\/\/wp.ufpel.edu.br\/ppgemat\/files\/2025\/11\/2026_aprovados_projetos-D.pdf\">Rela\u00e7\u00e3o candidatos aprovados na avalia\u00e7\u00e3o projetos &#8211; DOUTORADO<\/a><br \/>\n03\/11\/2025 &#8211; <a href=\"https:\/\/wp.ufpel.edu.br\/ppgemat\/files\/2025\/11\/2026_entrevistas_Doutorado.pdf\">Data e hor\u00e1rio entrevistas &#8211; DOUTORADO<\/a><\/p>\n<p>03\/11\/2025 &#8211; <a href=\"https:\/\/wp.ufpel.edu.br\/ppgemat\/files\/2025\/11\/2026_aprovados_projetos-M.pdf\">Rela\u00e7\u00e3o candidatos aprovados na avalia\u00e7\u00e3o projetos &#8211; MESTRADO<\/a><br \/>\n03\/11\/2025 &#8211; <a href=\"https:\/\/wp.ufpel.edu.br\/ppgemat\/files\/2025\/11\/2026_entrevistas_Mestrado.pdf\">Data e hor\u00e1rio entrevistas &#8211; MESTRADO<\/a><\/p>\n<p>24\/10\/2025 &#8211; <a href=\"https:\/\/wp.ufpel.edu.br\/ppgemat\/files\/2025\/10\/mestrado_himologadas_posrecurso.pdf\">Inscri\u00e7\u00f5es homologadas ap\u00f3s recurso &#8211; MESTRADO<\/a><br \/>\n24\/10\/2025 &#8211; I<a href=\"https:\/\/wp.ufpel.edu.br\/ppgemat\/files\/2025\/10\/doutorado_homologadas_posrecurso.pdf\">nscri\u00e7\u00f5es homologadas ap\u00f3s recurso &#8211; DOUTORADO<\/a><\/p>\n<p>20\/10\/2025 &#8211; <a href=\"https:\/\/wp.ufpel.edu.br\/ppgemat\/files\/2025\/10\/2026-Mestrado-homologacao.pdf\">Inscri\u00e7\u00f5es homologadas &#8211; MESTRADO<\/a><br \/>\n20\/10\/2025 &#8211; <a href=\"https:\/\/wp.ufpel.edu.br\/ppgemat\/files\/2025\/10\/2026-Doutorado_homologado.pdf\">Inscri\u00e7\u00f5es homologadas &#8211; DOUTORADO<\/a><\/p>\n<p>&nbsp;<\/p>\n<p><strong style=\"font-family: var(--fonte-corpo);\">SELE\u00c7\u00c3O PARA ALUNO REGULAR &#8211; DOUTORADO<\/strong><\/p>\n<p><a href=\"https:\/\/wp.ufpel.edu.br\/ppgemat\/files\/2025\/09\/Edital_ARD_2026.pdf\">Edital de sele\u00e7\u00e3o estudante regular 2026\/1 &#8211; DOUTORADO<\/a><br \/>\n<a href=\"https:\/\/wp.ufpel.edu.br\/ppgemat\/files\/2025\/09\/Ficha-de-inscricao-DOUTORADO-.docx\">Formul\u00e1rio de inscri\u00e7\u00e3o &#8211; DOUTORADO<\/a><br \/>\n<a href=\"https:\/\/wp.ufpel.edu.br\/ppgemat\/files\/2025\/10\/2026_Edital_retificacao_doutorado.pdf\">Retifica\u00e7\u00e3o do Edital de sele\u00e7\u00e3o &#8211; DOUTORADO<\/a><\/p>\n<p>&nbsp;<\/p>\n<p><strong>SELE\u00c7\u00c3O PARA ALUNO REGULAR &#8211; MESTRADO<\/strong><\/p>\n<p><a href=\"https:\/\/wp.ufpel.edu.br\/ppgemat\/files\/2025\/09\/Edital_ARM_2026.pdf\">Edital de sele\u00e7\u00e3o estudante regular 2026\/1 &#8211; MESTRADO<\/a><br \/>\n<a href=\"https:\/\/wp.ufpel.edu.br\/ppgemat\/files\/2025\/09\/Ficha-de-inscricao-MESTRADO.docx\">Formul\u00e1rio de inscri\u00e7\u00e3o &#8211; MESTRADO<\/a><br \/>\n<a href=\"https:\/\/wp.ufpel.edu.br\/ppgemat\/files\/2025\/10\/2026_Edital_retificacao_mestrado.pdf\">Retifica\u00e7\u00e3o do Edital de sele\u00e7\u00e3o &#8211; MESTRADO<\/a><\/p>\n<p>&nbsp;<\/p>\n<p><a href=\"https:\/\/wp.ufpel.edu.br\/ppgemat\/files\/2025\/09\/2026_1_modelo_Anteprojeto.docx\">Modelo de Anteprojeto<\/a><\/p>\n<p><a href=\"https:\/\/wp.ufpel.edu.br\/ppgemat\/files\/2025\/09\/Autodeclaracao_etnico_racial.pdf\">Modelo de Autodeclara\u00e7\u00e3o \u00e9tnico racial<\/a><\/p>\n<p><a href=\"https:\/\/wp.ufpel.edu.br\/ppgemat\/files\/2025\/09\/Autodeclaracao_identidade_genero.docx\">Modelo de Autodeclara\u00e7\u00e3o identidade g\u00eanero<\/a><\/p>\n<p><a href=\"https:\/\/wp.ufpel.edu.br\/ppgemat\/files\/2025\/09\/Autodeclaracao-estudante-indigena.pdf\">Modelo de Autodeclara\u00e7\u00e3o estudante ind\u00edgena<\/a><\/p>\n<p><a href=\"https:\/\/wp.ufpel.edu.br\/ppgemat\/files\/2025\/09\/Autodeclaracao_estudante_quilombola.pdf\">Modelo de Autodeclara\u00e7\u00e3o estudante quilombola<\/a><\/p>\n<p><a href=\"https:\/\/wp.ufpel.edu.br\/ppgemat\/files\/2025\/09\/Autodeclaracao-de-identidade-trans.docx\">Modelo de Autodeclara\u00e7\u00e3o identidade trans<\/a><\/p>\n<p><a href=\"https:\/\/wp.ufpel.edu.br\/ppgemat\/files\/2025\/09\/Anexo-comprovacao-curriculo.docx\">Comprova\u00e7\u00e3o curr\u00edculo Lattes<\/a><\/p>\n","protected":false},"excerpt":{"rendered":"<p>PROGRAMA DE P\u00d3S-GRADUA\u00c7\u00c3O EM EDUCA\u00c7\u00c3O MATEM\u00c1TICA &#8211; PPGEMAT &nbsp; 12\/12\/2025 &#8211; RESULTADO FINAL &#8211; MESTRADO 12\/12\/2025 &#8211; RESULTADO FINAL &#8211; DOUTORADO &nbsp; 08\/12\/2025 &#8211; Resultado Final Preliminar &#8211; MESTRADO 08\/12\/2025 &#8211; Resultado Final Preliminar &#8211; DOUTORADO 08\/12\/2025 &#8211; Rela\u00e7\u00e3o candidatos aprovados &#8211; ap\u00f3s recurso curr\u00edculo &#8211; MESTRADO 08\/12\/2025 &#8211; Rela\u00e7\u00e3o candidatos aprovados &#8211; ap\u00f3s recurso [&hellip;]<\/p>\n","protected":false},"author":617,"featured_media":0,"parent":1817,"menu_order":0,"comment_status":"closed","ping_status":"closed","template":"","meta":{"footnotes":""},"class_list":["post-3549","page","type-page","status-publish","hentry"],"_links":{"self":[{"href":"https:\/\/wp.ufpel.edu.br\/ppgemat\/wp-json\/wp\/v2\/pages\/3549","targetHints":{"allow":["GET"]}}],"collection":[{"href":"https:\/\/wp.ufpel.edu.br\/ppgemat\/wp-json\/wp\/v2\/pages"}],"about":[{"href":"https:\/\/wp.ufpel.edu.br\/ppgemat\/wp-json\/wp\/v2\/types\/page"}],"author":[{"embeddable":true,"href":"https:\/\/wp.ufpel.edu.br\/ppgemat\/wp-json\/wp\/v2\/users\/617"}],"replies":[{"embeddable":true,"href":"https:\/\/wp.ufpel.edu.br\/ppgemat\/wp-json\/wp\/v2\/comments?post=3549"}],"version-history":[{"count":4,"href":"https:\/\/wp.ufpel.edu.br\/ppgemat\/wp-json\/wp\/v2\/pages\/3549\/revisions"}],"predecessor-version":[{"id":3850,"href":"https:\/\/wp.ufpel.edu.br\/ppgemat\/wp-json\/wp\/v2\/pages\/3549\/revisions\/3850"}],"up":[{"embeddable":true,"href":"https:\/\/wp.ufpel.edu.br\/ppgemat\/wp-json\/wp\/v2\/pages\/1817"}],"wp:attachment":[{"href":"https:\/\/wp.ufpel.edu.br\/ppgemat\/wp-json\/wp\/v2\/media?parent=3549"}],"curies":[{"name":"wp","href":"https:\/\/api.w.org\/{rel}","templated":true}]}}