{"id":3266,"date":"2025-01-16T11:05:35","date_gmt":"2025-01-16T14:05:35","guid":{"rendered":"https:\/\/wp.ufpel.edu.br\/ppgemat\/?page_id=3266"},"modified":"2025-03-27T19:19:01","modified_gmt":"2025-03-27T22:19:01","slug":"selecao-2025","status":"publish","type":"page","link":"https:\/\/wp.ufpel.edu.br\/ppgemat\/processo-seletivo\/selecao-2025\/","title":{"rendered":"Sele\u00e7\u00e3o 2025"},"content":{"rendered":"<p><strong>SELE\u00c7\u00c3O PARA ALUNO REGULAR \u00a0&#8211; PROGRAMA DE P\u00d3S-GRADUA\u00c7\u00c3O EM EDUCA\u00c7\u00c3O MATEM\u00c1TICA &#8211; 2025\/1<\/strong><\/p>\n<p><a href=\"https:\/\/wp.ufpel.edu.br\/ppgemat\/files\/2025\/01\/Edital-Alunos-Regulares_20251.pdf\">Edital de sele\u00e7\u00e3o estudante regular 2025\/1<\/a><\/p>\n<p><a href=\"https:\/\/wp.ufpel.edu.br\/ppgemat\/files\/2025\/02\/2025_1-edital-aluno-regular-Anexo-I.docx\">Anexo I &#8211; Avalia\u00e7\u00e3o do curr\u00edculo<\/a> \u00a0 <strong><span style=\"color: #ff0000;\">&#8211;&gt;<\/span> <\/strong>\u00a0 <strong><span style=\"color: #ff0000;\">(Formul\u00e1rio no formato DOCX)<\/span><\/strong><\/p>\n<p><a href=\"https:\/\/wp.ufpel.edu.br\/ppgemat\/files\/2025\/01\/2025_1_formulario_inscricao.docx\">Formul\u00e1rio\/Requerimento de Inscri\u00e7\u00e3o 2025\/1<\/a><\/p>\n<p><a href=\"https:\/\/wp.ufpel.edu.br\/ppgemat\/files\/2025\/01\/2025_1_modelo_Anteprojeto.docx\">Modelo Anteprojeto 2025\/1<\/a><\/p>\n<p><a href=\"https:\/\/wp.ufpel.edu.br\/ppgemat\/files\/2025\/01\/2025_1_modelo_Memorial_Reflexivo.docx\">Modelo Memorial Reflexivo 2025\/1<\/a><\/p>\n<p><a href=\"https:\/\/wp.ufpel.edu.br\/ppgemat\/files\/2025\/01\/2025_1_modelo_Autodeclaracao.docx\">Modelo Autodeclara\u00e7\u00e3o de Identidade de G\u00eanero 2025\/1<\/a><\/p>\n<p>&nbsp;<\/p>\n<p>18\/fev\/2025 &#8211; <a href=\"https:\/\/wp.ufpel.edu.br\/ppgemat\/files\/2025\/02\/Lista-homologados.pdf\">Lista das inscri\u00e7\u00f5es homologadas<\/a><\/p>\n<p>22\/fev\/2025 &#8211; <a href=\"https:\/\/wp.ufpel.edu.br\/ppgemat\/files\/2025\/02\/Lista-homologados-PPGEMAT-apos-recurso.pdf\">Lista das inscri\u00e7\u00f5es homologadas ap\u00f3s recurso<\/a><\/p>\n<p>&nbsp;<\/p>\n<p>25\/fev\/2025 &#8211; <a href=\"https:\/\/wp.ufpel.edu.br\/ppgemat\/files\/2025\/02\/2025-PPGEMAT-aprovados.pdf\">Candidatos aprovados 2025\/1 &#8211; Fase 1<\/a><\/p>\n<p>25\/fev\/2025 &#8211; <a href=\"https:\/\/wp.ufpel.edu.br\/ppgemat\/files\/2025\/02\/2025-PPGEMAT-horario-entrevista.pdf\">Hor\u00e1rio das entrevistas<\/a><\/p>\n<p>&nbsp;<\/p>\n<p>01\/mar\/2025 &#8211; <a href=\"https:\/\/wp.ufpel.edu.br\/ppgemat\/files\/2025\/03\/2025-PPGEMAT-aprovados-fase-1-apos-recurso.pdf\">Candidatos aprovados 2025\/1 &#8211; Fase 1 ap\u00f3s recursos<\/a><\/p>\n<p>01\/mar\/2025 &#8211; <a href=\"https:\/\/wp.ufpel.edu.br\/ppgemat\/files\/2025\/03\/2025-PPGEMAT-horario-entrevista-apos-recursos.pdf\">Hor\u00e1rio das entrevistas ap\u00f3s recursos<\/a><\/p>\n<p>&nbsp;<\/p>\n<p>04\/mar\/2025 &#8211; <a href=\"https:\/\/wp.ufpel.edu.br\/ppgemat\/files\/2025\/03\/2025-PPGEMAT-aprovados-entrevista.pdf\">Candidatos aprovados 2025\/1 &#8211; Fase 2<\/a><\/p>\n<p>10\/mar\/2025 &#8211; <a href=\"https:\/\/wp.ufpel.edu.br\/ppgemat\/files\/2025\/03\/2025-PPGEMAT-aprovados-fase-2-apos-recurso.pdf\">Candidatos aprovados 2025\/1 &#8211; Fase 2 ap\u00f3s recursos<\/a><\/p>\n<p>&nbsp;<\/p>\n<p>11\/mar\/2025 &#8211; <a href=\"https:\/\/wp.ufpel.edu.br\/ppgemat\/files\/2025\/03\/2025-PPGEMAT-aprovados-fase-3.pdf\">Candidatos aprovados 2025\/1 &#8211; Fase 3<\/a><\/p>\n<p>&nbsp;<\/p>\n<p>15\/mar\/2025 &#8211; <a href=\"https:\/\/wp.ufpel.edu.br\/ppgemat\/files\/2025\/03\/2025-PPGEMAT-resultado-final.pdf\">Candidatos aprovados &#8211; Resultado Final Preliminar<\/a><\/p>\n<p>21\/mar\/2025 &#8211; <a href=\"https:\/\/wp.ufpel.edu.br\/ppgemat\/files\/2025\/03\/2025-PPGEMAT-resultado-final-.pdf\">Candidatos aprovados &#8211; Resultado Final<\/a><\/p>\n<p>&nbsp;<\/p>\n<p>27\/mar\/2025 &#8211; <a href=\"https:\/\/wp.ufpel.edu.br\/ppgemat\/files\/2025\/03\/Resultado_banca_heteroidentificacao.pdf\">Despacho com o resultado da banca de heteroidentifica\u00e7\u00e3o<\/a><\/p>\n","protected":false},"excerpt":{"rendered":"<p>SELE\u00c7\u00c3O PARA ALUNO REGULAR \u00a0&#8211; PROGRAMA DE P\u00d3S-GRADUA\u00c7\u00c3O EM EDUCA\u00c7\u00c3O MATEM\u00c1TICA &#8211; 2025\/1 Edital de sele\u00e7\u00e3o estudante regular 2025\/1 Anexo I &#8211; Avalia\u00e7\u00e3o do curr\u00edculo \u00a0 &#8211;&gt; \u00a0 (Formul\u00e1rio no formato DOCX) Formul\u00e1rio\/Requerimento de Inscri\u00e7\u00e3o 2025\/1 Modelo Anteprojeto 2025\/1 Modelo Memorial Reflexivo 2025\/1 Modelo Autodeclara\u00e7\u00e3o de Identidade de G\u00eanero 2025\/1 &nbsp; 18\/fev\/2025 &#8211; Lista das [&hellip;]<\/p>\n","protected":false},"author":617,"featured_media":0,"parent":1817,"menu_order":0,"comment_status":"closed","ping_status":"closed","template":"","meta":{"footnotes":""},"class_list":["post-3266","page","type-page","status-publish","hentry"],"_links":{"self":[{"href":"https:\/\/wp.ufpel.edu.br\/ppgemat\/wp-json\/wp\/v2\/pages\/3266","targetHints":{"allow":["GET"]}}],"collection":[{"href":"https:\/\/wp.ufpel.edu.br\/ppgemat\/wp-json\/wp\/v2\/pages"}],"about":[{"href":"https:\/\/wp.ufpel.edu.br\/ppgemat\/wp-json\/wp\/v2\/types\/page"}],"author":[{"embeddable":true,"href":"https:\/\/wp.ufpel.edu.br\/ppgemat\/wp-json\/wp\/v2\/users\/617"}],"replies":[{"embeddable":true,"href":"https:\/\/wp.ufpel.edu.br\/ppgemat\/wp-json\/wp\/v2\/comments?post=3266"}],"version-history":[{"count":32,"href":"https:\/\/wp.ufpel.edu.br\/ppgemat\/wp-json\/wp\/v2\/pages\/3266\/revisions"}],"predecessor-version":[{"id":3471,"href":"https:\/\/wp.ufpel.edu.br\/ppgemat\/wp-json\/wp\/v2\/pages\/3266\/revisions\/3471"}],"up":[{"embeddable":true,"href":"https:\/\/wp.ufpel.edu.br\/ppgemat\/wp-json\/wp\/v2\/pages\/1817"}],"wp:attachment":[{"href":"https:\/\/wp.ufpel.edu.br\/ppgemat\/wp-json\/wp\/v2\/media?parent=3266"}],"curies":[{"name":"wp","href":"https:\/\/api.w.org\/{rel}","templated":true}]}}