{"id":2925,"date":"2023-10-20T08:54:55","date_gmt":"2023-10-20T11:54:55","guid":{"rendered":"https:\/\/wp.ufpel.edu.br\/ppgemat\/?page_id=2925"},"modified":"2025-02-17T15:44:57","modified_gmt":"2025-02-17T18:44:57","slug":"selecao-2024","status":"publish","type":"page","link":"https:\/\/wp.ufpel.edu.br\/ppgemat\/processo-seletivo\/selecao-2024\/","title":{"rendered":"Sele\u00e7\u00e3o 2024"},"content":{"rendered":"<p style=\"font-weight: 400;\"><strong>SELE\u00c7\u00c3O PARA ALUNO REGULAR<\/strong><br \/>\n<strong>PROGRAMA DE P\u00d3S-GRADUA\u00c7\u00c3O EM EDUCA\u00c7\u00c3O MATEM\u00c1TICA \u2013\u00a02024\/1.<\/strong><\/p>\n<p style=\"font-weight: 400;\"><a href=\"https:\/\/wp.ufpel.edu.br\/ppgemat\/files\/2023\/10\/Edital-aluno-regular-PPGEMAT_UFPel-2024.pdf\">Edital Sele\u00e7\u00e3o estudante regular 2024-1<\/a><\/p>\n<p style=\"font-weight: 400;\"><a href=\"https:\/\/wp.ufpel.edu.br\/ppgemat\/files\/2025\/02\/2025_1-edital-aluno-regular-Anexo-I.docx\">Anexo-I-Avaliacao-Curriculo.<\/a> \u00a0 <span style=\"color: #ff0000;\">\u00a0&#8211;&gt; EM FORMATO DOCX<\/span><\/p>\n<p style=\"font-weight: 400;\"><a href=\"https:\/\/wp.ufpel.edu.br\/ppgemat\/files\/2023\/10\/2024-1-formulario-inscricao.docx\">Formulario\/Requerimento de inscri\u00e7\u00e3o 2024-1<\/a><\/p>\n<p style=\"font-weight: 400;\"><a href=\"https:\/\/wp.ufpel.edu.br\/ppgemat\/files\/2023\/10\/2024-1-modelo-Anteprojeto.docx\">Modelo Anteprojeto 2024-1<\/a><\/p>\n<p><a href=\"https:\/\/wp.ufpel.edu.br\/ppgemat\/files\/2023\/10\/2024-1-modelo-Memorial-Reflexivo.docx\">Modelo Memorial Reflexivo 2024-1<\/a><\/p>\n<p style=\"font-weight: 400;\"><a href=\"https:\/\/wp.ufpel.edu.br\/ppgemat\/files\/2023\/10\/2024-1-modelo-Autodeclaracao-de-Identidade-de-Genero.docx\">Modelo Autodeclaracao de Identidade de Genero 2024-1<\/a><\/p>\n<p>&nbsp;<\/p>\n<p><strong>Homologa\u00e7\u00e3o das Inscri\u00e7\u00f5es<\/strong> &#8211; Edital Sele\u00e7\u00e3o Estudante Regular 2024\/1<\/p>\n<p><a href=\"https:\/\/wp.ufpel.edu.br\/ppgemat\/files\/2023\/11\/2024-PPGEMAT-Inscricoes-Homologadas.pdf\">Inscri\u00e7\u00f5es homologadas 2024\/1<\/a><\/p>\n<p><a href=\"https:\/\/wp.ufpel.edu.br\/ppgemat\/files\/2023\/11\/2024-PPGEMAT-NAO-Homologa-inscricoes.pdf\">Inscri\u00e7\u00f5es n\u00e3o homologadas 2024\/1<\/a><\/p>\n<p>&nbsp;<\/p>\n<p><strong>Homologa\u00e7\u00e3o das Inscri\u00e7\u00f5es p\u00f3s per\u00edodo de recurso<\/strong> &#8211; Edital Sele\u00e7\u00e3o Estudante Regular 2024\/1<\/p>\n<p><a href=\"https:\/\/wp.ufpel.edu.br\/ppgemat\/files\/2023\/11\/2024-PPGEMAT-Homologa-inscricoes-POS-RECURSO.pdf\">Inscri\u00e7\u00f5es homologadas 2024\/1 p\u00f3s per\u00edodo de recurso<\/a><\/p>\n<p>&nbsp;<\/p>\n<p><strong><a href=\"https:\/\/wp.ufpel.edu.br\/ppgemat\/files\/2023\/11\/2024-PPGEMAT-FASE-1.pdf\">Candidatos Aprovados &#8211; 2024\/1 &#8211; FASE 1<\/a><\/strong><\/p>\n<p><a href=\"https:\/\/wp.ufpel.edu.br\/ppgemat\/files\/2023\/11\/2024-PPGEMAT-ENTREVISTAS-horario.pdf\">Cronograma das Entrevistas &#8211; 2024\/1<\/a><\/p>\n<p>&nbsp;<\/p>\n<p><a href=\"https:\/\/wp.ufpel.edu.br\/ppgemat\/files\/2023\/11\/2024-PPGEMAT-FASE-1-POS-RECURSO.pdf\"><strong>Candidatos Aprovados p\u00f3s per\u00edodo de recurso &#8211; 2024\/1 &#8211; FASE 1<\/strong><\/a><\/p>\n<p><strong><a href=\"https:\/\/wp.ufpel.edu.br\/ppgemat\/files\/2023\/11\/2024-PPGEMAT-ENTREVISTAS-horario-POS-RECURSO.pdf\">Cronograma das Entrevistas p\u00f3s per\u00edodo de recurso &#8211; 2024\/1<\/a><\/strong><\/p>\n<p>&nbsp;<\/p>\n<p><a href=\"https:\/\/wp.ufpel.edu.br\/ppgemat\/files\/2023\/12\/2024-PPGEMAT-FASE-2.pdf\"><strong>Candidatos Aprovados &#8211; 2024\/1 &#8211; FASE 2<\/strong><\/a><\/p>\n<p><strong><a href=\"https:\/\/wp.ufpel.edu.br\/ppgemat\/files\/2023\/12\/2024-PPGEMAT-FASE-2-POS-RECURSO.pdf\">Candidatos Aprovados p\u00f3s per\u00edodo de recurso &#8211; 2024\/1 &#8211; FASE 2<\/a><\/strong><\/p>\n<p>&nbsp;<\/p>\n<p><a href=\"https:\/\/wp.ufpel.edu.br\/ppgemat\/files\/2023\/12\/2024-PPGEMAT-FASE-3.pdf\"><strong>Candidatos Aprovados &#8211; 2024\/1 &#8211; FASE 3<\/strong><\/a><\/p>\n<p><strong><a href=\"https:\/\/wp.ufpel.edu.br\/ppgemat\/files\/2023\/12\/2024-PPGEMAT-FASE-3-POS-RECURSO.pdf\">Candidatos Aprovados p\u00f3s per\u00edodo de recurso &#8211; 2024\/1 &#8211; FASE 3<\/a><\/strong><\/p>\n<p>&nbsp;<\/p>\n<p><a href=\"https:\/\/wp.ufpel.edu.br\/ppgemat\/files\/2023\/12\/2024-PPGEMAT-Resultado-FINAL-PRELIMINAR.pdf\"><strong>Resultado\u00a0 Final\u00a0 PRELIMINAR<\/strong><\/a><\/p>\n<p>&nbsp;<\/p>\n<p><a href=\"https:\/\/wp.ufpel.edu.br\/ppgemat\/files\/2023\/12\/2024-PPGEMAT-Resultado-FINAL-22-12-23.pdf\"><strong>RESULTADO FINAL<\/strong><\/a><\/p>\n","protected":false},"excerpt":{"rendered":"<p>SELE\u00c7\u00c3O PARA ALUNO REGULAR PROGRAMA DE P\u00d3S-GRADUA\u00c7\u00c3O EM EDUCA\u00c7\u00c3O MATEM\u00c1TICA \u2013\u00a02024\/1. Edital Sele\u00e7\u00e3o estudante regular 2024-1 Anexo-I-Avaliacao-Curriculo. \u00a0 \u00a0&#8211;&gt; EM FORMATO DOCX Formulario\/Requerimento de inscri\u00e7\u00e3o 2024-1 Modelo Anteprojeto 2024-1 Modelo Memorial Reflexivo 2024-1 Modelo Autodeclaracao de Identidade de Genero 2024-1 &nbsp; Homologa\u00e7\u00e3o das Inscri\u00e7\u00f5es &#8211; Edital Sele\u00e7\u00e3o Estudante Regular 2024\/1 Inscri\u00e7\u00f5es homologadas 2024\/1 Inscri\u00e7\u00f5es n\u00e3o [&hellip;]<\/p>\n","protected":false},"author":617,"featured_media":0,"parent":1817,"menu_order":0,"comment_status":"closed","ping_status":"closed","template":"","meta":{"footnotes":""},"class_list":["post-2925","page","type-page","status-publish","hentry"],"_links":{"self":[{"href":"https:\/\/wp.ufpel.edu.br\/ppgemat\/wp-json\/wp\/v2\/pages\/2925","targetHints":{"allow":["GET"]}}],"collection":[{"href":"https:\/\/wp.ufpel.edu.br\/ppgemat\/wp-json\/wp\/v2\/pages"}],"about":[{"href":"https:\/\/wp.ufpel.edu.br\/ppgemat\/wp-json\/wp\/v2\/types\/page"}],"author":[{"embeddable":true,"href":"https:\/\/wp.ufpel.edu.br\/ppgemat\/wp-json\/wp\/v2\/users\/617"}],"replies":[{"embeddable":true,"href":"https:\/\/wp.ufpel.edu.br\/ppgemat\/wp-json\/wp\/v2\/comments?post=2925"}],"version-history":[{"count":20,"href":"https:\/\/wp.ufpel.edu.br\/ppgemat\/wp-json\/wp\/v2\/pages\/2925\/revisions"}],"predecessor-version":[{"id":3405,"href":"https:\/\/wp.ufpel.edu.br\/ppgemat\/wp-json\/wp\/v2\/pages\/2925\/revisions\/3405"}],"up":[{"embeddable":true,"href":"https:\/\/wp.ufpel.edu.br\/ppgemat\/wp-json\/wp\/v2\/pages\/1817"}],"wp:attachment":[{"href":"https:\/\/wp.ufpel.edu.br\/ppgemat\/wp-json\/wp\/v2\/media?parent=2925"}],"curies":[{"name":"wp","href":"https:\/\/api.w.org\/{rel}","templated":true}]}}