{"id":2740,"date":"2022-11-01T09:12:05","date_gmt":"2022-11-01T12:12:05","guid":{"rendered":"https:\/\/wp.ufpel.edu.br\/ppgemat\/?page_id=2740"},"modified":"2022-12-23T11:02:36","modified_gmt":"2022-12-23T14:02:36","slug":"selecao-2023","status":"publish","type":"page","link":"https:\/\/wp.ufpel.edu.br\/ppgemat\/selecao-2023\/","title":{"rendered":"Sele\u00e7\u00e3o 2023"},"content":{"rendered":"<p>SELE\u00c7\u00c3O PARA ALUNO REGULAR<br \/>\nPROGRAMA DE P\u00d3S-GRADUA\u00c7\u00c3O EM EDUCA\u00c7\u00c3O MATEM\u00c1TICA \u2013\u00a0<strong>2023\/1<\/strong>.<\/p>\n<p><a href=\"https:\/\/wp.ufpel.edu.br\/ppgemat\/files\/2022\/10\/edital-regular-2023-1.pdf\">Edital Sele\u00e7\u00e3o estudante regular 2023-1<\/a><\/p>\n<p><a href=\"https:\/\/wp.ufpel.edu.br\/ppgemat\/files\/2022\/11\/Anexo-I-Avaliacao-Curriculo.pdf\">Anexo-I-Avaliacao-Curriculo<\/a><\/p>\n<p><a href=\"https:\/\/wp.ufpel.edu.br\/ppgemat\/files\/2022\/11\/2023-1-formulario-inscricao.docx\">Formulario\/Requerimento de inscri\u00e7\u00e3o 2023-1-<\/a><\/p>\n<p><a href=\"https:\/\/wp.ufpel.edu.br\/ppgemat\/files\/2022\/11\/2023-1-modelo-Anteprojeto.docx\">Modelo Anteprojeto 2023-1-<\/a><\/p>\n<p><a href=\"https:\/\/wp.ufpel.edu.br\/ppgemat\/files\/2022\/11\/2023-1-modelo-Autodeclaracao-de-Identidade-de-Genero.docx\">Modelo Autodeclaracao de Identidade de Genero 2023-1-<\/a><\/p>\n<p><a href=\"https:\/\/wp.ufpel.edu.br\/ppgemat\/files\/2022\/11\/2023-1-modelo-declaracao-etnia.docx\">Modelo Declaracao etnia 2023-1-<\/a><\/p>\n<p><a href=\"https:\/\/wp.ufpel.edu.br\/ppgemat\/files\/2022\/11\/2023-1-modelo-Memorial-Reflexivo.docx\">Modelo Memorial Reflexivo 2023-1-<\/a><\/p>\n<hr \/>\n<p>Lista de Inscri\u00e7\u00e3o Homologadas &#8211; Estudante Regular 2023\/1<\/p>\n<p>Segue a lista das inscri\u00e7\u00f5es homologadas; informamos que as n\u00e3o homologadas informam a raz\u00e3o, e que o prazo para recursos est\u00e1 estabelecido no edital.<\/p>\n<p><a href=\"https:\/\/wp.ufpel.edu.br\/ppgemat\/files\/2022\/11\/Inscricoes-Homologadas-2023-1-1.pdf\">Inscricoes Homologadas &#8211; 2023-1<\/a><\/p>\n<p><a href=\"https:\/\/wp.ufpel.edu.br\/ppgemat\/files\/2022\/11\/Inscricoes-Homologadas-2023-1-Versao-Final-1.pdf\">Inscricoes Homologadas &#8211; 2023-1 &#8211; Versao Final<\/a><\/p>\n<p><a href=\"https:\/\/wp.ufpel.edu.br\/ppgemat\/files\/2022\/11\/2023-aprovados-fase-1.pdf\">Candidatos Aprovados &#8211; 2023-1 &#8211; Fase 1<\/a><\/p>\n<p><a href=\"https:\/\/wp.ufpel.edu.br\/ppgemat\/files\/2022\/11\/cronograma-entrevistas.pdf\">Cronograma das Entrevistas &#8211; 2023-1<\/a><\/p>\n<p><a href=\"https:\/\/wp.ufpel.edu.br\/ppgemat\/files\/2022\/12\/4-2023-Lista-Aprovados-etapa-2.pdf\">Candidatos Aprovados &#8211; 2023-1 &#8211; Fase 2 (entrevistas)<\/a><\/p>\n<p><a href=\"https:\/\/wp.ufpel.edu.br\/ppgemat\/files\/2022\/12\/5-2023-Lista-Aprovados-etapa-2.pdf\">Candidatos Aprovados &#8211; 2023-1 &#8211; Fase 2 (entrevistas) &#8211; Vers\u00e3o Final<\/a><\/p>\n<p><a href=\"https:\/\/wp.ufpel.edu.br\/ppgemat\/files\/2022\/12\/6-2023-Lista-Aprovados-etapa-3.pdf\">Candidatos Aprovados &#8211; 2023-1 &#8211; Fase 3 (Avalia\u00e7\u00e3o Lattes)<\/a><\/p>\n<p><a href=\"https:\/\/wp.ufpel.edu.br\/ppgemat\/files\/2022\/12\/Lista-Final-com-orientadores.pdf\">Lista Final de aprovados &#8211; com orientadores<\/a><\/p>\n<p><a href=\"https:\/\/wp.ufpel.edu.br\/ppgemat\/files\/2022\/12\/Lista-Final-com-orientadores-FINAL.pdf\">Lista Final de aprovados &#8211; com orientadores &#8211; FINAL<\/a><\/p>\n","protected":false},"excerpt":{"rendered":"<p>SELE\u00c7\u00c3O PARA ALUNO REGULAR PROGRAMA DE P\u00d3S-GRADUA\u00c7\u00c3O EM EDUCA\u00c7\u00c3O MATEM\u00c1TICA \u2013\u00a02023\/1. Edital Sele\u00e7\u00e3o estudante regular 2023-1 Anexo-I-Avaliacao-Curriculo Formulario\/Requerimento de inscri\u00e7\u00e3o 2023-1- Modelo Anteprojeto 2023-1- Modelo Autodeclaracao de Identidade de Genero 2023-1- Modelo Declaracao etnia 2023-1- Modelo Memorial Reflexivo 2023-1- Lista de Inscri\u00e7\u00e3o Homologadas &#8211; Estudante Regular 2023\/1 Segue a lista das inscri\u00e7\u00f5es homologadas; informamos que [&hellip;]<\/p>\n","protected":false},"author":617,"featured_media":0,"parent":0,"menu_order":0,"comment_status":"closed","ping_status":"closed","template":"","meta":{"footnotes":""},"class_list":["post-2740","page","type-page","status-publish","hentry"],"_links":{"self":[{"href":"https:\/\/wp.ufpel.edu.br\/ppgemat\/wp-json\/wp\/v2\/pages\/2740","targetHints":{"allow":["GET"]}}],"collection":[{"href":"https:\/\/wp.ufpel.edu.br\/ppgemat\/wp-json\/wp\/v2\/pages"}],"about":[{"href":"https:\/\/wp.ufpel.edu.br\/ppgemat\/wp-json\/wp\/v2\/types\/page"}],"author":[{"embeddable":true,"href":"https:\/\/wp.ufpel.edu.br\/ppgemat\/wp-json\/wp\/v2\/users\/617"}],"replies":[{"embeddable":true,"href":"https:\/\/wp.ufpel.edu.br\/ppgemat\/wp-json\/wp\/v2\/comments?post=2740"}],"version-history":[{"count":16,"href":"https:\/\/wp.ufpel.edu.br\/ppgemat\/wp-json\/wp\/v2\/pages\/2740\/revisions"}],"predecessor-version":[{"id":2826,"href":"https:\/\/wp.ufpel.edu.br\/ppgemat\/wp-json\/wp\/v2\/pages\/2740\/revisions\/2826"}],"wp:attachment":[{"href":"https:\/\/wp.ufpel.edu.br\/ppgemat\/wp-json\/wp\/v2\/media?parent=2740"}],"curies":[{"name":"wp","href":"https:\/\/api.w.org\/{rel}","templated":true}]}}