{"id":2032,"date":"2020-10-29T15:21:47","date_gmt":"2020-10-29T18:21:47","guid":{"rendered":"https:\/\/wp.ufpel.edu.br\/ppgemat\/?page_id=2032"},"modified":"2021-06-22T08:00:12","modified_gmt":"2021-06-22T11:00:12","slug":"eventos-organizados","status":"publish","type":"page","link":"https:\/\/wp.ufpel.edu.br\/ppgemat\/eventos-organizados\/","title":{"rendered":"Eventos organizados"},"content":{"rendered":"<p style=\"text-align: center\"><span style=\"color: #000080\"><strong><em><span style=\"font-size: 24pt\">Eventos organizados ou com o apoio do PPGEMAT<\/span><\/em><\/strong><\/span><\/p>\n<hr \/>\n<p>&nbsp;<\/p>\n<p style=\"text-align: center\"><span style=\"font-size: 36pt\"><strong><span style=\"color: #000080\">&#8211; 2021 &#8211;<\/span>\u00a0<\/strong><\/span><\/p>\n<p><span style=\"font-size: 14pt;color: #000000\"><strong>Evento<\/strong>: <a style=\"color: #000000\" href=\"https:\/\/wp.ufpel.edu.br\/egem2021\/\">XV Encontro Ga\u00facho de Educa\u00e7\u00e3o Matem\u00e1tica &#8211; EGEM<\/a><\/span><\/p>\n<p><span style=\"font-size: 14pt;color: #000000\"><strong>Data<\/strong>: 21 a 23 de julho de 2021 (online)<\/span><\/p>\n<p><img class=\"size-medium wp-image-2346 aligncenter\" src=\"https:\/\/wp.ufpel.edu.br\/ppgemat\/files\/2021\/06\/Cartaz-divulgacao-Face-400x300.jpg\" alt=\"\" width=\"400\" height=\"300\" srcset=\"https:\/\/wp.ufpel.edu.br\/ppgemat\/files\/2021\/06\/Cartaz-divulgacao-Face-400x300.jpg 400w, https:\/\/wp.ufpel.edu.br\/ppgemat\/files\/2021\/06\/Cartaz-divulgacao-Face-768x576.jpg 768w, https:\/\/wp.ufpel.edu.br\/ppgemat\/files\/2021\/06\/Cartaz-divulgacao-Face.jpg 960w\" sizes=\"(max-width: 400px) 100vw, 400px\" \/><\/p>\n<p>&nbsp;<\/p>\n<p>&nbsp;<\/p>\n<p style=\"text-align: center\"><span style=\"font-size: 36pt\"><strong><span style=\"color: #000080\">&#8211; 2020 &#8211;<\/span>\u00a0<\/strong><\/span><\/p>\n<p><span style=\"font-size: 14pt;color: #000000\"><strong>Evento<\/strong>: <a style=\"color: #000000\" href=\"http:\/\/www.ufrgs.br\/escolasnormais\/seminario-1-nacional\">1\u00ba Semin\u00e1rio Nacional &#8211; Pr\u00e1ticas Escolares e Saberes Matem\u00e1ticos nas Escolas Normais<\/a><\/span><\/p>\n<p><span style=\"font-size: 14pt;color: #000000\"><strong>Data<\/strong>: 19 a 30 de outubro de 2020 (online)<\/span><\/p>\n<h1 class=\"corTexto\"><img class=\"alignnone size-medium wp-image-1941 aligncenter\" src=\"https:\/\/wp.ufpel.edu.br\/ppgemat\/files\/2020\/09\/cartaz-evento-out-2020-400x335.png\" alt=\"\" width=\"400\" height=\"335\" srcset=\"https:\/\/wp.ufpel.edu.br\/ppgemat\/files\/2020\/09\/cartaz-evento-out-2020-400x335.png 400w, https:\/\/wp.ufpel.edu.br\/ppgemat\/files\/2020\/09\/cartaz-evento-out-2020-768x644.png 768w, https:\/\/wp.ufpel.edu.br\/ppgemat\/files\/2020\/09\/cartaz-evento-out-2020.png 940w\" sizes=\"(max-width: 400px) 100vw, 400px\" \/><\/h1>\n<p>&nbsp;<\/p>\n<p>&nbsp;<\/p>\n<p><span style=\"font-size: 14pt;color: #000000\"><strong>Evento<\/strong>: <a style=\"color: #000000\" href=\"https:\/\/www.festivalvideomat.com\/link-iv-festival\">IV Festival de V\u00eddeos Digitais e Educa\u00e7\u00e3o Matem\u00e1tica<\/a><\/span><\/p>\n<p><span style=\"font-size: 14pt;color: #000000\"><strong>Data<\/strong>: 27 e 28 de agosto de 2020 (online)<\/span><\/p>\n<p><img class=\"alignnone wp-image-2040 aligncenter\" src=\"https:\/\/wp.ufpel.edu.br\/ppgemat\/files\/2020\/10\/2020-Festival-videos-282x400.jpg\" alt=\"\" width=\"400\" height=\"569\" \/><\/p>\n<p>&nbsp;<\/p>\n<hr \/>\n<p style=\"text-align: center\"><span style=\"font-size: 36pt\"><strong><span style=\"color: #000080\">&#8211; 2019 &#8211;<\/span>\u00a0<\/strong><\/span><\/p>\n<p><span style=\"font-size: 14pt;color: #000000\"><strong>Evento<\/strong>: <a style=\"color: #000000\" href=\"http:\/\/www.ufrgs.br\/escolasnormais\/seminario-2\/programacao\">2\u00ba Semin\u00e1rio &#8211; Pr\u00e1ticas Escolares e Saberes Matem\u00e1ticos nas Escolas Normais do Rio Grande do Sul<\/a><\/span><\/p>\n<p><span style=\"font-size: 14pt;color: #000000\"><strong>Data<\/strong>: 30 e 31 de maio de 2019<\/span><\/p>\n<p><img class=\" wp-image-2042 aligncenter\" src=\"https:\/\/wp.ufpel.edu.br\/ppgemat\/files\/2020\/10\/2019-Seminario-Escolas-Normais-286x400.jpg\" alt=\"\" width=\"403\" height=\"564\" srcset=\"https:\/\/wp.ufpel.edu.br\/ppgemat\/files\/2020\/10\/2019-Seminario-Escolas-Normais-286x400.jpg 286w, https:\/\/wp.ufpel.edu.br\/ppgemat\/files\/2020\/10\/2019-Seminario-Escolas-Normais.jpg 480w\" sizes=\"(max-width: 403px) 100vw, 403px\" \/><\/p>\n<p>&nbsp;<\/p>\n<hr \/>\n<p style=\"text-align: center\"><span style=\"font-size: 36pt;color: #000080\"><strong>&#8211; 2018 &#8211;<\/strong><\/span><\/p>\n<p><span style=\"color: #000000;font-size: 14pt\"><strong>Evento<\/strong>: II Semin\u00e1rio <em>A Reforma, O Curr\u00edculo e Os Professores que formamos<\/em>, organizado pelo <a href=\"https:\/\/wp.ufpel.edu.br\/gedeb\/\"><strong>GEDEB<\/strong> <\/a>(Grupo de estudos sobre doc\u00eancia e educa\u00e7\u00e3o b\u00e1sica: curr\u00edculo, pol\u00edticas e profissionaliza\u00e7\u00e3o docente), com apoio do PPGEMAT.\u00a0<\/span><\/p>\n<p><span style=\"color: #000000;font-size: 14pt\"><strong>Data<\/strong>: 19 de novembro de 2018<\/span><\/p>\n<p><img class=\"size-full wp-image-2205 aligncenter\" src=\"https:\/\/wp.ufpel.edu.br\/ppgemat\/files\/2020\/12\/II-seminario-SITE-2018.jpg\" alt=\"\" width=\"283\" height=\"400\" \/><\/p>\n<p>&nbsp;<\/p>\n<p>&nbsp;<\/p>\n<p><span style=\"color: #000000;font-size: 14pt\"><strong>Evento<\/strong>: <a style=\"color: #000000\" href=\"https:\/\/wp.ufpel.edu.br\/fae\/files\/2018\/08\/Circular-I-Encontro-de-Estudos-Surdos-da-UFPEL1.pdf\">I Encontro de Estudos Surdos da UFPEL<\/a><\/span><\/p>\n<p><span style=\"color: #000000;font-size: 14pt\"><strong>Data<\/strong>: 13 a 15 de setembro de 2018<\/span><\/p>\n<p><img class=\"alignnone wp-image-2058 aligncenter\" src=\"https:\/\/wp.ufpel.edu.br\/ppgemat\/files\/2020\/10\/2018-Encontro-Estudos-Surdos-400x240.jpg\" alt=\"\" width=\"549\" height=\"329\" srcset=\"https:\/\/wp.ufpel.edu.br\/ppgemat\/files\/2020\/10\/2018-Encontro-Estudos-Surdos-400x240.jpg 400w, https:\/\/wp.ufpel.edu.br\/ppgemat\/files\/2020\/10\/2018-Encontro-Estudos-Surdos-768x461.jpg 768w, https:\/\/wp.ufpel.edu.br\/ppgemat\/files\/2020\/10\/2018-Encontro-Estudos-Surdos.jpg 925w\" sizes=\"(max-width: 549px) 100vw, 549px\" \/><\/p>\n<p>&nbsp;<\/p>\n<p>&nbsp;<\/p>\n<p><span style=\"font-size: 14pt;color: #000000\"><strong>Evento<\/strong>: <a href=\"http:\/\/ccs2.ufpel.edu.br\/wp\/2018\/06\/08\/boaventura-inaugura-centro-de-pesquisas-voltado-para-humanidades\/\">Inaugura\u00e7\u00e3o do Centro de P\u00f3s-Gradua\u00e7\u00e3o e Pesquisas em Ci\u00eancias Humanas, Sociais, Sociais Aplicadas, Artes e Letras<\/a> (CEHUS). O novo pr\u00e9dio reunir\u00e1 instala\u00e7\u00f5es de 13 programas de p\u00f3s-gradua\u00e7\u00e3o ligados \u00e0 \u00e1rea de Humanidades: Antropologia, Arquitetura e Urbanismo, Artes Visuais, Ci\u00eancia Pol\u00edtica, Educa\u00e7\u00e3o, <strong>Educa\u00e7\u00e3o Matem\u00e1tica<\/strong>, Ensino de Ci\u00eancias e Matem\u00e1tica, Filosofia, Geografia, Hist\u00f3ria, Letras, Mem\u00f3ria Social e Patrim\u00f4nio Cultural e Sociologia.<\/span><\/p>\n<p><span style=\"font-size: 14pt;color: #000000\"><strong>Data<\/strong>: 04 de junho de 2018<\/span><\/p>\n<p><img class=\"alignnone size-full wp-image-2207 aligncenter\" src=\"https:\/\/wp.ufpel.edu.br\/ppgemat\/files\/2020\/12\/cehus1.jpg\" alt=\"\" width=\"400\" height=\"265\" \/> <img class=\"alignnone size-medium wp-image-2208 aligncenter\" src=\"https:\/\/wp.ufpel.edu.br\/ppgemat\/files\/2020\/12\/cehus2.jpg\" alt=\"\" width=\"400\" height=\"265\" \/><\/p>\n<p>&nbsp;<\/p>\n<p>&nbsp;<\/p>\n<p><span style=\"font-size: 14pt;color: #000000\"><strong>Evento<\/strong>: <a style=\"color: #000000\" href=\"https:\/\/www.ufrgs.br\/ime\/1o-seminario-praticas-e-saberes-matematicos-nas-escolas-normais-do-rio-grande-do-sul-ocorrrera-de-24-e-25-de-maio\/\">1\u00ba Semin\u00e1rio &#8211; Pr\u00e1ticas Escolares e Saberes Matem\u00e1ticos nas Escolas Normais do Rio Grande do Sul<\/a><\/span><\/p>\n<p><span style=\"font-size: 14pt;color: #000000\"><strong>Data<\/strong>: 24 e 25 de maio de 2018<\/span><\/p>\n<p><img class=\"alignnone wp-image-2047 aligncenter\" src=\"https:\/\/wp.ufpel.edu.br\/ppgemat\/files\/2020\/10\/2018-Seminario-Escolas-Normais.jpg\" alt=\"\" width=\"360\" height=\"506\" \/><\/p>\n<p>&nbsp;<\/p>\n<p>&nbsp;<\/p>\n<p><span style=\"font-size: 14pt;color: #000000\"><strong>Palestra<\/strong>: Tecnologia Assistiva, Surdez e Surdocegueira: possibilidades no cen\u00e1rio atual<\/span><\/p>\n<p><span style=\"font-size: 14pt;color: #000000\"><strong>Data<\/strong>: 16 de mar\u00e7o de 2018<\/span><\/p>\n<p><img class=\"alignnone wp-image-2035 aligncenter\" src=\"https:\/\/wp.ufpel.edu.br\/ppgemat\/files\/2020\/10\/2017-Palestra-Shirley-270x400.jpg\" alt=\"\" width=\"429\" height=\"636\" srcset=\"https:\/\/wp.ufpel.edu.br\/ppgemat\/files\/2020\/10\/2017-Palestra-Shirley-270x400.jpg 270w, https:\/\/wp.ufpel.edu.br\/ppgemat\/files\/2020\/10\/2017-Palestra-Shirley.jpg 367w\" sizes=\"(max-width: 429px) 100vw, 429px\" \/><\/p>\n<p>&nbsp;<\/p>\n<hr \/>\n<p style=\"text-align: center\"><span style=\"font-size: 36pt;color: #000080\"><strong>&#8211; 2017 &#8211;<\/strong><\/span><\/p>\n<p><span style=\"color: #000000;font-size: 14pt\"><strong>Evento<\/strong>: Debate: <em>An\u00e1lise do Discurso em Educa\u00e7\u00e3o<\/em>, organizado pelo <a href=\"https:\/\/wp.ufpel.edu.br\/gedeb\/\"><strong>GEDEB<\/strong> <\/a>(Grupo de estudos sobre doc\u00eancia e educa\u00e7\u00e3o b\u00e1sica: curr\u00edculo, pol\u00edticas e profissionaliza\u00e7\u00e3o docente), com apoio do PPGEMAT.\u00a0<\/span><\/p>\n<p><span style=\"color: #000000;font-size: 14pt\"><strong>Data<\/strong>: 11 de dezembro de 2017<\/span><\/p>\n<p><img class=\"size-full wp-image-2206 aligncenter\" src=\"https:\/\/wp.ufpel.edu.br\/ppgemat\/files\/2020\/12\/debate-2017.png\" alt=\"\" width=\"297\" height=\"400\" \/><\/p>\n<p>&nbsp;<\/p>\n<p>&nbsp;<\/p>\n<p style=\"text-align: left\"><span style=\"font-size: 14pt;color: #000000\"><strong>Evento<\/strong>: <a href=\"https:\/\/wp.ufpel.edu.br\/xxiebrapem\/\">XXI EBRAPEM &#8211; Encontro Brasileiro de Estudantes de P\u00f3s-Gradua\u00e7\u00e3o em Educa\u00e7\u00e3o Matem\u00e1tica<\/a><\/span><\/p>\n<p><span style=\"font-size: 14pt;color: #000000\"><strong>Data<\/strong>: 02 a 04 de novembro de 2017<\/span><\/p>\n<p><img class=\" wp-image-828 aligncenter\" src=\"https:\/\/wp.ufpel.edu.br\/ppgemat\/files\/2017\/09\/ebrapem-283x400.png\" alt=\"\" width=\"429\" height=\"606\" srcset=\"https:\/\/wp.ufpel.edu.br\/ppgemat\/files\/2017\/09\/ebrapem-283x400.png 283w, https:\/\/wp.ufpel.edu.br\/ppgemat\/files\/2017\/09\/ebrapem.png 420w\" sizes=\"(max-width: 429px) 100vw, 429px\" \/><\/p>\n<p>&nbsp;<\/p>\n<p>&nbsp;<\/p>\n<p style=\"text-align: left\"><span style=\"font-size: 14pt;color: #000000\"><strong>Evento<\/strong>: <a style=\"color: #000000\" href=\"https:\/\/videoestudantil.com.br\/\">2\u00ba Congresso Brasileiro de Produ\u00e7\u00e3o de V\u00eddeo Estudantil<\/a><\/span><\/p>\n<p><span style=\"font-size: 14pt;color: #000000\"><strong>Data<\/strong>: 16 a 18 de novembro de 2017<\/span><\/p>\n<p><img class=\" wp-image-2055 aligncenter\" src=\"https:\/\/wp.ufpel.edu.br\/ppgemat\/files\/2020\/10\/2017-II-CBPVE-318x400.jpg\" alt=\"\" width=\"400\" height=\"502\" \/><\/p>\n<p>&nbsp;<\/p>\n<hr \/>\n<p style=\"text-align: center\"><span style=\"font-size: 36pt;color: #000080\"><strong>&#8211; 2016 &#8211;<\/strong><\/span><\/p>\n<p style=\"text-align: left\"><span style=\"font-size: 14pt;color: #000000\"><strong>Evento<\/strong>: <a style=\"color: #000000\" href=\"https:\/\/videoestudantil.com.br\/\">1\u00ba Congresso Brasileiro de Produ\u00e7\u00e3o de V\u00eddeo Estudantil<\/a><\/span><\/p>\n<p><span style=\"font-size: 14pt;color: #000000\"><strong>Data<\/strong>: 16 e 17 de novembro de 2016<\/span><\/p>\n<p><img class=\"wp-image-2052 aligncenter\" src=\"https:\/\/wp.ufpel.edu.br\/ppgemat\/files\/2020\/10\/2016-CBPVE.jpg\" alt=\"\" width=\"612\" height=\"343\" \/><\/p>\n<p>&nbsp;<\/p>\n<p>&nbsp;<\/p>\n","protected":false},"excerpt":{"rendered":"<p>Eventos organizados ou com o apoio do PPGEMAT &nbsp; &#8211; 2021 &#8211;\u00a0 Evento: XV Encontro Ga\u00facho de Educa\u00e7\u00e3o Matem\u00e1tica &#8211; EGEM Data: 21 a 23 de julho de 2021 (online) &nbsp; &nbsp; &#8211; 2020 &#8211;\u00a0 Evento: 1\u00ba Semin\u00e1rio Nacional &#8211; Pr\u00e1ticas Escolares e Saberes Matem\u00e1ticos nas Escolas Normais Data: 19 a 30 de outubro de [&hellip;]<\/p>\n","protected":false},"author":617,"featured_media":0,"parent":0,"menu_order":0,"comment_status":"closed","ping_status":"closed","template":"","meta":{"footnotes":""},"class_list":["post-2032","page","type-page","status-publish","hentry"],"_links":{"self":[{"href":"https:\/\/wp.ufpel.edu.br\/ppgemat\/wp-json\/wp\/v2\/pages\/2032","targetHints":{"allow":["GET"]}}],"collection":[{"href":"https:\/\/wp.ufpel.edu.br\/ppgemat\/wp-json\/wp\/v2\/pages"}],"about":[{"href":"https:\/\/wp.ufpel.edu.br\/ppgemat\/wp-json\/wp\/v2\/types\/page"}],"author":[{"embeddable":true,"href":"https:\/\/wp.ufpel.edu.br\/ppgemat\/wp-json\/wp\/v2\/users\/617"}],"replies":[{"embeddable":true,"href":"https:\/\/wp.ufpel.edu.br\/ppgemat\/wp-json\/wp\/v2\/comments?post=2032"}],"version-history":[{"count":21,"href":"https:\/\/wp.ufpel.edu.br\/ppgemat\/wp-json\/wp\/v2\/pages\/2032\/revisions"}],"predecessor-version":[{"id":2347,"href":"https:\/\/wp.ufpel.edu.br\/ppgemat\/wp-json\/wp\/v2\/pages\/2032\/revisions\/2347"}],"wp:attachment":[{"href":"https:\/\/wp.ufpel.edu.br\/ppgemat\/wp-json\/wp\/v2\/media?parent=2032"}],"curies":[{"name":"wp","href":"https:\/\/api.w.org\/{rel}","templated":true}]}}