{"id":1867,"date":"2020-08-26T10:03:34","date_gmt":"2020-08-26T13:03:34","guid":{"rendered":"https:\/\/wp.ufpel.edu.br\/ppgemat\/?page_id=1867"},"modified":"2021-06-22T08:03:11","modified_gmt":"2021-06-22T11:03:11","slug":"selecao-2016","status":"publish","type":"page","link":"https:\/\/wp.ufpel.edu.br\/ppgemat\/selecao-2016\/","title":{"rendered":"Sele\u00e7\u00e3o 2016"},"content":{"rendered":"<p><span style=\"font-size: 14pt;color: #000000\"><strong>PRIMEIRA SELE\u00c7\u00c3O PARA ALUNO REGULAR<\/strong><\/span><br \/>\n<span style=\"color: #000000\">PROGRAMA DE P\u00d3S-GRADUA\u00c7\u00c3O EM EDUCA\u00c7\u00c3O MATEM\u00c1TICA \u2013\u00a0<span style=\"font-size: 18pt\"><strong>2016\/2<\/strong><\/span><\/span><\/p>\n<p><span style=\"color: #000000\"><a style=\"color: #000000\" href=\"https:\/\/wp.ufpel.edu.br\/ppgemat\/files\/2020\/08\/edital_selecao_036_2016.pdf\">Edital ingresso 2016\/2<\/a><\/span><\/p>\n<p><span style=\"color: #000000\"><a style=\"color: #000000\" href=\"https:\/\/wp.ufpel.edu.br\/ppgemat\/files\/2020\/08\/edital_retificacao_04_2016.pdf\">Retifica\u00e7\u00e3o do Edital ingresso 2016\/2<\/a><\/span><\/p>\n<p><span style=\"color: #000000\"><a style=\"color: #000000\" href=\"https:\/\/wp.ufpel.edu.br\/ppgemat\/files\/2020\/08\/form_inscricao-2016.docx\">Formul\u00e1rio de inscri\u00e7\u00e3o 2016\/2<\/a><\/span><\/p>\n<p><span style=\"color: #000000\"><a style=\"color: #000000\" href=\"https:\/\/wp.ufpel.edu.br\/ppgemat\/files\/2020\/08\/modelo_anteprojeto.pdf\">Modelo anteprojeto<\/a><\/span><\/p>\n<p><span style=\"color: #000000\"><a style=\"color: #000000\" href=\"https:\/\/wp.ufpel.edu.br\/ppgemat\/files\/2020\/08\/Inscricoes_homologadas-2016.pdf\">Lista de Inscri\u00e7\u00f5es Homologadas &#8211; 2016\/2<\/a><\/span><\/p>\n<p><span style=\"color: #000000\"><a style=\"color: #000000\" href=\"https:\/\/wp.ufpel.edu.br\/ppgemat\/files\/2020\/08\/aprovados_prova_escrita-2016.pdf\">Lista de APROVADOS na Prova Escrita &#8211; 2016\/2<\/a><\/span><\/p>\n<p><span style=\"color: #000000\"><a style=\"color: #000000\" href=\"https:\/\/wp.ufpel.edu.br\/ppgemat\/files\/2020\/08\/entrevistas_cronograma-2016.pdf\">Cronograma das Entrevistas &#8211; 2016\/2<\/a><\/span><\/p>\n<p><span style=\"color: #000000\"><a style=\"color: #000000\" href=\"https:\/\/wp.ufpel.edu.br\/ppgemat\/files\/2020\/08\/aprovados-2016.pdf\">Lista de APROVADOS no Processo Seletivo &#8211; 2016\/2<\/a><\/span><\/p>\n<p>&nbsp;<\/p>\n","protected":false},"excerpt":{"rendered":"<p>PRIMEIRA SELE\u00c7\u00c3O PARA ALUNO REGULAR PROGRAMA DE P\u00d3S-GRADUA\u00c7\u00c3O EM EDUCA\u00c7\u00c3O MATEM\u00c1TICA \u2013\u00a02016\/2 Edital ingresso 2016\/2 Retifica\u00e7\u00e3o do Edital ingresso 2016\/2 Formul\u00e1rio de inscri\u00e7\u00e3o 2016\/2 Modelo anteprojeto Lista de Inscri\u00e7\u00f5es Homologadas &#8211; 2016\/2 Lista de APROVADOS na Prova Escrita &#8211; 2016\/2 Cronograma das Entrevistas &#8211; 2016\/2 Lista de APROVADOS no Processo Seletivo &#8211; 2016\/2 &nbsp;<\/p>\n","protected":false},"author":617,"featured_media":0,"parent":0,"menu_order":0,"comment_status":"closed","ping_status":"closed","template":"","meta":{"footnotes":""},"class_list":["post-1867","page","type-page","status-publish","hentry"],"_links":{"self":[{"href":"https:\/\/wp.ufpel.edu.br\/ppgemat\/wp-json\/wp\/v2\/pages\/1867","targetHints":{"allow":["GET"]}}],"collection":[{"href":"https:\/\/wp.ufpel.edu.br\/ppgemat\/wp-json\/wp\/v2\/pages"}],"about":[{"href":"https:\/\/wp.ufpel.edu.br\/ppgemat\/wp-json\/wp\/v2\/types\/page"}],"author":[{"embeddable":true,"href":"https:\/\/wp.ufpel.edu.br\/ppgemat\/wp-json\/wp\/v2\/users\/617"}],"replies":[{"embeddable":true,"href":"https:\/\/wp.ufpel.edu.br\/ppgemat\/wp-json\/wp\/v2\/comments?post=1867"}],"version-history":[{"count":6,"href":"https:\/\/wp.ufpel.edu.br\/ppgemat\/wp-json\/wp\/v2\/pages\/1867\/revisions"}],"predecessor-version":[{"id":2352,"href":"https:\/\/wp.ufpel.edu.br\/ppgemat\/wp-json\/wp\/v2\/pages\/1867\/revisions\/2352"}],"wp:attachment":[{"href":"https:\/\/wp.ufpel.edu.br\/ppgemat\/wp-json\/wp\/v2\/media?parent=1867"}],"curies":[{"name":"wp","href":"https:\/\/api.w.org\/{rel}","templated":true}]}}