{"id":1864,"date":"2020-08-26T10:03:16","date_gmt":"2020-08-26T13:03:16","guid":{"rendered":"https:\/\/wp.ufpel.edu.br\/ppgemat\/?page_id=1864"},"modified":"2021-06-22T08:04:01","modified_gmt":"2021-06-22T11:04:01","slug":"selecao-2017","status":"publish","type":"page","link":"https:\/\/wp.ufpel.edu.br\/ppgemat\/selecao-2017\/","title":{"rendered":"Sele\u00e7\u00e3o 2017"},"content":{"rendered":"<p><span style=\"color: #000000\">SELE\u00c7\u00c3O PARA ALUNO REGULAR<\/span><br \/>\n<span style=\"color: #000000\">PROGRAMA DE P\u00d3S-GRADUA\u00c7\u00c3O EM EDUCA\u00c7\u00c3O MATEM\u00c1TICA \u2013\u00a0<span style=\"font-size: 18pt\"><strong>2017\/1<\/strong>.<\/span><\/span><\/p>\n<p><span style=\"color: #000000\"><a style=\"color: #000000\" href=\"https:\/\/wp.ufpel.edu.br\/ppgemat\/files\/2020\/08\/edital_083_2016-regular-2017.pdf\">Edital ingresso 2017\/1<\/a><\/span><\/p>\n<p><span style=\"color: #000000\"><a style=\"color: #000000\" href=\"https:\/\/wp.ufpel.edu.br\/ppgemat\/files\/2020\/08\/ficha_inscricao_20171.pdf\">Formul\u00e1rio de inscri\u00e7\u00e3o 2017\/1<\/a><\/span><\/p>\n<p><span style=\"color: #000000\"><a style=\"color: #000000\" href=\"https:\/\/wp.ufpel.edu.br\/ppgemat\/files\/2020\/08\/modelo_projeto-2017.pdf\">Modelo anteprojeto<\/a><\/span><\/p>\n<p><span style=\"color: #000000\"><a style=\"color: #000000\" href=\"https:\/\/wp.ufpel.edu.br\/ppgemat\/files\/2020\/08\/inscricoes_homologadas-2017.pdf\">Lista de Inscri\u00e7\u00f5es Homologadas &#8211; 2017\/1<\/a><\/span><\/p>\n<p><span style=\"color: #000000\"><a style=\"color: #000000\" href=\"https:\/\/wp.ufpel.edu.br\/ppgemat\/files\/2020\/08\/aprovados-prova-escrita-2017.pdf\">Lista de APROVADOS na Prova Escrita &#8211; 2017\/1<\/a><\/span><\/p>\n<p><span style=\"color: #000000\"><a style=\"color: #000000\" href=\"https:\/\/wp.ufpel.edu.br\/ppgemat\/files\/2020\/08\/entrevistas_cronograma-2017.pdf\">Cronograma das Entrevistas &#8211; 2017\/1<\/a><\/span><\/p>\n<p><span style=\"color: #000000\"><a style=\"color: #000000\" href=\"https:\/\/wp.ufpel.edu.br\/ppgemat\/files\/2020\/08\/aprovados-2017.pdf\">Lista de APROVADOS no Processo Seletivo &#8211; 2017\/1<\/a><\/span><\/p>\n","protected":false},"excerpt":{"rendered":"<p>SELE\u00c7\u00c3O PARA ALUNO REGULAR PROGRAMA DE P\u00d3S-GRADUA\u00c7\u00c3O EM EDUCA\u00c7\u00c3O MATEM\u00c1TICA \u2013\u00a02017\/1. Edital ingresso 2017\/1 Formul\u00e1rio de inscri\u00e7\u00e3o 2017\/1 Modelo anteprojeto Lista de Inscri\u00e7\u00f5es Homologadas &#8211; 2017\/1 Lista de APROVADOS na Prova Escrita &#8211; 2017\/1 Cronograma das Entrevistas &#8211; 2017\/1 Lista de APROVADOS no Processo Seletivo &#8211; 2017\/1<\/p>\n","protected":false},"author":617,"featured_media":0,"parent":0,"menu_order":0,"comment_status":"closed","ping_status":"closed","template":"","meta":{"footnotes":""},"class_list":["post-1864","page","type-page","status-publish","hentry"],"_links":{"self":[{"href":"https:\/\/wp.ufpel.edu.br\/ppgemat\/wp-json\/wp\/v2\/pages\/1864","targetHints":{"allow":["GET"]}}],"collection":[{"href":"https:\/\/wp.ufpel.edu.br\/ppgemat\/wp-json\/wp\/v2\/pages"}],"about":[{"href":"https:\/\/wp.ufpel.edu.br\/ppgemat\/wp-json\/wp\/v2\/types\/page"}],"author":[{"embeddable":true,"href":"https:\/\/wp.ufpel.edu.br\/ppgemat\/wp-json\/wp\/v2\/users\/617"}],"replies":[{"embeddable":true,"href":"https:\/\/wp.ufpel.edu.br\/ppgemat\/wp-json\/wp\/v2\/comments?post=1864"}],"version-history":[{"count":4,"href":"https:\/\/wp.ufpel.edu.br\/ppgemat\/wp-json\/wp\/v2\/pages\/1864\/revisions"}],"predecessor-version":[{"id":2354,"href":"https:\/\/wp.ufpel.edu.br\/ppgemat\/wp-json\/wp\/v2\/pages\/1864\/revisions\/2354"}],"wp:attachment":[{"href":"https:\/\/wp.ufpel.edu.br\/ppgemat\/wp-json\/wp\/v2\/media?parent=1864"}],"curies":[{"name":"wp","href":"https:\/\/api.w.org\/{rel}","templated":true}]}}