{"id":1848,"date":"2020-08-26T10:02:57","date_gmt":"2020-08-26T13:02:57","guid":{"rendered":"https:\/\/wp.ufpel.edu.br\/ppgemat\/?page_id=1848"},"modified":"2021-06-22T08:03:38","modified_gmt":"2021-06-22T11:03:38","slug":"selecao-2018","status":"publish","type":"page","link":"https:\/\/wp.ufpel.edu.br\/ppgemat\/selecao-2018\/","title":{"rendered":"Sele\u00e7\u00e3o 2018"},"content":{"rendered":"<p><span style=\"color: #000000\">SELE\u00c7\u00c3O PARA ALUNO REGULAR<\/span><br \/>\n<span style=\"color: #000000\">PROGRAMA DE P\u00d3S-GRADUA\u00c7\u00c3O EM EDUCA\u00c7\u00c3O MATEM\u00c1TICA \u2013\u00a0<span style=\"font-size: 18pt\"><strong>2018\/1<\/strong>.<\/span><\/span><\/p>\n<p><span style=\"color: #000000\"><a style=\"color: #000000\" href=\"https:\/\/wp.ufpel.edu.br\/ppgemat\/files\/2020\/08\/PS_2018_1___edital_108_2017.pdf\">Edital ingresso 2018\/1<\/a><\/span><\/p>\n<p><span style=\"color: #000000\"><a style=\"color: #000000\" href=\"https:\/\/wp.ufpel.edu.br\/ppgemat\/files\/2020\/08\/PS_2018_1___anexo_ao_edital.pdf\">Anexo ao edital ingresso 2018\/1<\/a><\/span><\/p>\n<p><span style=\"color: #000000\"><a style=\"color: #000000\" href=\"https:\/\/wp.ufpel.edu.br\/ppgemat\/files\/2020\/08\/PS_2018_1___formulario_inscricao.pdf\">Formul\u00e1rio de inscri\u00e7\u00e3o 2018\/1<\/a><\/span><\/p>\n<p><span style=\"color: #000000\"><a style=\"color: #000000\" href=\"https:\/\/wp.ufpel.edu.br\/ppgemat\/files\/2020\/08\/PS_2018_1___modelo_anteprojeto.pdf\">Modelo anteprojeto<\/a><\/span><\/p>\n<p><span style=\"color: #000000\"><a style=\"color: #000000\" href=\"https:\/\/wp.ufpel.edu.br\/ppgemat\/files\/2020\/08\/PS_2018_1___inscricoes_homologadas.pdf\">Lista de Inscri\u00e7\u00f5es Homologadas &#8211; 2018\/1<\/a><\/span><\/p>\n<p><span style=\"color: #000000\"><a style=\"color: #000000\" href=\"https:\/\/wp.ufpel.edu.br\/ppgemat\/files\/2020\/08\/PS_2018_1___inscricoes_homologadas_apos_recursos.pdf\">Lista de Inscri\u00e7\u00f5es Homologadas ap\u00f3s recursos &#8211; 2018\/1<\/a><\/span><\/p>\n<p><span style=\"color: #000000\"><a style=\"color: #000000\" href=\"https:\/\/wp.ufpel.edu.br\/ppgemat\/files\/2020\/08\/PS_2018_1___aprovados_prova_escrita.pdf\">Lista de APROVADOS na Prova Escrita &#8211; 2018\/1<\/a><\/span><\/p>\n<p><span style=\"color: #000000\"><a style=\"color: #000000\" href=\"https:\/\/wp.ufpel.edu.br\/ppgemat\/files\/2020\/08\/PS_2018_1___cronograma_entrevistas.pdf\">Cronograma das Entrevistas &#8211; 2018\/1<\/a><\/span><\/p>\n<p><span style=\"color: #000000\"><a style=\"color: #000000\" href=\"https:\/\/wp.ufpel.edu.br\/ppgemat\/files\/2020\/08\/PS_2018_1___Lista_selecionados.pdf\">Lista de APROVADOS no Processo Seletivo &#8211; 2018\/1<\/a><\/span><\/p>\n","protected":false},"excerpt":{"rendered":"<p>SELE\u00c7\u00c3O PARA ALUNO REGULAR PROGRAMA DE P\u00d3S-GRADUA\u00c7\u00c3O EM EDUCA\u00c7\u00c3O MATEM\u00c1TICA \u2013\u00a02018\/1. Edital ingresso 2018\/1 Anexo ao edital ingresso 2018\/1 Formul\u00e1rio de inscri\u00e7\u00e3o 2018\/1 Modelo anteprojeto Lista de Inscri\u00e7\u00f5es Homologadas &#8211; 2018\/1 Lista de Inscri\u00e7\u00f5es Homologadas ap\u00f3s recursos &#8211; 2018\/1 Lista de APROVADOS na Prova Escrita &#8211; 2018\/1 Cronograma das Entrevistas &#8211; 2018\/1 Lista de APROVADOS [&hellip;]<\/p>\n","protected":false},"author":617,"featured_media":0,"parent":0,"menu_order":0,"comment_status":"closed","ping_status":"closed","template":"","meta":{"footnotes":""},"class_list":["post-1848","page","type-page","status-publish","hentry"],"_links":{"self":[{"href":"https:\/\/wp.ufpel.edu.br\/ppgemat\/wp-json\/wp\/v2\/pages\/1848","targetHints":{"allow":["GET"]}}],"collection":[{"href":"https:\/\/wp.ufpel.edu.br\/ppgemat\/wp-json\/wp\/v2\/pages"}],"about":[{"href":"https:\/\/wp.ufpel.edu.br\/ppgemat\/wp-json\/wp\/v2\/types\/page"}],"author":[{"embeddable":true,"href":"https:\/\/wp.ufpel.edu.br\/ppgemat\/wp-json\/wp\/v2\/users\/617"}],"replies":[{"embeddable":true,"href":"https:\/\/wp.ufpel.edu.br\/ppgemat\/wp-json\/wp\/v2\/comments?post=1848"}],"version-history":[{"count":6,"href":"https:\/\/wp.ufpel.edu.br\/ppgemat\/wp-json\/wp\/v2\/pages\/1848\/revisions"}],"predecessor-version":[{"id":2353,"href":"https:\/\/wp.ufpel.edu.br\/ppgemat\/wp-json\/wp\/v2\/pages\/1848\/revisions\/2353"}],"wp:attachment":[{"href":"https:\/\/wp.ufpel.edu.br\/ppgemat\/wp-json\/wp\/v2\/media?parent=1848"}],"curies":[{"name":"wp","href":"https:\/\/api.w.org\/{rel}","templated":true}]}}