{"id":1820,"date":"2020-08-26T09:07:04","date_gmt":"2020-08-26T12:07:04","guid":{"rendered":"https:\/\/wp.ufpel.edu.br\/ppgemat\/?page_id=1820"},"modified":"2021-06-22T08:05:07","modified_gmt":"2021-06-22T11:05:07","slug":"selecao-2021","status":"publish","type":"page","link":"https:\/\/wp.ufpel.edu.br\/ppgemat\/selecao-2021\/","title":{"rendered":"Sele\u00e7\u00e3o 2021"},"content":{"rendered":"<p><span style=\"font-size: 14pt;color: #000000\">SELE\u00c7\u00c3O PARA ALUNO REGULAR<\/span><br \/>\n<span style=\"font-size: 14pt;color: #000000\">PROGRAMA DE P\u00d3S-GRADUA\u00c7\u00c3O EM EDUCA\u00c7\u00c3O MATEM\u00c1TICA \u2013\u00a0<strong>2021\/1<\/strong>.<\/span><\/p>\n<p>&nbsp;<\/p>\n<p><span style=\"color: #000000\"><a style=\"color: #000000\" href=\"https:\/\/wp.ufpel.edu.br\/ppgemat\/files\/2020\/09\/SEI_UFPel-1053372-Edital-de-selecao-PRPPGI-PPGEMAT-2021-1-AlunoRegular.pdf\">Edital de Ingresso 2021\/1<\/a><\/span><\/p>\n<p><span style=\"color: #000000\"><a style=\"color: #000000\" href=\"https:\/\/wp.ufpel.edu.br\/ppgemat\/files\/2020\/09\/2021-1-Avaliacao-Curriculo-ANEXO-I.pdf\">Anexo I do Edital de Ingresso 2021\/1<\/a><\/span><\/p>\n<p><span style=\"color: #000000\"><a style=\"color: #000000\" href=\"https:\/\/wp.ufpel.edu.br\/ppgemat\/files\/2020\/09\/2021-1-formulario-inscricao.docx\">Formul\u00e1rio inscri\u00e7\u00e3o 2021\/1<\/a><\/span><\/p>\n<p><span style=\"color: #000000\"><a style=\"color: #000000\" href=\"https:\/\/wp.ufpel.edu.br\/ppgemat\/files\/2020\/09\/2021-1-modelo-Anteprojeto.docx\">Modelo de Anteprojeto 2021\/1<\/a><\/span><\/p>\n<p><span style=\"color: #000000\"><a style=\"color: #000000\" href=\"https:\/\/wp.ufpel.edu.br\/ppgemat\/files\/2020\/09\/2021-1-modelo-Memorial-Reflexivo.docx\">Modelo de Memorial Reflexivo 2021\/1<\/a><\/span><\/p>\n<p><span style=\"color: #000000\"><a style=\"color: #000000\" href=\"https:\/\/wp.ufpel.edu.br\/ppgemat\/files\/2020\/09\/2021-1-modelo-declaracao-etnia.docx\">Declara\u00e7\u00e3o de Etnia 2021\/1<\/a><\/span><\/p>\n<p><span style=\"color: #000000\"><a style=\"color: #000000\" href=\"https:\/\/wp.ufpel.edu.br\/ppgemat\/files\/2020\/11\/2021-Lista-Inscricoes-HOMOLOGADAS.pdf\">Lista de Inscri\u00e7\u00f5es Homologadas &#8211; 2021\/1<\/a><\/span><\/p>\n<p><span style=\"color: #000000\"><a style=\"color: #000000\" href=\"https:\/\/wp.ufpel.edu.br\/ppgemat\/files\/2020\/11\/2021-Lista-Inscricoes-HOMOLOGADAS-pos-recurso.pdf\">Lista de Inscri\u00e7\u00f5es Homologadas &#8211; p\u00f3s recurso<\/a><\/span><\/p>\n<p><span style=\"color: #000000\"><a style=\"color: #000000\" href=\"https:\/\/wp.ufpel.edu.br\/ppgemat\/files\/2020\/12\/2021-Lista-Aprovados-ETAPA-1-FINAL-Corrigida.pdf\">Lista Aprovados ETAPA 1 &#8211; 2021\/1 &#8211; retificada em 03\/dez<\/a><\/span><\/p>\n<p><span style=\"color: #000000\"><a style=\"color: #000000\" href=\"https:\/\/wp.ufpel.edu.br\/ppgemat\/files\/2020\/12\/2021-Lista-Aprovados-ETAPA-2-FINAL.pdf\">Lista Aprovados ETAPA 2 &#8211; 2021\/1<\/a><\/span><\/p>\n<p><span style=\"color: #000000\"><a style=\"color: #000000\" href=\"https:\/\/wp.ufpel.edu.br\/ppgemat\/files\/2020\/12\/2021-Lista-Aprovados-ETAPA-3-FINAL.pdf\">Lista Aprovados ETAPA 3 &#8211; 2021\/1<\/a><\/span><\/p>\n<p><span style=\"color: #000000\"><a style=\"color: #000000\" href=\"https:\/\/wp.ufpel.edu.br\/ppgemat\/files\/2020\/12\/2021-Lista-Aprovados-FINAL-com-ORI.pdf\">Lista Aprovados &#8211; Resultado FINAL com Prof. Orientador &#8211; 2021\/1<\/a><\/span><\/p>\n<p>&nbsp;<\/p>\n<p>&nbsp;<\/p>\n<p>&nbsp;<\/p>\n<p>&nbsp;<\/p>\n<p>&nbsp;<\/p>\n<p>&nbsp;<\/p>\n","protected":false},"excerpt":{"rendered":"<p>SELE\u00c7\u00c3O PARA ALUNO REGULAR PROGRAMA DE P\u00d3S-GRADUA\u00c7\u00c3O EM EDUCA\u00c7\u00c3O MATEM\u00c1TICA \u2013\u00a02021\/1. &nbsp; Edital de Ingresso 2021\/1 Anexo I do Edital de Ingresso 2021\/1 Formul\u00e1rio inscri\u00e7\u00e3o 2021\/1 Modelo de Anteprojeto 2021\/1 Modelo de Memorial Reflexivo 2021\/1 Declara\u00e7\u00e3o de Etnia 2021\/1 Lista de Inscri\u00e7\u00f5es Homologadas &#8211; 2021\/1 Lista de Inscri\u00e7\u00f5es Homologadas &#8211; p\u00f3s recurso Lista Aprovados ETAPA [&hellip;]<\/p>\n","protected":false},"author":617,"featured_media":0,"parent":0,"menu_order":0,"comment_status":"closed","ping_status":"closed","template":"","meta":{"footnotes":""},"class_list":["post-1820","page","type-page","status-publish","hentry"],"_links":{"self":[{"href":"https:\/\/wp.ufpel.edu.br\/ppgemat\/wp-json\/wp\/v2\/pages\/1820","targetHints":{"allow":["GET"]}}],"collection":[{"href":"https:\/\/wp.ufpel.edu.br\/ppgemat\/wp-json\/wp\/v2\/pages"}],"about":[{"href":"https:\/\/wp.ufpel.edu.br\/ppgemat\/wp-json\/wp\/v2\/types\/page"}],"author":[{"embeddable":true,"href":"https:\/\/wp.ufpel.edu.br\/ppgemat\/wp-json\/wp\/v2\/users\/617"}],"replies":[{"embeddable":true,"href":"https:\/\/wp.ufpel.edu.br\/ppgemat\/wp-json\/wp\/v2\/comments?post=1820"}],"version-history":[{"count":11,"href":"https:\/\/wp.ufpel.edu.br\/ppgemat\/wp-json\/wp\/v2\/pages\/1820\/revisions"}],"predecessor-version":[{"id":2357,"href":"https:\/\/wp.ufpel.edu.br\/ppgemat\/wp-json\/wp\/v2\/pages\/1820\/revisions\/2357"}],"wp:attachment":[{"href":"https:\/\/wp.ufpel.edu.br\/ppgemat\/wp-json\/wp\/v2\/media?parent=1820"}],"curies":[{"name":"wp","href":"https:\/\/api.w.org\/{rel}","templated":true}]}}