{"id":1756,"date":"2020-06-10T08:34:11","date_gmt":"2020-06-10T11:34:11","guid":{"rendered":"https:\/\/wp.ufpel.edu.br\/ppgemat\/?page_id=1756"},"modified":"2026-03-11T14:48:26","modified_gmt":"2026-03-11T17:48:26","slug":"coordenacao","status":"publish","type":"page","link":"https:\/\/wp.ufpel.edu.br\/ppgemat\/coordenacao\/","title":{"rendered":"Coordena\u00e7\u00e3o"},"content":{"rendered":"<p><span style=\"color: #000080;\"><strong>Coordena\u00e7\u00e3o atual (2026 &#8211; 2028)<\/strong><\/span><\/p>\n<p><span style=\"color: #000000;\">Coordenadora: <a href=\"http:\/\/lattes.cnpq.br\/4433578915491616\">Prof.\u00aa Dr.\u00aa Rozane da Silveira Alves<\/a><\/span><br \/>\n<span style=\"color: #000000;\">Coordenadora adjunta: Prof.\u00aa <a href=\"https:\/\/buscatextual.cnpq.br\/buscatextual\/busca.do;jsessionid=6C6BDC96049E9B54963D0963C5CF7E8F.buscatextual_0\">Dr.\u00aa Carla Denize Ott Felcher<\/a><\/span><\/p>\n<p>&nbsp;<\/p>\n<p><strong><span style=\"font-size: 14pt; color: #000080;\">&#8211; Coordena\u00e7\u00f5es anteriores &#8211;<\/span><\/strong><\/p>\n<p><span style=\"color: #000080;\"><strong>Coordena\u00e7\u00e3o (2025 &#8211; 2026)<\/strong><\/span><\/p>\n<p><span style=\"color: #000000;\">Coordenadora: Prof.\u00aa <a href=\"https:\/\/buscatextual.cnpq.br\/buscatextual\/busca.do;jsessionid=6C6BDC96049E9B54963D0963C5CF7E8F.buscatextual_0\">Dr.\u00aa Carla Denize Ott Felcher<\/a><\/span><br \/>\n<span style=\"color: #000000;\">Coordenadora adjunta: <a href=\"http:\/\/lattes.cnpq.br\/4433578915491616\">Prof.\u00aa Dr.\u00aa Rozane da Silveira Alves<\/a><\/span><\/p>\n<p><span style=\"color: #000080;\"><strong>Coordena\u00e7\u00e3o (2024 &#8211; 2025)<\/strong><\/span><\/p>\n<p><span style=\"color: #000000;\">Coordenador: Prof. <a href=\"https:\/\/buscatextual.cnpq.br\/buscatextual\/busca.do;jsessionid=6C6BDC96049E9B54963D0963C5CF7E8F.buscatextual_0\">Dr. Fernando Cezar Ripe da Cruz<\/a><\/span><br \/>\n<span style=\"color: #000000;\">Coordenadora adjunta: Prof.\u00aa <a href=\"https:\/\/buscatextual.cnpq.br\/buscatextual\/busca.do;jsessionid=6C6BDC96049E9B54963D0963C5CF7E8F.buscatextual_0\">Dr.\u00aa Carla Denize Ott Felcher<\/a><\/span><\/p>\n<p><span style=\"color: #000080;\"><strong>Coordena\u00e7\u00e3o (2023 &#8211; 2024)<\/strong><\/span><\/p>\n<p><span style=\"color: #000000;\">Coordenador: Prof. Dr. <a href=\"http:\/\/lattes.cnpq.br\/7498606960275122\">Diogo Franco Rios<\/a><\/span><br \/>\n<span style=\"color: #000000;\">Coordenadora adjunta: <a href=\"http:\/\/lattes.cnpq.br\/2144446854611974\">Prof.\u00aa Dr.\u00aa Daniela Stevanin Hoffmann<\/a><\/span><\/p>\n<p><span style=\"color: #000000;\"><strong>Coordena\u00e7\u00e3o (2022-2023)<\/strong><\/span><\/p>\n<p><span style=\"color: #000000;\">Coordenador: Prof. Dr. <a href=\"http:\/\/lattes.cnpq.br\/7498606960275122\">Diogo Franco Rios<\/a><\/span><br \/>\n<span style=\"color: #000000;\">Coordenadora adjunta: <a href=\"http:\/\/lattes.cnpq.br\/4433578915491616\">Prof.\u00aa Dr.\u00aa Rozane da Silveira Alves<\/a><\/span><\/p>\n<p><span style=\"color: #000000;\"><strong>Coordena\u00e7\u00e3o (2020-2022)<\/strong><\/span><\/p>\n<p><span style=\"color: #000000;\">Coordenadora: <a style=\"color: #000000;\" href=\"https:\/\/sei.ufpel.edu.br\/sei\/publicacoes\/controlador_publicacoes.php?acao=publicacao_visualizar&amp;id_documento=1159923&amp;id_orgao_publicacao=0\">Profa. Dra. Tha\u00eds Philipsen Gr\u00fctzmann<\/a><\/span><br \/>\n<span style=\"color: #000000;\">Coordenadora adjunta: <\/span><a href=\"https:\/\/sei.ufpel.edu.br\/sei\/publicacoes\/controlador_publicacoes.php?acao=publicacao_visualizar&amp;id_documento=1159923&amp;id_orgao_publicacao=0\"><span style=\"color: #000000;\">Profa. Dra. Marta Cristina Cezar Pozzobon<\/span><\/a><\/p>\n<p><a href=\"https:\/\/www.in.gov.br\/en\/web\/dou\/-\/portaria-n-1.238-de-5-de-agosto-de-2020-272325328\">Portaria no DOU<\/a><\/p>\n<p><span style=\"font-size: 12pt; color: #000000;\"><strong>Coordena\u00e7\u00e3o (2018-2020)<\/strong><\/span><\/p>\n<p><span style=\"color: #000000;\">Coordenadora:\u00a0<a style=\"color: #000000;\" href=\"http:\/\/reitoria.ufpel.edu.br\/portarias\/arquivos\/1893_2018.pdf\">Profa. Dra. Rozane da Silveira Alves<\/a><\/span><br \/>\n<span style=\"color: #000000;\">Coordenadora adjunta:\u00a0<a style=\"color: #000000;\" href=\"http:\/\/reitoria.ufpel.edu.br\/portarias\/arquivos\/1894_2018.pdf\">Prof. Dra. Tha\u00eds Philipsen Gr\u00fctzmann<\/a><\/span><\/p>\n<p><span style=\"color: #000000;\"><strong>Coordena\u00e7\u00e3o (2016-2018)<\/strong><\/span><\/p>\n<p><span style=\"color: #000000;\">Coordenadora:\u00a0<a style=\"color: #000000;\" href=\"http:\/\/reitoria.ufpel.edu.br\/portarias\/arquivos\/0797_2016.pdf\">Profa. Dra. Marcia Souza\u00a0da Fonseca<\/a><\/span><br \/>\n<span style=\"color: #000000;\">Coordenadora adjunta:\u00a0<a style=\"color: #000000;\" href=\"http:\/\/reitoria.ufpel.edu.br\/portarias\/arquivos\/0798_2016.pdf\">Prof. Dra. Rozane da Silveira Alves<\/a><\/span><\/p>\n","protected":false},"excerpt":{"rendered":"<p>Coordena\u00e7\u00e3o atual (2026 &#8211; 2028) Coordenadora: Prof.\u00aa Dr.\u00aa Rozane da Silveira Alves Coordenadora adjunta: Prof.\u00aa Dr.\u00aa Carla Denize Ott Felcher &nbsp; &#8211; Coordena\u00e7\u00f5es anteriores &#8211; Coordena\u00e7\u00e3o (2025 &#8211; 2026) Coordenadora: Prof.\u00aa Dr.\u00aa Carla Denize Ott Felcher Coordenadora adjunta: Prof.\u00aa Dr.\u00aa Rozane da Silveira Alves Coordena\u00e7\u00e3o (2024 &#8211; 2025) Coordenador: Prof. Dr. Fernando Cezar Ripe da [&hellip;]<\/p>\n","protected":false},"author":617,"featured_media":0,"parent":0,"menu_order":0,"comment_status":"closed","ping_status":"closed","template":"","meta":{"footnotes":""},"class_list":["post-1756","page","type-page","status-publish","hentry"],"_links":{"self":[{"href":"https:\/\/wp.ufpel.edu.br\/ppgemat\/wp-json\/wp\/v2\/pages\/1756","targetHints":{"allow":["GET"]}}],"collection":[{"href":"https:\/\/wp.ufpel.edu.br\/ppgemat\/wp-json\/wp\/v2\/pages"}],"about":[{"href":"https:\/\/wp.ufpel.edu.br\/ppgemat\/wp-json\/wp\/v2\/types\/page"}],"author":[{"embeddable":true,"href":"https:\/\/wp.ufpel.edu.br\/ppgemat\/wp-json\/wp\/v2\/users\/617"}],"replies":[{"embeddable":true,"href":"https:\/\/wp.ufpel.edu.br\/ppgemat\/wp-json\/wp\/v2\/comments?post=1756"}],"version-history":[{"count":4,"href":"https:\/\/wp.ufpel.edu.br\/ppgemat\/wp-json\/wp\/v2\/pages\/1756\/revisions"}],"predecessor-version":[{"id":3911,"href":"https:\/\/wp.ufpel.edu.br\/ppgemat\/wp-json\/wp\/v2\/pages\/1756\/revisions\/3911"}],"wp:attachment":[{"href":"https:\/\/wp.ufpel.edu.br\/ppgemat\/wp-json\/wp\/v2\/media?parent=1756"}],"curies":[{"name":"wp","href":"https:\/\/api.w.org\/{rel}","templated":true}]}}