{"id":1742,"date":"2020-06-10T08:22:12","date_gmt":"2020-06-10T11:22:12","guid":{"rendered":"https:\/\/wp.ufpel.edu.br\/ppgemat\/?page_id=1742"},"modified":"2020-08-26T08:54:57","modified_gmt":"2020-08-26T11:54:57","slug":"objetivos","status":"publish","type":"page","link":"https:\/\/wp.ufpel.edu.br\/ppgemat\/objetivos\/","title":{"rendered":"Objetivos e princ\u00edpios"},"content":{"rendered":"<p><span style=\"font-size: 18pt;color: #000000\"><strong>Objetivos:<\/strong><\/span><\/p>\n<p><span style=\"color: #000000;font-size: 12pt\">O objetivo do curso \u00e9 a forma\u00e7\u00e3o de docentes e pesquisadores em diversas especialidades da Educa\u00e7\u00e3o Matem\u00e1tica.\u00c9 um curso que se caracteriza pelo desenvolvimento de estudos e pesquisas sobre os diferentes aspectos da Matem\u00e1tica, enfatizando os pontos de vista epistemol\u00f3gico, did\u00e1tico, social, hist\u00f3rico e cultural.<\/span><br \/>\n<span style=\"color: #000000;font-size: 12pt\">Tem ainda por objetivo estimular a produ\u00e7\u00e3o e a socializa\u00e7\u00e3o do conhecimento cient\u00edfico na \u00e1rea de Educa\u00e7\u00e3o Matem\u00e1tica por meio de publica\u00e7\u00f5es em diferentes mecanismos de divulga\u00e7\u00e3o cient\u00edfica.<\/span><\/p>\n<p>&nbsp;<\/p>\n<p><strong><span style=\"font-size: 18pt;color: #000000\">Princ\u00edpios:<\/span><\/strong><\/p>\n<p class=\"Texto_Justificado_Recuo_Primeira_Linha\"><span style=\"font-size: 12pt;color: #000000\">I \u2013 O compromisso com a forma\u00e7\u00e3o profissional e humana qualificada, a partir do desenvolvimento de atividades did\u00e1tico-pedag\u00f3gicas, de materiais de ensino qualificados e de pesquisas que tenham por foco a Educa\u00e7\u00e3o Matem\u00e1tica, e que atendam a crit\u00e9rios de originalidade, atualidade, rigor e relev\u00e2ncia social no tratamento das quest\u00f5es de estudo, visando apontar solu\u00e7\u00f5es para os problemas levantados.<\/span><\/p>\n<p class=\"Texto_Justificado_Recuo_Primeira_Linha\"><span style=\"font-size: 12pt;color: #000000\">II \u2013 O compromisso com o desenvolvimento de atividades e de pesquisas capazes de criar uma postura aut\u00f4noma, cr\u00edtica e investigativa nos discentes.<\/span><\/p>\n<p class=\"Texto_Justificado_Recuo_Primeira_Linha\"><span style=\"font-size: 12pt;color: #000000\">III \u2013 O compromisso com a autonomia do educando, que dever\u00e1 ser o protagonista da sua pr\u00f3pria forma\u00e7\u00e3o, tendo sua experi\u00eancia e sua tem\u00e1tica de estudos como refer\u00eancia.<\/span><\/p>\n","protected":false},"excerpt":{"rendered":"<p>Objetivos: O objetivo do curso \u00e9 a forma\u00e7\u00e3o de docentes e pesquisadores em diversas especialidades da Educa\u00e7\u00e3o Matem\u00e1tica.\u00c9 um curso que se caracteriza pelo desenvolvimento de estudos e pesquisas sobre os diferentes aspectos da Matem\u00e1tica, enfatizando os pontos de vista epistemol\u00f3gico, did\u00e1tico, social, hist\u00f3rico e cultural. Tem ainda por objetivo estimular a produ\u00e7\u00e3o e a [&hellip;]<\/p>\n","protected":false},"author":617,"featured_media":0,"parent":0,"menu_order":0,"comment_status":"closed","ping_status":"closed","template":"","meta":{"footnotes":""},"class_list":["post-1742","page","type-page","status-publish","hentry"],"_links":{"self":[{"href":"https:\/\/wp.ufpel.edu.br\/ppgemat\/wp-json\/wp\/v2\/pages\/1742","targetHints":{"allow":["GET"]}}],"collection":[{"href":"https:\/\/wp.ufpel.edu.br\/ppgemat\/wp-json\/wp\/v2\/pages"}],"about":[{"href":"https:\/\/wp.ufpel.edu.br\/ppgemat\/wp-json\/wp\/v2\/types\/page"}],"author":[{"embeddable":true,"href":"https:\/\/wp.ufpel.edu.br\/ppgemat\/wp-json\/wp\/v2\/users\/617"}],"replies":[{"embeddable":true,"href":"https:\/\/wp.ufpel.edu.br\/ppgemat\/wp-json\/wp\/v2\/comments?post=1742"}],"version-history":[{"count":4,"href":"https:\/\/wp.ufpel.edu.br\/ppgemat\/wp-json\/wp\/v2\/pages\/1742\/revisions"}],"predecessor-version":[{"id":1808,"href":"https:\/\/wp.ufpel.edu.br\/ppgemat\/wp-json\/wp\/v2\/pages\/1742\/revisions\/1808"}],"wp:attachment":[{"href":"https:\/\/wp.ufpel.edu.br\/ppgemat\/wp-json\/wp\/v2\/media?parent=1742"}],"curies":[{"name":"wp","href":"https:\/\/api.w.org\/{rel}","templated":true}]}}