{"id":4511,"date":"2025-03-24T16:51:41","date_gmt":"2025-03-24T19:51:41","guid":{"rendered":"https:\/\/wp.ufpel.edu.br\/ppgef\/?page_id=4511"},"modified":"2025-03-24T16:51:41","modified_gmt":"2025-03-24T19:51:41","slug":"contact","status":"publish","type":"page","link":"https:\/\/wp.ufpel.edu.br\/ppgef\/contact\/","title":{"rendered":"Contact"},"content":{"rendered":"<p><strong>Coordinator<\/strong>: Prof. Dr. Marlos Rodrigues Domingues<\/p>\n<p><strong>Vice Coordinator<\/strong>: Prof. Dr. Stephanie Santana Pinto<\/p>\n<p><strong>Address:<\/strong><br \/>\nFederal University of Pelotas (UFPel)<br \/>\nSchool of PhysicalEducation (ESEF)<br \/>\nRua Lu\u00eds de Cam\u00f5es, 625<br \/>\nTr\u00eas Vendas District \u2013 Pelotas\/RS<br \/>\nZIP Code: 96055-630<\/p>\n<p><strong>Email:<\/strong> ppgef.ufpel@gmail.com<\/p>\n<p><strong>Phone:<\/strong> +55 (53) 3284-4332<\/p>\n<p><strong>Instagram:<\/strong> @ppgef_ufpel<\/p>\n","protected":false},"excerpt":{"rendered":"<p>Coordinator: Prof. Dr. Marlos Rodrigues Domingues Vice Coordinator: Prof. Dr. Stephanie Santana Pinto Address: Federal University of Pelotas (UFPel) School of PhysicalEducation (ESEF) Rua Lu\u00eds de Cam\u00f5es, 625 Tr\u00eas Vendas District \u2013 Pelotas\/RS ZIP Code: 96055-630 Email: ppgef.ufpel@gmail.com Phone: +55 (53) 3284-4332 Instagram: @ppgef_ufpel<\/p>\n","protected":false},"author":592,"featured_media":0,"parent":0,"menu_order":0,"comment_status":"closed","ping_status":"closed","template":"","meta":{"footnotes":""},"class_list":["post-4511","page","type-page","status-publish","hentry"],"_links":{"self":[{"href":"https:\/\/wp.ufpel.edu.br\/ppgef\/wp-json\/wp\/v2\/pages\/4511","targetHints":{"allow":["GET"]}}],"collection":[{"href":"https:\/\/wp.ufpel.edu.br\/ppgef\/wp-json\/wp\/v2\/pages"}],"about":[{"href":"https:\/\/wp.ufpel.edu.br\/ppgef\/wp-json\/wp\/v2\/types\/page"}],"author":[{"embeddable":true,"href":"https:\/\/wp.ufpel.edu.br\/ppgef\/wp-json\/wp\/v2\/users\/592"}],"replies":[{"embeddable":true,"href":"https:\/\/wp.ufpel.edu.br\/ppgef\/wp-json\/wp\/v2\/comments?post=4511"}],"version-history":[{"count":1,"href":"https:\/\/wp.ufpel.edu.br\/ppgef\/wp-json\/wp\/v2\/pages\/4511\/revisions"}],"predecessor-version":[{"id":4512,"href":"https:\/\/wp.ufpel.edu.br\/ppgef\/wp-json\/wp\/v2\/pages\/4511\/revisions\/4512"}],"wp:attachment":[{"href":"https:\/\/wp.ufpel.edu.br\/ppgef\/wp-json\/wp\/v2\/media?parent=4511"}],"curies":[{"name":"wp","href":"https:\/\/api.w.org\/{rel}","templated":true}]}}