{"id":4442,"date":"2025-03-06T10:19:54","date_gmt":"2025-03-06T13:19:54","guid":{"rendered":"https:\/\/wp.ufpel.edu.br\/ppgef\/?page_id=4442"},"modified":"2025-03-06T10:22:14","modified_gmt":"2025-03-06T13:22:14","slug":"edital-2024","status":"publish","type":"page","link":"https:\/\/wp.ufpel.edu.br\/ppgef\/edital-2024\/","title":{"rendered":"edital regular 2024"},"content":{"rendered":"<p>Todas as informa\u00e7\u00f5es deste processo seletivo est\u00e3o <a href=\"https:\/\/wp.ufpel.edu.br\/ppgef\/2024\/07\/25\/edital-de-selecao-para-aluno-regular-de-mestrado-e-doutorado-do-ppg-em-educacao-fisica-segundo-semestre-de-2024\/\" target=\"_blank\" rel=\"noopener\"><strong>AQUI<\/strong><\/a><\/p>\n","protected":false},"excerpt":{"rendered":"<p>Todas as informa\u00e7\u00f5es deste processo seletivo est\u00e3o AQUI<\/p>\n","protected":false},"author":592,"featured_media":0,"parent":0,"menu_order":0,"comment_status":"closed","ping_status":"closed","template":"","meta":{"footnotes":""},"class_list":["post-4442","page","type-page","status-publish","hentry"],"_links":{"self":[{"href":"https:\/\/wp.ufpel.edu.br\/ppgef\/wp-json\/wp\/v2\/pages\/4442","targetHints":{"allow":["GET"]}}],"collection":[{"href":"https:\/\/wp.ufpel.edu.br\/ppgef\/wp-json\/wp\/v2\/pages"}],"about":[{"href":"https:\/\/wp.ufpel.edu.br\/ppgef\/wp-json\/wp\/v2\/types\/page"}],"author":[{"embeddable":true,"href":"https:\/\/wp.ufpel.edu.br\/ppgef\/wp-json\/wp\/v2\/users\/592"}],"replies":[{"embeddable":true,"href":"https:\/\/wp.ufpel.edu.br\/ppgef\/wp-json\/wp\/v2\/comments?post=4442"}],"version-history":[{"count":3,"href":"https:\/\/wp.ufpel.edu.br\/ppgef\/wp-json\/wp\/v2\/pages\/4442\/revisions"}],"predecessor-version":[{"id":4447,"href":"https:\/\/wp.ufpel.edu.br\/ppgef\/wp-json\/wp\/v2\/pages\/4442\/revisions\/4447"}],"wp:attachment":[{"href":"https:\/\/wp.ufpel.edu.br\/ppgef\/wp-json\/wp\/v2\/media?parent=4442"}],"curies":[{"name":"wp","href":"https:\/\/api.w.org\/{rel}","templated":true}]}}