{"id":43,"date":"2014-04-14T02:56:55","date_gmt":"2014-04-14T02:56:55","guid":{"rendered":"http:\/\/esef.ufpel.edu.br\/ppgef\/?page_id=43"},"modified":"2014-04-14T02:56:55","modified_gmt":"2014-04-14T02:56:55","slug":"financiamentos","status":"publish","type":"page","link":"https:\/\/wp.ufpel.edu.br\/ppgef\/financiamentos\/","title":{"rendered":"Financiamentos"},"content":{"rendered":"<p><strong>Prof. Pedro Curi Hallal<\/strong><\/p>\n<p style=\"padding-left: 30px\"><strong>Nome do edital:<\/strong> New Investigator Award (2011-2018)<br \/>\n<strong>Ag\u00eancia Financiadora:<\/strong> Wellcome Trust<br \/>\n<strong>T\u00edtulo:<\/strong>A lifecourse approach for understanding levels, trends, determinants and consequences of physical activity, and to inform interventions and policy for global action<br \/>\n<strong>Valor Concedido:<\/strong> R$ 7.113.930,00<\/p>\n<p style=\"padding-left: 30px\"><strong>Nome do edital:<\/strong> Avalia\u00e7\u00e3o de programa de promo\u00e7\u00e3o de sa\u00fade (2012-2013)<br \/>\n<strong>Ag\u00eancia Financiadora:<\/strong> CNPq- DECIT<br \/>\n<strong>T\u00edtulo:<\/strong> Academia da Sa\u00fade<br \/>\n<strong>Valor Concedido:<\/strong> R$ 2.000.000,00<\/p>\n<p style=\"padding-left: 30px\"><strong>Nome do edital:<\/strong> Newton International Fellowship (2009-2019)<br \/>\n<strong>Ag\u00eancia Financiadora:<\/strong>Royal Society<br \/>\n<strong>T\u00edtulo:<\/strong>Newton International Fellowship (Effects of early life exposures on physical activity and body composition throughout the lifespan)<br \/>\n<strong>Valor Concedido:<\/strong> R$ 588.000,00<\/p>\n<p style=\"padding-left: 30px\"><strong>Nome do edital:<\/strong> Edital Universal (2012)<br \/>\n<strong>Ag\u00eancia Financiadora:<\/strong> CNPQ<br \/>\n<strong>T\u00edtulo:<\/strong> Pr\u00e1tica de Atividade F\u00edsica na Gesta\u00e7\u00e3o, Sa\u00fade Materna e do Rec\u00e9m Nascido: Estudo Longitudinal dos Nascidos Vivos em Pelotas-RS, 2015<br \/>\n<strong>Valor Concedido:<\/strong> R$ 60.900,00<\/p>\n<p style=\"padding-left: 30px\"><strong>Nome do edital:<\/strong> PRONEM (2011-2013)<br \/>\n<strong>Ag\u00eancia Financiadora:<\/strong> FAPERGS<br \/>\n<strong>T\u00edtulo:<\/strong> Atividade f\u00edsica, composi\u00e7\u00e3o corporal e uso de medicamentos: associa\u00e7\u00f5es transversais e longitudinais em tr\u00eas coortes de nascimento de base populacional.<br \/>\n<strong>Valor Concedido:<\/strong> R$ 175.000,00<\/p>\n<p><strong>Profa. Suzete Chiviacowsky Clark<\/strong><\/p>\n<p style=\"padding-left: 30px\"><strong>Nome do edital:<\/strong> Edital Universal (2008-2010)<br \/>\n<strong>Ag\u00eancia Financiadora:<\/strong> CNPq<br \/>\n<strong>T\u00edtulo:<\/strong> Aprendizagem de habilidades motoras e feeedback extr\u00ednseco: efeitos da frequ\u00eancia, do tra\u00e7o de personalidade e do foco de aten\u00e7\u00e3o.<br \/>\n<strong>Valor Concedido:<\/strong> R$20.000,00<\/p>\n<p style=\"padding-left: 30px\"><strong>Nome do edital:<\/strong> Edital Universal (2010-2012)<br \/>\n<strong>Ag\u00eancia Financiadora:<\/strong> CNPq<br \/>\n<strong>T\u00edtulo:<\/strong> Pr\u00e1tica com autocontrole e motiva\u00e7\u00e3o em aprendizagem motora e reabilita\u00e7\u00e3o.<br \/>\n<strong>Valor Concedido:<\/strong> R$20.000,00<\/p>\n<p style=\"padding-left: 30px\"><strong>Nome do edital:<\/strong> Participa\u00e7\u00e3o em Evento Exterior (2012)<br \/>\n<strong>Ag\u00eancia Financiadora:<\/strong>CNPq<br \/>\n<strong>T\u00edtulo:<\/strong>North American Society of Psychology of Sport and Physical Activity<br \/>\n<strong>Valor Concedido:<\/strong> R$6.000,00<\/p>\n<p><strong>Prof. Marcelo Cozzensa da Silva<\/strong><\/p>\n<p style=\"padding-left: 30px\"><strong>Nome do edital:<\/strong> Programa Licenciaturas Internacionais (2012-2014)<br \/>\n<strong>Ag\u00eancia Financiadora:<\/strong> CAPES<br \/>\nT\u00edtulo: Programa de Licenciaturas Internacionais (PLI) UFPel &#8211; Universidade de Coimbra<br \/>\n<strong>Valor Concedido:<\/strong> R$ 22.572,00<\/p>\n<p style=\"padding-left: 30px\"><strong>Nome do edital:<\/strong> Edital Universal (2008-2010)<br \/>\n<strong>Ag\u00eancia Financiadora:<\/strong> CNPq<br \/>\n<strong>T\u00edtulo:<\/strong> Censo do n\u00edvel de atividade f\u00edsica e incapacidade funcional em idosos institucionalizados em uma cidade do Sul do Brasil<br \/>\n<strong>Valor Concedido:<\/strong> R$20.000,00<\/p>\n<p style=\"padding-left: 30px\"><strong>Nome do edital:<\/strong> Edital Universal (2010-2012)<br \/>\n<strong>Ag\u00eancia Financiadora:<\/strong> CNPq<br \/>\n<strong>T\u00edtulo:<\/strong> Inten\u00e7\u00e3o e comportamento da pr\u00e1tica regular de atividades f\u00edsicas e fatores associados em indiv\u00edduos com doen\u00e7a arterial coronariana<br \/>\n<strong>Valor Concedido:<\/strong> R$16.000,00<\/p>\n<p style=\"padding-left: 30px\"><strong>Nome do edital:<\/strong> Programa de Educa\u00e7\u00e3o Tutorial (2012- atual)<br \/>\n<strong>Ag\u00eancia Financiadora:<\/strong> CAPES<br \/>\n<strong>T\u00edtulo:<\/strong> Bolsa tutoria Programa de Educa\u00e7\u00e3o Tutorial (PET) ESEF<br \/>\n<strong>Valor Concedido:<\/strong> R$2.000,00 mensais<\/p>\n<p><strong>Prof. Airton Jos\u00e9 Rombaldi<\/strong><\/p>\n<p style=\"padding-left: 30px\"><strong>Nome do edital:<\/strong> Edital Universal (2012-2014)<br \/>\n<strong>Ag\u00eancia Financiadora:<\/strong> CNPq<br \/>\n<strong>T\u00edtulo:<\/strong> Condi\u00e7\u00f5es de trabalho e sa\u00fade de profissionais de educa\u00e7\u00e3o f\u00edsica atuantes em academias da cidade de Pelotas-RS: estudo censit\u00e1rio.<br \/>\n<strong>Valor Concedido:<\/strong> R$ 21.000,00<\/p>\n<p style=\"padding-left: 30px\"><strong>Nome do edital:<\/strong> Pesquisador Ga\u00facho (2009-2012)<br \/>\n<strong>Ag\u00eancia Financiadora:<\/strong> FAPERGS<br \/>\n<strong>T\u00edtulo:<\/strong> Efeitos da suplementa\u00e7\u00e3o de suco de mirtilo e exerc\u00edcio f\u00edsico em marcadores de estresse oxidativo em indiv\u00edduos treinados.<br \/>\n<strong>Valor Concedido:<\/strong> R$ 12.000,00<\/p>\n<p><strong>Prof. Felipe Fossati Reichert<\/strong><\/p>\n<p style=\"padding-left: 30px\"><strong>Nome do edital:<\/strong> Edital Universal (2008\u20132010)<br \/>\n<strong>Ag\u00eancia Financiadora:<\/strong> CNPq<br \/>\n<strong>T\u00edtulo:<\/strong> Uso de aceler\u00f4metros para determina\u00e7\u00e3o de padr\u00f5es de atividade f\u00edsica em adolescentes<br \/>\n<strong>Valor Concedido:<\/strong> R$ 24550,00<\/p>\n<p><strong>Prof. Mario Renato Azevedo<\/strong><\/p>\n<p style=\"padding-left: 30px\"><strong>Nome do edital:<\/strong> Apoio a eventos no Brasil<br \/>\n<strong>Ag\u00eancia Financiadora:<\/strong> Minist\u00e9rio do Esporte<br \/>\n<strong>T\u00edtulo:<\/strong> Projeto do XXIX Simp\u00f3sio Nacional de Educa\u00e7\u00e3o F\u00edsica (2010)<br \/>\n<strong>Valor Concedido:<\/strong> R$20.000,00<\/p>\n<p style=\"padding-left: 30px\"><strong>Nome do edital:<\/strong> Apoio a eventos no Brasil<br \/>\n<strong>Ag\u00eancia Financiadora:<\/strong> CAPES<br \/>\n<strong>T\u00edtulo:<\/strong> Projeto do VI Congresso Brasileiro de Atividades de Aventura<br \/>\n<strong>Valor Concedido:<\/strong> R$ 10.000,00<\/p>\n<p style=\"padding-left: 30px\"><strong>Nome do edital:<\/strong> Apoio a eventos no Brasil<br \/>\n<strong>Ag\u00eancia Financiadora:<\/strong> FAPERGS<br \/>\n<strong>T\u00edtulo:<\/strong> Projeto do VI Congresso Brasileiro de Atividades de Aventura<br \/>\n<strong>Valor Concedido:<\/strong> R$ 6.300,00<\/p>\n<p style=\"padding-left: 30px\"><strong>Nome do edital:<\/strong> Apoio a eventos no Brasil<br \/>\n<strong>Ag\u00eancia Financiadora:<\/strong> Minist\u00e9rio do Esporte<br \/>\n<strong>T\u00edtulo:<\/strong> Projeto do VI Congresso Brasileiro de Atividades de Aventura<br \/>\n<strong>Valor Concedido:<\/strong> R$ 10.000,00<\/p>\n<p><strong>Prof. Luis Carlos Rigo<\/strong><\/p>\n<p style=\"padding-left: 30px\"><strong>Nome do edital:<\/strong> Programa de Educa\u00e7\u00e3o Tutorial (2010-2011)<br \/>\n<strong>Ag\u00eancia Financiadora:<\/strong> FNDE\/ SESU\/MEC\/Capes<br \/>\n<strong>T\u00edtulo:<\/strong> Aux\u00edlio Programa PET<br \/>\n<strong>Valor Concedido:<\/strong> R$ \u00a040.000,00<\/p>\n<p style=\"padding-left: 30px\"><strong>Nome do edital:<\/strong> Programa de Apoio a evento no pa\u00eds (2010)<br \/>\n<strong>Ag\u00eancia Financiadora:<\/strong> CAPES<br \/>\n<strong>T\u00edtulo:<\/strong> XXIX Simp\u00f3sio Nacional de Educa\u00e7\u00e3o F\u00edsica<br \/>\n<strong>Valor Concedido<\/strong>: R$ 17. 000,00<\/p>\n<p><strong>Prof. Fabr\u00edcio Boscolo Del Vecchio<\/strong><\/p>\n<p style=\"padding-left: 30px\"><strong>Nome do edital:<\/strong> Edital do Diabetes<br \/>\n<strong>Ag\u00eancia financiadora:<\/strong> CNPq<br \/>\n<strong>Valor:<\/strong> R$ 1.000.000,00<br \/>\n<strong>T\u00edtulo:<\/strong> Programa de preven\u00e7\u00e3o do diabetes em mulheres com diabetes gestacional pr\u00e9vio: Estudo multic\u00eantrico de mudan\u00e7as intensivas de estilo de vida: PPD-DG<br \/>\n<strong>Co-investigadores:<\/strong> Pedro C Hallal, Fabr\u00edcio Boscholo del Vecchio, Fernando Carlos Vinholes Siqueira<\/p>\n","protected":false},"excerpt":{"rendered":"<p>Prof. Pedro Curi Hallal Nome do edital: New Investigator Award (2011-2018) Ag\u00eancia Financiadora: Wellcome Trust T\u00edtulo:A lifecourse approach for understanding levels, trends, determinants and consequences of physical activity, and to inform interventions and policy for global action Valor Concedido: R$ 7.113.930,00 Nome do edital: Avalia\u00e7\u00e3o de programa de promo\u00e7\u00e3o de sa\u00fade (2012-2013) Ag\u00eancia Financiadora: CNPq- [&hellip;]<\/p>\n","protected":false},"author":592,"featured_media":0,"parent":0,"menu_order":0,"comment_status":"closed","ping_status":"closed","template":"","meta":{"footnotes":""},"class_list":["post-43","page","type-page","status-publish","hentry"],"_links":{"self":[{"href":"https:\/\/wp.ufpel.edu.br\/ppgef\/wp-json\/wp\/v2\/pages\/43","targetHints":{"allow":["GET"]}}],"collection":[{"href":"https:\/\/wp.ufpel.edu.br\/ppgef\/wp-json\/wp\/v2\/pages"}],"about":[{"href":"https:\/\/wp.ufpel.edu.br\/ppgef\/wp-json\/wp\/v2\/types\/page"}],"author":[{"embeddable":true,"href":"https:\/\/wp.ufpel.edu.br\/ppgef\/wp-json\/wp\/v2\/users\/592"}],"replies":[{"embeddable":true,"href":"https:\/\/wp.ufpel.edu.br\/ppgef\/wp-json\/wp\/v2\/comments?post=43"}],"version-history":[{"count":0,"href":"https:\/\/wp.ufpel.edu.br\/ppgef\/wp-json\/wp\/v2\/pages\/43\/revisions"}],"wp:attachment":[{"href":"https:\/\/wp.ufpel.edu.br\/ppgef\/wp-json\/wp\/v2\/media?parent=43"}],"curies":[{"name":"wp","href":"https:\/\/api.w.org\/{rel}","templated":true}]}}