{"id":3821,"date":"2023-08-01T18:58:47","date_gmt":"2023-08-01T21:58:47","guid":{"rendered":"https:\/\/wp.ufpel.edu.br\/ppgef\/?page_id=3821"},"modified":"2023-08-01T19:04:37","modified_gmt":"2023-08-01T22:04:37","slug":"proap","status":"publish","type":"page","link":"https:\/\/wp.ufpel.edu.br\/ppgef\/proap\/","title":{"rendered":"PROAP"},"content":{"rendered":"<p style=\"text-align: justify;\">Nesta p\u00e1gina temos as orienta\u00e7\u00f5es para aquisi\u00e7\u00e3o de materiais de consumo e\/ou reparo de equipamentos atrav\u00e9s da utiliza\u00e7\u00e3o dos recursos PROAP, juntamente com os modelos de alguns documentos a serem providenciados:<\/p>\n<p style=\"text-align: justify;\">&#8211; <a href=\"https:\/\/wp.ufpel.edu.br\/ppgef\/files\/2023\/08\/Orientacoes-aquisicao-de-materiais-docentes-PROAP-setembro-2021.docx.pdf\" target=\"_blank\" rel=\"noopener\">TUTORIAL: orienta\u00e7\u00f5es para aquisi\u00e7\u00e3o de materiais e servi\u00e7os<\/a>\u00a0 (PDF &#8211; atualizado em 01\/08\/2023)<\/p>\n<p style=\"text-align: justify;\">&#8211; <a href=\"https:\/\/wp.ufpel.edu.br\/ppgef\/files\/2023\/08\/ESTUDO-TECNICO-PRELIMINAR.docx\" target=\"_blank\" rel=\"noopener\">ESTUDO T\u00c9CNICO PRELIMINAR<\/a> (word)<\/p>\n<p>&nbsp;<\/p>\n<p style=\"text-align: justify;\"><strong>NOVIDADES EM 2023<\/strong>:<\/p>\n<p style=\"text-align: justify;\">&#8211; <a href=\"https:\/\/wp.ufpel.edu.br\/ppgef\/files\/2023\/08\/SOLICITACAO-DE-ORCAMENTO-PARA-FORNECEDORES-1.docx\">Modelo para <strong>SOLICITAR<\/strong> or\u00e7amento ao fornecedor<\/a> (word): para preenchimento pelo docente e envio ao fornecedor<\/p>\n<p style=\"text-align: justify;\">&#8211; <a href=\"https:\/\/wp.ufpel.edu.br\/ppgef\/files\/2023\/08\/Modelo-de-Orcamento-a-ser-fornecido-pelos-fornecedores-1.docx\">Modelo para o fornecedor <strong>EMITIR<\/strong> o or\u00e7amento <\/a>\u00a0(word): para envio ao fornecedor juntamente com o modelo para solicitar or\u00e7amento &#8211; ser\u00e1 preenchido pelo fornecedor<\/p>\n<p style=\"text-align: justify;\">&#8211; <a href=\"https:\/\/wp.ufpel.edu.br\/ppgef\/files\/2023\/08\/DECLARACAO-QUE-NAO-EMPREGA-MENOR.docx\">DECLARA\u00c7\u00c3O DE QUE O FORNECEDOR N\u00c3O EMPREGA MENOR<\/a> (word): para envio ao fornecedor que emitir o menor or\u00e7amento<\/p>\n<p>&nbsp;<\/p>\n<p>D\u00favidas entre em contato pelo e-mail ppgef.ufpel@gmail.com<\/p>\n","protected":false},"excerpt":{"rendered":"<p>Nesta p\u00e1gina temos as orienta\u00e7\u00f5es para aquisi\u00e7\u00e3o de materiais de consumo e\/ou reparo de equipamentos atrav\u00e9s da utiliza\u00e7\u00e3o dos recursos PROAP, juntamente com os modelos de alguns documentos a serem providenciados: &#8211; TUTORIAL: orienta\u00e7\u00f5es para aquisi\u00e7\u00e3o de materiais e servi\u00e7os\u00a0 (PDF &#8211; atualizado em 01\/08\/2023) &#8211; ESTUDO T\u00c9CNICO PRELIMINAR (word) &nbsp; NOVIDADES EM 2023: &#8211; [&hellip;]<\/p>\n","protected":false},"author":592,"featured_media":0,"parent":0,"menu_order":0,"comment_status":"closed","ping_status":"closed","template":"","meta":{"footnotes":""},"class_list":["post-3821","page","type-page","status-publish","hentry"],"_links":{"self":[{"href":"https:\/\/wp.ufpel.edu.br\/ppgef\/wp-json\/wp\/v2\/pages\/3821","targetHints":{"allow":["GET"]}}],"collection":[{"href":"https:\/\/wp.ufpel.edu.br\/ppgef\/wp-json\/wp\/v2\/pages"}],"about":[{"href":"https:\/\/wp.ufpel.edu.br\/ppgef\/wp-json\/wp\/v2\/types\/page"}],"author":[{"embeddable":true,"href":"https:\/\/wp.ufpel.edu.br\/ppgef\/wp-json\/wp\/v2\/users\/592"}],"replies":[{"embeddable":true,"href":"https:\/\/wp.ufpel.edu.br\/ppgef\/wp-json\/wp\/v2\/comments?post=3821"}],"version-history":[{"count":6,"href":"https:\/\/wp.ufpel.edu.br\/ppgef\/wp-json\/wp\/v2\/pages\/3821\/revisions"}],"predecessor-version":[{"id":3834,"href":"https:\/\/wp.ufpel.edu.br\/ppgef\/wp-json\/wp\/v2\/pages\/3821\/revisions\/3834"}],"wp:attachment":[{"href":"https:\/\/wp.ufpel.edu.br\/ppgef\/wp-json\/wp\/v2\/media?parent=3821"}],"curies":[{"name":"wp","href":"https:\/\/api.w.org\/{rel}","templated":true}]}}