{"id":3551,"date":"2023-05-18T17:04:15","date_gmt":"2023-05-18T20:04:15","guid":{"rendered":"https:\/\/wp.ufpel.edu.br\/ppgef\/?page_id=3551"},"modified":"2023-05-18T19:08:15","modified_gmt":"2023-05-18T22:08:15","slug":"selecao-regular-2023","status":"publish","type":"page","link":"https:\/\/wp.ufpel.edu.br\/ppgef\/processo-seletivo\/selecao-regular-2023\/","title":{"rendered":"2023"},"content":{"rendered":"<p>Para acessar o\u00a0 Edital de Sele\u00e7\u00e3o Edital\u00a0 para estudante regular nos cursos de <b>Mestrado Acad\u00eamico<\/b>\u00a0e\u00a0<b>Doutorado<\/b> do PPGEF\u00a0 e os Anexos, clique nos links abaixo:<\/p>\n<p><a href=\"https:\/\/wp.ufpel.edu.br\/ppgef\/files\/2023\/05\/Edital-de-selecao-PPGEF-UFPEL-2023.pdf\">Edital de sele\u00e7\u00e3o PPGEF UFPEL 2023<\/a><\/p>\n<p><a href=\"https:\/\/wp.ufpel.edu.br\/ppgef\/files\/2023\/05\/Formulario-1-Requerimento-de-Inscricao-1-1.doc\">Requerimento de Inscri\u00e7\u00e3o<\/a><\/p>\n<p><a href=\"https:\/\/wp.ufpel.edu.br\/ppgef\/files\/2023\/05\/Planilha-avaliacao-curriculo-proc-seletivo-2023-1.xlsx\">Planilha de avalia\u00e7\u00e3o curr\u00edculo processo seletivo 2023<\/a><\/p>\n<p><a href=\"https:\/\/wp.ufpel.edu.br\/ppgef\/files\/2023\/05\/Formulario-Autodeclaracao-Identidade-de-Genero.pdf\">Formul\u00e1rio Autodeclara\u00e7\u00e3o &#8211; Identidade de G\u00eanero<\/a><\/p>\n<p><a href=\"https:\/\/wp.ufpel.edu.br\/ppgef\/files\/2023\/05\/Formulario-Autodeclaracao-Etnico-racialL.pdf\">Formul\u00e1rio Autodeclara\u00e7\u00e3o &#8211; \u00c9tnico-racial<\/a><\/p>\n<p>&nbsp;<\/p>\n","protected":false},"excerpt":{"rendered":"<p>Para acessar o\u00a0 Edital de Sele\u00e7\u00e3o Edital\u00a0 para estudante regular nos cursos de Mestrado Acad\u00eamico\u00a0e\u00a0Doutorado do PPGEF\u00a0 e os Anexos, clique nos links abaixo: Edital de sele\u00e7\u00e3o PPGEF UFPEL 2023 Requerimento de Inscri\u00e7\u00e3o Planilha de avalia\u00e7\u00e3o curr\u00edculo processo seletivo 2023 Formul\u00e1rio Autodeclara\u00e7\u00e3o &#8211; Identidade de G\u00eanero Formul\u00e1rio Autodeclara\u00e7\u00e3o &#8211; \u00c9tnico-racial &nbsp;<\/p>\n","protected":false},"author":592,"featured_media":0,"parent":2018,"menu_order":0,"comment_status":"closed","ping_status":"closed","template":"","meta":{"footnotes":""},"class_list":["post-3551","page","type-page","status-publish","hentry"],"_links":{"self":[{"href":"https:\/\/wp.ufpel.edu.br\/ppgef\/wp-json\/wp\/v2\/pages\/3551","targetHints":{"allow":["GET"]}}],"collection":[{"href":"https:\/\/wp.ufpel.edu.br\/ppgef\/wp-json\/wp\/v2\/pages"}],"about":[{"href":"https:\/\/wp.ufpel.edu.br\/ppgef\/wp-json\/wp\/v2\/types\/page"}],"author":[{"embeddable":true,"href":"https:\/\/wp.ufpel.edu.br\/ppgef\/wp-json\/wp\/v2\/users\/592"}],"replies":[{"embeddable":true,"href":"https:\/\/wp.ufpel.edu.br\/ppgef\/wp-json\/wp\/v2\/comments?post=3551"}],"version-history":[{"count":7,"href":"https:\/\/wp.ufpel.edu.br\/ppgef\/wp-json\/wp\/v2\/pages\/3551\/revisions"}],"predecessor-version":[{"id":3595,"href":"https:\/\/wp.ufpel.edu.br\/ppgef\/wp-json\/wp\/v2\/pages\/3551\/revisions\/3595"}],"up":[{"embeddable":true,"href":"https:\/\/wp.ufpel.edu.br\/ppgef\/wp-json\/wp\/v2\/pages\/2018"}],"wp:attachment":[{"href":"https:\/\/wp.ufpel.edu.br\/ppgef\/wp-json\/wp\/v2\/media?parent=3551"}],"curies":[{"name":"wp","href":"https:\/\/api.w.org\/{rel}","templated":true}]}}