{"id":28,"date":"2014-04-14T02:55:46","date_gmt":"2014-04-14T02:55:46","guid":{"rendered":"http:\/\/esef.ufpel.edu.br\/ppgef\/?page_id=28"},"modified":"2020-05-04T20:06:30","modified_gmt":"2020-05-04T23:06:30","slug":"ingresso","status":"publish","type":"page","link":"https:\/\/wp.ufpel.edu.br\/ppgef\/ingresso\/","title":{"rendered":"Ingresso"},"content":{"rendered":"<p>O programa realiza processo seletivo para ingresso de alunos nas modalidades Regular e Especial. Para ambas modalidades a sele\u00e7\u00e3o utiliza como base um Edital de Sele\u00e7\u00e3o, publicado no site da Universidade e do Programa.<\/p>\n<p>A sele\u00e7\u00e3o para aluno Regular \u00e9 feita anualmente, sempre no meio do ano. Nesta modalidade voc\u00ea se tornar\u00e1 aluno do curso de Mestrado ou Doutorado, em uma das duas linhas de pequisa do programa: \u201cBiodin\u00e2mica do Movimento Humano\u201d ou\u00a0 \u201cMovimento Humano, Educa\u00e7\u00e3o e Sociedade\u201d. Veja maiores informa\u00e7\u00f5es das linhas de pesquisa em <a href=\"https:\/\/wp.ufpel.edu.br\/ppgef\/areas-e-linhas-de-pesquisa\/\">https:\/\/wp.ufpel.edu.br\/ppgef\/areas-e-linhas-de-pesquisa\/<\/a><\/p>\n<p>J\u00e1 a sele\u00e7\u00e3o para aluno especial \u00e9 feita semestralmente, no m\u00eas anterior ao in\u00edcio das aulas, e voc\u00ea poder\u00e1 cursar at\u00e9 duas disciplinas do programa. Essa modalidade \u00e9 interessante para aqueles que por qualquer motivo desejam apenas cursar algumas disciplinas no programa e n\u00e3o se tornar um aluno regular.<\/p>\n<p>Ficou interessado em ser um aluno Regular ou Especial do nosso Programa? Veja os editais j\u00e1 publicados em nosso site: acesse &#8220;Principal&#8221; e pesquise pela palavra &#8220;Edital&#8221;.<\/p>\n<p>Ainda restaram d\u00favidas? Envie e-mail para ppgef.ufel@gmail.com que retornaremos contato o mais breve poss\u00edvel.<\/p>\n","protected":false},"excerpt":{"rendered":"<p>O programa realiza processo seletivo para ingresso de alunos nas modalidades Regular e Especial. Para ambas modalidades a sele\u00e7\u00e3o utiliza como base um Edital de Sele\u00e7\u00e3o, publicado no site da Universidade e do Programa. A sele\u00e7\u00e3o para aluno Regular \u00e9 feita anualmente, sempre no meio do ano. Nesta modalidade voc\u00ea se tornar\u00e1 aluno do curso [&hellip;]<\/p>\n","protected":false},"author":592,"featured_media":0,"parent":0,"menu_order":0,"comment_status":"closed","ping_status":"closed","template":"","meta":{"footnotes":""},"class_list":["post-28","page","type-page","status-publish","hentry"],"_links":{"self":[{"href":"https:\/\/wp.ufpel.edu.br\/ppgef\/wp-json\/wp\/v2\/pages\/28","targetHints":{"allow":["GET"]}}],"collection":[{"href":"https:\/\/wp.ufpel.edu.br\/ppgef\/wp-json\/wp\/v2\/pages"}],"about":[{"href":"https:\/\/wp.ufpel.edu.br\/ppgef\/wp-json\/wp\/v2\/types\/page"}],"author":[{"embeddable":true,"href":"https:\/\/wp.ufpel.edu.br\/ppgef\/wp-json\/wp\/v2\/users\/592"}],"replies":[{"embeddable":true,"href":"https:\/\/wp.ufpel.edu.br\/ppgef\/wp-json\/wp\/v2\/comments?post=28"}],"version-history":[{"count":2,"href":"https:\/\/wp.ufpel.edu.br\/ppgef\/wp-json\/wp\/v2\/pages\/28\/revisions"}],"predecessor-version":[{"id":1551,"href":"https:\/\/wp.ufpel.edu.br\/ppgef\/wp-json\/wp\/v2\/pages\/28\/revisions\/1551"}],"wp:attachment":[{"href":"https:\/\/wp.ufpel.edu.br\/ppgef\/wp-json\/wp\/v2\/media?parent=28"}],"curies":[{"name":"wp","href":"https:\/\/api.w.org\/{rel}","templated":true}]}}