{"id":2744,"date":"2021-05-20T16:25:34","date_gmt":"2021-05-20T19:25:34","guid":{"rendered":"https:\/\/wp.ufpel.edu.br\/ppgef\/?page_id=2744"},"modified":"2021-07-21T14:57:06","modified_gmt":"2021-07-21T17:57:06","slug":"selecao-regular-2021","status":"publish","type":"page","link":"https:\/\/wp.ufpel.edu.br\/ppgef\/selecao-regular-2021\/","title":{"rendered":"sele\u00e7\u00e3o regular 2021"},"content":{"rendered":"<p><a href=\"https:\/\/wp.ufpel.edu.br\/ppgef\/files\/2021\/05\/SEI_Edital-65-Aluno-Regular-2021.02.pdf\" target=\"_blank\" rel=\"noopener\">Edital de Sele\u00e7\u00e3o Mestrado e Doutorado 2021<\/a><\/p>\n<p><a href=\"https:\/\/wp.ufpel.edu.br\/ppgef\/files\/2021\/06\/HOMOLOGAC\u0327A\u0303O-DE-INSCRIC\u0327O\u0303ES-\u2013-EDITAL-PPGEF-2021-POS-RECURSOS-1.pdf\" target=\"_blank\" rel=\"noopener\">Inscri\u00e7\u00f5es Homologadas &#8211; Resultado Final 2021<\/a><\/p>\n<p><a href=\"https:\/\/wp.ufpel.edu.br\/ppgef\/files\/2021\/07\/Resultado-Selecao-Mestrado-e-Doutorado-2021-pos-recurso.pdf\" target=\"_blank\" rel=\"noopener\">Resultado Final Sele\u00e7\u00e3o Mestrado e Doutorado 2021<\/a><\/p>\n<p>&nbsp;<\/p>\n","protected":false},"excerpt":{"rendered":"<p>Edital de Sele\u00e7\u00e3o Mestrado e Doutorado 2021 Inscri\u00e7\u00f5es Homologadas &#8211; Resultado Final 2021 Resultado Final Sele\u00e7\u00e3o Mestrado e Doutorado 2021 &nbsp;<\/p>\n","protected":false},"author":592,"featured_media":0,"parent":0,"menu_order":0,"comment_status":"closed","ping_status":"closed","template":"","meta":{"footnotes":""},"class_list":["post-2744","page","type-page","status-publish","hentry"],"_links":{"self":[{"href":"https:\/\/wp.ufpel.edu.br\/ppgef\/wp-json\/wp\/v2\/pages\/2744","targetHints":{"allow":["GET"]}}],"collection":[{"href":"https:\/\/wp.ufpel.edu.br\/ppgef\/wp-json\/wp\/v2\/pages"}],"about":[{"href":"https:\/\/wp.ufpel.edu.br\/ppgef\/wp-json\/wp\/v2\/types\/page"}],"author":[{"embeddable":true,"href":"https:\/\/wp.ufpel.edu.br\/ppgef\/wp-json\/wp\/v2\/users\/592"}],"replies":[{"embeddable":true,"href":"https:\/\/wp.ufpel.edu.br\/ppgef\/wp-json\/wp\/v2\/comments?post=2744"}],"version-history":[{"count":3,"href":"https:\/\/wp.ufpel.edu.br\/ppgef\/wp-json\/wp\/v2\/pages\/2744\/revisions"}],"predecessor-version":[{"id":2808,"href":"https:\/\/wp.ufpel.edu.br\/ppgef\/wp-json\/wp\/v2\/pages\/2744\/revisions\/2808"}],"wp:attachment":[{"href":"https:\/\/wp.ufpel.edu.br\/ppgef\/wp-json\/wp\/v2\/media?parent=2744"}],"curies":[{"name":"wp","href":"https:\/\/api.w.org\/{rel}","templated":true}]}}