{"id":25,"date":"2014-04-14T02:55:31","date_gmt":"2014-04-14T02:55:31","guid":{"rendered":"http:\/\/esef.ufpel.edu.br\/ppgef\/?page_id=25"},"modified":"2024-02-07T12:20:19","modified_gmt":"2024-02-07T15:20:19","slug":"disciplinas","status":"publish","type":"page","link":"https:\/\/wp.ufpel.edu.br\/ppgef\/disciplinas\/","title":{"rendered":"Disciplinas e Ementas"},"content":{"rendered":"<p>Abaixo est\u00e3o as ementas das disciplinas oferecidas no PPG em Educa\u00e7\u00e3o F\u00edsica, j\u00e1 assinadas e dispon\u00edveis para download:<\/p>\n<p>Legendas: (OB) &#8211; obrigat\u00f3ria; (OP) &#8211; optativa;<\/p>\n<p><a href=\"https:\/\/wp.ufpel.edu.br\/ppgef\/files\/2020\/11\/Advanced-studies-in-physical-activity-and-health-for-children-and-adolescents-Estudos-avancados-em-atividade-fisica-e-saude-para-criancas-e-adolescentes.pdf\" target=\"_blank\" rel=\"noopener\">Advanced studies in physical activity and health for children and adolescents (Estudos avan\u00e7ados em atividade f\u00edsica e sa\u00fade para crian\u00e7as e adolescentes)<\/a> &#8211; (OP)<\/p>\n<p><a href=\"https:\/\/wp.ufpel.edu.br\/ppgef\/files\/2021\/08\/ANALISE-DE-DADOS-EM-CIENCIAS-SOCIAIS-E-HUMANAS.pdf\" target=\"_blank\" rel=\"noopener\">AN\u00c1LISE DE DADOS EM CI\u00caNCIAS SOCIAIS E HUMANAS<\/a> &#8211; (OB)<\/p>\n<p><a href=\"https:\/\/wp.ufpel.edu.br\/ppgef\/files\/2021\/08\/ANALISE-DE-DADOS-EM-SAUDE-E-DESEMPENHO.pdf\" target=\"_blank\" rel=\"noopener\">AN\u00c1LISE DE DADOS EM SA\u00daDE E DESEMPENHO<\/a> &#8211; (OB)<\/p>\n<p><a href=\"https:\/\/wp.ufpel.edu.br\/ppgef\/files\/2020\/11\/ANALISE-DE-DADOS-EM-SAUDE-E-DESEMPENHO-2.pdf\" target=\"_blank\" rel=\"noopener\">AN\u00c1LISE DE DADOS EM SA\u00daDE E DESEMPENHO 2<\/a> &#8211; (OP)<\/p>\n<p><a href=\"https:\/\/wp.ufpel.edu.br\/ppgef\/files\/2021\/08\/ANALISE-E-PRODUCAO-DE-TRABALHOS-ACADEMICOS-EM-SAUDE-E-DESEMPENHO.pdf\" target=\"_blank\" rel=\"noopener\">AN\u00c1LISE E PRODU\u00c7\u00c3O DE TRABALHOS ACAD\u00caMICOS EM SA\u00daDE E DESEMPENHO<\/a> &#8211; (OB)<\/p>\n<p><a href=\"https:\/\/wp.ufpel.edu.br\/ppgef\/files\/2021\/04\/ANALISE-E-PRODUCAO-DE-TRABALHOS-ACADEMICOS-EM-SAUDE-E-DESEMPENHO-2.pdf\" target=\"_blank\" rel=\"noopener\">AN\u00c1LISE E PRODU\u00c7\u00c3O DE TRABALHOS ACAD\u00caMICOS EM SA\u00daDE E DESEMPENHO 2<\/a> &#8211; (OP)<\/p>\n<p><a href=\"https:\/\/wp.ufpel.edu.br\/ppgef\/files\/2021\/08\/ANALISE-E-PRODUCAO-DE-TRABALHOS-ACADEMICOS-NA-PERSPECTIVA-QUALITATIVA-1.pdf\" target=\"_blank\" rel=\"noopener\">AN\u00c1LISE E PRODU\u00c7\u00c3O DE TRABALHOS ACAD\u00caMICOS NA PERSPECTIVA QUALITATIVA 1<\/a> &#8211; (OB)<\/p>\n<p><a href=\"https:\/\/wp.ufpel.edu.br\/ppgef\/files\/2021\/04\/ANALISE-E-PRODUCAO-DE-TRABALHOS-ACADEMICOS-NA-PERSPECTIVA-QUALITATIVA-2.pdf\" target=\"_blank\" rel=\"noopener\">AN\u00c1LISE E PRODU\u00c7\u00c3O DE TRABALHOS ACAD\u00caMICOS NA PERSPECTIVA QUALITATIVA 2<\/a> &#8211; (OP)<\/p>\n<p><a href=\"https:\/\/wp.ufpel.edu.br\/ppgef\/files\/2020\/11\/APRENDIZAGEM-MOTORA-E-ASPECTOS-MOTIVACIONAIS.pdf\" target=\"_blank\" rel=\"noopener\">APRENDIZAGEM MOTORA E ASPECTOS MOTIVACIONAIS<\/a> &#8211; (OP)<\/p>\n<p>APRENDIZAGEM MOTORA NUMA ABORDAGEM ECOL\u00d3GICA<\/p>\n<p><a href=\"https:\/\/wp.ufpel.edu.br\/ppgef\/files\/2020\/11\/Aprendizagem-Motora-Teorias.pdf\" target=\"_blank\" rel=\"noopener\">APRENDIZAGEM MOTORA: TEORIAS<\/a> &#8211; (OP)<\/p>\n<p><a href=\"https:\/\/wp.ufpel.edu.br\/ppgef\/files\/2020\/11\/ATIVIDADE-FISICA-ADAPTADA.pdf\" target=\"_blank\" rel=\"noopener\">ATIVIDADE F\u00cdSICA ADAPTADA<\/a> &#8211; (OP)<\/p>\n<p><a href=\"https:\/\/wp.ufpel.edu.br\/ppgef\/files\/2020\/11\/ATIVIDADE-FISICA-E-SAUDE.pdf\" target=\"_blank\" rel=\"noopener\">ATIVIDADE F\u00cdSICA E SA\u00daDE<\/a> &#8211; (OP)<\/p>\n<p><a href=\"https:\/\/wp.ufpel.edu.br\/ppgef\/files\/2020\/11\/Atividade-Fisica-e-Saude-na-Infancia-e-Adolescencia-1.pdf\" target=\"_blank\" rel=\"noopener\">ATIVIDADE F\u00cdSICA E SA\u00daDE NA INF\u00c2NCIA E ADOLESC\u00caNCIA<\/a> &#8211; (OP)<\/p>\n<p>AVALIA\u00c7\u00c3O NUTRICIONAL<\/p>\n<p><a href=\"https:\/\/wp.ufpel.edu.br\/ppgef\/files\/2020\/11\/CIDADANIA-POLITICA-EDUCACIONAL-E-EDUCACAO-FISICA.pdf\" target=\"_blank\" rel=\"noopener\">CIDADANIA, POL\u00cdTICA EDUCACIONAL E EDUCA\u00c7\u00c3O F\u00cdSICA<\/a> &#8211; (OP)<\/p>\n<p><a href=\"https:\/\/wp.ufpel.edu.br\/ppgef\/files\/2020\/11\/Debates-em-Saude-Coletiva.pdf\" target=\"_blank\" rel=\"noopener\">DEBATES EM SA\u00daDE COLETIVA<\/a> &#8211; (OP)<\/p>\n<p><a href=\"https:\/\/wp.ufpel.edu.br\/ppgef\/files\/2020\/11\/Desenvolvimento-Motor.pdf\" target=\"_blank\" rel=\"noopener\">DESENVOLVIMENTO MOTOR<\/a> &#8211; (OP)<\/p>\n<p><a href=\"https:\/\/wp.ufpel.edu.br\/ppgef\/files\/2021\/08\/DIDATICA-E-METODOLOGIA-DO-ENSINO-SUPERIOR.pdf\" target=\"_blank\" rel=\"noopener\">DID\u00c1TICA E METODOLOGIA DO ENSINO SUPERIOR<\/a>\u00a0&#8211; (OB)<\/p>\n<p><a href=\"https:\/\/wp.ufpel.edu.br\/ppgef\/files\/2020\/11\/EPIDEMIOLOGIA-DA-ATIVIDADE-FISICA.pdf\" target=\"_blank\" rel=\"noopener\">EPIDEMIOLOGIA DA ATIVIDADE F\u00cdSICA<\/a> &#8211; (OP)<\/p>\n<p><a href=\"https:\/\/wp.ufpel.edu.br\/ppgef\/files\/2021\/08\/EPISTEMOLOGIA-E-EDUCACAO-FISICA.pdf\" target=\"_blank\" rel=\"noopener\">EPISTEMOLOGIA E EDUCA\u00c7\u00c3O F\u00cdSICA<\/a>\u00a0&#8211; (OB)<\/p>\n<p>EST\u00c1GIO DE DOC\u00caNCIA ORIENTADA &#8211; (OB para bolsistas de Mestrado e Doutorado)<\/p>\n<p><a href=\"https:\/\/wp.ufpel.edu.br\/ppgef\/files\/2020\/11\/Estagio-de-Docencia-Orientada-II.pdf\" target=\"_blank\" rel=\"noopener\">EST\u00c1GIO DE DOC\u00caNCIA ORIENTADA II<\/a> &#8211; (OB para bolsistas de Doutorado)<\/p>\n<p><a href=\"https:\/\/wp.ufpel.edu.br\/ppgef\/files\/2020\/11\/ESTUDO-DOS-FATORES-QUE-AFETAM-A-AQUISICAO-DE-HABILIDADES-MOTORAS.pdf\" target=\"_blank\" rel=\"noopener\">ESTUDO DOS FATORES QUE AFETAM A AQUISI\u00c7\u00c3O DE HABILIDADES MOTORAS<\/a> &#8211; (OP)<\/p>\n<p><a href=\"https:\/\/wp.ufpel.edu.br\/ppgef\/files\/2020\/11\/FATORES-QUE-AFETAM-A-APRENDIZAGEM-MOTORA.pdf\" target=\"_blank\" rel=\"noopener\">FATORES QUE AFETAM A APRENDIZAGEM MOTORA<\/a> &#8211; (OP)<\/p>\n<p>FORMA\u00c7\u00c3O DE PROFESSORES: DIALOGANDO COM O COTIDIANO<\/p>\n<p><a href=\"https:\/\/wp.ufpel.edu.br\/ppgef\/files\/2020\/11\/FORMACAO-PROFISSIONAL-EM-EDUCACAO-FISICA.pdf\" target=\"_blank\" rel=\"noopener\">FORMA\u00c7\u00c3O PROFISSIONAL EM EDUCA\u00c7\u00c3O F\u00cdSICA<\/a> &#8211; (OP)<\/p>\n<p>IDENTIDADE, DOC\u00caNCIA E UNIVERSIDADE &#8211; (OP)<\/p>\n<p><a href=\"https:\/\/wp.ufpel.edu.br\/ppgef\/files\/2020\/11\/MARCADORES-FISIOLOGICOS-DA-CARGA-DE-TREINAMENTO-E-DESEMPENHO.pdf\" target=\"_blank\" rel=\"noopener\">MARCADORES FISIOL\u00d3GICOS DA CARGA DE TREINAMENTO E DESEMPENHO<\/a> &#8211; (OP)<\/p>\n<p><a href=\"https:\/\/wp.ufpel.edu.br\/ppgef\/files\/2021\/09\/METODOLOGIA-DA-PESQUISA-EM-CIENCIAS-SOCIAIS-E-HUMANAS.pdf\">METODOLOGIA DA PESQUISA EM CI\u00caNCIAS SOCIAIS E HUMANAS<\/a>\u00a0&#8211; (OB)<\/p>\n<p><a href=\"https:\/\/wp.ufpel.edu.br\/ppgef\/files\/2021\/08\/METODOLOGIA-DA-PESQUISA-EM-SAUDE-E-DESEMPENHO.pdf\" target=\"_blank\" rel=\"noopener\">METODOLOGIA DA PESQUISA EM SA\u00daDE E DESEMPENHO<\/a>\u00a0&#8211; (OB)<\/p>\n<p><a href=\"https:\/\/wp.ufpel.edu.br\/ppgef\/files\/2021\/04\/PESQUISA-EM-TREINAMENTO-DE-ENDURANCE.pdf\" target=\"_blank\" rel=\"noopener\">PESQUISA EM TREINAMENTO DE ENDURANCE<\/a> &#8211; (OP)<\/p>\n<p><a href=\"https:\/\/wp.ufpel.edu.br\/ppgef\/files\/2020\/11\/PESQUISA-EM-TREINAMENTO-INTERMITENTE.pdf\" target=\"_blank\" rel=\"noopener\">PESQUISA EM TREINAMENTO INTERMITENTE<\/a> &#8211; (OP)<\/p>\n<p><a href=\"https:\/\/wp.ufpel.edu.br\/ppgef\/files\/2020\/11\/PLANEJAMENTO-E-OPERACIONALIZACAO-DE-INQUERITOS-EM-SAUDE-E-DESEMPENHO.pdf\" target=\"_blank\" rel=\"noopener\">PLANEJAMENTO E OPERACIONALIZA\u00c7\u00c3O DE INQU\u00c9RITOS EM SA\u00daDE E DESEMPENHO<\/a> &#8211; (OP)<\/p>\n<p><a href=\"https:\/\/wp.ufpel.edu.br\/ppgef\/files\/2021\/08\/PRATICA-DE-PESQUISA.pdf\" target=\"_blank\" rel=\"noopener\">PR\u00c1TICA DE PESQUISA I<\/a>\u00a0&#8211; (OB)<\/p>\n<p><a href=\"https:\/\/wp.ufpel.edu.br\/ppgef\/files\/2020\/11\/PRATICA-DE-PESQUISA-II.pdf\" target=\"_blank\" rel=\"noopener\">PR\u00c1TICA DE PESQUISA II<\/a> &#8211; (OB)<\/p>\n<p>PR\u00c1TICAS PEDAG\u00d3GICAS EM EDUCA\u00c7\u00c3O F\u00cdSICA &#8211; (OP)<\/p>\n<p><a href=\"https:\/\/wp.ufpel.edu.br\/ppgef\/files\/2020\/11\/PROMOCAO-DE-SAUDE-NA-ESCOLA.pdf\" target=\"_blank\" rel=\"noopener\">PROMO\u00c7\u00c3O DE SA\u00daDE NA ESCOLA<\/a> &#8211; (OP)<\/p>\n<p><a href=\"https:\/\/wp.ufpel.edu.br\/ppgef\/files\/2020\/11\/SEMINARIOS-DE-PESQUISA-I.pdf\" target=\"_blank\" rel=\"noopener\">SEMIN\u00c1RIOS DE PESQUISA I<\/a> &#8211; (OB)<\/p>\n<p><a href=\"https:\/\/wp.ufpel.edu.br\/ppgef\/files\/2024\/02\/SEMINARIO-DE-PESQUISA-II.docx.pdf\" target=\"_blank\" rel=\"noopener\">SEMIN\u00c1RIO DE PESQUISA II &#8211; (OB)<\/a><\/p>\n<p><a href=\"https:\/\/wp.ufpel.edu.br\/ppgef\/files\/2020\/11\/TOPICOS-AVANCADOS-EM-FISIOLOGIA-DO-EXERCICIO.pdf\" target=\"_blank\" rel=\"noopener\">T\u00d3PICOS AVAN\u00c7ADOS EM FISIOLOGIA DO EXERC\u00cdCIO<\/a> &#8211; (OP)<\/p>\n<p><a href=\"https:\/\/wp.ufpel.edu.br\/ppgef\/files\/2020\/11\/TOPICOS-ESPECIAIS-EM-BIOMECANICA.pdf\" target=\"_blank\" rel=\"noopener\">T\u00d3PICOS ESPECIAIS EM BIOMEC\u00c2NICA<\/a> &#8211; (OP)<\/p>\n<p><a href=\"https:\/\/wp.ufpel.edu.br\/ppgef\/files\/2020\/11\/Treinamento-para-Criancas-e-Jovens.pdf\" target=\"_blank\" rel=\"noopener\">TREINAMENTO PARA CRIAN\u00c7AS E JOVENS<\/a> &#8211; (OP)<\/p>\n","protected":false},"excerpt":{"rendered":"<p>Abaixo est\u00e3o as ementas das disciplinas oferecidas no PPG em Educa\u00e7\u00e3o F\u00edsica, j\u00e1 assinadas e dispon\u00edveis para download: Legendas: (OB) &#8211; obrigat\u00f3ria; (OP) &#8211; optativa; Advanced studies in physical activity and health for children and adolescents (Estudos avan\u00e7ados em atividade f\u00edsica e sa\u00fade para crian\u00e7as e adolescentes) &#8211; (OP) AN\u00c1LISE DE DADOS EM CI\u00caNCIAS SOCIAIS [&hellip;]<\/p>\n","protected":false},"author":592,"featured_media":0,"parent":0,"menu_order":0,"comment_status":"closed","ping_status":"closed","template":"","meta":{"footnotes":""},"class_list":["post-25","page","type-page","status-publish","hentry"],"_links":{"self":[{"href":"https:\/\/wp.ufpel.edu.br\/ppgef\/wp-json\/wp\/v2\/pages\/25","targetHints":{"allow":["GET"]}}],"collection":[{"href":"https:\/\/wp.ufpel.edu.br\/ppgef\/wp-json\/wp\/v2\/pages"}],"about":[{"href":"https:\/\/wp.ufpel.edu.br\/ppgef\/wp-json\/wp\/v2\/types\/page"}],"author":[{"embeddable":true,"href":"https:\/\/wp.ufpel.edu.br\/ppgef\/wp-json\/wp\/v2\/users\/592"}],"replies":[{"embeddable":true,"href":"https:\/\/wp.ufpel.edu.br\/ppgef\/wp-json\/wp\/v2\/comments?post=25"}],"version-history":[{"count":20,"href":"https:\/\/wp.ufpel.edu.br\/ppgef\/wp-json\/wp\/v2\/pages\/25\/revisions"}],"predecessor-version":[{"id":3986,"href":"https:\/\/wp.ufpel.edu.br\/ppgef\/wp-json\/wp\/v2\/pages\/25\/revisions\/3986"}],"wp:attachment":[{"href":"https:\/\/wp.ufpel.edu.br\/ppgef\/wp-json\/wp\/v2\/media?parent=25"}],"curies":[{"name":"wp","href":"https:\/\/api.w.org\/{rel}","templated":true}]}}