{"id":2313,"date":"2020-11-12T20:00:36","date_gmt":"2020-11-12T23:00:36","guid":{"rendered":"https:\/\/wp.ufpel.edu.br\/ppgef\/?page_id=2313"},"modified":"2020-11-12T20:00:36","modified_gmt":"2020-11-12T23:00:36","slug":"selecao-especial-2017","status":"publish","type":"page","link":"https:\/\/wp.ufpel.edu.br\/ppgef\/selecao-especial-2017\/","title":{"rendered":"sele\u00e7\u00e3o especial 2017"},"content":{"rendered":"<p>N\u00e3o foi realizado Processo de Sele\u00e7\u00e3o para Aluno Especial no primeiro semestre de 2017.<\/p>\n<p>&nbsp;<\/p>\n<p class=\"corTexto\"><a href=\"https:\/\/wp.ufpel.edu.br\/ppgef\/2017\/09\/22\/resultado-da-selecao-de-aluno-especial-2\/\">Resultado Sele\u00e7\u00e3o de Aluno Especial &#8211; 2\u00ba sem 2017<\/a><\/p>\n<p><a href=\"https:\/\/wp.ufpel.edu.br\/ppgef\/2017\/08\/24\/aluno-especial\/\">Edital Sele\u00e7\u00e3o Aluno Especial &#8211; 2\u00ba sem 2017<\/a><\/p>\n<p>&nbsp;<\/p>\n<p>&nbsp;<\/p>\n","protected":false},"excerpt":{"rendered":"<p>N\u00e3o foi realizado Processo de Sele\u00e7\u00e3o para Aluno Especial no primeiro semestre de 2017. &nbsp; Resultado Sele\u00e7\u00e3o de Aluno Especial &#8211; 2\u00ba sem 2017 Edital Sele\u00e7\u00e3o Aluno Especial &#8211; 2\u00ba sem 2017 &nbsp; &nbsp;<\/p>\n","protected":false},"author":592,"featured_media":0,"parent":0,"menu_order":0,"comment_status":"closed","ping_status":"closed","template":"","meta":{"footnotes":""},"class_list":["post-2313","page","type-page","status-publish","hentry"],"_links":{"self":[{"href":"https:\/\/wp.ufpel.edu.br\/ppgef\/wp-json\/wp\/v2\/pages\/2313","targetHints":{"allow":["GET"]}}],"collection":[{"href":"https:\/\/wp.ufpel.edu.br\/ppgef\/wp-json\/wp\/v2\/pages"}],"about":[{"href":"https:\/\/wp.ufpel.edu.br\/ppgef\/wp-json\/wp\/v2\/types\/page"}],"author":[{"embeddable":true,"href":"https:\/\/wp.ufpel.edu.br\/ppgef\/wp-json\/wp\/v2\/users\/592"}],"replies":[{"embeddable":true,"href":"https:\/\/wp.ufpel.edu.br\/ppgef\/wp-json\/wp\/v2\/comments?post=2313"}],"version-history":[{"count":1,"href":"https:\/\/wp.ufpel.edu.br\/ppgef\/wp-json\/wp\/v2\/pages\/2313\/revisions"}],"predecessor-version":[{"id":2314,"href":"https:\/\/wp.ufpel.edu.br\/ppgef\/wp-json\/wp\/v2\/pages\/2313\/revisions\/2314"}],"wp:attachment":[{"href":"https:\/\/wp.ufpel.edu.br\/ppgef\/wp-json\/wp\/v2\/media?parent=2313"}],"curies":[{"name":"wp","href":"https:\/\/api.w.org\/{rel}","templated":true}]}}