{"id":2235,"date":"2020-11-11T14:38:11","date_gmt":"2020-11-11T17:38:11","guid":{"rendered":"https:\/\/wp.ufpel.edu.br\/ppgef\/?page_id=2235"},"modified":"2025-05-18T10:46:54","modified_gmt":"2025-05-18T13:46:54","slug":"aluno-pos-doutorado","status":"publish","type":"page","link":"https:\/\/wp.ufpel.edu.br\/ppgef\/aluno-pos-doutorado\/","title":{"rendered":"Aluno P\u00f3s-Doutorado"},"content":{"rendered":"<p style=\"text-align: justify;\">O Programa conta periodicamente com bolsas do Programa Nacional de P\u00f3s-Doutorado (PNPD-CAPES), e a sele\u00e7\u00e3o de bolsista ocorre de acordo com a disponibilidade da bolsa via edital. Informa\u00e7\u00f5es de sele\u00e7\u00e3o\u00a0 <a href=\"https:\/\/wp.ufpel.edu.br\/ppgef\/selecao-pos-doutorado\/\">AQUI<\/a><\/p>\n<p style=\"text-align: justify;\">J\u00e1 foram bolsistas P\u00f3s-Doc do Programa:<\/p>\n<ul style=\"text-align: justify;\">\n<li><strong>Prof. Dr. Eurico Nestor Wilhelm Neto ( &#8211; )<\/strong><\/li>\n<li><strong>Prof\u00aa Dr\u00aa Ingi Petitemberte Klain ( &#8211; )<\/strong><\/li>\n<li><strong>Prof. Dr. Eduardo Lucia Caputo (2018 &#8211; 2022)<\/strong><\/li>\n<\/ul>\n<p style=\"text-align: justify;\">\n<p>Al\u00e9m disso, o Programa admite em fluxo cont\u00ednuo pesquisadores que desejem atuar de forma volunt\u00e1ria (sem bolsa) junto ao PPGEF. Este processo \u00e9 regulado por sele\u00e7\u00e3o interna, avaliada por comiss\u00e3o espec\u00edfica. Os documentos para submiss\u00e3o de proposta s\u00e3o um plano de trabalho a ser avalado pela comiss\u00e3o e um relat\u00f3rio a ser entregue na conclus\u00e3o do est\u00e1gio. Ambos documentos est\u00e3o abaixo:<\/p>\n<p>Plano de trabalho &#8211; <a href=\"https:\/\/wp.ufpel.edu.br\/ppgef\/files\/2025\/05\/Plano-de-Trabalho-Pos-doc-voluntario.doc\">Plano de Trabalho P\u00f3s-doc volunt\u00e1rio<\/a><\/p>\n<p>Relat\u00f3rio final de atividades &#8211; <a href=\"https:\/\/wp.ufpel.edu.br\/ppgef\/files\/2025\/05\/Relatorio-de-atividades-Pos-doc-voluntario.doc\">Relatorio de atividades P\u00f3s-doc volunt\u00e1rio<\/a><\/p>\n<p>&nbsp;<\/p>\n<p style=\"text-align: justify;\">Tamb\u00e9m atuaram junto ao PPGEF como bolsistas volunt\u00e1rios de p\u00f3s-doutorado os pesquisadores:<\/p>\n<p style=\"text-align: justify;\">\n","protected":false},"excerpt":{"rendered":"<p>O Programa conta periodicamente com bolsas do Programa Nacional de P\u00f3s-Doutorado (PNPD-CAPES), e a sele\u00e7\u00e3o de bolsista ocorre de acordo com a disponibilidade da bolsa via edital. Informa\u00e7\u00f5es de sele\u00e7\u00e3o\u00a0 AQUI J\u00e1 foram bolsistas P\u00f3s-Doc do Programa: Prof. Dr. Eurico Nestor Wilhelm Neto ( &#8211; ) Prof\u00aa Dr\u00aa Ingi Petitemberte Klain ( &#8211; ) Prof. [&hellip;]<\/p>\n","protected":false},"author":592,"featured_media":0,"parent":0,"menu_order":0,"comment_status":"closed","ping_status":"closed","template":"","meta":{"footnotes":""},"class_list":["post-2235","page","type-page","status-publish","hentry"],"_links":{"self":[{"href":"https:\/\/wp.ufpel.edu.br\/ppgef\/wp-json\/wp\/v2\/pages\/2235","targetHints":{"allow":["GET"]}}],"collection":[{"href":"https:\/\/wp.ufpel.edu.br\/ppgef\/wp-json\/wp\/v2\/pages"}],"about":[{"href":"https:\/\/wp.ufpel.edu.br\/ppgef\/wp-json\/wp\/v2\/types\/page"}],"author":[{"embeddable":true,"href":"https:\/\/wp.ufpel.edu.br\/ppgef\/wp-json\/wp\/v2\/users\/592"}],"replies":[{"embeddable":true,"href":"https:\/\/wp.ufpel.edu.br\/ppgef\/wp-json\/wp\/v2\/comments?post=2235"}],"version-history":[{"count":8,"href":"https:\/\/wp.ufpel.edu.br\/ppgef\/wp-json\/wp\/v2\/pages\/2235\/revisions"}],"predecessor-version":[{"id":4572,"href":"https:\/\/wp.ufpel.edu.br\/ppgef\/wp-json\/wp\/v2\/pages\/2235\/revisions\/4572"}],"wp:attachment":[{"href":"https:\/\/wp.ufpel.edu.br\/ppgef\/wp-json\/wp\/v2\/media?parent=2235"}],"curies":[{"name":"wp","href":"https:\/\/api.w.org\/{rel}","templated":true}]}}