{"id":2222,"date":"2020-11-10T20:33:37","date_gmt":"2020-11-10T23:33:37","guid":{"rendered":"https:\/\/wp.ufpel.edu.br\/ppgef\/?page_id=2222"},"modified":"2020-11-10T20:33:37","modified_gmt":"2020-11-10T23:33:37","slug":"selecao-regular-2017","status":"publish","type":"page","link":"https:\/\/wp.ufpel.edu.br\/ppgef\/selecao-regular-2017\/","title":{"rendered":"sele\u00e7\u00e3o regular 2017"},"content":{"rendered":"<p><a href=\"https:\/\/wp.ufpel.edu.br\/ppgef\/files\/2020\/11\/Edital-de-Selecao-de-Aluno-Regular-045-PPG-Educacao-Fisica.pdf\">Edital Sele\u00e7\u00e3o Mestrado e Doutorado 2017<\/a><\/p>\n<p><a href=\"https:\/\/wp.ufpel.edu.br\/ppgef\/files\/2020\/11\/Edital-de-Retificacao-07-2017-PPG-em-Educacao-Fisica.pdf\">Edital de Retifica\u00e7\u00e3o Sele\u00e7\u00e3o Mestrado e Doutorado 2017<\/a><\/p>\n<p><a href=\"https:\/\/wp.ufpel.edu.br\/ppgef\/files\/2020\/11\/Resultado-final-processo-seletivo-mest-dout-2017-ppgef.pdf\">Resultado final <\/a><\/p>\n","protected":false},"excerpt":{"rendered":"<p>Edital Sele\u00e7\u00e3o Mestrado e Doutorado 2017 Edital de Retifica\u00e7\u00e3o Sele\u00e7\u00e3o Mestrado e Doutorado 2017 Resultado final<\/p>\n","protected":false},"author":592,"featured_media":0,"parent":0,"menu_order":0,"comment_status":"closed","ping_status":"closed","template":"","meta":{"footnotes":""},"class_list":["post-2222","page","type-page","status-publish","hentry"],"_links":{"self":[{"href":"https:\/\/wp.ufpel.edu.br\/ppgef\/wp-json\/wp\/v2\/pages\/2222","targetHints":{"allow":["GET"]}}],"collection":[{"href":"https:\/\/wp.ufpel.edu.br\/ppgef\/wp-json\/wp\/v2\/pages"}],"about":[{"href":"https:\/\/wp.ufpel.edu.br\/ppgef\/wp-json\/wp\/v2\/types\/page"}],"author":[{"embeddable":true,"href":"https:\/\/wp.ufpel.edu.br\/ppgef\/wp-json\/wp\/v2\/users\/592"}],"replies":[{"embeddable":true,"href":"https:\/\/wp.ufpel.edu.br\/ppgef\/wp-json\/wp\/v2\/comments?post=2222"}],"version-history":[{"count":1,"href":"https:\/\/wp.ufpel.edu.br\/ppgef\/wp-json\/wp\/v2\/pages\/2222\/revisions"}],"predecessor-version":[{"id":2226,"href":"https:\/\/wp.ufpel.edu.br\/ppgef\/wp-json\/wp\/v2\/pages\/2222\/revisions\/2226"}],"wp:attachment":[{"href":"https:\/\/wp.ufpel.edu.br\/ppgef\/wp-json\/wp\/v2\/media?parent=2222"}],"curies":[{"name":"wp","href":"https:\/\/api.w.org\/{rel}","templated":true}]}}