{"id":2214,"date":"2020-11-10T20:23:17","date_gmt":"2020-11-10T23:23:17","guid":{"rendered":"https:\/\/wp.ufpel.edu.br\/ppgef\/?page_id=2214"},"modified":"2020-11-10T20:23:17","modified_gmt":"2020-11-10T23:23:17","slug":"selecao-regular-2019","status":"publish","type":"page","link":"https:\/\/wp.ufpel.edu.br\/ppgef\/selecao-regular-2019\/","title":{"rendered":"sele\u00e7\u00e3o regular 2019"},"content":{"rendered":"<p><a href=\"https:\/\/wp.ufpel.edu.br\/ppgef\/files\/2020\/11\/Edital-mest-dout-ppgef-2019.pdf\">Edital Sele\u00e7\u00e3o Mestrado e Doutorado 2019<\/a><\/p>\n<p><a href=\"https:\/\/wp.ufpel.edu.br\/ppgef\/files\/2020\/11\/SEI_UFPel-0573110-Edital-de-Retificacao-PRPPGI.pdf\">Edital de Retifica\u00e7\u00e3o Sele\u00e7\u00e3o Mestrado e Doutorado 2019<\/a><\/p>\n<p><a href=\"https:\/\/wp.ufpel.edu.br\/ppgef\/files\/2020\/11\/Resultado-final-processo-2019-aluno-regular.pdf\">Resultado final<\/a><\/p>\n","protected":false},"excerpt":{"rendered":"<p>Edital Sele\u00e7\u00e3o Mestrado e Doutorado 2019 Edital de Retifica\u00e7\u00e3o Sele\u00e7\u00e3o Mestrado e Doutorado 2019 Resultado final<\/p>\n","protected":false},"author":592,"featured_media":0,"parent":0,"menu_order":0,"comment_status":"closed","ping_status":"closed","template":"","meta":{"footnotes":""},"class_list":["post-2214","page","type-page","status-publish","hentry"],"_links":{"self":[{"href":"https:\/\/wp.ufpel.edu.br\/ppgef\/wp-json\/wp\/v2\/pages\/2214","targetHints":{"allow":["GET"]}}],"collection":[{"href":"https:\/\/wp.ufpel.edu.br\/ppgef\/wp-json\/wp\/v2\/pages"}],"about":[{"href":"https:\/\/wp.ufpel.edu.br\/ppgef\/wp-json\/wp\/v2\/types\/page"}],"author":[{"embeddable":true,"href":"https:\/\/wp.ufpel.edu.br\/ppgef\/wp-json\/wp\/v2\/users\/592"}],"replies":[{"embeddable":true,"href":"https:\/\/wp.ufpel.edu.br\/ppgef\/wp-json\/wp\/v2\/comments?post=2214"}],"version-history":[{"count":1,"href":"https:\/\/wp.ufpel.edu.br\/ppgef\/wp-json\/wp\/v2\/pages\/2214\/revisions"}],"predecessor-version":[{"id":2218,"href":"https:\/\/wp.ufpel.edu.br\/ppgef\/wp-json\/wp\/v2\/pages\/2214\/revisions\/2218"}],"wp:attachment":[{"href":"https:\/\/wp.ufpel.edu.br\/ppgef\/wp-json\/wp\/v2\/media?parent=2214"}],"curies":[{"name":"wp","href":"https:\/\/api.w.org\/{rel}","templated":true}]}}