{"id":2136,"date":"2020-11-06T10:12:52","date_gmt":"2020-11-06T13:12:52","guid":{"rendered":"https:\/\/wp.ufpel.edu.br\/ppgef\/?page_id=2136"},"modified":"2023-10-25T11:49:04","modified_gmt":"2023-10-25T14:49:04","slug":"inscricao-termos-e-portarias-2","status":"publish","type":"page","link":"https:\/\/wp.ufpel.edu.br\/ppgef\/inscricao-termos-e-portarias-2\/","title":{"rendered":"Termos e Portarias"},"content":{"rendered":"<p><a href=\"https:\/\/wp.ufpel.edu.br\/ppgef\/files\/2023\/10\/TermodeCompromissoDS.docx\">Termo de Compromisso CAPES_DS<\/a><\/p>\n<p><a href=\"https:\/\/wp.ufpel.edu.br\/ppgef\/files\/2020\/11\/TERMO-DE-COMPROMISSO-PPGEF.docx\">Termo de Compromisso PPGEF<\/a><\/p>\n<p><a href=\"https:\/\/wp.ufpel.edu.br\/ppgef\/files\/2023\/10\/DeclaraodeAcmulos1.docx\">Declara\u00e7\u00e3o de Ac\u00famulo de Bolsas<\/a><\/p>\n<p><a href=\"https:\/\/wp.ufpel.edu.br\/ppgef\/files\/2020\/11\/Portaria-Conjunta-CAPES-e-CNPq-no1-15.07.2010.pdf\">Portaria Conjunta CAPES-CNPq \u2013 ac\u00famulo de bolsa e v\u00ednculo empregat\u00edcio<\/a><\/p>\n<p><a href=\"https:\/\/wp.ufpel.edu.br\/ppgef\/files\/2020\/11\/Nota-sobre-Portaria-conjunta-CAPES-CNPq.pdf\">Nota sobre a Portaria Conjunta da CAPES \u2013 CNPq<\/a><\/p>\n<p><a href=\"https:\/\/wp.ufpel.edu.br\/ppgef\/files\/2020\/11\/Memorando-citacoes-CAPES-Trabalho-Final.pdf\">Obrigatoriedade de cita\u00e7\u00e3o da CAPES e da UFPel em trabalhos de bolsistas de Mestrado e Doutorado<\/a><\/p>\n<p><a href=\"https:\/\/wp.ufpel.edu.br\/ppgef\/files\/2023\/01\/Atribuicoes-dos-bolsistas-Plano-de-trabalho-e-relatorio.docx\">Atribui\u00e7\u00f5es dos bolsistas + Plano de trabalho e Relat\u00f3rio<\/a><\/p>\n","protected":false},"excerpt":{"rendered":"<p>Termo de Compromisso CAPES_DS Termo de Compromisso PPGEF Declara\u00e7\u00e3o de Ac\u00famulo de Bolsas Portaria Conjunta CAPES-CNPq \u2013 ac\u00famulo de bolsa e v\u00ednculo empregat\u00edcio Nota sobre a Portaria Conjunta da CAPES \u2013 CNPq Obrigatoriedade de cita\u00e7\u00e3o da CAPES e da UFPel em trabalhos de bolsistas de Mestrado e Doutorado Atribui\u00e7\u00f5es dos bolsistas + Plano de trabalho [&hellip;]<\/p>\n","protected":false},"author":592,"featured_media":0,"parent":0,"menu_order":0,"comment_status":"closed","ping_status":"closed","template":"","meta":{"footnotes":""},"class_list":["post-2136","page","type-page","status-publish","hentry"],"_links":{"self":[{"href":"https:\/\/wp.ufpel.edu.br\/ppgef\/wp-json\/wp\/v2\/pages\/2136","targetHints":{"allow":["GET"]}}],"collection":[{"href":"https:\/\/wp.ufpel.edu.br\/ppgef\/wp-json\/wp\/v2\/pages"}],"about":[{"href":"https:\/\/wp.ufpel.edu.br\/ppgef\/wp-json\/wp\/v2\/types\/page"}],"author":[{"embeddable":true,"href":"https:\/\/wp.ufpel.edu.br\/ppgef\/wp-json\/wp\/v2\/users\/592"}],"replies":[{"embeddable":true,"href":"https:\/\/wp.ufpel.edu.br\/ppgef\/wp-json\/wp\/v2\/comments?post=2136"}],"version-history":[{"count":6,"href":"https:\/\/wp.ufpel.edu.br\/ppgef\/wp-json\/wp\/v2\/pages\/2136\/revisions"}],"predecessor-version":[{"id":3919,"href":"https:\/\/wp.ufpel.edu.br\/ppgef\/wp-json\/wp\/v2\/pages\/2136\/revisions\/3919"}],"wp:attachment":[{"href":"https:\/\/wp.ufpel.edu.br\/ppgef\/wp-json\/wp\/v2\/media?parent=2136"}],"curies":[{"name":"wp","href":"https:\/\/api.w.org\/{rel}","templated":true}]}}