{"id":2020,"date":"2020-11-03T11:55:32","date_gmt":"2020-11-03T14:55:32","guid":{"rendered":"https:\/\/wp.ufpel.edu.br\/ppgef\/?page_id=2020"},"modified":"2020-11-05T18:27:09","modified_gmt":"2020-11-05T21:27:09","slug":"aluno-regular","status":"publish","type":"page","link":"https:\/\/wp.ufpel.edu.br\/ppgef\/aluno-regular\/","title":{"rendered":"Aluno Regular"},"content":{"rendered":"<p>A sele\u00e7\u00e3o para Aluno Regular \u00e9 feita anualmente, sempre no meio do ano, utilizando como base um Edital de Sele\u00e7\u00e3o, publicado no site da Universidade e no site do Programa. Nesta modalidade voc\u00ea se tornar\u00e1 aluno do curso de Mestrado ou Doutorado, em uma das duas linhas de pesquisa do programa: \u201cBiodin\u00e2mica do Movimento Humano\u201d ou\u00a0 \u201cMovimento Humano, Educa\u00e7\u00e3o e Sociedade\u201d. Veja maiores informa\u00e7\u00f5es das \u00c1reas de Concentra\u00e7\u00e3o e Linhas de Pesquisa <a href=\"https:\/\/wp.ufpel.edu.br\/ppgef\/areas-e-linhas-de-pesquisa\/\">AQUI<\/a>.<\/p>\n<p>Ficou interessado em ser um Aluno Regular do nosso Programa?<\/p>\n<p>Veja os editais publicados nos \u00faltimos anos. Acesse\u00a0\u00a0<strong>PROCESSO SELETIVO &gt; ALUNO REGULAR &gt; CLIQUE NO ANO DESEJADO (para visualizar os documentos de sele\u00e7\u00e3o do referido ano)<\/strong><\/p>\n","protected":false},"excerpt":{"rendered":"<p>A sele\u00e7\u00e3o para Aluno Regular \u00e9 feita anualmente, sempre no meio do ano, utilizando como base um Edital de Sele\u00e7\u00e3o, publicado no site da Universidade e no site do Programa. Nesta modalidade voc\u00ea se tornar\u00e1 aluno do curso de Mestrado ou Doutorado, em uma das duas linhas de pesquisa do programa: \u201cBiodin\u00e2mica do Movimento Humano\u201d [&hellip;]<\/p>\n","protected":false},"author":592,"featured_media":0,"parent":0,"menu_order":0,"comment_status":"closed","ping_status":"closed","template":"","meta":{"footnotes":""},"class_list":["post-2020","page","type-page","status-publish","hentry"],"_links":{"self":[{"href":"https:\/\/wp.ufpel.edu.br\/ppgef\/wp-json\/wp\/v2\/pages\/2020","targetHints":{"allow":["GET"]}}],"collection":[{"href":"https:\/\/wp.ufpel.edu.br\/ppgef\/wp-json\/wp\/v2\/pages"}],"about":[{"href":"https:\/\/wp.ufpel.edu.br\/ppgef\/wp-json\/wp\/v2\/types\/page"}],"author":[{"embeddable":true,"href":"https:\/\/wp.ufpel.edu.br\/ppgef\/wp-json\/wp\/v2\/users\/592"}],"replies":[{"embeddable":true,"href":"https:\/\/wp.ufpel.edu.br\/ppgef\/wp-json\/wp\/v2\/comments?post=2020"}],"version-history":[{"count":2,"href":"https:\/\/wp.ufpel.edu.br\/ppgef\/wp-json\/wp\/v2\/pages\/2020\/revisions"}],"predecessor-version":[{"id":2117,"href":"https:\/\/wp.ufpel.edu.br\/ppgef\/wp-json\/wp\/v2\/pages\/2020\/revisions\/2117"}],"wp:attachment":[{"href":"https:\/\/wp.ufpel.edu.br\/ppgef\/wp-json\/wp\/v2\/media?parent=2020"}],"curies":[{"name":"wp","href":"https:\/\/api.w.org\/{rel}","templated":true}]}}