{"id":2018,"date":"2020-11-03T11:54:22","date_gmt":"2020-11-03T14:54:22","guid":{"rendered":"https:\/\/wp.ufpel.edu.br\/ppgef\/?page_id=2018"},"modified":"2020-11-12T10:39:35","modified_gmt":"2020-11-12T13:39:35","slug":"processo-seletivo","status":"publish","type":"page","link":"https:\/\/wp.ufpel.edu.br\/ppgef\/processo-seletivo\/","title":{"rendered":"Processo Seletivo"},"content":{"rendered":"<p>O programa realiza Processo Seletivo para ingresso de alunos nas modalidades Regular e Especial. Para ambas modalidades de ingresso \u00e9 utilizado como base um Edital de Sele\u00e7\u00e3o, publicado no site da Universidade e no site do Programa.<\/p>\n<p>A sele\u00e7\u00e3o para\u00a0<strong>Aluno Regular<\/strong> \u00e9 feita anualmente, sempre no meio do ano. Nesta modalidade voc\u00ea se tornar\u00e1 aluno do curso de Mestrado ou Doutorado, em uma das duas \u00e1reas de concentra\u00e7\u00e3o do programa: \u201cBiodin\u00e2mica do Movimento Humano\u201d ou\u00a0 \u201cMovimento Humano, Educa\u00e7\u00e3o e Sociedade\u201d. Veja maiores informa\u00e7\u00f5es das \u00c1reas de Concentra\u00e7\u00e3o e Linhas de Pesquisa <a href=\"https:\/\/wp.ufpel.edu.br\/ppgef\/areas-e-linhas-de-pesquisa\/\"><strong>AQUI<\/strong><\/a>.<\/p>\n<p>J\u00e1 a sele\u00e7\u00e3o para\u00a0<strong>Aluno Especial<\/strong>\u00a0\u00e9 feita semestralmente, no m\u00eas anterior ao in\u00edcio das aulas, e voc\u00ea poder\u00e1 cursar at\u00e9 duas disciplinas no semestre. Essa modalidade \u00e9 interessante para aqueles alunos que desejam apenas cursar algumas disciplinas no programa, sem necessidade de ingresso como aluno regular.<\/p>\n<p><strong>Ficou interessado em se tornar um Aluno Regular ou Especial do nosso Programa?<\/strong><\/p>\n<p>Veja os editais j\u00e1 publicados para\u00a0<a href=\"https:\/\/wp.ufpel.edu.br\/ppgef\/aluno-regular\/\"><strong>ALUNO REGULAR<\/strong><\/a>\u00a0e\u00a0<a href=\"https:\/\/wp.ufpel.edu.br\/ppgef\/aluno-especial\/\"><strong>ALUNO ESPECIAL<\/strong><\/a>.<\/p>\n<p><strong>Ainda restaram d\u00favidas?<\/strong>\u00a0Envie e-mail para ppgef.ufel@gmail.com que retornaremos contato o mais breve poss\u00edvel.<\/p>\n","protected":false},"excerpt":{"rendered":"<p>O programa realiza Processo Seletivo para ingresso de alunos nas modalidades Regular e Especial. Para ambas modalidades de ingresso \u00e9 utilizado como base um Edital de Sele\u00e7\u00e3o, publicado no site da Universidade e no site do Programa. A sele\u00e7\u00e3o para\u00a0Aluno Regular \u00e9 feita anualmente, sempre no meio do ano. Nesta modalidade voc\u00ea se tornar\u00e1 aluno [&hellip;]<\/p>\n","protected":false},"author":592,"featured_media":0,"parent":0,"menu_order":0,"comment_status":"closed","ping_status":"closed","template":"","meta":{"footnotes":""},"class_list":["post-2018","page","type-page","status-publish","hentry"],"_links":{"self":[{"href":"https:\/\/wp.ufpel.edu.br\/ppgef\/wp-json\/wp\/v2\/pages\/2018","targetHints":{"allow":["GET"]}}],"collection":[{"href":"https:\/\/wp.ufpel.edu.br\/ppgef\/wp-json\/wp\/v2\/pages"}],"about":[{"href":"https:\/\/wp.ufpel.edu.br\/ppgef\/wp-json\/wp\/v2\/types\/page"}],"author":[{"embeddable":true,"href":"https:\/\/wp.ufpel.edu.br\/ppgef\/wp-json\/wp\/v2\/users\/592"}],"replies":[{"embeddable":true,"href":"https:\/\/wp.ufpel.edu.br\/ppgef\/wp-json\/wp\/v2\/comments?post=2018"}],"version-history":[{"count":4,"href":"https:\/\/wp.ufpel.edu.br\/ppgef\/wp-json\/wp\/v2\/pages\/2018\/revisions"}],"predecessor-version":[{"id":2267,"href":"https:\/\/wp.ufpel.edu.br\/ppgef\/wp-json\/wp\/v2\/pages\/2018\/revisions\/2267"}],"wp:attachment":[{"href":"https:\/\/wp.ufpel.edu.br\/ppgef\/wp-json\/wp\/v2\/media?parent=2018"}],"curies":[{"name":"wp","href":"https:\/\/api.w.org\/{rel}","templated":true}]}}