{"id":2010,"date":"2020-11-03T11:48:34","date_gmt":"2020-11-03T14:48:34","guid":{"rendered":"https:\/\/wp.ufpel.edu.br\/ppgef\/?page_id=2010"},"modified":"2020-11-12T11:11:00","modified_gmt":"2020-11-12T14:11:00","slug":"egressos","status":"publish","type":"page","link":"https:\/\/wp.ufpel.edu.br\/ppgef\/egressos\/","title":{"rendered":"Egressos"},"content":{"rendered":"<p style=\"text-align: justify\">Os egressos do nosso programa s\u00e3o apresentados ordenados por ano de conclus\u00e3o. Informamos tamb\u00e9m o link do seu Curr\u00edculo Lattes, o nome do(a) orientador(a), o t\u00edtulo do trabalho de pesquisa, e em alguns casos, disponibilizamos o seu trabalho de pesquisa na \u00edntegra para download.<\/p>\n<p><strong><a href=\"https:\/\/wp.ufpel.edu.br\/ppgef\/teses-defendidas\/\"> CLIQUE AQUI<\/a><\/strong> para visualizar os egressos do curso de <strong>DOUTORADO.<\/strong><\/p>\n<p><strong><a href=\"https:\/\/wp.ufpel.edu.br\/ppgef\/dissertacoes-defendidas\/\">CLIQUE AQUI<\/a><\/strong> para visualizar os egressos do curso de <strong>MESTRADO.<\/strong><\/p>\n","protected":false},"excerpt":{"rendered":"<p>Os egressos do nosso programa s\u00e3o apresentados ordenados por ano de conclus\u00e3o. Informamos tamb\u00e9m o link do seu Curr\u00edculo Lattes, o nome do(a) orientador(a), o t\u00edtulo do trabalho de pesquisa, e em alguns casos, disponibilizamos o seu trabalho de pesquisa na \u00edntegra para download. CLIQUE AQUI para visualizar os egressos do curso de DOUTORADO. CLIQUE [&hellip;]<\/p>\n","protected":false},"author":592,"featured_media":0,"parent":0,"menu_order":0,"comment_status":"closed","ping_status":"closed","template":"","meta":{"footnotes":""},"class_list":["post-2010","page","type-page","status-publish","hentry"],"_links":{"self":[{"href":"https:\/\/wp.ufpel.edu.br\/ppgef\/wp-json\/wp\/v2\/pages\/2010","targetHints":{"allow":["GET"]}}],"collection":[{"href":"https:\/\/wp.ufpel.edu.br\/ppgef\/wp-json\/wp\/v2\/pages"}],"about":[{"href":"https:\/\/wp.ufpel.edu.br\/ppgef\/wp-json\/wp\/v2\/types\/page"}],"author":[{"embeddable":true,"href":"https:\/\/wp.ufpel.edu.br\/ppgef\/wp-json\/wp\/v2\/users\/592"}],"replies":[{"embeddable":true,"href":"https:\/\/wp.ufpel.edu.br\/ppgef\/wp-json\/wp\/v2\/comments?post=2010"}],"version-history":[{"count":4,"href":"https:\/\/wp.ufpel.edu.br\/ppgef\/wp-json\/wp\/v2\/pages\/2010\/revisions"}],"predecessor-version":[{"id":2271,"href":"https:\/\/wp.ufpel.edu.br\/ppgef\/wp-json\/wp\/v2\/pages\/2010\/revisions\/2271"}],"wp:attachment":[{"href":"https:\/\/wp.ufpel.edu.br\/ppgef\/wp-json\/wp\/v2\/media?parent=2010"}],"curies":[{"name":"wp","href":"https:\/\/api.w.org\/{rel}","templated":true}]}}