{"id":1998,"date":"2020-11-03T11:26:10","date_gmt":"2020-11-03T14:26:10","guid":{"rendered":"https:\/\/wp.ufpel.edu.br\/ppgef\/?page_id=1998"},"modified":"2020-11-12T18:22:15","modified_gmt":"2020-11-12T21:22:15","slug":"bolsistas-mestrado","status":"publish","type":"page","link":"https:\/\/wp.ufpel.edu.br\/ppgef\/bolsistas-mestrado\/","title":{"rendered":"Bolsistas Mestrado"},"content":{"rendered":"<p style=\"text-align: justify\">Atualmente o Programa possui 10 bolsas CAPES\/DS para o curso de Mestrado.<\/p>\n<p style=\"text-align: justify\">Em 2020 duas mestrandas foram contempladas com uma bolsa destinada para as a\u00e7\u00f5es afirmativas &#8211; Cota da PRPPGI (Pr\u00f3 Reitoria de Pesquisa, P\u00f3s-Gradua\u00e7\u00e3o e Inova\u00e7\u00e3o da pr\u00f3pria universidade).<\/p>\n<p style=\"text-align: justify\">Abaixo a lista com os atuais bolsistas:<\/p>\n<table style=\"height: 1062px;width: 96.6061%\" width=\"731\">\n<tbody>\n<tr>\n<td width=\"25%\"><strong>ALUNO<\/strong><\/td>\n<td width=\"22%\"><strong>INGRESSO NO CURSO<\/strong><\/td>\n<td width=\"18%\"><strong>ORIENTADOR(A)\u00a0<\/strong><\/td>\n<td width=\"18%\"><strong>AG\u00caNCIA DE FOMENTO<\/strong><\/td>\n<td width=\"15%\"><strong>IN\u00cdCIO DA BOLSA<\/strong><\/td>\n<\/tr>\n<tr>\n<td width=\"25%\">AMANDA FRANCO DA SILVA<\/td>\n<td width=\"22%\">09\/2020<\/td>\n<td width=\"18%\">ALEXANDRE<\/td>\n<td width=\"18%\">CAPES \/ DS<\/td>\n<td width=\"15%\">11\/2020<\/td>\n<\/tr>\n<tr>\n<td width=\"25%\">ANA PAULA DIAS DE SOUZA<\/td>\n<td width=\"22%\">08\/2019<\/td>\n<td width=\"18%\">ANDRIZE<\/td>\n<td width=\"18%\">COTA PRPPGI<\/td>\n<td width=\"15%\">&#8212;<\/td>\n<\/tr>\n<tr>\n<td width=\"25%\">BRENDA DE PINHO BASTOS<\/td>\n<td width=\"22%\">08\/2019<\/td>\n<td width=\"18%\">RICARDO<\/td>\n<td width=\"18%\">CAPES \/ DS<\/td>\n<td width=\"15%\">10\/2020<\/td>\n<\/tr>\n<tr>\n<td width=\"25%\">GIULIA SALABERRY LEITE<\/td>\n<td width=\"22%\">08\/2019<\/td>\n<td width=\"18%\">IN\u00c1CIO<\/td>\n<td width=\"18%\">COTA PRPPGI<\/td>\n<td width=\"15%\">&#8212;<\/td>\n<\/tr>\n<tr>\n<td width=\"25%\">IASMIM LEGUISSANO DOS SANTOS<\/td>\n<td width=\"22%\">08\/2019<\/td>\n<td width=\"18%\">RIGO<\/td>\n<td width=\"18%\">CAPES \/ DS<\/td>\n<td width=\"15%\">10\/2020<\/td>\n<\/tr>\n<tr>\n<td width=\"25%\">JULIANA DIEL DE ARRUDA<\/td>\n<td width=\"22%\">08\/2019<\/td>\n<td width=\"18%\">MARI\u00c2NGELA<\/td>\n<td width=\"18%\">CAPES \/ DS<\/td>\n<td width=\"15%\">08\/2020<\/td>\n<\/tr>\n<tr>\n<td width=\"25%\">JULIE HELLEN DE BARROS DA CRUZ<\/td>\n<td width=\"22%\">08\/2019<\/td>\n<td width=\"18%\">GABRIEL<\/td>\n<td width=\"18%\">CAPES \/ DS<\/td>\n<td width=\"15%\">08\/2020<\/td>\n<\/tr>\n<tr>\n<td width=\"25%\">PALOMA REIS \u00a0ORTIGAS<\/td>\n<td width=\"22%\">08\/2019<\/td>\n<td width=\"18%\">RODOLFO<\/td>\n<td width=\"18%\">CAPES \/ DS<\/td>\n<td width=\"15%\">10\/2020<\/td>\n<\/tr>\n<tr>\n<td width=\"25%\">PAULA CAROLINI CONCEICAO CAMPELO<\/td>\n<td width=\"22%\">08\/2018<\/td>\n<td width=\"18%\">STEPHANIE<\/td>\n<td width=\"18%\">CAPES \/ DS<\/td>\n<td width=\"15%\">10\/2019<\/td>\n<\/tr>\n<tr>\n<td width=\"25%\">RAUL VICTORIA<\/td>\n<td width=\"22%\">08\/2019<\/td>\n<td width=\"18%\">ALAN<\/td>\n<td width=\"18%\">CAPES \/ DS<\/td>\n<td width=\"15%\">08\/2020<\/td>\n<\/tr>\n<tr>\n<td width=\"25%\">R\u00daBIA DA CUNHA GORZIZA GARCIA<\/td>\n<td width=\"22%\">09\/2020<\/td>\n<td width=\"18%\">SUZETE<\/td>\n<td width=\"18%\">CAPES \/ DS<\/td>\n<td width=\"15%\">11\/2020<\/td>\n<\/tr>\n<tr>\n<td width=\"25%\">VINICIUS GUADALUPE BARCELOS OLIVEIRA<\/td>\n<td width=\"22%\">08\/2018<\/td>\n<td width=\"18%\">MARCELO<\/td>\n<td width=\"18%\">CAPES \/ DS<\/td>\n<td width=\"15%\">10\/2019<\/td>\n<\/tr>\n<\/tbody>\n<\/table>\n<p>&nbsp;<\/p>\n","protected":false},"excerpt":{"rendered":"<p>Atualmente o Programa possui 10 bolsas CAPES\/DS para o curso de Mestrado. Em 2020 duas mestrandas foram contempladas com uma bolsa destinada para as a\u00e7\u00f5es afirmativas &#8211; Cota da PRPPGI (Pr\u00f3 Reitoria de Pesquisa, P\u00f3s-Gradua\u00e7\u00e3o e Inova\u00e7\u00e3o da pr\u00f3pria universidade). Abaixo a lista com os atuais bolsistas: ALUNO INGRESSO NO CURSO ORIENTADOR(A)\u00a0 AG\u00caNCIA DE FOMENTO [&hellip;]<\/p>\n","protected":false},"author":592,"featured_media":0,"parent":0,"menu_order":0,"comment_status":"closed","ping_status":"closed","template":"","meta":{"footnotes":""},"class_list":["post-1998","page","type-page","status-publish","hentry"],"_links":{"self":[{"href":"https:\/\/wp.ufpel.edu.br\/ppgef\/wp-json\/wp\/v2\/pages\/1998","targetHints":{"allow":["GET"]}}],"collection":[{"href":"https:\/\/wp.ufpel.edu.br\/ppgef\/wp-json\/wp\/v2\/pages"}],"about":[{"href":"https:\/\/wp.ufpel.edu.br\/ppgef\/wp-json\/wp\/v2\/types\/page"}],"author":[{"embeddable":true,"href":"https:\/\/wp.ufpel.edu.br\/ppgef\/wp-json\/wp\/v2\/users\/592"}],"replies":[{"embeddable":true,"href":"https:\/\/wp.ufpel.edu.br\/ppgef\/wp-json\/wp\/v2\/comments?post=1998"}],"version-history":[{"count":12,"href":"https:\/\/wp.ufpel.edu.br\/ppgef\/wp-json\/wp\/v2\/pages\/1998\/revisions"}],"predecessor-version":[{"id":2290,"href":"https:\/\/wp.ufpel.edu.br\/ppgef\/wp-json\/wp\/v2\/pages\/1998\/revisions\/2290"}],"wp:attachment":[{"href":"https:\/\/wp.ufpel.edu.br\/ppgef\/wp-json\/wp\/v2\/media?parent=1998"}],"curies":[{"name":"wp","href":"https:\/\/api.w.org\/{rel}","templated":true}]}}