{"id":1996,"date":"2020-11-03T09:49:05","date_gmt":"2020-11-03T12:49:05","guid":{"rendered":"https:\/\/wp.ufpel.edu.br\/ppgef\/?page_id=1996"},"modified":"2020-11-11T18:22:50","modified_gmt":"2020-11-11T21:22:50","slug":"alunos-regulares-mestrado","status":"publish","type":"page","link":"https:\/\/wp.ufpel.edu.br\/ppgef\/alunos-regulares-mestrado\/","title":{"rendered":"Alunos Regulares Mestrado"},"content":{"rendered":"<table style=\"height: 2913px\" width=\"729\">\n<tbody>\n<tr>\n<td style=\"width: 719px\" colspan=\"3\">\n<p style=\"text-align: center\"><strong>INGRESSANTES EM 09\/2020 \u2013 PROV\u00c1VEL CONCLUS\u00c3O 08\/2022<\/strong><\/p>\n<\/td>\n<\/tr>\n<tr>\n<td style=\"width: 235px\"><strong>ALUNO<\/strong><\/td>\n<td style=\"width: 236px\"><strong>ORIENTADOR<\/strong><\/td>\n<td style=\"width: 236px\"><strong>LINHA DE PESQUISA<\/strong><\/td>\n<\/tr>\n<tr>\n<td style=\"width: 235px\">ALINE MACHADO VEIGA<\/td>\n<td style=\"width: 236px\">Prof. Dr. Pedro Hallal<\/td>\n<td style=\"width: 236px\">Epidemiologia da Atividade F\u00edsica<\/td>\n<\/tr>\n<tr>\n<td style=\"width: 235px\">AMANDA FRANCO DA SILVA<\/td>\n<td style=\"width: 236px\">Prof. Dr. Alexandre Marques<\/td>\n<td style=\"width: 236px\">Forma\u00e7\u00e3o Profissional e Pr\u00e1tica Pedag\u00f3gica &#8211; Inclusiva<\/td>\n<\/tr>\n<tr>\n<td style=\"width: 235px\">ANA VAL\u00c9RIA LIMA REIS<\/td>\n<td style=\"width: 236px\">Prof. Dr. Alan Goularte<\/td>\n<td style=\"width: 236px\">Estudos Socioculturais do Esporte e da Sa\u00fade<\/td>\n<\/tr>\n<tr>\n<td style=\"width: 235px\">BRUNO FEIJ\u00d3 B\u00dcRKLE<\/td>\n<td style=\"width: 236px\">Prof. Dr. Ricardo Drews<\/td>\n<td style=\"width: 236px\">Comportamento Motor<\/td>\n<\/tr>\n<tr>\n<td style=\"width: 235px\">CAROLINE CAMPOS BLUHM<\/td>\n<td style=\"width: 236px\">Prof. Dr. Airton Rombaldi<\/td>\n<td style=\"width: 236px\">Exerc\u00edcio F\u00edsico para Promo\u00e7\u00e3o da Sa\u00fade<\/td>\n<\/tr>\n<tr>\n<td style=\"width: 235px\">CAROLINE MALUE HUCKEMBECK<\/td>\n<td style=\"width: 236px\">Prof. Dr. Felipe Fossati<\/td>\n<td style=\"width: 236px\">Epidemiologia da Atividade F\u00edsica<\/td>\n<\/tr>\n<tr>\n<td style=\"width: 235px\">DESIR\u00c9E GOULART SOUZA<\/td>\n<td style=\"width: 236px\">Prof. Dr. Rodolfo Benda<\/td>\n<td style=\"width: 236px\">Comportamento Motor<\/td>\n<\/tr>\n<tr>\n<td style=\"width: 235px\">ELAINE TONINI FERREIRA<\/td>\n<td style=\"width: 236px\">Prof. Dr. Luiz Carlos Rigo<\/td>\n<td style=\"width: 236px\">Estudos Socioculturais do Esporte e da Sa\u00fade<\/td>\n<\/tr>\n<tr>\n<td style=\"width: 235px\">FELIPE GUSTAVO GRIEP BONOW<\/td>\n<td style=\"width: 236px\">Prof. Dr. Alexandre Marques<\/td>\n<td style=\"width: 236px\">Forma\u00e7\u00e3o Profissional e Pr\u00e1tica Pedag\u00f3gica &#8211; Inclusiva<\/td>\n<\/tr>\n<tr>\n<td style=\"width: 235px\">FRANCIELE COSTA BERNI<\/td>\n<td style=\"width: 236px\">Prof\u00aa Dr\u00aa Cristine Alberton<\/td>\n<td style=\"width: 236px\">Exerc\u00edcio F\u00edsico para Promo\u00e7\u00e3o da Sa\u00fade<\/td>\n<\/tr>\n<tr>\n<td style=\"width: 235px\">GABRIEL DE MORAES SIQUEIRA<\/td>\n<td style=\"width: 236px\">Prof. Dr. Fabr\u00edcio Boscolo<\/td>\n<td style=\"width: 236px\">Desempenho e Metabolismo Humano<\/td>\n<\/tr>\n<tr>\n<td style=\"width: 235px\">GABRIELA DIEL DE ARRUDA<\/td>\n<td style=\"width: 236px\">Prof\u00aa Dr\u00aa Mari\u00e2ngela Afonso<\/td>\n<td style=\"width: 236px\">Forma\u00e7\u00e3o Profissional e Pr\u00e1tica Pedag\u00f3gica na Escola<\/td>\n<\/tr>\n<tr>\n<td style=\"width: 235px\">GIS\u00c9LE DOS SANTOS TOM\u00c1Z<\/td>\n<td style=\"width: 236px\">Prof. Dr. Airton Rombaldi<\/td>\n<td style=\"width: 236px\">Exerc\u00edcio F\u00edsico para Promo\u00e7\u00e3o da Sa\u00fade<\/td>\n<\/tr>\n<tr>\n<td style=\"width: 235px\">HENRIQUE DE OLIVEIRA ARRIEIRA<\/td>\n<td style=\"width: 236px\">Prof\u00aa Dr\u00aa Mari\u00e2ngela Afonso<\/td>\n<td style=\"width: 236px\">Forma\u00e7\u00e3o Profissional e Pr\u00e1tica Pedag\u00f3gica na Escola<\/td>\n<\/tr>\n<tr>\n<td style=\"width: 235px\">J\u00daLIA CASSURIAGA DA SILVA VILELA LEMES<\/td>\n<td style=\"width: 236px\">Prof. Dr. Airton Rombaldi<\/td>\n<td style=\"width: 236px\">Exerc\u00edcio F\u00edsico para Promo\u00e7\u00e3o da Sa\u00fade<\/td>\n<\/tr>\n<tr>\n<td style=\"width: 235px\">KATARINA ALBERNAZ CECHIN<\/td>\n<td style=\"width: 236px\">Prof. Dr. In\u00e1cio Crochemore<\/td>\n<td style=\"width: 236px\">Estudos Socioculturais do Esporte e da Sa\u00fade<\/td>\n<\/tr>\n<tr>\n<td style=\"width: 235px\">LAUREN SILVA COSTA<\/td>\n<td style=\"width: 236px\">Prof\u00aa Dr\u00aa Suzete Clark<\/td>\n<td style=\"width: 236px\">Comportamento Motor<\/td>\n<\/tr>\n<tr>\n<td style=\"width: 235px\">MARCELO FRIO MARINS<\/td>\n<td style=\"width: 236px\">Prof. Dr. Marcelo Cozzensa<\/td>\n<td style=\"width: 236px\">Epidemiologia da Atividade F\u00edsica<\/td>\n<\/tr>\n<tr>\n<td style=\"width: 235px\">MARCOS EDUARDO DOS SANTOS HACKBART<\/td>\n<td style=\"width: 236px\">Prof. Dr. Ricardo Drews<\/td>\n<td style=\"width: 236px\">Comportamento Motor<\/td>\n<\/tr>\n<tr>\n<td style=\"width: 235px\">MARIA EDUARDA RODRIGUES RIBEIRO<\/td>\n<td style=\"width: 236px\">Prof\u00aa Dr\u00aa Suzete Clark<\/td>\n<td style=\"width: 236px\">Comportamento Motor<\/td>\n<\/tr>\n<tr>\n<td style=\"width: 235px\">MARIANA DA SILVA BRUM<\/td>\n<td style=\"width: 236px\">Prof. Dr. Luiz Carlos Rigo<\/td>\n<td style=\"width: 236px\">Estudos Socioculturais do Esporte e da Sa\u00fade<\/td>\n<\/tr>\n<tr>\n<td style=\"width: 235px\">MARIANE DE S\u00c1 BRITTO MORALES<\/td>\n<td style=\"width: 236px\">Prof. Dr. Fabr\u00edcio Boscolo<\/td>\n<td style=\"width: 236px\">Desempenho e Metabolismo Humano<\/td>\n<\/tr>\n<tr>\n<td style=\"width: 235px\">MARINA BARRIOS BROCHADO<\/td>\n<td style=\"width: 236px\">Prof\u00aa Dr\u00aa Cristine Alberton<\/td>\n<td style=\"width: 236px\">Exerc\u00edcio F\u00edsico para Promo\u00e7\u00e3o da Sa\u00fade<\/td>\n<\/tr>\n<tr>\n<td style=\"width: 235px\">MARINA KRAUSE WEYMAR<\/td>\n<td style=\"width: 236px\">Prof\u00aa Dr\u00aa Stephanie Santana<\/td>\n<td style=\"width: 236px\">Exerc\u00edcio F\u00edsico para Promo\u00e7\u00e3o da Sa\u00fade<\/td>\n<\/tr>\n<tr>\n<td style=\"width: 235px\">R\u00daBIA DA CUNHA GORZIZA GARCIA<\/td>\n<td style=\"width: 236px\">Prof\u00aa Dr\u00aa Suzete Clark<\/td>\n<td style=\"width: 236px\">Comportamento Motor<\/td>\n<\/tr>\n<tr>\n<td style=\"width: 235px\">SAMARA NICKEL RODRIGUES<\/td>\n<td style=\"width: 236px\">Prof\u00aa Dr\u00aa Cristine Alberton<\/td>\n<td style=\"width: 236px\">Exerc\u00edcio F\u00edsico para Promo\u00e7\u00e3o da Sa\u00fade<\/td>\n<\/tr>\n<tr>\n<td style=\"width: 235px\">TAMIRES CARVALHO MOTTA<\/td>\n<td style=\"width: 236px\">Prof. Dr. Gabriel Bergmann<\/td>\n<td style=\"width: 236px\">Forma\u00e7\u00e3o Profissional e Pr\u00e1tica Pedag\u00f3gica &#8211; Inclusiva<\/td>\n<\/tr>\n<tr>\n<td style=\"width: 235px\">THA\u00cdS ELISABETH BALZAN<\/td>\n<td style=\"width: 236px\">Prof. Dr. Eraldo Pinheiro<\/td>\n<td style=\"width: 236px\">Desempenho e Metabolismo Humano<\/td>\n<\/tr>\n<tr>\n<td style=\"width: 235px\">VAL\u00c9RIA FIM<\/td>\n<td style=\"width: 236px\">Prof\u00aa Dr\u00aa Andrize Costa<\/td>\n<td style=\"width: 236px\">Forma\u00e7\u00e3o Profissional e Pr\u00e1tica Pedag\u00f3gica na Escola<\/td>\n<\/tr>\n<tr>\n<td style=\"width: 235px\">VINICIUS PEREIRA COLARES<\/td>\n<td style=\"width: 236px\">Prof. Dr. Alan Goularte<\/td>\n<td style=\"width: 236px\">Estudos Socioculturais do Esporte e da Sa\u00fade<\/td>\n<\/tr>\n<tr>\n<td style=\"width: 235px\">VIVIAN ALT<\/td>\n<td style=\"width: 236px\">Prof\u00aa Dr\u00aa Andrize Costa<\/td>\n<td style=\"width: 236px\">Forma\u00e7\u00e3o Profissional e Pr\u00e1tica Pedag\u00f3gica na Escola<\/td>\n<\/tr>\n<\/tbody>\n<\/table>\n<p>&nbsp;<\/p>\n<table style=\"height: 1879px\" width=\"729\">\n<tbody>\n<tr>\n<td style=\"width: 719px\" colspan=\"3\">\n<p style=\"text-align: center\"><strong>INGRESSANTES EM 08\/2019 \u2013 PROV\u00c1VEL CONCLUS\u00c3O 07\/2021<\/strong><\/p>\n<\/td>\n<\/tr>\n<tr>\n<td style=\"width: 235px\"><strong>ALUNO<\/strong><\/td>\n<td style=\"width: 236px\"><strong>ORIENTADOR<\/strong><\/td>\n<td style=\"width: 236px\"><strong>LINHA DE PESQUISA<\/strong><\/td>\n<\/tr>\n<tr>\n<td style=\"width: 235px\">ANA PAULA DIAS DE SOUZA<\/td>\n<td style=\"width: 236px\">Prof\u00aa Dr\u00aa Andrize Costa<\/td>\n<td style=\"width: 236px\">Forma\u00e7\u00e3o Profissional e Pr\u00e1tica Pedag\u00f3gica na Escola<\/td>\n<\/tr>\n<tr>\n<td style=\"width: 235px\">B\u00c1RBARA COELHO NUNES<\/td>\n<td style=\"width: 236px\">Prof. Dr. Alan Goularte<\/td>\n<td style=\"width: 236px\">Estudos Socioculturais do Esporte e da Sa\u00fade<\/td>\n<\/tr>\n<tr>\n<td style=\"width: 235px\">BRENDA DE PINHO BASTOS<\/td>\n<td style=\"width: 236px\">Prof. Dr. Ricardo Drews<\/td>\n<td style=\"width: 236px\">Comportamento Motor<\/td>\n<\/tr>\n<tr>\n<td style=\"width: 235px\">BRENO BERNY VASCONCELOS<\/td>\n<td style=\"width: 236px\">Prof. Dr. Fabr\u00edcio Boscolo<\/td>\n<td style=\"width: 236px\">Desempenho e Metabolismo Humano<\/td>\n<\/tr>\n<tr>\n<td style=\"width: 235px\">BRUNA ORNELAS DA COSTA<\/td>\n<td style=\"width: 236px\">Prof\u00aa Dr\u00aa Cristine Alberton<\/td>\n<td style=\"width: 236px\">Exerc\u00edcio F\u00edsico para Promo\u00e7\u00e3o da Sa\u00fade<\/td>\n<\/tr>\n<tr>\n<td style=\"width: 235px\">FELIPE FERNANDO GUIMAR\u00c3ES DA SILVA<\/td>\n<td style=\"width: 236px\">Prof. Dr. Eraldo Pinheiro<\/td>\n<td style=\"width: 236px\">Forma\u00e7\u00e3o Profissional e Pr\u00e1tica Pedag\u00f3gica &#8211; Inclusiva<\/td>\n<\/tr>\n<tr>\n<td style=\"width: 235px\">GABRIEL V\u00d6LZ PROTZEN<\/td>\n<td style=\"width: 236px\">Prof. Dr. Fabr\u00edcio Boscolo<\/td>\n<td style=\"width: 236px\">Desempenho e Metabolismo Humano<\/td>\n<\/tr>\n<tr>\n<td style=\"width: 235px\">GIULIA SALABERRY LEITE<\/td>\n<td style=\"width: 236px\">Prof. Dr. In\u00e1cio Crochemore<\/td>\n<td style=\"width: 236px\">Estudos Socioculturais do Esporte e da Sa\u00fade<\/td>\n<\/tr>\n<tr>\n<td style=\"width: 235px\">IASMIM LEGUISSANO DOS SANTOS<\/td>\n<td style=\"width: 236px\">Prof. Dr. Luiz Carlos Rigo<\/td>\n<td style=\"width: 236px\">Estudos Socioculturais do Esporte e da Sa\u00fade<\/td>\n<\/tr>\n<tr>\n<td style=\"width: 235px\">JULIANA DIEL DE ARRUDA<\/td>\n<td style=\"width: 236px\">Prof\u00aa Dr\u00aa Mari\u00e2ngela Afonso<\/td>\n<td style=\"width: 236px\">Forma\u00e7\u00e3o Profissional e Pr\u00e1tica Pedag\u00f3gica na Escola<\/td>\n<\/tr>\n<tr>\n<td style=\"width: 235px\">JULIE HELLEN DE BARROS DA CRUZ<\/td>\n<td style=\"width: 236px\">Prof. Dr. Gabriel Bergmann<\/td>\n<td style=\"width: 236px\">Forma\u00e7\u00e3o Profissional e Pr\u00e1tica Pedag\u00f3gica &#8211; Inclusiva<\/td>\n<\/tr>\n<tr>\n<td style=\"width: 235px\">LARISSA BRUM DE QUEVEDO<\/td>\n<td style=\"width: 236px\">Prof. Dr. Alexandre Marques<\/td>\n<td style=\"width: 236px\">Forma\u00e7\u00e3o Profissional e Pr\u00e1tica Pedag\u00f3gica &#8211; Inclusiva<\/td>\n<\/tr>\n<tr>\n<td style=\"width: 235px\">LARISSA LEAL DA CUNHA<\/td>\n<td style=\"width: 236px\">Prof. Dr. Airton Rombaldi<\/td>\n<td style=\"width: 236px\">Exerc\u00edcio F\u00edsico para Promo\u00e7\u00e3o da Sa\u00fade<\/td>\n<\/tr>\n<tr>\n<td style=\"width: 235px\">MARCELO KOPP TOESCHER<\/td>\n<td style=\"width: 236px\">Prof. Dr. Eraldo Pinheiro<\/td>\n<td style=\"width: 236px\">Forma\u00e7\u00e3o Profissional e Pr\u00e1tica Pedag\u00f3gica &#8211; Inclusiva<\/td>\n<\/tr>\n<tr>\n<td style=\"width: 235px\">PALOMA REIS ORTIGAS<\/td>\n<td style=\"width: 236px\">Prof. Dr. Airton Rombaldi<\/td>\n<td style=\"width: 236px\">Exerc\u00edcio F\u00edsico para Promo\u00e7\u00e3o da Sa\u00fade<\/td>\n<\/tr>\n<tr>\n<td style=\"width: 235px\">P\u00c2MELLA DIAS FLORES<\/td>\n<td style=\"width: 236px\">Prof Dr Rodolfo Benda<\/td>\n<td style=\"width: 236px\">Comportamento Motor<\/td>\n<\/tr>\n<tr>\n<td style=\"width: 235px\">RAUL VICTORIA<\/td>\n<td style=\"width: 236px\">Prof. Dr. Alan Goularte<\/td>\n<td style=\"width: 236px\">Estudos Socioculturais do Esporte e da Sa\u00fade<\/td>\n<\/tr>\n<tr>\n<td style=\"width: 235px\">RODRIGO FREIRE GUIMAR\u00c3ES<\/td>\n<td style=\"width: 236px\">Prof. Dr. Fabr\u00edcio Boscolo<\/td>\n<td style=\"width: 236px\">Desempenho e Metabolismo Humano<\/td>\n<\/tr>\n<tr>\n<td style=\"width: 235px\">WILLIAM TOMAZ COELHO<\/td>\n<td style=\"width: 236px\">Prof. Dr. Eraldo Pinheiro<\/td>\n<td style=\"width: 236px\">Desempenho e Metabolismo Humano<\/td>\n<\/tr>\n<\/tbody>\n<\/table>\n<p>&nbsp;<\/p>\n<table style=\"height: 545px\" width=\"727\">\n<tbody>\n<tr>\n<td style=\"width: 717px\" colspan=\"3\">\n<p style=\"text-align: center\"><strong>INGRESSANTES EM 08\/2018 \u2013 PROV\u00c1VEL CONCLUS\u00c3O 07\/2020 \u2013 PRAZO ESTENDIDO DEVIDO A PANDEMIA<\/strong><\/p>\n<\/td>\n<\/tr>\n<tr>\n<td style=\"width: 235px\"><strong>ALUNO<\/strong><\/td>\n<td style=\"width: 235px\"><strong>ORIENTADOR<\/strong><\/td>\n<td style=\"width: 235px\"><strong>LINHA DE PESQUISA<\/strong><\/td>\n<\/tr>\n<tr>\n<td style=\"width: 235px\">CAMILA FERREIRA DE CASTRO<\/td>\n<td style=\"width: 235px\">Prof\u00aa. Dr\u00aa Mari\u00e2ngela Afonso<\/td>\n<td style=\"width: 235px\">Forma\u00e7\u00e3o Profissional e Pr\u00e1tica Pedag\u00f3gica na Escola<\/td>\n<\/tr>\n<tr>\n<td style=\"width: 235px\">CATI\u00daCIA ALMEIDA DE SOUZA<\/td>\n<td style=\"width: 235px\">Prof. Dr. Giovanni Frizzo<\/td>\n<td style=\"width: 235px\">Forma\u00e7\u00e3o Profissional e Pr\u00e1tica Pedag\u00f3gica na Escola<\/td>\n<\/tr>\n<tr>\n<td style=\"width: 235px\">PAULA CAROLINE CONCEI\u00c7\u00c3O CAMPELO<\/td>\n<td style=\"width: 235px\">Prof\u00aa Dr\u00aa Stephanie Santana<\/td>\n<td style=\"width: 235px\">Exerc\u00edcio F\u00edsico para Promo\u00e7\u00e3o da Sa\u00fade<\/td>\n<\/tr>\n<tr>\n<td style=\"width: 235px\">VIN\u00cdCIUS GUADALUPE BARCELOS OLIVEIRA<\/td>\n<td style=\"width: 235px\">Prof. Dr. Marcelo Cozzensa<\/td>\n<td style=\"width: 235px\">Epidemiologia da Atividade F\u00edsica<\/td>\n<\/tr>\n<\/tbody>\n<\/table>\n<p><\/p>\n","protected":false},"excerpt":{"rendered":"<p>INGRESSANTES EM 09\/2020 \u2013 PROV\u00c1VEL CONCLUS\u00c3O 08\/2022 ALUNO ORIENTADOR LINHA DE PESQUISA ALINE MACHADO VEIGA Prof. Dr. Pedro Hallal Epidemiologia da Atividade F\u00edsica AMANDA FRANCO DA SILVA Prof. Dr. Alexandre Marques Forma\u00e7\u00e3o Profissional e Pr\u00e1tica Pedag\u00f3gica &#8211; Inclusiva ANA VAL\u00c9RIA LIMA REIS Prof. Dr. Alan Goularte Estudos Socioculturais do Esporte e da Sa\u00fade BRUNO FEIJ\u00d3 [&hellip;]<\/p>\n","protected":false},"author":592,"featured_media":0,"parent":0,"menu_order":0,"comment_status":"closed","ping_status":"closed","template":"","meta":{"footnotes":""},"class_list":["post-1996","page","type-page","status-publish","hentry"],"_links":{"self":[{"href":"https:\/\/wp.ufpel.edu.br\/ppgef\/wp-json\/wp\/v2\/pages\/1996","targetHints":{"allow":["GET"]}}],"collection":[{"href":"https:\/\/wp.ufpel.edu.br\/ppgef\/wp-json\/wp\/v2\/pages"}],"about":[{"href":"https:\/\/wp.ufpel.edu.br\/ppgef\/wp-json\/wp\/v2\/types\/page"}],"author":[{"embeddable":true,"href":"https:\/\/wp.ufpel.edu.br\/ppgef\/wp-json\/wp\/v2\/users\/592"}],"replies":[{"embeddable":true,"href":"https:\/\/wp.ufpel.edu.br\/ppgef\/wp-json\/wp\/v2\/comments?post=1996"}],"version-history":[{"count":8,"href":"https:\/\/wp.ufpel.edu.br\/ppgef\/wp-json\/wp\/v2\/pages\/1996\/revisions"}],"predecessor-version":[{"id":2176,"href":"https:\/\/wp.ufpel.edu.br\/ppgef\/wp-json\/wp\/v2\/pages\/1996\/revisions\/2176"}],"wp:attachment":[{"href":"https:\/\/wp.ufpel.edu.br\/ppgef\/wp-json\/wp\/v2\/media?parent=1996"}],"curies":[{"name":"wp","href":"https:\/\/api.w.org\/{rel}","templated":true}]}}