{"id":1988,"date":"2020-11-03T09:45:34","date_gmt":"2020-11-03T12:45:34","guid":{"rendered":"https:\/\/wp.ufpel.edu.br\/ppgef\/?page_id=1988"},"modified":"2024-11-14T08:47:44","modified_gmt":"2024-11-14T11:47:44","slug":"editais-bolsistas","status":"publish","type":"page","link":"https:\/\/wp.ufpel.edu.br\/ppgef\/editais-bolsistas\/","title":{"rendered":"Editais Bolsistas"},"content":{"rendered":"<h1 class=\"corTexto\"><span style=\"font-size: 18pt;\">Edital de Sele\u00e7\u00e3o para bolsista de P\u00f3s-Doutorado &#8211; 2024<\/span><\/h1>\n<p>A Coordena\u00e7\u00e3o do Programa de P\u00f3s-Gradua\u00e7\u00e3o em Educa\u00e7\u00e3o F\u00edsica (PPGEF) da Universidade Federal de Pelotas (UFPEL), no uso de suas atribui\u00e7\u00f5es, torna p\u00fablica a abertura de inscri\u00e7\u00f5es para o processo seletivo de bolsista de p\u00f3s-doutorado no \u00e2mbito do Programa de Desenvolvimento da P\u00f3s-Gradua\u00e7\u00e3o (PDPG) \u2013 P\u00f3s- Doutorado Estrat\u00e9gico, Edital Capes N\u00ba 16\/2022, com a finalidade de preencher uma (1) bolsa.<\/p>\n<p>O edital na \u00edntegra encontra-se aqui \u2013\u00a0<a href=\"https:\/\/wp.ufpel.edu.br\/ppgef\/files\/2024\/03\/Edital_Pos-doutorado_2024_assinado.pdf\">Edital_Pos-doutorado_2024_assinado<\/a><\/p>\n<p><a href=\"https:\/\/wp.ufpel.edu.br\/ppgef\/files\/2024\/03\/Edital-Pos-doutorado-2024-homologacao-das-inscricoes.pdf\" target=\"_blank\" rel=\"noopener\">Edital P\u00f3s-doutorado 2024 \u2013 Homologa\u00e7\u00e3o das Inscri\u00e7\u00f5es<\/a><\/p>\n<p><a href=\"https:\/\/wp.ufpel.edu.br\/ppgef\/files\/2024\/04\/Edital-Pos-doutorado-2024-Resultado-Preliminar.pdf\">Edital P\u00f3s-doutorado 2024 \u2013 Resultado Preliminar<\/a><\/p>\n<p><a href=\"https:\/\/wp.ufpel.edu.br\/ppgef\/files\/2024\/03\/Edital-Pos-doutorado-2024-Resultado-Final.pdf\">Edital P\u00f3s-doutorado 2024 \u2013 Resultado Final<\/a><\/p>\n<h1 class=\"corTexto\"><span style=\"font-size: 18pt;\">Edital de Sele\u00e7\u00e3o para Bolsistas de Mestrado e Doutorado &#8211; 2023<\/span><\/h1>\n<p>Em conformidade com o Regimento Stricto Sensu da Pr\u00f3-Reitoria de Pesquisa e P\u00f3s-Gradua\u00e7\u00e3o, a Coordena\u00e7\u00e3o do Programa de P\u00f3s-Gradua\u00e7\u00e3o em Educa\u00e7\u00e3o F\u00edsica, torna p\u00fablico para conhecimento dos interessados, o processo de sele\u00e7\u00e3o de candidatos \u00e0 bolsa de mestrado e doutorado do referido Programa, nos termos estabelecidos no Edital a seguir.<\/p>\n<p><a href=\"https:\/\/wp.ufpel.edu.br\/ppgef\/files\/2023\/07\/Edital-de-Selecao-para-Bolsistas-de-Mestrado-e-Doutorado-2023.pdf\">Edital de Sele\u00e7\u00e3o para Bolsistas de Mestrado e Doutorado 2023<\/a><\/p>\n<p><a href=\"https:\/\/wp.ufpel.edu.br\/ppgef\/files\/2023\/07\/Ficha-de-inscricao-bolsista.docx\">Ficha de inscri\u00e7\u00e3o<\/a><\/p>\n<p><a href=\"https:\/\/wp.ufpel.edu.br\/ppgef\/files\/2023\/07\/Planilha-avaliacao-curriculo-proc-seletivo-2020-2-1.xlsx\">Planilha de avalia\u00e7\u00e3o do curr\u00edculo<\/a><\/p>\n<p><a href=\"https:\/\/wp.ufpel.edu.br\/ppgef\/files\/2023\/07\/Carta-justificando-a-necessidade-da-Bolsa.docx\">Carta justificando necessidade da Bolsa<\/a><\/p>\n<p><a href=\"https:\/\/wp.ufpel.edu.br\/ppgef\/files\/2023\/07\/ATUALIZACAO-DO-HORARIO-DAS-ENTREVISTAS-.pdf\" target=\"_blank\" rel=\"noopener\">Atualiza\u00e7\u00e3o do hor\u00e1rio das entrevistas<\/a>:\u00a0 As entrevistas que ser\u00e3o realizadas quarta-feira, dia 26\/07.<\/p>\n<p><a href=\"https:\/\/wp.ufpel.edu.br\/ppgef\/files\/2023\/07\/Resultado-selecao-de-bolsa-mestrado-e-doutorado.pdf\" target=\"_blank\" rel=\"noopener\"><strong>Resultado da sele\u00e7\u00e3o de bolsistas\u00a0 PPGEF 2023<\/strong><\/a>\u00a0\u2013 NOVO (31\/07 \u00e0s 17h28min)<\/p>\n<p>&nbsp;<\/p>\n<h1 class=\"corTexto\"><span style=\"font-size: 18pt;\">Edital para Sele\u00e7\u00e3o de Bolsistas de Doutorado 2022\/2<\/span><\/h1>\n<p>Em conformidade com o Regimento Stricto Sensu da Pr\u00f3-Reitoria de Pesquisa, P\u00f3s-Gradua\u00e7\u00e3o e Inova\u00e7\u00e3o, a Coordena\u00e7\u00e3o do Programa de P\u00f3s-Gradua\u00e7\u00e3o em Educa\u00e7\u00e3o F\u00edsica torna p\u00fablico, para conhecimento dos interessados, o processo de sele\u00e7\u00e3o de candidatos a bolsa de doutorado do referido Curso, nos termos estabelecidos neste\u00a0<a href=\"https:\/\/wp.ufpel.edu.br\/ppgef\/files\/2022\/11\/Edital-selec%CC%A7a%CC%83o-bolsas-doc-2022-1-FINAL-1.pdf\" target=\"_blank\" rel=\"noopener\">EDITAL.<\/a><\/p>\n<p><strong>Per\u00edodo de inscri\u00e7\u00f5es:\u00a0<\/strong>de 10 a 16 de novembro de 2022 (at\u00e9 \u00e0s 18h00min) por meio do envio dos documentos necess\u00e1rios para o e-mail\u00a0<a href=\"mailto:selecao.ppgef@gmail.com\">selecao.ppgef@gmail.com<\/a><\/p>\n<p>Poder\u00e3o inscrever-se como candidatos, todos os alunos regulares matriculados no curso de doutorado em Educa\u00e7\u00e3o F\u00edsica.<\/p>\n<p><a href=\"https:\/\/wp.ufpel.edu.br\/ppgef\/files\/2022\/10\/Resultados-homologac%CC%A7a%CC%83o-inscric%CC%A7o%CC%83es-e-hora%CC%81rios-de-entrevistas.pdf\">Resultados homologac\u0327a\u0303o inscric\u0327o\u0303es e hora\u0301rios de entrevistas<\/a><\/p>\n<p><a href=\"https:\/\/wp.ufpel.edu.br\/ppgef\/files\/2024\/11\/RESULTADOS-EDITAL-DE-BOLSAS-22_2.pdf\"><strong>Resultado da sele\u00e7\u00e3o de bolsistas de doutorado 2022\/2<\/strong><\/a><\/p>\n<p>&nbsp;<\/p>\n<h1 class=\"corTexto\"><span style=\"font-size: 18pt;\">Edital para Sele\u00e7\u00e3o de Bolsistas de Mestrado 2022\/2<\/span><\/h1>\n<p>As inscri\u00e7\u00f5es dos candidatos \u00e0 Sele\u00e7\u00e3o de bolsistas para o Curso de Mestrado em Educa\u00e7\u00e3o<br \/>\nF\u00edsica\/UFPel estar\u00e3o abertas no per\u00edodo de 25 de julho a 1o de agosto de 2022, at\u00e9 18h00min, por<br \/>\nmeio do envio dos documentos necess\u00e1rios para o e-mail selecao.ppgef@gmail.com<\/p>\n<p>Confira o edital abaixo<\/p>\n<p><a href=\"https:\/\/wp.ufpel.edu.br\/ppgef\/files\/2022\/07\/Edital-selec%CC%A7a%CC%83o-bolsas-mestrado-2022-2_FINAL.pdf\">Edital-selec\u0327a\u0303o-bolsas-mestrado-2022-2_FINAL<\/a><\/p>\n<p>&nbsp;<\/p>\n<h1 class=\"corTexto\"><span style=\"font-size: 18pt;\">Edital para Sele\u00e7\u00e3o de Bolsistas de Mestrado 2022\/1<\/span><\/h1>\n<p>Em conformidade com o Regimento Stricto Sensu da Pr\u00f3-Reitoria de Pesquisa, P\u00f3s-Gradua\u00e7\u00e3o e Inova\u00e7\u00e3o, a Coordena\u00e7\u00e3o do Programa de P\u00f3s-Gradua\u00e7\u00e3o em Educa\u00e7\u00e3o F\u00edsica torna p\u00fablico, para conhecimento dos interessados, o processo de sele\u00e7\u00e3o de candidatos \u00e0 bolsa de mestrado do referido Curso, nos termos estabelecidos no Edital abaixo.<\/p>\n<p><strong>Per\u00edodo de inscri\u00e7\u00f5es:\u00a0<\/strong>de 28 a 30 de mar\u00e7o de 2022 (at\u00e9 18h00min) por meio do envio dos documentos necess\u00e1rios para o e-mail\u00a0<a href=\"mailto:sele%C3%A7%C3%A3o.ppgef@gmail.com\">sele\u00e7\u00e3o.ppgef@gmail.com<\/a>.<\/p>\n<p><strong>Arquivos:<\/strong><\/p>\n<p><a href=\"https:\/\/wp.ufpel.edu.br\/ppgef\/files\/2022\/03\/Edital-selecao-bolsas-mestrado-2022-1_FINAL.pdf\">Edital para sele\u00e7\u00e3o de bolsas Mestrado 2022-1<\/a><\/p>\n<p><a href=\"https:\/\/wp.ufpel.edu.br\/ppgef\/files\/2022\/03\/Ficha-de-inscricao-bolsista.docx\">Ficha de inscri\u00e7\u00e3o para bolsista<\/a><\/p>\n<p><a href=\"https:\/\/wp.ufpel.edu.br\/ppgef\/files\/2022\/03\/Carta-justificando-a-necessidade-da-Bolsa.docx\">Carta justificando a necessidade da Bolsa<\/a><\/p>\n<p><a href=\"https:\/\/wp.ufpel.edu.br\/ppgef\/files\/2022\/03\/Planilha-avaliacao-curriculo-proc-seletivo-2020-2-1-1.xlsx\">Planilha de avalia\u00e7\u00e3o do curriculum lattes<\/a><\/p>\n<p><strong>Homologa\u00e7\u00e3o da Inscri\u00e7\u00e3o:\u00a0<\/strong>Ant\u00f4nio Vin\u00edcius Oliveira de Almeida<\/p>\n<p><strong>Entrevista Presencial:\u00a0<\/strong>01\/04\/2022 \u00e0s 11:30 na ESEF<\/p>\n<p><strong>Resultado Final:\u00a0<\/strong>Aprovado na sele\u00e7\u00e3o \u2013 Ant\u00f4nio Vin\u00edcius Oliveira de Almeida<\/p>\n<h1 class=\"corTexto\"><span style=\"font-size: 18pt;\">Edital de Sele\u00e7\u00e3o para Bolsistas de Mestrado e Doutorado &#8211; 2021<\/span><\/h1>\n<p>&#8211; <a href=\"https:\/\/wp.ufpel.edu.br\/ppgef\/files\/2021\/09\/Edital-Selec\u0327a\u0303o-de-Bolsas-Mestrado-e-Doutorado-2021.pdf\" target=\"_blank\" rel=\"noopener\">Edital Selec\u0327a\u0303o de Bolsas Mestrado e Doutorado 2021<\/a><\/p>\n<p>&#8211; <a href=\"https:\/\/wp.ufpel.edu.br\/ppgef\/files\/2020\/11\/Ficha-de-inscricao-bolsista.docx\" target=\"_blank\" rel=\"noopener\">Ficha de inscri\u00e7\u00e3o<\/a><\/p>\n<p>\u2013\u00a0<a href=\"https:\/\/wp.ufpel.edu.br\/ppgef\/files\/2021\/05\/Planilha-avaliacao-curriculo-proc-seletivo-2020-2-1.xlsx\">Planilha de avalia\u00e7\u00e3o do Curr\u00edculo Lattes<\/a><\/p>\n<p>&#8211; <a href=\"https:\/\/wp.ufpel.edu.br\/ppgef\/files\/2021\/09\/Carta-justificando-a-necessidade-da-Bolsa.docx\">Carta justificando a necessidade da Bolsa<\/a><\/p>\n<p>&nbsp;<\/p>\n<h1 class=\"corTexto\"><span style=\"font-size: 18pt;\">Edital para Sele\u00e7\u00e3o de Bolsistas de Doutorado 2020\/2<\/span><\/h1>\n<p>Em conformidade com o Regimento Stricto Sensu da Pr\u00f3-Reitoria de Pesquisa, P\u00f3s-Gradua\u00e7\u00e3o e Inova\u00e7\u00e3o, a Coordena\u00e7\u00e3o do Programa de P\u00f3s-Gradua\u00e7\u00e3o em Educa\u00e7\u00e3o F\u00edsica torna p\u00fablico, para conhecimento dos interessados, o processo de sele\u00e7\u00e3o de candidatos a bolsa de doutorado do referido Curso, nos termos estabelecidos neste\u00a0<a href=\"https:\/\/wp.ufpel.edu.br\/ppgef\/files\/2020\/12\/Edital-selec%CC%A7a%CC%83o-bolsas-doutorado-2020-2-FINAL.pdf\">EDITAL.<\/a><\/p>\n<p><strong>Per\u00edodo de inscri\u00e7\u00f5es:\u00a0<\/strong>de 17 a 19 de dezembro de 2020 (at\u00e9 18h00min) por meio do envio dos documentos necess\u00e1rios para o e-mail\u00a0<a href=\"mailto:selecao.ppgef@gmail.com\">selecao.ppgef@gmail.com<\/a><\/p>\n<p>Poder\u00e3o inscrever-se como candidatos, todos os alunos regulares matriculados no curso de doutorado em Educa\u00e7\u00e3o F\u00edsica.<\/p>\n<p><strong>Dia, hora e link das entrevistas<\/strong>\u00a0dos candidatos homologados,\u00a0<a href=\"https:\/\/wp.ufpel.edu.br\/ppgef\/files\/2020\/12\/2020-EDITAL-BOLSISTA-DOUTORADO-HOMOLOGAC%CC%A7A%CC%83O-INSCRIC%CC%A7O%CC%83ES3.pdf\">AQUI.<\/a><\/p>\n<p><strong>Resultado final<\/strong>,\u00a0<a href=\"https:\/\/wp.ufpel.edu.br\/ppgef\/files\/2020\/12\/Resultado-Final-atualizado-1.pdf\">AQUI.<\/a><\/p>\n<p>&nbsp;<\/p>\n<h1 class=\"corTexto\"><span style=\"font-size: 18pt;\">Edital para Sele\u00e7\u00e3o de Bolsistas de Mestrado 2020\/2<\/span><\/h1>\n<p>Em conformidade com o Regimento Stricto Sensu da Pr\u00f3-Reitoria de Pesquisa, P\u00f3s-Gradua\u00e7\u00e3o e Inova\u00e7\u00e3o, a Coordena\u00e7\u00e3o do Programa de P\u00f3s-Gradua\u00e7\u00e3o em Educa\u00e7\u00e3o F\u00edsica torna p\u00fablico, para conhecimento dos interessados, o processo de sele\u00e7\u00e3o de candidatos \u00e0 bolsa de mestrado do referido Curso, nos termos estabelecidos neste\u00a0<a href=\"https:\/\/wp.ufpel.edu.br\/ppgef\/files\/2020\/10\/Edital-selec%CC%A7a%CC%83o-bolsas-mestrado-2020-2.pdf\">EDITAL<\/a><\/p>\n<p><strong>Per\u00edodo de inscri\u00e7\u00f5es:\u00a0<\/strong>de 21 a 23 de outubro de 2020 (at\u00e9 18h00min) por meio do envio dos documentos necess\u00e1rios para o e-mail\u00a0<a href=\"mailto:sele%C3%A7%C3%A3o.ppgef@gmail.com\">sele\u00e7\u00e3o.ppgef@gmail.com<\/a>.<\/p>\n<p>Poder\u00e3o inscrever-se como candidatos, todos os alunos regulares matriculados no curso de mestrado em Educa\u00e7\u00e3o F\u00edsica.<\/p>\n<p><strong>Dia, hora e link das entrevistas<\/strong>\u00a0dos candidatos homologados,\u00a0<a href=\"https:\/\/wp.ufpel.edu.br\/ppgef\/files\/2020\/10\/HORA%CC%81RIO-E-LINKS-PARA-AS-ENTREVISTAS-1.pdf\">AQUI<\/a><\/p>\n<p><strong>Resultado preliminar<\/strong>\u00a0pr\u00e9 recursos,\u00a0<a href=\"https:\/\/wp.ufpel.edu.br\/ppgef\/files\/2020\/10\/RESULTADOS-PRE-RECURSOS.pdf\">AQUI<\/a><\/p>\n<p><strong>Resultado Final<\/strong>\u00a0p\u00f3s recursos,\u00a0<a href=\"https:\/\/wp.ufpel.edu.br\/ppgef\/files\/2020\/10\/RESULTADOS-FINAIS.pdf\">AQUI<\/a><\/p>\n<h1 class=\"corTexto\"><span style=\"font-size: 18pt;\">Edital de Sele\u00e7\u00e3o para Bolsistas de Mestrado\u00a0 &#8211; 2020<\/span><\/h1>\n<p><a href=\"https:\/\/wp.ufpel.edu.br\/ppgef\/files\/2020\/11\/RESULTADOS-FINAIS.pdf\" target=\"_blank\" rel=\"noopener\">Resultado Final Bolsistas de Mestrado 2020<\/a><\/p>\n<p><a href=\"https:\/\/wp.ufpel.edu.br\/ppgef\/files\/2020\/11\/Edital-selec\u0327a\u0303o-bolsas-mestrado-2020-2.pdf\" target=\"_blank\" rel=\"noopener\">Edital Selec\u0327a\u0303o Bolsistas de Mestrado 2020<\/a><\/p>\n<p>&nbsp;<\/p>\n<h1 class=\"corTexto\"><span style=\"font-size: 18pt;\">Edital de Sele\u00e7\u00e3o para Bolsistas de Doutorado &#8211; 2020<\/span><\/h1>\n<p><a href=\"https:\/\/wp.ufpel.edu.br\/ppgef\/files\/2021\/09\/Resultado-Final-Bolsistas-de-Doutorado-2020.pdf\" target=\"_blank\" rel=\"noopener\">Resultado Final Bolsistas de Doutorado 2020<\/a><\/p>\n<p><a href=\"https:\/\/wp.ufpel.edu.br\/ppgef\/files\/2021\/09\/Edital-Selec\u0327a\u0303o-Bolsistas-de-Doutorado-2020.pdf\" target=\"_blank\" rel=\"noopener\">Edital Selec\u0327a\u0303o Bolsistas de Doutorado 2020<\/a><\/p>\n<p>&nbsp;<\/p>\n<h1 class=\"corTexto\"><span style=\"font-size: 18pt;\">Edital de Sele\u00e7\u00e3o para Bolsistas de Doutorado &#8211; 2019<\/span><\/h1>\n<p>Em conformidade com o Regimento Stricto Sensu da PRPPGI, a Coordena\u00e7\u00e3o do Programa de P\u00f3s Gradua\u00e7\u00e3o em Educa\u00e7\u00e3o F\u00edsica torna p\u00fablico, para conhecimento dos interessados, o processo de sele\u00e7\u00e3o de candidatos \u00e0 bolsa de doutorado do referido curso, nos termo estabelecidos neste\u00a0<a href=\"https:\/\/wp.ufpel.edu.br\/ppgef\/files\/2019\/10\/Edital-selec%CC%A7a%CC%83o-bolsas-mestrado-2019.pdf\">Edital<\/a><\/p>\n<p>&nbsp;<\/p>\n<h1 class=\"corTexto\"><span style=\"font-size: 18pt;\">Edital para Sele\u00e7\u00e3o de Bolsista de Mestrado e Doutorado &#8211; 2018<\/span><\/h1>\n<p>Reaberta as inscri\u00e7\u00f5es para bolsista de mestrado e doutorado do PPGEF da ESEF UFPel. Poder\u00e3o concorrer alunos regulares e os rec\u00e9m aprovados no Processo Seletivo 2018\/2. As inscri\u00e7\u00f5es est\u00e3o abertas de 02 a 6 de agosto de 2018 (das 08:00 \u00e0s 18:30 horas) e dia 07 de agosto (at\u00e9 \u00e0s 12:00 horas).<\/p>\n<p>Para acesso ao Edital, clique no link ao lado \u2013\u00a0<a href=\"https:\/\/wp.ufpel.edu.br\/ppgef\/files\/2018\/08\/Edital-sele%C3%A7%C3%A3o-bolsas-mestrado-2018-1-1.pdf\">Edital-sele\u00e7\u00e3o-bolsas-mestrado-2018 (1)<\/a><\/p>\n<p>&nbsp;<\/p>\n","protected":false},"excerpt":{"rendered":"<p>Edital de Sele\u00e7\u00e3o para bolsista de P\u00f3s-Doutorado &#8211; 2024 A Coordena\u00e7\u00e3o do Programa de P\u00f3s-Gradua\u00e7\u00e3o em Educa\u00e7\u00e3o F\u00edsica (PPGEF) da Universidade Federal de Pelotas (UFPEL), no uso de suas atribui\u00e7\u00f5es, torna p\u00fablica a abertura de inscri\u00e7\u00f5es para o processo seletivo de bolsista de p\u00f3s-doutorado no \u00e2mbito do Programa de Desenvolvimento da P\u00f3s-Gradua\u00e7\u00e3o (PDPG) \u2013 P\u00f3s- [&hellip;]<\/p>\n","protected":false},"author":592,"featured_media":0,"parent":0,"menu_order":0,"comment_status":"closed","ping_status":"closed","template":"","meta":{"footnotes":""},"class_list":["post-1988","page","type-page","status-publish","hentry"],"_links":{"self":[{"href":"https:\/\/wp.ufpel.edu.br\/ppgef\/wp-json\/wp\/v2\/pages\/1988","targetHints":{"allow":["GET"]}}],"collection":[{"href":"https:\/\/wp.ufpel.edu.br\/ppgef\/wp-json\/wp\/v2\/pages"}],"about":[{"href":"https:\/\/wp.ufpel.edu.br\/ppgef\/wp-json\/wp\/v2\/types\/page"}],"author":[{"embeddable":true,"href":"https:\/\/wp.ufpel.edu.br\/ppgef\/wp-json\/wp\/v2\/users\/592"}],"replies":[{"embeddable":true,"href":"https:\/\/wp.ufpel.edu.br\/ppgef\/wp-json\/wp\/v2\/comments?post=1988"}],"version-history":[{"count":22,"href":"https:\/\/wp.ufpel.edu.br\/ppgef\/wp-json\/wp\/v2\/pages\/1988\/revisions"}],"predecessor-version":[{"id":4288,"href":"https:\/\/wp.ufpel.edu.br\/ppgef\/wp-json\/wp\/v2\/pages\/1988\/revisions\/4288"}],"wp:attachment":[{"href":"https:\/\/wp.ufpel.edu.br\/ppgef\/wp-json\/wp\/v2\/media?parent=1988"}],"curies":[{"name":"wp","href":"https:\/\/api.w.org\/{rel}","templated":true}]}}