{"id":1983,"date":"2020-11-03T09:43:20","date_gmt":"2020-11-03T12:43:20","guid":{"rendered":"https:\/\/wp.ufpel.edu.br\/ppgef\/?page_id=1983"},"modified":"2024-11-14T09:04:04","modified_gmt":"2024-11-14T12:04:04","slug":"emissao-de-diploma","status":"publish","type":"page","link":"https:\/\/wp.ufpel.edu.br\/ppgef\/emissao-de-diploma\/","title":{"rendered":"Emiss\u00e3o de Diploma"},"content":{"rendered":"<p><span style=\"font-size: 18pt;\"><strong><span style=\"color: #99cc00;\">Orienta\u00e7\u00f5es para emiss\u00e3o dos diplomas de Mestre e Doutor:<\/span><\/strong><\/span><\/p>\n<p>Enviar para o e-mail<strong>\u00a0ppgef.ufpel@gmail.com,\u00a0<\/strong><strong><u>em um PDF \u00fanico<\/u><\/strong><strong>,\u00a0<\/strong>c\u00f3pia digitalizada\u00a0<strong><u>de boa qualidade<\/u><\/strong>\u00a0dos seguintes\u00a0<strong><u>documentos originais<\/u><\/strong><strong>:<\/strong><\/p>\n<ul>\n<li><strong>RG e CPF (n\u00e3o vale carteira de motorista ou carteira do CONFEF\/ CREF)<\/strong><\/li>\n<li><strong>Certid\u00e3o\u00a0<u>mais recente<\/u>\u00a0(nascimento ou casamento);<\/strong><\/li>\n<li><strong>Diploma de Gradua\u00e7\u00e3o (frente e verso)<\/strong><\/li>\n<li><strong>Diploma do Mestrado (frente e verso \u2013 para quem concluiu o Doutorado).<\/strong><\/li>\n<\/ul>\n<p>Para aqueles alunos que\u00a0<u>conseguem comprovar<\/u>\u00a0que o diploma \u00e9 necess\u00e1rio para progress\u00e3o funcional, concursos, aumento de sal\u00e1rio, entre outros, \u00e9 poss\u00edvel enviar junto com os documentos uma solicita\u00e7\u00e3o para\u00a0<strong><u>emiss\u00e3o de diploma em car\u00e1ter emergencial<\/u><\/strong>.<\/p>\n<p><strong><u>OBS:<\/u><\/strong>\u00a0a solicita\u00e7\u00e3o tem validade apenas com envio\u00a0<u>anexo de um comprovante da justificativa<\/u>, por exemplo: contrato de trabalho, edital de concurso com comprovante de inscri\u00e7\u00e3o, \u00faltimo contracheque, entre outros.<\/p>\n<p><strong><u>Procedimento<\/u><\/strong>: edite o texto da <a href=\"https:\/\/wp.ufpel.edu.br\/ppgef\/files\/2020\/11\/Solicitacao-de-diploma-modelo-urgencia.docx\">Solicita\u00e7\u00e3o de diploma &#8211; Modelo de Urg\u00eancia<\/a>, <strong>assine e envie em PDF.<\/strong><\/p>\n","protected":false},"excerpt":{"rendered":"<p>Orienta\u00e7\u00f5es para emiss\u00e3o dos diplomas de Mestre e Doutor: Enviar para o e-mail\u00a0ppgef.ufpel@gmail.com,\u00a0em um PDF \u00fanico,\u00a0c\u00f3pia digitalizada\u00a0de boa qualidade\u00a0dos seguintes\u00a0documentos originais: RG e CPF (n\u00e3o vale carteira de motorista ou carteira do CONFEF\/ CREF) Certid\u00e3o\u00a0mais recente\u00a0(nascimento ou casamento); Diploma de Gradua\u00e7\u00e3o (frente e verso) Diploma do Mestrado (frente e verso \u2013 para quem concluiu o [&hellip;]<\/p>\n","protected":false},"author":592,"featured_media":0,"parent":0,"menu_order":0,"comment_status":"closed","ping_status":"closed","template":"","meta":{"footnotes":""},"class_list":["post-1983","page","type-page","status-publish","hentry"],"_links":{"self":[{"href":"https:\/\/wp.ufpel.edu.br\/ppgef\/wp-json\/wp\/v2\/pages\/1983","targetHints":{"allow":["GET"]}}],"collection":[{"href":"https:\/\/wp.ufpel.edu.br\/ppgef\/wp-json\/wp\/v2\/pages"}],"about":[{"href":"https:\/\/wp.ufpel.edu.br\/ppgef\/wp-json\/wp\/v2\/types\/page"}],"author":[{"embeddable":true,"href":"https:\/\/wp.ufpel.edu.br\/ppgef\/wp-json\/wp\/v2\/users\/592"}],"replies":[{"embeddable":true,"href":"https:\/\/wp.ufpel.edu.br\/ppgef\/wp-json\/wp\/v2\/comments?post=1983"}],"version-history":[{"count":7,"href":"https:\/\/wp.ufpel.edu.br\/ppgef\/wp-json\/wp\/v2\/pages\/1983\/revisions"}],"predecessor-version":[{"id":4295,"href":"https:\/\/wp.ufpel.edu.br\/ppgef\/wp-json\/wp\/v2\/pages\/1983\/revisions\/4295"}],"wp:attachment":[{"href":"https:\/\/wp.ufpel.edu.br\/ppgef\/wp-json\/wp\/v2\/media?parent=1983"}],"curies":[{"name":"wp","href":"https:\/\/api.w.org\/{rel}","templated":true}]}}