{"id":1979,"date":"2020-11-03T09:26:55","date_gmt":"2020-11-03T12:26:55","guid":{"rendered":"https:\/\/wp.ufpel.edu.br\/ppgef\/?page_id=1979"},"modified":"2024-12-06T11:20:21","modified_gmt":"2024-12-06T14:20:21","slug":"auxilio-financeiro","status":"publish","type":"page","link":"https:\/\/wp.ufpel.edu.br\/ppgef\/auxilio-financeiro\/","title":{"rendered":"Aux\u00edlio Financeiro"},"content":{"rendered":"<p style=\"text-align: justify;\">Prezados(as) alunos(as)<\/p>\n<p style=\"text-align: justify;\">Em acordo com a exist\u00eancia de recursos financeiros dispon\u00edveis no Programa, existe a possibilidade dos alunos regulares solicitarem aux\u00edlio financeiro para participa\u00e7\u00e3o em eventos, trabalhos de campo, entre outros.<\/p>\n<p style=\"text-align: justify;\">Para verificar da exist\u00eancia de recursos, converse com seu orientador ou contate a secretaria do Programa.<\/p>\n<p style=\"text-align: justify;\">Abaixo disponibilizamos um modelo para solicita\u00e7\u00e3o de aux\u00edlio financeiro e as orienta\u00e7\u00f5es para presta\u00e7\u00e3o de contas.<\/p>\n<p style=\"text-align: justify;\"><a href=\"https:\/\/wp.ufpel.edu.br\/ppgef\/files\/2024\/12\/Auxilio-aluno-modelo-Solicitacao-1-1.docx\">Modelo para solicita\u00e7\u00e3o de aux\u00edlio<\/a>\u00a0&#8211; enviar por e-mail c\/c para orientador(a) em <strong>no m\u00ednimo 20 dias para o in\u00edcio do evento<\/strong>. Anexar tamb\u00e9m o aceite do trabalho e o cronograma do evento, <strong>todos documentos separados e em formato PDF<\/strong>.<\/p>\n<p style=\"text-align: justify;\"><a href=\"https:\/\/wp.ufpel.edu.br\/ppgef\/files\/2020\/11\/Auxilio-aluno-PRESTACAO-DE-CONTAS.pdf\">Presta\u00e7\u00e3o de Contas Aux\u00edlio Aluno<\/a> &#8211; enviar a documenta\u00e7\u00e3o por o e-mail para a secretaria em <strong>at\u00e9 05 dias ap\u00f3s a conclus\u00e3o do evento &#8211; trabalho de campo<\/strong><\/p>\n<p>&nbsp;<\/p>\n<p>D\u00favidas e informa\u00e7\u00f5es na secretaria do Programa ou pelo e-mail ppgef.ufpel@gmail.com<\/p>\n<p style=\"text-align: justify;\">\n","protected":false},"excerpt":{"rendered":"<p>Prezados(as) alunos(as) Em acordo com a exist\u00eancia de recursos financeiros dispon\u00edveis no Programa, existe a possibilidade dos alunos regulares solicitarem aux\u00edlio financeiro para participa\u00e7\u00e3o em eventos, trabalhos de campo, entre outros. Para verificar da exist\u00eancia de recursos, converse com seu orientador ou contate a secretaria do Programa. Abaixo disponibilizamos um modelo para solicita\u00e7\u00e3o de aux\u00edlio [&hellip;]<\/p>\n","protected":false},"author":592,"featured_media":0,"parent":0,"menu_order":0,"comment_status":"closed","ping_status":"closed","template":"","meta":{"footnotes":""},"class_list":["post-1979","page","type-page","status-publish","hentry"],"_links":{"self":[{"href":"https:\/\/wp.ufpel.edu.br\/ppgef\/wp-json\/wp\/v2\/pages\/1979","targetHints":{"allow":["GET"]}}],"collection":[{"href":"https:\/\/wp.ufpel.edu.br\/ppgef\/wp-json\/wp\/v2\/pages"}],"about":[{"href":"https:\/\/wp.ufpel.edu.br\/ppgef\/wp-json\/wp\/v2\/types\/page"}],"author":[{"embeddable":true,"href":"https:\/\/wp.ufpel.edu.br\/ppgef\/wp-json\/wp\/v2\/users\/592"}],"replies":[{"embeddable":true,"href":"https:\/\/wp.ufpel.edu.br\/ppgef\/wp-json\/wp\/v2\/comments?post=1979"}],"version-history":[{"count":7,"href":"https:\/\/wp.ufpel.edu.br\/ppgef\/wp-json\/wp\/v2\/pages\/1979\/revisions"}],"predecessor-version":[{"id":4351,"href":"https:\/\/wp.ufpel.edu.br\/ppgef\/wp-json\/wp\/v2\/pages\/1979\/revisions\/4351"}],"wp:attachment":[{"href":"https:\/\/wp.ufpel.edu.br\/ppgef\/wp-json\/wp\/v2\/media?parent=1979"}],"curies":[{"name":"wp","href":"https:\/\/api.w.org\/{rel}","templated":true}]}}