{"id":1972,"date":"2020-11-03T09:24:11","date_gmt":"2020-11-03T12:24:11","guid":{"rendered":"https:\/\/wp.ufpel.edu.br\/ppgef\/?page_id=1972"},"modified":"2025-02-12T17:01:18","modified_gmt":"2025-02-12T20:01:18","slug":"regimentos","status":"publish","type":"page","link":"https:\/\/wp.ufpel.edu.br\/ppgef\/regimentos\/","title":{"rendered":"Regimentos"},"content":{"rendered":"<p><a href=\"https:\/\/wp.ufpel.edu.br\/ppgef\/files\/2019\/08\/REGIMENTO-2019-Programa-de-P\u00f3s-gradua\u00e7\u00e3o-Educa\u00e7\u00e3o-F\u00edsica.pdf\" target=\"_blank\" rel=\"noopener\"><strong>REGIMENTO PPGEF 2019<\/strong><\/a> &#8211; em processo de atualiza\u00e7\u00e3o<\/p>\n<p><a style=\"font-family: var(--fonte-corpo);\" href=\"https:\/\/wp.ufpel.edu.br\/ppgef\/files\/2023\/08\/Normativa-regimento-PPGEF_ICS_CLA.pdf\" target=\"_blank\" rel=\"noopener\">NORMATIVA Regimento PPGEF 2019<\/a><span style=\"color: var(--cor-texto); font-family: var(--fonte-corpo);\"> &#8211; complementa e<\/span><span style=\"font-weight: 400;\">\u00a0estabelece altera\u00e7\u00f5es no <\/span><span style=\"color: var(--cor-texto); font-family: var(--fonte-corpo);\">Artigo 56\u00ba<\/span><span style=\"color: var(--cor-texto); font-family: var(--fonte-corpo);\">\u00a0para os produtos das TESES.<\/span><\/p>\n<p><a href=\"https:\/\/wp.ufpel.edu.br\/ppgef\/files\/2025\/02\/SEI_2892412_Resolucao_89-1.pdf\"><strong>NOVO REGIMENTO UFPEL<\/strong><\/a> &#8211; atualizado em 12\/12\/2024 &#8211; para os cursos <em>Stricto Sensu.<\/em><\/p>\n<p><a href=\"https:\/\/wp.ufpel.edu.br\/ppgef\/files\/2025\/02\/Regimento-UFPel-Strito-Sensu-1.doc\">ANTIGO Regimento UFPel Strito Sensu<\/a><\/p>\n","protected":false},"excerpt":{"rendered":"<p>REGIMENTO PPGEF 2019 &#8211; em processo de atualiza\u00e7\u00e3o NORMATIVA Regimento PPGEF 2019 &#8211; complementa e\u00a0estabelece altera\u00e7\u00f5es no Artigo 56\u00ba\u00a0para os produtos das TESES. NOVO REGIMENTO UFPEL &#8211; atualizado em 12\/12\/2024 &#8211; para os cursos Stricto Sensu. ANTIGO Regimento UFPel Strito Sensu<\/p>\n","protected":false},"author":592,"featured_media":0,"parent":0,"menu_order":0,"comment_status":"closed","ping_status":"closed","template":"","meta":{"footnotes":""},"class_list":["post-1972","page","type-page","status-publish","hentry"],"_links":{"self":[{"href":"https:\/\/wp.ufpel.edu.br\/ppgef\/wp-json\/wp\/v2\/pages\/1972","targetHints":{"allow":["GET"]}}],"collection":[{"href":"https:\/\/wp.ufpel.edu.br\/ppgef\/wp-json\/wp\/v2\/pages"}],"about":[{"href":"https:\/\/wp.ufpel.edu.br\/ppgef\/wp-json\/wp\/v2\/types\/page"}],"author":[{"embeddable":true,"href":"https:\/\/wp.ufpel.edu.br\/ppgef\/wp-json\/wp\/v2\/users\/592"}],"replies":[{"embeddable":true,"href":"https:\/\/wp.ufpel.edu.br\/ppgef\/wp-json\/wp\/v2\/comments?post=1972"}],"version-history":[{"count":9,"href":"https:\/\/wp.ufpel.edu.br\/ppgef\/wp-json\/wp\/v2\/pages\/1972\/revisions"}],"predecessor-version":[{"id":4419,"href":"https:\/\/wp.ufpel.edu.br\/ppgef\/wp-json\/wp\/v2\/pages\/1972\/revisions\/4419"}],"wp:attachment":[{"href":"https:\/\/wp.ufpel.edu.br\/ppgef\/wp-json\/wp\/v2\/media?parent=1972"}],"curies":[{"name":"wp","href":"https:\/\/api.w.org\/{rel}","templated":true}]}}