{"id":19,"date":"2014-04-14T02:55:06","date_gmt":"2014-04-14T02:55:06","guid":{"rendered":"http:\/\/esef.ufpel.edu.br\/ppgef\/?page_id=19"},"modified":"2025-12-29T12:32:15","modified_gmt":"2025-12-29T15:32:15","slug":"documentos","status":"publish","type":"page","link":"https:\/\/wp.ufpel.edu.br\/ppgef\/documentos\/","title":{"rendered":"Documentos"},"content":{"rendered":"<p><span style=\"font-size: 18pt; color: #339966;\"><strong>Planilha de avalia\u00e7\u00e3o curricular<\/strong>:<\/span><\/p>\n<p><a href=\"https:\/\/wp.ufpel.edu.br\/ppgef\/files\/2025\/06\/Planilha-avaliacao-CV-selecao-2025.xlsx\">Planilha &#8211; avaliacao &#8211; CV &#8211; selecao &#8211; 2025<\/a><\/p>\n<p>&nbsp;<\/p>\n<p>&nbsp;<\/p>\n<p><span style=\"font-size: 18pt; color: #339966;\"><strong>Formul\u00e1rios PRPPG<\/strong>:<\/span><\/p>\n<ul>\n<li><a href=\"https:\/\/wp.ufpel.edu.br\/ppgef\/files\/2021\/05\/Formulario-1-Requerimento-de-Inscricao-1.doc\">Formul\u00e1rio 1 &#8211; Requerimento de Inscri\u00e7\u00e3o Aluno Regular<\/a><\/li>\n<li><a href=\"https:\/\/wp.ufpel.edu.br\/ppgef\/files\/2021\/07\/Formulario-1-Requerimento-de-Inscricao-Aluno-Especial.doc\">Formul\u00e1rio 1 &#8211; Requerimento de Inscri\u00e7\u00e3o Aluno Especial<\/a><\/li>\n<li><a href=\"https:\/\/wp.ufpel.edu.br\/ppgef\/files\/2018\/03\/Formul\u00e1rio-2-Matr\u00edcula-Mestrado-1.doc\">Formul\u00e1rio 2 &#8211; Matr\u00edcula Mestrado<\/a><\/li>\n<li><a href=\"https:\/\/wp.ufpel.edu.br\/ppgef\/files\/2018\/03\/Formul\u00e1rio-2-Matr\u00edcula-Doutorado-1.doc\">Formul\u00e1rio 2 &#8211; Matr\u00edcula Doutorado<\/a><\/li>\n<li><a href=\"https:\/\/wp.ufpel.edu.br\/ppgef\/files\/2014\/04\/Formulario-3-Plano-de-estudo.doc\">Formul\u00e1rio 3: Plano de Estudo<\/a><\/li>\n<li><a href=\"https:\/\/wp.ufpel.edu.br\/ppgef\/files\/2022\/05\/Formulario-6-Aproveitamento-de-Creditos-EDITAVEL.docx\">Formul\u00e1rio 6-Aproveitamento de Cr\u00e9ditos <\/a>\u00a0 &#8211; <strong>NOVO (17\/02\/25) <a href=\"https:\/\/wp.ufpel.edu.br\/ppgef\/files\/2025\/02\/ORIENTACOES-para-solicitar-o-aproveitamento.pdf\" target=\"_blank\" rel=\"noopener\">ORIENTA\u00c7\u00d5ES para solicita\u00e7\u00e3o de aproveitamento<\/a>\u00a0<\/strong><\/li>\n<li><a href=\"https:\/\/wp.ufpel.edu.br\/ppgef\/files\/2018\/09\/Formul\u00e1rio-9-Cancelamento-de-Disciplina.doc\">Formul\u00e1rio 9 &#8211; Cancelamento de Disciplina<\/a> &#8211; <strong>discente<\/strong> <strong>N\u00c3O PODE estar infrequente e N\u00c3O PODE ter transcorrido mais de 50% das aulas do semestre, ou seja, mais de 9 semanas de aulas<\/strong>.<\/li>\n<li><a href=\"https:\/\/wp.ufpel.edu.br\/ppgef\/files\/2020\/06\/TRANCAMENTO-DE-MATRICULA-ATUALIZADO.doc\">Formul\u00e1rio 10 &#8211; Trancamento de Matr\u00edcula<\/a> &#8211; <strong>INFORMAR claramente o semestre de trancamento\u00a0<\/strong><\/li>\n<\/ul>\n<p>&nbsp;<\/p>\n<p><span style=\"color: #339966; font-size: 18pt;\"><strong>Modelos de Comprovante de Est\u00e1gio Docente<\/strong>:<\/span><\/p>\n<ul>\n<li><a href=\"https:\/\/wp.ufpel.edu.br\/ppgef\/files\/2018\/03\/Atest.-de-Est\u00e1gio-de-Doc\u00eancia-Orientada-Dout.-1.doc\">Atestado de Est\u00e1gio de Doc\u00eancia Orientada Doutorado<\/a><\/li>\n<li><a href=\"https:\/\/wp.ufpel.edu.br\/ppgef\/files\/2018\/03\/Atest.-de-Est\u00e1gio-de-Doc\u00eancia-Orientada-Mest.-1.doc\">Atestado de Est\u00e1gio de Doc\u00eancia Orientada Mestrado<\/a><\/li>\n<\/ul>\n<p>&nbsp;<\/p>\n<p><span style=\"font-size: 18pt; color: #339966;\"><strong>Modelos para agendamento de defesa e qualifica\u00e7\u00e3o:\u00a0<\/strong><\/span><\/p>\n<ul>\n<li><a href=\"https:\/\/wp.ufpel.edu.br\/ppgef\/files\/2020\/07\/Modelo-Solicita\u00e7\u00e3o-Agendam.-Qualifica\u00e7\u00e3o-de-Doutorado.doc\">Qualifica\u00e7\u00e3o de Doutorado<\/a><\/li>\n<li><strong><a href=\"https:\/\/wp.ufpel.edu.br\/ppgef\/files\/2025\/05\/Modelo-Defesa-Final-de-Doutorado-1.doc\">Defesa Final de Doutorado<\/a><\/strong>\u00a0&#8211; <strong>enviar junto o <a href=\"https:\/\/wp.ufpel.edu.br\/ppgef\/files\/2025\/04\/Orientacoes-para-emissao-do-diploma.pdf\">PDF \u00fanico com a documenta\u00e7\u00e3o para emiss\u00e3o do diploma<\/a><\/strong><\/li>\n<li><a href=\"https:\/\/wp.ufpel.edu.br\/ppgef\/files\/2020\/07\/Modelo-Solicita\u00e7\u00e3o-Agendam.-Qualifica\u00e7\u00e3o-de-Mestrado.doc\">Qualifica\u00e7\u00e3o de Mestrado<\/a><\/li>\n<li><strong><a href=\"https:\/\/wp.ufpel.edu.br\/ppgef\/files\/2025\/05\/Modelo-Defesa-Final-de-Mestrado-1.doc\">Defesa Final de Mestrado<\/a><\/strong>\u00a0&#8211; <strong>enviar junto o <a href=\"https:\/\/wp.ufpel.edu.br\/ppgef\/files\/2025\/04\/Orientacoes-para-emissao-do-diploma.pdf\">PDF \u00fanico com a documenta\u00e7\u00e3o para emiss\u00e3o do diploma<\/a><\/strong><\/li>\n<\/ul>\n<p>&nbsp;<\/p>\n<p><span style=\"font-size: 18pt; color: #339966;\"><strong>Modelo para pedido de prorroga\u00e7\u00e3o de defesa final e qualifica\u00e7\u00e3o:<\/strong><\/span><\/p>\n<ul>\n<li><a href=\"https:\/\/wp.ufpel.edu.br\/ppgef\/files\/2020\/07\/Modelo-Prorroga\u00e7\u00e3o-da-Defesa-Final.docx\">Prorroga\u00e7\u00e3o da Defesa Final \/ Qualifica\u00e7\u00e3o<\/a> &#8211; <strong>INFORMAR no e-mail caso j\u00e1 tenha realizado algum pedido anterior<\/strong><\/li>\n<\/ul>\n<p>&nbsp;<\/p>\n<ul>\n<li><strong><a style=\"text-align: justify; font-family: var(--fonte-corpo);\" href=\"https:\/\/wp.ufpel.edu.br\/ppgef\/files\/2023\/05\/MODELO-DE-TEXTO-PARA-PARECER-DE-QUALIFICACAO-E-DEFESA-FINAL.pdf\">MODELO DE TEXTO PARA PARECER DE QUALIFICA\u00c7\u00c3O E DEFESA FINAL<\/a><\/strong><\/li>\n<\/ul>\n<p>&nbsp;<\/p>\n<p><span style=\"color: #339966; font-size: 18pt;\"><strong>Elabora\u00e7\u00e3o da vers\u00e3o final e solicita\u00e7\u00e3o de diploma<\/strong>:<\/span><\/p>\n<ul>\n<li><a href=\"https:\/\/wp.ufpel.edu.br\/ppgef\/files\/2024\/01\/Manual_Versao_Final_2__18_10_2023.pdf\" target=\"_blank\" rel=\"noopener\"><strong>NOVO &#8211;<\/strong> Manual de Normas da UFPEL para trabalhos acad\u00eamicos <strong>(obrigat\u00f3ria a partir de mar\u00e7o\/2024 &#8211; Modelos p\u00e1g 81)<\/strong><\/a><\/li>\n<li><a href=\"https:\/\/wp.ufpel.edu.br\/ppgef\/files\/2025\/02\/Orientacoes-para-envio-da-versao-final.pdf\" target=\"_blank\" rel=\"noopener\">Orienta\u00e7\u00f5es para entrega da vers\u00e3o final e pedido da Ficha Catalogr\u00e1fica<\/a><\/li>\n<li><strong>NOVO<\/strong> &#8211; Termo de autoriza\u00e7\u00e3o para disponibilizar Teses e Disserta\u00e7\u00f5es na Biblioteca da UFPel &#8211; <a href=\"https:\/\/wp.ufpel.edu.br\/ppgef\/files\/2025\/02\/Termo-Dissertacoes-e-Teses.docx\">Termo em WORD<\/a> ou <a href=\"https:\/\/wp.ufpel.edu.br\/ppgef\/files\/2025\/02\/Termo-Dissertacoes-e-Teses.pdf\">Termo em PDF<\/a> &#8211; <strong>deve ser enviado em PDF com assinatura &#8220;\u00e0 m\u00e3o&#8221; ou GovBr<\/strong><\/li>\n<li><a href=\"https:\/\/wp.ufpel.edu.br\/ppgef\/files\/2025\/04\/Orientacoes-para-emissao-do-diploma-PPGEF.pdf\" target=\"_blank\" rel=\"noopener\">Orienta\u00e7\u00f5es para emiss\u00e3o do diploma<\/a><\/li>\n<\/ul>\n<p>&nbsp;<\/p>\n<p><span style=\"font-size: 18pt; color: #339966;\"><strong>Aluno(a) Bolsista<\/strong><\/span><\/p>\n<ul>\n<li><a href=\"https:\/\/wp.ufpel.edu.br\/ppgef\/files\/2020\/11\/Memorando-citacoes-CAPES-Trabalho-Final.pdf\">Obrigatoriedade de cita\u00e7\u00e3o da CAPES e da UFPel em trabalhos de bolsistas de Mestrado e Doutorado<\/a><\/li>\n<li><a href=\"https:\/\/wp.ufpel.edu.br\/ppgef\/files\/2023\/01\/Atribuicoes-dos-bolsistas-Plano-de-trabalho-e-relatorio.docx\">Atribui\u00e7\u00f5es dos bolsistas + Plano de trabalho e Relat\u00f3rio<\/a><\/li>\n<\/ul>\n","protected":false},"excerpt":{"rendered":"<p>Planilha de avalia\u00e7\u00e3o curricular: Planilha &#8211; avaliacao &#8211; CV &#8211; selecao &#8211; 2025 &nbsp; &nbsp; Formul\u00e1rios PRPPG: Formul\u00e1rio 1 &#8211; Requerimento de Inscri\u00e7\u00e3o Aluno Regular Formul\u00e1rio 1 &#8211; Requerimento de Inscri\u00e7\u00e3o Aluno Especial Formul\u00e1rio 2 &#8211; Matr\u00edcula Mestrado Formul\u00e1rio 2 &#8211; Matr\u00edcula Doutorado Formul\u00e1rio 3: Plano de Estudo Formul\u00e1rio 6-Aproveitamento de Cr\u00e9ditos \u00a0 &#8211; NOVO [&hellip;]<\/p>\n","protected":false},"author":592,"featured_media":0,"parent":0,"menu_order":0,"comment_status":"closed","ping_status":"closed","template":"","meta":{"footnotes":""},"class_list":["post-19","page","type-page","status-publish","hentry"],"_links":{"self":[{"href":"https:\/\/wp.ufpel.edu.br\/ppgef\/wp-json\/wp\/v2\/pages\/19","targetHints":{"allow":["GET"]}}],"collection":[{"href":"https:\/\/wp.ufpel.edu.br\/ppgef\/wp-json\/wp\/v2\/pages"}],"about":[{"href":"https:\/\/wp.ufpel.edu.br\/ppgef\/wp-json\/wp\/v2\/types\/page"}],"author":[{"embeddable":true,"href":"https:\/\/wp.ufpel.edu.br\/ppgef\/wp-json\/wp\/v2\/users\/592"}],"replies":[{"embeddable":true,"href":"https:\/\/wp.ufpel.edu.br\/ppgef\/wp-json\/wp\/v2\/comments?post=19"}],"version-history":[{"count":3,"href":"https:\/\/wp.ufpel.edu.br\/ppgef\/wp-json\/wp\/v2\/pages\/19\/revisions"}],"predecessor-version":[{"id":4786,"href":"https:\/\/wp.ufpel.edu.br\/ppgef\/wp-json\/wp\/v2\/pages\/19\/revisions\/4786"}],"wp:attachment":[{"href":"https:\/\/wp.ufpel.edu.br\/ppgef\/wp-json\/wp\/v2\/media?parent=19"}],"curies":[{"name":"wp","href":"https:\/\/api.w.org\/{rel}","templated":true}]}}