{"id":13,"date":"2014-04-14T02:54:36","date_gmt":"2014-04-14T02:54:36","guid":{"rendered":"http:\/\/esef.ufpel.edu.br\/ppgef\/?page_id=13"},"modified":"2024-11-14T15:38:25","modified_gmt":"2024-11-14T18:38:25","slug":"contato","status":"publish","type":"page","link":"https:\/\/wp.ufpel.edu.br\/ppgef\/contato\/","title":{"rendered":"Contato"},"content":{"rendered":"<p><strong>Coordenador:<\/strong> Prof. Dr. Marlos Rodrigues Domingues<\/p>\n<p><strong>Coordenadora Adjunta:<\/strong> Profa. Dra. Stephanie Santana Pinto<\/p>\n<p><strong>Secret\u00e1ria:<\/strong> Christine Spieker<\/p>\n<p><strong>Endere\u00e7o:<\/strong> Universidade Federal de Pelotas (UFPel)<br \/>\nEscola Superior de Educa\u00e7\u00e3o F\u00edsica (ESEF)<br \/>\nRua Lu\u00eds de Cam\u00f5es, 625<br \/>\nBairro Tr\u00eas Vendas &#8211; Pelotas\/RS<br \/>\nCEP: 96055-630<\/p>\n<p><strong>Email:<\/strong>\u00a0ppgef.ufpel@gmail.com<\/p>\n<p><strong>Telefone:<\/strong> (53) 32844332<\/p>\n<p><strong>Instragram:<\/strong> @ppgef_ufpel<\/p>\n","protected":false},"excerpt":{"rendered":"<p>Coordenador: Prof. Dr. Marlos Rodrigues Domingues Coordenadora Adjunta: Profa. Dra. Stephanie Santana Pinto Secret\u00e1ria: Christine Spieker Endere\u00e7o: Universidade Federal de Pelotas (UFPel) Escola Superior de Educa\u00e7\u00e3o F\u00edsica (ESEF) Rua Lu\u00eds de Cam\u00f5es, 625 Bairro Tr\u00eas Vendas &#8211; Pelotas\/RS CEP: 96055-630 Email:\u00a0ppgef.ufpel@gmail.com Telefone: (53) 32844332 Instragram: @ppgef_ufpel<\/p>\n","protected":false},"author":592,"featured_media":0,"parent":0,"menu_order":0,"comment_status":"closed","ping_status":"closed","template":"","meta":{"footnotes":""},"class_list":["post-13","page","type-page","status-publish","hentry"],"_links":{"self":[{"href":"https:\/\/wp.ufpel.edu.br\/ppgef\/wp-json\/wp\/v2\/pages\/13","targetHints":{"allow":["GET"]}}],"collection":[{"href":"https:\/\/wp.ufpel.edu.br\/ppgef\/wp-json\/wp\/v2\/pages"}],"about":[{"href":"https:\/\/wp.ufpel.edu.br\/ppgef\/wp-json\/wp\/v2\/types\/page"}],"author":[{"embeddable":true,"href":"https:\/\/wp.ufpel.edu.br\/ppgef\/wp-json\/wp\/v2\/users\/592"}],"replies":[{"embeddable":true,"href":"https:\/\/wp.ufpel.edu.br\/ppgef\/wp-json\/wp\/v2\/comments?post=13"}],"version-history":[{"count":10,"href":"https:\/\/wp.ufpel.edu.br\/ppgef\/wp-json\/wp\/v2\/pages\/13\/revisions"}],"predecessor-version":[{"id":4324,"href":"https:\/\/wp.ufpel.edu.br\/ppgef\/wp-json\/wp\/v2\/pages\/13\/revisions\/4324"}],"wp:attachment":[{"href":"https:\/\/wp.ufpel.edu.br\/ppgef\/wp-json\/wp\/v2\/media?parent=13"}],"curies":[{"name":"wp","href":"https:\/\/api.w.org\/{rel}","templated":true}]}}