{"id":10,"date":"2014-04-14T02:54:26","date_gmt":"2014-04-14T02:54:26","guid":{"rendered":"http:\/\/esef.ufpel.edu.br\/ppgef\/?page_id=10"},"modified":"2024-11-14T15:20:08","modified_gmt":"2024-11-14T18:20:08","slug":"comite-de-etica","status":"publish","type":"page","link":"https:\/\/wp.ufpel.edu.br\/ppgef\/comite-de-etica\/","title":{"rendered":"Comit\u00ea de \u00c9tica em Pesquisa"},"content":{"rendered":"<p><span style=\"font-size: 18pt;\"><strong><span style=\"color: #339966;\">Comit\u00ea de \u00c9tica em Pesquisa com Seres Humanos da Escola Superior de Educa\u00e7\u00e3o F\u00edsica (ESEF)<\/span><\/strong><\/span><\/p>\n<p>Todos os protocolos de pesquisa envolvendo seres humanos dever\u00e3o ser submetidos a um Comit\u00ea de \u00c9tica em Pesquisa (CEP), atrav\u00e9s da\u00a0<a href=\"http:\/\/plataformabrasil.saude.gov.br\/login.jsf\"><strong>PLATAFORMA BRASIL<\/strong><\/a><\/p>\n<p>A Escola Superior de Educa\u00e7\u00e3o F\u00edsica (ESEF) da Universidade Federal de Pelotas possui um CEP dispon\u00edvel em sua pr\u00f3pria unidade. <strong>Orienta\u00e7\u00f5es para submiss\u00e3o de Projetos de Pesquisa<\/strong>, acesse o site do <a href=\"https:\/\/wp.ufpel.edu.br\/cepesef\/\"><strong>CEP da ESEF<\/strong><\/a><\/p>\n<p><strong>Maiores informa\u00e7\u00f5es na Secretaria do Comit\u00ea<\/strong>:<\/p>\n<p>Atendimento: segunda a sexta-feira das 08h as 12h e das 14h as 18h<br \/>\nEndere\u00e7o: Rua Luiz de Cam\u00f5es, 625, Bairro Cohab Tablada, Pelotas\/RS, CEP 96055-630<br \/>\nTelefone: (53) 3273-2752<br \/>\nE-mail: cepesef.ufpel@gmail.com<\/p>\n<p>&nbsp;<\/p>\n","protected":false},"excerpt":{"rendered":"<p>Comit\u00ea de \u00c9tica em Pesquisa com Seres Humanos da Escola Superior de Educa\u00e7\u00e3o F\u00edsica (ESEF) Todos os protocolos de pesquisa envolvendo seres humanos dever\u00e3o ser submetidos a um Comit\u00ea de \u00c9tica em Pesquisa (CEP), atrav\u00e9s da\u00a0PLATAFORMA BRASIL A Escola Superior de Educa\u00e7\u00e3o F\u00edsica (ESEF) da Universidade Federal de Pelotas possui um CEP dispon\u00edvel em sua [&hellip;]<\/p>\n","protected":false},"author":592,"featured_media":0,"parent":0,"menu_order":0,"comment_status":"closed","ping_status":"closed","template":"","meta":{"footnotes":""},"class_list":["post-10","page","type-page","status-publish","hentry"],"_links":{"self":[{"href":"https:\/\/wp.ufpel.edu.br\/ppgef\/wp-json\/wp\/v2\/pages\/10","targetHints":{"allow":["GET"]}}],"collection":[{"href":"https:\/\/wp.ufpel.edu.br\/ppgef\/wp-json\/wp\/v2\/pages"}],"about":[{"href":"https:\/\/wp.ufpel.edu.br\/ppgef\/wp-json\/wp\/v2\/types\/page"}],"author":[{"embeddable":true,"href":"https:\/\/wp.ufpel.edu.br\/ppgef\/wp-json\/wp\/v2\/users\/592"}],"replies":[{"embeddable":true,"href":"https:\/\/wp.ufpel.edu.br\/ppgef\/wp-json\/wp\/v2\/comments?post=10"}],"version-history":[{"count":5,"href":"https:\/\/wp.ufpel.edu.br\/ppgef\/wp-json\/wp\/v2\/pages\/10\/revisions"}],"predecessor-version":[{"id":4318,"href":"https:\/\/wp.ufpel.edu.br\/ppgef\/wp-json\/wp\/v2\/pages\/10\/revisions\/4318"}],"wp:attachment":[{"href":"https:\/\/wp.ufpel.edu.br\/ppgef\/wp-json\/wp\/v2\/media?parent=10"}],"curies":[{"name":"wp","href":"https:\/\/api.w.org\/{rel}","templated":true}]}}