{"id":585,"date":"2016-06-02T11:13:39","date_gmt":"2016-06-02T14:13:39","guid":{"rendered":"https:\/\/wp.ufpel.edu.br\/ppgecm\/?page_id=585"},"modified":"2016-06-02T11:55:41","modified_gmt":"2016-06-02T14:55:41","slug":"eventos","status":"publish","type":"page","link":"https:\/\/wp.ufpel.edu.br\/ppgecm\/eventos\/","title":{"rendered":"Eventos"},"content":{"rendered":"<p>Eventos Internos<\/p>\n<p style=\"padding-left: 30px\"><a href=\"https:\/\/simposioppgecm.wordpress.com\/\" target=\"_blank\">Simp\u00f3sio de Educa\u00e7\u00e3o &#8211; PPGECM<\/a><\/p>\n<p style=\"padding-left: 30px\"><a href=\"https:\/\/simposioppgecm.wordpress.com\/\" target=\"_blank\">Anais do Simp\u00f3sio de Educa\u00e7\u00e3o<\/a><\/p>\n<p><a href=\"https:\/\/wp.ufpel.edu.br\/ppgecm\/category\/eventos-externos\/\" target=\"_blank\">Eventos Externos<\/a><\/p>\n","protected":false},"excerpt":{"rendered":"<p>Eventos Internos Simp\u00f3sio de Educa\u00e7\u00e3o &#8211; PPGECM Anais do Simp\u00f3sio de Educa\u00e7\u00e3o Eventos Externos<\/p>\n","protected":false},"author":112,"featured_media":0,"parent":0,"menu_order":6,"comment_status":"closed","ping_status":"closed","template":"","meta":{"footnotes":""},"class_list":["post-585","page","type-page","status-publish","hentry"],"yoast_head":"<!-- This site is optimized with the Yoast SEO plugin v26.7 - https:\/\/yoast.com\/wordpress\/plugins\/seo\/ -->\n<title>Eventos - Programa de P\u00f3s Gradua\u00e7\u00e3o em Ensino de Ci\u00eancias e Matem\u00e1tica - Mestrado Profissional<\/title>\n<meta name=\"robots\" content=\"index, follow, max-snippet:-1, max-image-preview:large, max-video-preview:-1\" \/>\n<link rel=\"canonical\" href=\"https:\/\/wp.ufpel.edu.br\/ppgecm\/eventos\/\" \/>\n<meta property=\"og:locale\" content=\"pt_BR\" \/>\n<meta property=\"og:type\" content=\"article\" \/>\n<meta property=\"og:title\" content=\"Eventos - Programa de P\u00f3s Gradua\u00e7\u00e3o em Ensino de Ci\u00eancias e Matem\u00e1tica - Mestrado Profissional\" \/>\n<meta property=\"og:description\" content=\"Eventos Internos Simp\u00f3sio de Educa\u00e7\u00e3o &#8211; PPGECM Anais do Simp\u00f3sio de Educa\u00e7\u00e3o Eventos Externos\" \/>\n<meta property=\"og:url\" content=\"https:\/\/wp.ufpel.edu.br\/ppgecm\/eventos\/\" \/>\n<meta property=\"og:site_name\" content=\"Programa de P\u00f3s Gradua\u00e7\u00e3o em Ensino de Ci\u00eancias e Matem\u00e1tica - Mestrado Profissional\" \/>\n<meta property=\"article:modified_time\" content=\"2016-06-02T14:55:41+00:00\" \/>\n<meta name=\"twitter:card\" content=\"summary_large_image\" \/>\n<meta name=\"twitter:label1\" content=\"Est. tempo de leitura\" \/>\n\t<meta name=\"twitter:data1\" content=\"1 minuto\" \/>\n<script type=\"application\/ld+json\" class=\"yoast-schema-graph\">{\"@context\":\"https:\/\/schema.org\",\"@graph\":[{\"@type\":\"WebPage\",\"@id\":\"https:\/\/wp.ufpel.edu.br\/ppgecm\/eventos\/\",\"url\":\"https:\/\/wp.ufpel.edu.br\/ppgecm\/eventos\/\",\"name\":\"Eventos - Programa de P\u00f3s Gradua\u00e7\u00e3o em Ensino de Ci\u00eancias e Matem\u00e1tica - Mestrado Profissional\",\"isPartOf\":{\"@id\":\"https:\/\/wp.ufpel.edu.br\/ppgecm\/#website\"},\"datePublished\":\"2016-06-02T14:13:39+00:00\",\"dateModified\":\"2016-06-02T14:55:41+00:00\",\"breadcrumb\":{\"@id\":\"https:\/\/wp.ufpel.edu.br\/ppgecm\/eventos\/#breadcrumb\"},\"inLanguage\":\"pt-BR\",\"potentialAction\":[{\"@type\":\"ReadAction\",\"target\":[\"https:\/\/wp.ufpel.edu.br\/ppgecm\/eventos\/\"]}]},{\"@type\":\"BreadcrumbList\",\"@id\":\"https:\/\/wp.ufpel.edu.br\/ppgecm\/eventos\/#breadcrumb\",\"itemListElement\":[{\"@type\":\"ListItem\",\"position\":1,\"name\":\"In\u00edcio\",\"item\":\"https:\/\/wp.ufpel.edu.br\/ppgecm\/\"},{\"@type\":\"ListItem\",\"position\":2,\"name\":\"Eventos\"}]},{\"@type\":\"WebSite\",\"@id\":\"https:\/\/wp.ufpel.edu.br\/ppgecm\/#website\",\"url\":\"https:\/\/wp.ufpel.edu.br\/ppgecm\/\",\"name\":\"Programa de P\u00f3s Gradua\u00e7\u00e3o em Ensino de Ci\u00eancias e Matem\u00e1tica - Mestrado Profissional\",\"description\":\"Universidade Federal de Pelotas\",\"potentialAction\":[{\"@type\":\"SearchAction\",\"target\":{\"@type\":\"EntryPoint\",\"urlTemplate\":\"https:\/\/wp.ufpel.edu.br\/ppgecm\/?s={search_term_string}\"},\"query-input\":{\"@type\":\"PropertyValueSpecification\",\"valueRequired\":true,\"valueName\":\"search_term_string\"}}],\"inLanguage\":\"pt-BR\"}]}<\/script>\n<!-- \/ Yoast SEO plugin. -->","yoast_head_json":{"title":"Eventos - Programa de P\u00f3s Gradua\u00e7\u00e3o em Ensino de Ci\u00eancias e Matem\u00e1tica - Mestrado Profissional","robots":{"index":"index","follow":"follow","max-snippet":"max-snippet:-1","max-image-preview":"max-image-preview:large","max-video-preview":"max-video-preview:-1"},"canonical":"https:\/\/wp.ufpel.edu.br\/ppgecm\/eventos\/","og_locale":"pt_BR","og_type":"article","og_title":"Eventos - Programa de P\u00f3s Gradua\u00e7\u00e3o em Ensino de Ci\u00eancias e Matem\u00e1tica - Mestrado Profissional","og_description":"Eventos Internos Simp\u00f3sio de Educa\u00e7\u00e3o &#8211; PPGECM Anais do Simp\u00f3sio de Educa\u00e7\u00e3o Eventos Externos","og_url":"https:\/\/wp.ufpel.edu.br\/ppgecm\/eventos\/","og_site_name":"Programa de P\u00f3s Gradua\u00e7\u00e3o em Ensino de Ci\u00eancias e Matem\u00e1tica - Mestrado Profissional","article_modified_time":"2016-06-02T14:55:41+00:00","twitter_card":"summary_large_image","twitter_misc":{"Est. tempo de leitura":"1 minuto"},"schema":{"@context":"https:\/\/schema.org","@graph":[{"@type":"WebPage","@id":"https:\/\/wp.ufpel.edu.br\/ppgecm\/eventos\/","url":"https:\/\/wp.ufpel.edu.br\/ppgecm\/eventos\/","name":"Eventos - Programa de P\u00f3s Gradua\u00e7\u00e3o em Ensino de Ci\u00eancias e Matem\u00e1tica - Mestrado Profissional","isPartOf":{"@id":"https:\/\/wp.ufpel.edu.br\/ppgecm\/#website"},"datePublished":"2016-06-02T14:13:39+00:00","dateModified":"2016-06-02T14:55:41+00:00","breadcrumb":{"@id":"https:\/\/wp.ufpel.edu.br\/ppgecm\/eventos\/#breadcrumb"},"inLanguage":"pt-BR","potentialAction":[{"@type":"ReadAction","target":["https:\/\/wp.ufpel.edu.br\/ppgecm\/eventos\/"]}]},{"@type":"BreadcrumbList","@id":"https:\/\/wp.ufpel.edu.br\/ppgecm\/eventos\/#breadcrumb","itemListElement":[{"@type":"ListItem","position":1,"name":"In\u00edcio","item":"https:\/\/wp.ufpel.edu.br\/ppgecm\/"},{"@type":"ListItem","position":2,"name":"Eventos"}]},{"@type":"WebSite","@id":"https:\/\/wp.ufpel.edu.br\/ppgecm\/#website","url":"https:\/\/wp.ufpel.edu.br\/ppgecm\/","name":"Programa de P\u00f3s Gradua\u00e7\u00e3o em Ensino de Ci\u00eancias e Matem\u00e1tica - Mestrado Profissional","description":"Universidade Federal de Pelotas","potentialAction":[{"@type":"SearchAction","target":{"@type":"EntryPoint","urlTemplate":"https:\/\/wp.ufpel.edu.br\/ppgecm\/?s={search_term_string}"},"query-input":{"@type":"PropertyValueSpecification","valueRequired":true,"valueName":"search_term_string"}}],"inLanguage":"pt-BR"}]}},"_links":{"self":[{"href":"https:\/\/wp.ufpel.edu.br\/ppgecm\/wp-json\/wp\/v2\/pages\/585","targetHints":{"allow":["GET"]}}],"collection":[{"href":"https:\/\/wp.ufpel.edu.br\/ppgecm\/wp-json\/wp\/v2\/pages"}],"about":[{"href":"https:\/\/wp.ufpel.edu.br\/ppgecm\/wp-json\/wp\/v2\/types\/page"}],"author":[{"embeddable":true,"href":"https:\/\/wp.ufpel.edu.br\/ppgecm\/wp-json\/wp\/v2\/users\/112"}],"replies":[{"embeddable":true,"href":"https:\/\/wp.ufpel.edu.br\/ppgecm\/wp-json\/wp\/v2\/comments?post=585"}],"version-history":[{"count":3,"href":"https:\/\/wp.ufpel.edu.br\/ppgecm\/wp-json\/wp\/v2\/pages\/585\/revisions"}],"predecessor-version":[{"id":593,"href":"https:\/\/wp.ufpel.edu.br\/ppgecm\/wp-json\/wp\/v2\/pages\/585\/revisions\/593"}],"wp:attachment":[{"href":"https:\/\/wp.ufpel.edu.br\/ppgecm\/wp-json\/wp\/v2\/media?parent=585"}],"curies":[{"name":"wp","href":"https:\/\/api.w.org\/{rel}","templated":true}]}}