{"id":542,"date":"2016-06-01T12:30:55","date_gmt":"2016-06-01T15:30:55","guid":{"rendered":"https:\/\/wp.ufpel.edu.br\/ppgecm\/?page_id=542"},"modified":"2026-02-24T14:21:44","modified_gmt":"2026-02-24T17:21:44","slug":"documentos","status":"publish","type":"page","link":"https:\/\/wp.ufpel.edu.br\/ppgecm\/documentos\/","title":{"rendered":"Documentos"},"content":{"rendered":"<p class=\"text12\"><strong>Documentos Gerais:<\/strong><\/p>\n<p><a href=\"https:\/\/wp.ufpel.edu.br\/prppg\/files\/2025\/02\/Resolucao-no89-2024.-Novo-Regimento-da-Pos-Graduacao.pdf\" target=\"_blank\" rel=\"noopener\">Regimento Geral dos Programas de P\u00f3s-Gradua\u00e7\u00e3o <em>Stricto Sensu<\/em> da UFPel<\/a><\/p>\n<p><a href=\"https:\/\/wp.ufpel.edu.br\/ppgecm\/files\/2026\/02\/SEI_3663584_Parecer_Normativo_COCEPE_143.pdf\" target=\"_blank\" rel=\"noopener\">Regimento Interno do PPGECM 2026<\/a> &#8211; atualizado em 20\/02\/2026<\/p>\n<p class=\"text12\" style=\"padding-left: 40px;\"><a href=\"https:\/\/wp.ufpel.edu.br\/ppgecm\/files\/2022\/10\/RES-34-2014-REG-INT-PPGECM.pdf\">Regimento Interno do PPGECM 2015<\/a><\/p>\n<p style=\"padding-left: 40px;\"><a class=\"text12\" href=\"https:\/\/drive.google.com\/file\/d\/0B-acF_5K4uDVdDdCZnRmVzlQdWs\/view?usp=sharing\" target=\"_blank\" rel=\"noopener noreferrer\">Regimento Interno do PPGECM 2011-2014<\/a><\/p>\n<p><a href=\"https:\/\/wp.ufpel.edu.br\/ppgecm\/files\/2026\/02\/PPC-vf-24.02.26.pdf\" target=\"_blank\" rel=\"noopener\">Novo Projeto Pedag\u00f3gico de Curso do PPGECM 2026<\/a> &#8211; atualizado em 20\/02\/2026<\/p>\n<p style=\"padding-left: 40px;\"><a class=\"text12\" href=\"https:\/\/drive.google.com\/file\/d\/0B-acF_5K4uDVWGNHWUdvSER6TlU\/view?usp=sharing\" target=\"_blank\" rel=\"noopener noreferrer\">Projeto pedag\u00f3gico<\/a><\/p>\n<p><a href=\"https:\/\/wp.ufpel.edu.br\/ppgecm\/files\/2022\/07\/ORIENTACOES-SEI-PPGECM.pdf\" target=\"_blank\" rel=\"noopener noreferrer\">Orienta\u00e7\u00f5es para Envio de Processos pelo SEI!<\/a> &#8211; atualizado em 09.05.18<\/p>\n<p><a href=\"https:\/\/wp.ufpel.edu.br\/ppgecm\/files\/2022\/07\/Formulario-Cancelamento-disciplina.doc\" target=\"_blank\" rel=\"noopener\">Formul\u00e1rio de Cancelamento de Disciplina<\/a><\/p>\n<p><a class=\"text12\" href=\"https:\/\/wp.ufpel.edu.br\/ppgecm\/files\/2022\/10\/Formulario-Trancamento-de-matricula.doc\" target=\"_blank\" rel=\"noopener noreferrer\">Formul\u00e1rio para Trancamento de Matr\u00edcula<\/a><\/p>\n<p><a href=\"https:\/\/wp.ufpel.edu.br\/ppgecm\/files\/2022\/07\/SOLICITACAO-DE-PROFICIENCIA.docx\">Formul\u00e1rio de Encaminhamento de Atestado de Profici\u00eancia<\/a><\/p>\n<p><a href=\"https:\/\/wp.ufpel.edu.br\/ppgecm\/files\/2022\/07\/REQUERIMENTO-DE-APROVEITAMENTO.docx\">Formul\u00e1rio de Pedido de Aproveitamento de Disciplina<\/a><\/p>\n<p><a href=\"https:\/\/wp.ufpel.edu.br\/ppgecm\/files\/2022\/07\/FORMULARIO-PARA-SOLICITACAO-DE-AUXILIO-FINANCEIRO-PPGECM.docx\">Formul\u00e1rio para Solicita\u00e7\u00e3o de Aux\u00edlio Financeiro<\/a><\/p>\n<p><a href=\"https:\/\/wp.ufpel.edu.br\/ppgecm\/files\/2022\/07\/RELATORIO-DE-VIAGEM-VISITA-TECNICA-PPGECM.docx\">Relat\u00f3rio de Viagem\/Visita T\u00e9cnica<\/a><\/p>\n<p><a href=\"https:\/\/wp.ufpel.edu.br\/ppgecm\/files\/2022\/07\/REQUERIMENTO-DE-PRORROGACAO-DE-PRAZO.docx\">Formul\u00e1rio de Pedido de Prorroga\u00e7\u00e3o de Prazo<\/a><\/p>\n<p><a href=\"https:\/\/wp.ufpel.edu.br\/sisbi\/files\/2023\/11\/Manual_Versao_atualizada_2023.pdf\" target=\"_blank\" rel=\"noopener\"><strong>Novo!<\/strong> Manual de Normas UFPel para Trabalhos Acad\u00eamicos<\/a> &#8211; vers\u00e3o obrigat\u00f3ria a partir de 01\/03\/2024<\/p>\n<p><a class=\"text12\" href=\"https:\/\/wp.ufpel.edu.br\/sisbi\/normas-da-ufpel-para-trabalhos-academicos\/\" target=\"_blank\" rel=\"noopener noreferrer\">Manual de Normas da UFPel para Trabalhos Acad\u00eamicos<\/a>&#8211; vers\u00e3o 2019 vigente at\u00e9 29\/02\/2024<\/p>\n<p>&nbsp;<\/p>\n<p><strong>Documentos &#8211; Processos de Sele\u00e7\u00e3o:<\/strong><\/p>\n<p><a href=\"https:\/\/wp.ufpel.edu.br\/ppgecm\/files\/2016\/06\/modelo-anteprojeto.docx\" target=\"_blank\" rel=\"noopener noreferrer\">Modelo de Anteprojeto<\/a><\/p>\n<p><a href=\"https:\/\/wp.ufpel.edu.br\/ppgecm\/category\/editais\/\">Editais<\/a><\/p>\n<p><a href=\"https:\/\/wp.ufpel.edu.br\/ppge\/files\/2022\/03\/AUTODECLARACAO-ETNICO-RACIAL.pdf\" target=\"_blank\" rel=\"noopener\">Autodeclara\u00e7\u00e3o \u00e9tnico-racial<\/a><\/p>\n<p><a href=\"https:\/\/wp.ufpel.edu.br\/ppge\/files\/2022\/03\/AUTODECLARACAO-DE-IDENTIDADE-TRANS.pdf\" target=\"_blank\" rel=\"noopener\">Autodeclara\u00e7\u00e3o de identidade trans<\/a><\/p>\n<p><a href=\"https:\/\/wp.ufpel.edu.br\/ppge\/files\/2022\/03\/AUTODECLARACAO-DO-CANDIDATO-ESTUDANTE-INDIGENA.pdf\" target=\"_blank\" rel=\"noopener\">Autodeclara\u00e7\u00e3o do Candidato \u2013 Estudante ind\u00edgena<\/a><\/p>\n<p><a href=\"https:\/\/wp.ufpel.edu.br\/ppge\/files\/2022\/03\/DECLARACAO-DE-PERTENCIMENTO-ETNICO-PARA-ESTUDANTE-INDIGENA.pdf\" target=\"_blank\" rel=\"noopener\">Declara\u00e7\u00e3o de pertencimente \u00e9tnico para estudante ind\u00edgena<\/a><\/p>\n<p><a href=\"https:\/\/wp.ufpel.edu.br\/ppge\/files\/2022\/03\/AUTODECLARACAO-DO-CANDIDATO-%E2%80%93-ESTUDANTE-QUILOMBOLA.pdf\" target=\"_blank\" rel=\"noopener\">Autodeclara\u00e7\u00e3o do Candidato \u2013 Estudante quilombola<\/a><\/p>\n<p><a href=\"https:\/\/wp.ufpel.edu.br\/ppge\/files\/2022\/03\/DECLARACAO-DE-PERTENCIMENTO-ETNICO_PARA-ESTUDANTE-QUILOMBOLA.pdf\" target=\"_blank\" rel=\"noopener\">Declara\u00e7\u00e3o de pertencimento \u00e9tnico para estudante quilombola<\/a><\/p>\n<p>&nbsp;<\/p>\n<p><a href=\"#documentos\"><strong>Documentos &#8211; Solicita\u00e7\u00e3o de Homologa\u00e7\u00e3o de Bancas de Qualifica\u00e7\u00e3o e Defesa de Disserta\u00e7\u00e3o:<\/strong><\/a><\/p>\n<p class=\"text12\"><a class=\"text12\" href=\"https:\/\/drive.google.com\/open?id=0B-acF_5K4uDVZmQtMHI5ZnFlX1U\" target=\"_blank\" rel=\"noopener noreferrer\">Formul\u00e1rio 1 : Cadastro &#8211; Professores Examinadores de Banca de Defesa<\/a><\/p>\n<p class=\"text12\">Cadastro de professores que far\u00e3o parte da Banca Examinadora de Qualifica\u00e7\u00e3o ou Defesa e que n\u00e3o s\u00e3o professores do Programa.<\/p>\n<p class=\"text12\"><a href=\"https:\/\/wp.ufpel.edu.br\/ppgecm\/files\/2022\/07\/formulario_agendamento_de_banca.doc\">Formul\u00e1rio 2: Encaminhamento de Banca de Qualifica\u00e7\u00e3o ou Defesa de Disserta\u00e7\u00e3o<\/a><\/p>\n<p class=\"text12\">Solicita\u00e7\u00e3o de Homologa\u00e7\u00e3o de Bancas de Qualifica\u00e7\u00e3o ou Defesa. Deve ser encaminhado ao orientador, para an\u00e1lise dos requisitos e pedido de homologa\u00e7\u00e3o em Reuni\u00e3o de Colegiado.<\/p>\n<p><a href=\"https:\/\/wp.ufpel.edu.br\/ppgecm\/files\/2025\/03\/ENCAMINHAMENTO-DE-PTT.pdf\">Formul\u00e1rio 3: ENCAMINHAMENTO DE PTT<\/a><\/p>\n<p>Traz os dados para registro do PTT na plataforma EDUCAPES<\/p>\n<p><a href=\"https:\/\/wp.ufpel.edu.br\/ppgecm\/files\/2025\/03\/Termo-de-autorizac\u0327a\u0303o-EduCapes.pdf\">Formul\u00e1rio 4: Termo de autorizac\u0327a\u0303o da publica\u00e7\u00e3o no EduCapes<\/a><\/p>\n<p>Este termo autoriza a publica\u00e7\u00e3o<\/p>\n<p><a href=\"https:\/\/wp.ufpel.edu.br\/ppgecm\/files\/2025\/03\/Ata-de-Defesa-de-PTT.pdf\">Formul\u00e1rio 5: Ata de Defesa de PTT<\/a><\/p>\n<p>Este documento deve ser preenchido para que a banca avalie especificamente o PTT e o qualifiqu<\/p>\n<p class=\"text12\"><a href=\"https:\/\/wp.ufpel.edu.br\/ppgecm\/files\/2022\/07\/ORIENTACAO-bancas.pdf\" target=\"_blank\" rel=\"noopener\">Orienta\u00e7\u00f5es para homologa\u00e7\u00e3o de bancas<\/a><\/p>\n<p>Orienta\u00e7\u00f5es sobre requisitos analisados para homologa\u00e7\u00e3o de bancas de defesa. Orienta\u00e7\u00f5es sobre a entrega da vers\u00e3o final e homologa\u00e7\u00e3o de t\u00edtulo.<\/p>\n<p>&nbsp;<\/p>\n<p>&nbsp;<\/p>\n<p><strong id=\"documentos\">Documentos &#8211; Entrega da Vers\u00e3o Final:<\/strong><\/p>\n<p class=\"text12\"><a href=\"https:\/\/wp.ufpel.edu.br\/ppgecm\/files\/2022\/07\/ORIENTACAO-homol-titulo.pdf\">Orienta\u00e7\u00f5es para Solicita\u00e7\u00e3o de Homologa\u00e7\u00e3o do T\u00edtulo<\/a><\/p>\n<p class=\"text12\">Orienta\u00e7\u00f5es sobre a entrega da vers\u00e3o final e homologa\u00e7\u00e3o de t\u00edtulo.<\/p>\n<p><a href=\"https:\/\/wp.ufpel.edu.br\/sisbi\/normas-da-ufpel-para-trabalhos-academicos\/\" target=\"_blank\" rel=\"noopener noreferrer\">Manual de Normas da UFPel para Trabalhos Acad\u00eamicos <\/a>&#8211; atualizado em 03\/05\/2021<\/p>\n<p><a href=\"https:\/\/wp.ufpel.edu.br\/sisbi\/files\/2023\/11\/Manual_Versao_atualizada_2023.pdf\" target=\"_blank\" rel=\"noopener\"><strong>Novo!<\/strong> Manual de Normas da UFPel para Trabalhos Acad\u00eamicos<\/a> &#8211; Obrigat\u00f3rio a partir de 01\/03\/2024<\/p>\n<p>Manual com as normas para a formata\u00e7\u00e3o e o desenvolvimento dos trabalhos acad\u00eamicos requisitados para a conclus\u00e3o de curso de estudantes da Universidade Federal de Pelotas.<\/p>\n<p><a class=\"text12\" href=\"https:\/\/wp.ufpel.edu.br\/sisbi\/files\/2023\/11\/TUTORIAL-FICHAS-2023-1.pdf\" target=\"_blank\" rel=\"noopener noreferrer\">Tutorial para o Preenchimento da Ficha Catalogr\u00e1fica <\/a>\u00a0&#8211; Atualizado em 01\/12\/2023<\/p>\n<p>A solicita\u00e7\u00e3o da ficha catalogr\u00e1fica para os trabalhos acad\u00eamicos dever\u00e1 ser solicitada pelo Sistema Cobalto, na aba <em>Biblioteca &gt; Cadastros &gt; Ficha catalogr\u00e1fica<\/em>. No link acima voc\u00ea ter\u00e1 acesso a um tutorial do procedimento passo-a-passo para a solicita\u00e7\u00e3o de confec\u00e7\u00e3o da ficha.<\/p>\n<p class=\"text12\"><a href=\"https:\/\/wp.ufpel.edu.br\/sisbi\/files\/2021\/04\/Termo_de_autorizacao_para_inserir_teses_e_dissertacoes_nas_bases_de_dados_da_UFPel_e_IBICTatualizado-1.pdf\" target=\"_blank\" rel=\"noopener noreferrer\">Termo de\u00a0 Autoriza\u00e7\u00e3o para Publica\u00e7\u00e3o na Biblioteca &#8211; Disserta\u00e7\u00f5es e Teses <\/a>&#8211; atualizado em 03\/05\/2021<\/p>\n<p class=\"text12\">Formul\u00e1rio que autoriza a publica\u00e7\u00e3o da disserta\u00e7\u00e3o na Biblioteca da UFPel.<\/p>\n<p>&nbsp;<\/p>\n","protected":false},"excerpt":{"rendered":"<p>Documentos Gerais: Regimento Geral dos Programas de P\u00f3s-Gradua\u00e7\u00e3o Stricto Sensu da UFPel Regimento Interno do PPGECM 2026 &#8211; atualizado em 20\/02\/2026 Regimento Interno do PPGECM 2015 Regimento Interno do PPGECM 2011-2014 Novo Projeto Pedag\u00f3gico de Curso do PPGECM 2026 &#8211; atualizado em 20\/02\/2026 Projeto pedag\u00f3gico Orienta\u00e7\u00f5es para Envio de Processos pelo SEI! &#8211; atualizado em [&hellip;]<\/p>\n","protected":false},"author":112,"featured_media":0,"parent":0,"menu_order":5,"comment_status":"closed","ping_status":"closed","template":"","meta":{"footnotes":""},"class_list":["post-542","page","type-page","status-publish","hentry"],"yoast_head":"<!-- This site is optimized with the Yoast SEO plugin v26.7 - https:\/\/yoast.com\/wordpress\/plugins\/seo\/ -->\n<title>Documentos - Programa de P\u00f3s Gradua\u00e7\u00e3o em Ensino de Ci\u00eancias e Matem\u00e1tica - Mestrado Profissional<\/title>\n<meta name=\"robots\" content=\"index, follow, max-snippet:-1, max-image-preview:large, max-video-preview:-1\" \/>\n<link rel=\"canonical\" href=\"https:\/\/wp.ufpel.edu.br\/ppgecm\/documentos\/\" \/>\n<meta property=\"og:locale\" content=\"pt_BR\" \/>\n<meta property=\"og:type\" content=\"article\" \/>\n<meta property=\"og:title\" content=\"Documentos - Programa de P\u00f3s Gradua\u00e7\u00e3o em Ensino de Ci\u00eancias e Matem\u00e1tica - Mestrado Profissional\" \/>\n<meta property=\"og:description\" content=\"Documentos Gerais: Regimento Geral dos Programas de P\u00f3s-Gradua\u00e7\u00e3o Stricto Sensu da UFPel Regimento Interno do PPGECM 2026 &#8211; atualizado em 20\/02\/2026 Regimento Interno do PPGECM 2015 Regimento Interno do PPGECM 2011-2014 Novo Projeto Pedag\u00f3gico de Curso do PPGECM 2026 &#8211; atualizado em 20\/02\/2026 Projeto pedag\u00f3gico Orienta\u00e7\u00f5es para Envio de Processos pelo SEI! &#8211; atualizado em [&hellip;]\" \/>\n<meta property=\"og:url\" content=\"https:\/\/wp.ufpel.edu.br\/ppgecm\/documentos\/\" \/>\n<meta property=\"og:site_name\" content=\"Programa de P\u00f3s Gradua\u00e7\u00e3o em Ensino de Ci\u00eancias e Matem\u00e1tica - Mestrado Profissional\" \/>\n<meta property=\"article:modified_time\" content=\"2026-02-24T17:21:44+00:00\" \/>\n<meta name=\"twitter:card\" content=\"summary_large_image\" \/>\n<meta name=\"twitter:label1\" content=\"Est. tempo de leitura\" \/>\n\t<meta name=\"twitter:data1\" content=\"3 minutos\" \/>\n<script type=\"application\/ld+json\" class=\"yoast-schema-graph\">{\"@context\":\"https:\/\/schema.org\",\"@graph\":[{\"@type\":\"WebPage\",\"@id\":\"https:\/\/wp.ufpel.edu.br\/ppgecm\/documentos\/\",\"url\":\"https:\/\/wp.ufpel.edu.br\/ppgecm\/documentos\/\",\"name\":\"Documentos - Programa de P\u00f3s Gradua\u00e7\u00e3o em Ensino de Ci\u00eancias e Matem\u00e1tica - Mestrado Profissional\",\"isPartOf\":{\"@id\":\"https:\/\/wp.ufpel.edu.br\/ppgecm\/#website\"},\"datePublished\":\"2016-06-01T15:30:55+00:00\",\"dateModified\":\"2026-02-24T17:21:44+00:00\",\"breadcrumb\":{\"@id\":\"https:\/\/wp.ufpel.edu.br\/ppgecm\/documentos\/#breadcrumb\"},\"inLanguage\":\"pt-BR\",\"potentialAction\":[{\"@type\":\"ReadAction\",\"target\":[\"https:\/\/wp.ufpel.edu.br\/ppgecm\/documentos\/\"]}]},{\"@type\":\"BreadcrumbList\",\"@id\":\"https:\/\/wp.ufpel.edu.br\/ppgecm\/documentos\/#breadcrumb\",\"itemListElement\":[{\"@type\":\"ListItem\",\"position\":1,\"name\":\"In\u00edcio\",\"item\":\"https:\/\/wp.ufpel.edu.br\/ppgecm\/\"},{\"@type\":\"ListItem\",\"position\":2,\"name\":\"Documentos\"}]},{\"@type\":\"WebSite\",\"@id\":\"https:\/\/wp.ufpel.edu.br\/ppgecm\/#website\",\"url\":\"https:\/\/wp.ufpel.edu.br\/ppgecm\/\",\"name\":\"Programa de P\u00f3s Gradua\u00e7\u00e3o em Ensino de Ci\u00eancias e Matem\u00e1tica - Mestrado Profissional\",\"description\":\"Universidade Federal de Pelotas\",\"potentialAction\":[{\"@type\":\"SearchAction\",\"target\":{\"@type\":\"EntryPoint\",\"urlTemplate\":\"https:\/\/wp.ufpel.edu.br\/ppgecm\/?s={search_term_string}\"},\"query-input\":{\"@type\":\"PropertyValueSpecification\",\"valueRequired\":true,\"valueName\":\"search_term_string\"}}],\"inLanguage\":\"pt-BR\"}]}<\/script>\n<!-- \/ Yoast SEO plugin. -->","yoast_head_json":{"title":"Documentos - Programa de P\u00f3s Gradua\u00e7\u00e3o em Ensino de Ci\u00eancias e Matem\u00e1tica - Mestrado Profissional","robots":{"index":"index","follow":"follow","max-snippet":"max-snippet:-1","max-image-preview":"max-image-preview:large","max-video-preview":"max-video-preview:-1"},"canonical":"https:\/\/wp.ufpel.edu.br\/ppgecm\/documentos\/","og_locale":"pt_BR","og_type":"article","og_title":"Documentos - Programa de P\u00f3s Gradua\u00e7\u00e3o em Ensino de Ci\u00eancias e Matem\u00e1tica - Mestrado Profissional","og_description":"Documentos Gerais: Regimento Geral dos Programas de P\u00f3s-Gradua\u00e7\u00e3o Stricto Sensu da UFPel Regimento Interno do PPGECM 2026 &#8211; atualizado em 20\/02\/2026 Regimento Interno do PPGECM 2015 Regimento Interno do PPGECM 2011-2014 Novo Projeto Pedag\u00f3gico de Curso do PPGECM 2026 &#8211; atualizado em 20\/02\/2026 Projeto pedag\u00f3gico Orienta\u00e7\u00f5es para Envio de Processos pelo SEI! &#8211; atualizado em [&hellip;]","og_url":"https:\/\/wp.ufpel.edu.br\/ppgecm\/documentos\/","og_site_name":"Programa de P\u00f3s Gradua\u00e7\u00e3o em Ensino de Ci\u00eancias e Matem\u00e1tica - Mestrado Profissional","article_modified_time":"2026-02-24T17:21:44+00:00","twitter_card":"summary_large_image","twitter_misc":{"Est. tempo de leitura":"3 minutos"},"schema":{"@context":"https:\/\/schema.org","@graph":[{"@type":"WebPage","@id":"https:\/\/wp.ufpel.edu.br\/ppgecm\/documentos\/","url":"https:\/\/wp.ufpel.edu.br\/ppgecm\/documentos\/","name":"Documentos - Programa de P\u00f3s Gradua\u00e7\u00e3o em Ensino de Ci\u00eancias e Matem\u00e1tica - Mestrado Profissional","isPartOf":{"@id":"https:\/\/wp.ufpel.edu.br\/ppgecm\/#website"},"datePublished":"2016-06-01T15:30:55+00:00","dateModified":"2026-02-24T17:21:44+00:00","breadcrumb":{"@id":"https:\/\/wp.ufpel.edu.br\/ppgecm\/documentos\/#breadcrumb"},"inLanguage":"pt-BR","potentialAction":[{"@type":"ReadAction","target":["https:\/\/wp.ufpel.edu.br\/ppgecm\/documentos\/"]}]},{"@type":"BreadcrumbList","@id":"https:\/\/wp.ufpel.edu.br\/ppgecm\/documentos\/#breadcrumb","itemListElement":[{"@type":"ListItem","position":1,"name":"In\u00edcio","item":"https:\/\/wp.ufpel.edu.br\/ppgecm\/"},{"@type":"ListItem","position":2,"name":"Documentos"}]},{"@type":"WebSite","@id":"https:\/\/wp.ufpel.edu.br\/ppgecm\/#website","url":"https:\/\/wp.ufpel.edu.br\/ppgecm\/","name":"Programa de P\u00f3s Gradua\u00e7\u00e3o em Ensino de Ci\u00eancias e Matem\u00e1tica - Mestrado Profissional","description":"Universidade Federal de Pelotas","potentialAction":[{"@type":"SearchAction","target":{"@type":"EntryPoint","urlTemplate":"https:\/\/wp.ufpel.edu.br\/ppgecm\/?s={search_term_string}"},"query-input":{"@type":"PropertyValueSpecification","valueRequired":true,"valueName":"search_term_string"}}],"inLanguage":"pt-BR"}]}},"_links":{"self":[{"href":"https:\/\/wp.ufpel.edu.br\/ppgecm\/wp-json\/wp\/v2\/pages\/542","targetHints":{"allow":["GET"]}}],"collection":[{"href":"https:\/\/wp.ufpel.edu.br\/ppgecm\/wp-json\/wp\/v2\/pages"}],"about":[{"href":"https:\/\/wp.ufpel.edu.br\/ppgecm\/wp-json\/wp\/v2\/types\/page"}],"author":[{"embeddable":true,"href":"https:\/\/wp.ufpel.edu.br\/ppgecm\/wp-json\/wp\/v2\/users\/112"}],"replies":[{"embeddable":true,"href":"https:\/\/wp.ufpel.edu.br\/ppgecm\/wp-json\/wp\/v2\/comments?post=542"}],"version-history":[{"count":4,"href":"https:\/\/wp.ufpel.edu.br\/ppgecm\/wp-json\/wp\/v2\/pages\/542\/revisions"}],"predecessor-version":[{"id":3260,"href":"https:\/\/wp.ufpel.edu.br\/ppgecm\/wp-json\/wp\/v2\/pages\/542\/revisions\/3260"}],"wp:attachment":[{"href":"https:\/\/wp.ufpel.edu.br\/ppgecm\/wp-json\/wp\/v2\/media?parent=542"}],"curies":[{"name":"wp","href":"https:\/\/api.w.org\/{rel}","templated":true}]}}