{"id":471,"date":"2016-06-01T09:38:20","date_gmt":"2016-06-01T12:38:20","guid":{"rendered":"https:\/\/wp.ufpel.edu.br\/ppgecm\/?page_id=471"},"modified":"2022-09-23T10:46:16","modified_gmt":"2022-09-23T13:46:16","slug":"defesas-2015","status":"publish","type":"page","link":"https:\/\/wp.ufpel.edu.br\/ppgecm\/dissertacoes-e-produtos\/defesas-2015\/","title":{"rendered":"Defesas 2015"},"content":{"rendered":"<table style=\"height: 299px; background-color: #c4bdc9;\" border=\"0\" width=\"739\" cellspacing=\"8\" cellpadding=\"0\">\n<tbody>\n<tr style=\"background-color: #ffffff;\">\n<td style=\"background-color: #ffffff;\"><span class=\"text12\"><strong>36. <strong>Gileine Garcia de Mattos<\/strong> &#8211; Defendeu em 31\/12\/2015<br \/>\n<em>Ensino de Qu\u00edmica e Saberes Populares em uma Escola do Campo<strong>.<\/strong> <\/em><\/strong>Palavras-chave: Curr\u00edculo. Interven\u00e7\u00e3o did\u00e1tica. Aprendizagem significativa.<strong><br \/>\n<\/strong>Orienta\u00e7\u00e3o: Prof\u00aa. Dr\u00aa. Maira Ferreira<br \/>\n<a href=\"http:\/\/guaiaca.ufpel.edu.br\/handle\/prefix\/2893\" target=\"_blank\" rel=\"noopener\">Reposit\u00f3rio Institucional da UFPel<\/a><\/span><\/td>\n<\/tr>\n<tr style=\"background-color: #ffffff;\">\n<td style=\"background-color: #c4bdc9;\"><span class=\"text12\"><strong>35. <\/strong><strong>Gabriela Rodrigues Manzke<\/strong> &#8211; Defendeu em 17\/12\/2015<br \/>\n<strong><em>O Curso T\u00e9cnico Em Agropecu\u00e1ria Do CaVG: um estudo de caso acerca da percep\u00e7\u00e3o do professorado em rela\u00e7\u00e3o ao princ\u00edpio integrador<\/em><\/strong><em><strong>.<\/strong> <\/em>Palavras-chave: ensino de Biologia, ensino m\u00e9dio integrado, princ\u00edpio integrador, ensino t\u00e9cnico, estudo de caso<br \/>\nOrienta\u00e7\u00e3o: Prof. Dr. Robledo Lima Gil<br \/>\n<a href=\"http:\/\/guaiaca.ufpel.edu.br\/handle\/prefix\/2888\" target=\"_blank\" rel=\"noopener\">Reposit\u00f3rio Institucional da UFPel<\/a><br \/>\n<\/span><\/td>\n<\/tr>\n<tr style=\"background-color: #c4bdc9;\">\n<td style=\"background-color: #ffffff;\"><strong>34. <\/strong><strong>Caciele Guerch Gindri de Bastos<\/strong> &#8211; Defendeu em 09\/12\/2015<br \/>\n<strong><em>Iniciando a Doc\u00eancia: a constru\u00e7\u00e3o do perfil profissional na vis\u00e3o dos futuros professores de ci\u00eancias da UFPEL<\/em><\/strong><em><strong>.<\/strong> <\/em>Palavras-chave: Forma\u00e7\u00e3o de Professores de ci\u00eancias; saberes docentes; perfil docente; Est\u00e1gios Supervisionados<br \/>\nOrienta\u00e7\u00e3o: Prof. Dr. Robledo Lima Gil<br \/>\n<a href=\"http:\/\/guaiaca.ufpel.edu.br\/handle\/prefix\/2886\" target=\"_blank\" rel=\"noopener\"><span class=\"text12\">Reposit\u00f3rio Institucional da UFPel<\/span><\/a><\/td>\n<\/tr>\n<tr style=\"background-color: #ffffff;\">\n<td style=\"background-color: #c4bdc9;\"><span class=\"text12\"><strong>33. <strong>Cristina Scaglioni Peres<\/strong> <\/strong>&#8211; Defendeu em 01\/12\/2015<strong><br \/>\n<strong><em>Os desafios do Ensino M\u00e9dio Polit\u00e9cnico na vis\u00e3o de uma gestora e de alguns docentes: um estudo de caso<\/em><\/strong><em><strong>.<\/strong> <\/em><\/strong>Palavras-chave: ensino m\u00e9dio polit\u00e9cnico, reestrutura\u00e7\u00e3o curricular, trabalho docente<br \/>\nOrienta\u00e7\u00e3o: Prof\u00aa. Dr\u00aa. Denise Nascimento Silveira<br \/>\n<a href=\"http:\/\/guaiaca.ufpel.edu.br\/handle\/prefix\/2889\" target=\"_blank\" rel=\"noopener\">Reposit\u00f3rio Institucional da UFPel<\/a><br \/>\n<\/span><\/td>\n<\/tr>\n<tr style=\"background-color: #c4bdc9;\">\n<td style=\"background-color: #ffffff;\"><span class=\"text12\"><strong>32. <\/strong><strong>Thiago Tavares Borchardt<\/strong> &#8211; Defendeu em 29\/10\/2015<br \/>\n<strong><em>A Sociedade Educativa e a Subjetiva\u00e7\u00e3o de Professores que Ensinam Matem\u00e1tica nos Anos Iniciais da Educa\u00e7\u00e3o B\u00e1sica<\/em><\/strong><em><strong>.<\/strong> <\/em>Palavras-chave: forma\u00e7\u00e3o de professores, pedagogia, formas de subjetiva\u00e7\u00e3o, ensino de matem\u00e1tica<br \/>\nOrienta\u00e7\u00e3o: Prof\u00aa. Dr\u00aa. M\u00e1rcia Souza da Fonseca<br \/>\n<a href=\"http:\/\/guaiaca.ufpel.edu.br\/handle\/prefix\/2887\" target=\"_blank\" rel=\"noopener\">Reposit\u00f3rio Institucional da UFPel<\/a><br \/>\n<\/span><\/td>\n<\/tr>\n<tr style=\"background-color: #ffffff;\">\n<td style=\"background-color: #c4bdc9;\"><span class=\"text12\"><strong>31. <\/strong><strong>Ester Vellar Krause<\/strong> &#8211; Defendeu em 28\/10\/2015<br \/>\n<strong><em>O Est\u00e1gio Curricular Supervisionado na Licenciatura de Matem\u00e1tica: um estudo sobre a forma\u00e7\u00e3o de futuros professores<\/em><\/strong><em><strong>.<\/strong> <\/em>Palavras-chave: forma\u00e7\u00e3o de professores, Est\u00e1gio Curricular Supervisionado, universidade, escola, narrativas<br \/>\nOrienta\u00e7\u00e3o: Prof\u00aa. Dr\u00aa. Denise Nascimento Silveira<br \/>\n<a href=\"http:\/\/guaiaca.ufpel.edu.br\/handle\/prefix\/2896\" target=\"_blank\" rel=\"noopener\">Reposit\u00f3rio Institucional da UFPel<\/a><br \/>\n<\/span><\/td>\n<\/tr>\n<tr style=\"background-color: #ffffff;\">\n<td><span class=\"text12\"><strong>30. Tanise Gomes &#8211; Defendeu em 23\/10\/2015<br \/>\n<em>Professores Novatos de Ci\u00eancias Superando Obst\u00e1culos. <\/em><\/strong>Palavras-chave: professor novato, inser\u00e7\u00e3o, modelos did\u00e1ticos, conhecimento profissional docente.<br \/>\nOrienta\u00e7\u00e3o: Prof. Dr. Verno Kr\u00fcger<br \/>\n<a href=\"http:\/\/guaiaca.ufpel.edu.br\/handle\/prefix\/2894\" target=\"_blank\" rel=\"noopener\">Reposit\u00f3rio Institucional da UFPel<\/a><br \/>\n<\/span><\/td>\n<\/tr>\n<tr style=\"background-color: #c4bdc9;\">\n<td><strong>29. <\/strong><strong>Renata Portugal Oliveira<\/strong> &#8211; Defendeu em 03\/07\/2015<br \/>\n<strong><em>O Ensino da Evolu\u00e7\u00e3o Biol\u00f3gica sob a Perspectiva da Constru\u00e7\u00e3o do Conhecimento<\/em><\/strong><em><strong>.<\/strong> <\/em>Palavras-chave: Evolu\u00e7\u00e3o Biol\u00f3gica, constru\u00e7\u00e3o do conhecimento, Epistemologia Gen\u00e9tica, mudan\u00e7a conceitual, ensino-aprendizagem<br \/>\nOrienta\u00e7\u00e3o: Prof\u00aa. Dr\u00aa. Rita de C\u00e1ssia Morem C\u00f3ssio Rodriguez<br \/>\nCo-orienta\u00e7\u00e3o: Prof. Dr. C\u00e9sar Jaeger Drehmer<br \/>\n<a href=\"http:\/\/guaiaca.ufpel.edu.br\/handle\/prefix\/2897\" target=\"_blank\" rel=\"noopener\"><span class=\"text12\">Reposit\u00f3rio Institucional da UFPel<\/span><\/a><\/td>\n<\/tr>\n<tr style=\"background-color: #ffffff;\">\n<td><strong>28. <\/strong><strong>Edimilson Antonio Bravo Porto<\/strong> &#8211; Defendeu em 03\/07\/2015<br \/>\n<strong><em>CTS: uma abordagem poss\u00edvel no Ensino de Qu\u00edmica para o ensino profissionalizante<\/em><\/strong><em><strong>.<\/strong> <\/em>Palavras-chave: ensino de Qu\u00edmica, CTS, educa\u00e7\u00e3o profissional<br \/>\nOrienta\u00e7\u00e3o: Prof. Dr. Verno Kr\u00fcger<br \/>\n<a href=\"http:\/\/guaiaca.ufpel.edu.br\/handle\/ri\/2776\" target=\"_blank\" rel=\"noopener\"><span class=\"text12\">Reposit\u00f3rio Institucional da UFPel<\/span><\/a><\/td>\n<\/tr>\n<tr style=\"background-color: #c4bdc9;\">\n<td><strong>27. <\/strong><strong>Stefany Hepp Wieth<\/strong> &#8211; Defendeu em 20\/05\/2015<br \/>\n<strong><em>\u00a0As Potencialidades Pedag\u00f3gicas da Fotografia como Interface entre M\u00eddias e Tecnologias no Ensino e na Aprendizagem da Biologia<\/em><\/strong><em><strong>.<\/strong> <\/em>Palavras-chave: Educa\u00e7\u00e3o, ensino e aprendizagem de Bot\u00e2nica, fotografia, m\u00eddias e tecnologias<br \/>\nOrienta\u00e7\u00e3o: Prof\u00aa. Dr\u00aa. Carla Gon\u00e7alves Rodrigues<br \/>\n<a href=\"http:\/\/guaiaca.ufpel.edu.br\/handle\/prefix\/2928\" target=\"_blank\" rel=\"noopener\"><span class=\"text12\">Reposit\u00f3rio Institucional da UFPel<\/span><\/a><\/td>\n<\/tr>\n<tr style=\"background-color: #ffffff;\">\n<td><strong>26. <\/strong><strong>Adriana Silva da Silveira Nunes Vieira<\/strong> &#8211; Defendeu em 15\/05\/2015<br \/>\n<strong><em>Tecnologias da Informa\u00e7\u00e3o e Comunica\u00e7\u00e3o no Contexto Escolar, os Laptops Auxiliando na Aprendizagem da Matem\u00e1tica<\/em><\/strong><em><strong>.<\/strong> <\/em>Palavras-chave: Tecnologia, intera\u00e7\u00e3o, mudan\u00e7a, socializa\u00e7\u00e3o<br \/>\nOrienta\u00e7\u00e3o: Prof. Dr. Andr\u00e9 Luis Andrejew Ferreira<br \/>\n<a href=\"http:\/\/guaiaca.ufpel.edu.br\/handle\/prefix\/2908\" target=\"_blank\" rel=\"noopener\"><span class=\"text12\">Reposit\u00f3rio Institucional da UFPel<\/span><\/a> \/ <a href=\"https:\/\/drive.google.com\/folderview?id=0B-acF_5K4uDVakxFS09XOXRHYjA&amp;usp=sharing\" target=\"_blank\" rel=\"noopener\">Software<\/a><\/td>\n<\/tr>\n<tr style=\"background-color: #c4bdc9;\">\n<td><strong>25. <\/strong><strong>Fl\u00e1via de Nobre Capelo<\/strong> &#8211; Defendeu em 06\/03\/2015<br \/>\n<strong><em>O Ensino de Ci\u00eancias no 9\u00ba ano do Ensino Fundamental: uma proposi\u00e7\u00e3o de desfragmenta\u00e7\u00e3o do curr\u00edculo<\/em><\/strong><em><strong>.<\/strong> <\/em>Palavras-chave: Curr\u00edculo, Ensino de Ci\u00eancias, desfragmenta\u00e7\u00e3o e contextualiza\u00e7\u00e3o curricular, Unidades did\u00e1ticas<br \/>\nOrienta\u00e7\u00e3o: Prof\u00aa. Dr\u00aa. Maira Ferreira<br \/>\n<a href=\"http:\/\/guaiaca.ufpel.edu.br\/handle\/ri\/2777\" target=\"_blank\" rel=\"noopener\"><span class=\"text12\">Reposit\u00f3rio Institucional da UFPel<\/span><\/a><\/td>\n<\/tr>\n<\/tbody>\n<\/table>\n<p>&nbsp;<\/p>\n","protected":false},"excerpt":{"rendered":"<p>36. Gileine Garcia de Mattos &#8211; Defendeu em 31\/12\/2015 Ensino de Qu\u00edmica e Saberes Populares em uma Escola do Campo. Palavras-chave: Curr\u00edculo. Interven\u00e7\u00e3o did\u00e1tica. Aprendizagem significativa. Orienta\u00e7\u00e3o: Prof\u00aa. Dr\u00aa. Maira Ferreira Reposit\u00f3rio Institucional da UFPel 35. Gabriela Rodrigues Manzke &#8211; Defendeu em 17\/12\/2015 O Curso T\u00e9cnico Em Agropecu\u00e1ria Do CaVG: um estudo de caso acerca [&hellip;]<\/p>\n","protected":false},"author":112,"featured_media":0,"parent":461,"menu_order":0,"comment_status":"closed","ping_status":"closed","template":"","meta":{"footnotes":""},"class_list":["post-471","page","type-page","status-publish","hentry"],"yoast_head":"<!-- This site is optimized with the Yoast SEO plugin v26.7 - https:\/\/yoast.com\/wordpress\/plugins\/seo\/ -->\n<title>Defesas 2015 - Programa de P\u00f3s Gradua\u00e7\u00e3o em Ensino de Ci\u00eancias e Matem\u00e1tica - Mestrado Profissional<\/title>\n<meta name=\"robots\" content=\"index, follow, max-snippet:-1, max-image-preview:large, max-video-preview:-1\" \/>\n<link rel=\"canonical\" href=\"https:\/\/wp.ufpel.edu.br\/ppgecm\/dissertacoes-e-produtos\/defesas-2015\/\" \/>\n<meta property=\"og:locale\" content=\"pt_BR\" \/>\n<meta property=\"og:type\" content=\"article\" \/>\n<meta property=\"og:title\" content=\"Defesas 2015 - Programa de P\u00f3s Gradua\u00e7\u00e3o em Ensino de Ci\u00eancias e Matem\u00e1tica - Mestrado Profissional\" \/>\n<meta property=\"og:description\" content=\"36. Gileine Garcia de Mattos &#8211; Defendeu em 31\/12\/2015 Ensino de Qu\u00edmica e Saberes Populares em uma Escola do Campo. Palavras-chave: Curr\u00edculo. Interven\u00e7\u00e3o did\u00e1tica. Aprendizagem significativa. Orienta\u00e7\u00e3o: Prof\u00aa. Dr\u00aa. Maira Ferreira Reposit\u00f3rio Institucional da UFPel 35. Gabriela Rodrigues Manzke &#8211; Defendeu em 17\/12\/2015 O Curso T\u00e9cnico Em Agropecu\u00e1ria Do CaVG: um estudo de caso acerca [&hellip;]\" \/>\n<meta property=\"og:url\" content=\"https:\/\/wp.ufpel.edu.br\/ppgecm\/dissertacoes-e-produtos\/defesas-2015\/\" \/>\n<meta property=\"og:site_name\" content=\"Programa de P\u00f3s Gradua\u00e7\u00e3o em Ensino de Ci\u00eancias e Matem\u00e1tica - Mestrado Profissional\" \/>\n<meta property=\"article:modified_time\" content=\"2022-09-23T13:46:16+00:00\" \/>\n<meta name=\"twitter:card\" content=\"summary_large_image\" \/>\n<meta name=\"twitter:label1\" content=\"Est. tempo de leitura\" \/>\n\t<meta name=\"twitter:data1\" content=\"3 minutos\" \/>\n<script type=\"application\/ld+json\" class=\"yoast-schema-graph\">{\"@context\":\"https:\/\/schema.org\",\"@graph\":[{\"@type\":\"WebPage\",\"@id\":\"https:\/\/wp.ufpel.edu.br\/ppgecm\/dissertacoes-e-produtos\/defesas-2015\/\",\"url\":\"https:\/\/wp.ufpel.edu.br\/ppgecm\/dissertacoes-e-produtos\/defesas-2015\/\",\"name\":\"Defesas 2015 - Programa de P\u00f3s Gradua\u00e7\u00e3o em Ensino de Ci\u00eancias e Matem\u00e1tica - Mestrado Profissional\",\"isPartOf\":{\"@id\":\"https:\/\/wp.ufpel.edu.br\/ppgecm\/#website\"},\"datePublished\":\"2016-06-01T12:38:20+00:00\",\"dateModified\":\"2022-09-23T13:46:16+00:00\",\"breadcrumb\":{\"@id\":\"https:\/\/wp.ufpel.edu.br\/ppgecm\/dissertacoes-e-produtos\/defesas-2015\/#breadcrumb\"},\"inLanguage\":\"pt-BR\",\"potentialAction\":[{\"@type\":\"ReadAction\",\"target\":[\"https:\/\/wp.ufpel.edu.br\/ppgecm\/dissertacoes-e-produtos\/defesas-2015\/\"]}]},{\"@type\":\"BreadcrumbList\",\"@id\":\"https:\/\/wp.ufpel.edu.br\/ppgecm\/dissertacoes-e-produtos\/defesas-2015\/#breadcrumb\",\"itemListElement\":[{\"@type\":\"ListItem\",\"position\":1,\"name\":\"In\u00edcio\",\"item\":\"https:\/\/wp.ufpel.edu.br\/ppgecm\/\"},{\"@type\":\"ListItem\",\"position\":2,\"name\":\"Disserta\u00e7\u00f5es e Produtos Educacionais\",\"item\":\"https:\/\/wp.ufpel.edu.br\/ppgecm\/dissertacoes-e-produtos\/\"},{\"@type\":\"ListItem\",\"position\":3,\"name\":\"Defesas 2015\"}]},{\"@type\":\"WebSite\",\"@id\":\"https:\/\/wp.ufpel.edu.br\/ppgecm\/#website\",\"url\":\"https:\/\/wp.ufpel.edu.br\/ppgecm\/\",\"name\":\"Programa de P\u00f3s Gradua\u00e7\u00e3o em Ensino de Ci\u00eancias e Matem\u00e1tica - Mestrado Profissional\",\"description\":\"Universidade Federal de Pelotas\",\"potentialAction\":[{\"@type\":\"SearchAction\",\"target\":{\"@type\":\"EntryPoint\",\"urlTemplate\":\"https:\/\/wp.ufpel.edu.br\/ppgecm\/?s={search_term_string}\"},\"query-input\":{\"@type\":\"PropertyValueSpecification\",\"valueRequired\":true,\"valueName\":\"search_term_string\"}}],\"inLanguage\":\"pt-BR\"}]}<\/script>\n<!-- \/ Yoast SEO plugin. -->","yoast_head_json":{"title":"Defesas 2015 - Programa de P\u00f3s Gradua\u00e7\u00e3o em Ensino de Ci\u00eancias e Matem\u00e1tica - Mestrado Profissional","robots":{"index":"index","follow":"follow","max-snippet":"max-snippet:-1","max-image-preview":"max-image-preview:large","max-video-preview":"max-video-preview:-1"},"canonical":"https:\/\/wp.ufpel.edu.br\/ppgecm\/dissertacoes-e-produtos\/defesas-2015\/","og_locale":"pt_BR","og_type":"article","og_title":"Defesas 2015 - Programa de P\u00f3s Gradua\u00e7\u00e3o em Ensino de Ci\u00eancias e Matem\u00e1tica - Mestrado Profissional","og_description":"36. Gileine Garcia de Mattos &#8211; Defendeu em 31\/12\/2015 Ensino de Qu\u00edmica e Saberes Populares em uma Escola do Campo. Palavras-chave: Curr\u00edculo. Interven\u00e7\u00e3o did\u00e1tica. Aprendizagem significativa. Orienta\u00e7\u00e3o: Prof\u00aa. Dr\u00aa. Maira Ferreira Reposit\u00f3rio Institucional da UFPel 35. Gabriela Rodrigues Manzke &#8211; Defendeu em 17\/12\/2015 O Curso T\u00e9cnico Em Agropecu\u00e1ria Do CaVG: um estudo de caso acerca [&hellip;]","og_url":"https:\/\/wp.ufpel.edu.br\/ppgecm\/dissertacoes-e-produtos\/defesas-2015\/","og_site_name":"Programa de P\u00f3s Gradua\u00e7\u00e3o em Ensino de Ci\u00eancias e Matem\u00e1tica - Mestrado Profissional","article_modified_time":"2022-09-23T13:46:16+00:00","twitter_card":"summary_large_image","twitter_misc":{"Est. tempo de leitura":"3 minutos"},"schema":{"@context":"https:\/\/schema.org","@graph":[{"@type":"WebPage","@id":"https:\/\/wp.ufpel.edu.br\/ppgecm\/dissertacoes-e-produtos\/defesas-2015\/","url":"https:\/\/wp.ufpel.edu.br\/ppgecm\/dissertacoes-e-produtos\/defesas-2015\/","name":"Defesas 2015 - Programa de P\u00f3s Gradua\u00e7\u00e3o em Ensino de Ci\u00eancias e Matem\u00e1tica - Mestrado Profissional","isPartOf":{"@id":"https:\/\/wp.ufpel.edu.br\/ppgecm\/#website"},"datePublished":"2016-06-01T12:38:20+00:00","dateModified":"2022-09-23T13:46:16+00:00","breadcrumb":{"@id":"https:\/\/wp.ufpel.edu.br\/ppgecm\/dissertacoes-e-produtos\/defesas-2015\/#breadcrumb"},"inLanguage":"pt-BR","potentialAction":[{"@type":"ReadAction","target":["https:\/\/wp.ufpel.edu.br\/ppgecm\/dissertacoes-e-produtos\/defesas-2015\/"]}]},{"@type":"BreadcrumbList","@id":"https:\/\/wp.ufpel.edu.br\/ppgecm\/dissertacoes-e-produtos\/defesas-2015\/#breadcrumb","itemListElement":[{"@type":"ListItem","position":1,"name":"In\u00edcio","item":"https:\/\/wp.ufpel.edu.br\/ppgecm\/"},{"@type":"ListItem","position":2,"name":"Disserta\u00e7\u00f5es e Produtos Educacionais","item":"https:\/\/wp.ufpel.edu.br\/ppgecm\/dissertacoes-e-produtos\/"},{"@type":"ListItem","position":3,"name":"Defesas 2015"}]},{"@type":"WebSite","@id":"https:\/\/wp.ufpel.edu.br\/ppgecm\/#website","url":"https:\/\/wp.ufpel.edu.br\/ppgecm\/","name":"Programa de P\u00f3s Gradua\u00e7\u00e3o em Ensino de Ci\u00eancias e Matem\u00e1tica - Mestrado Profissional","description":"Universidade Federal de Pelotas","potentialAction":[{"@type":"SearchAction","target":{"@type":"EntryPoint","urlTemplate":"https:\/\/wp.ufpel.edu.br\/ppgecm\/?s={search_term_string}"},"query-input":{"@type":"PropertyValueSpecification","valueRequired":true,"valueName":"search_term_string"}}],"inLanguage":"pt-BR"}]}},"_links":{"self":[{"href":"https:\/\/wp.ufpel.edu.br\/ppgecm\/wp-json\/wp\/v2\/pages\/471","targetHints":{"allow":["GET"]}}],"collection":[{"href":"https:\/\/wp.ufpel.edu.br\/ppgecm\/wp-json\/wp\/v2\/pages"}],"about":[{"href":"https:\/\/wp.ufpel.edu.br\/ppgecm\/wp-json\/wp\/v2\/types\/page"}],"author":[{"embeddable":true,"href":"https:\/\/wp.ufpel.edu.br\/ppgecm\/wp-json\/wp\/v2\/users\/112"}],"replies":[{"embeddable":true,"href":"https:\/\/wp.ufpel.edu.br\/ppgecm\/wp-json\/wp\/v2\/comments?post=471"}],"version-history":[{"count":28,"href":"https:\/\/wp.ufpel.edu.br\/ppgecm\/wp-json\/wp\/v2\/pages\/471\/revisions"}],"predecessor-version":[{"id":2511,"href":"https:\/\/wp.ufpel.edu.br\/ppgecm\/wp-json\/wp\/v2\/pages\/471\/revisions\/2511"}],"up":[{"embeddable":true,"href":"https:\/\/wp.ufpel.edu.br\/ppgecm\/wp-json\/wp\/v2\/pages\/461"}],"wp:attachment":[{"href":"https:\/\/wp.ufpel.edu.br\/ppgecm\/wp-json\/wp\/v2\/media?parent=471"}],"curies":[{"name":"wp","href":"https:\/\/api.w.org\/{rel}","templated":true}]}}