{"id":464,"date":"2016-06-01T09:36:42","date_gmt":"2016-06-01T12:36:42","guid":{"rendered":"https:\/\/wp.ufpel.edu.br\/ppgecm\/?page_id=464"},"modified":"2022-09-23T11:26:12","modified_gmt":"2022-09-23T14:26:12","slug":"defesas-2013","status":"publish","type":"page","link":"https:\/\/wp.ufpel.edu.br\/ppgecm\/dissertacoes-e-produtos\/defesas-2013\/","title":{"rendered":"Defesas 2013"},"content":{"rendered":"<table style=\"height: 299px; background-color: #c4bdc9; border-color: #ffffff;\" border=\"0\" width=\"739\" cellspacing=\"8\" cellpadding=\"0\">\n<tbody>\n<tr style=\"background-color: #ffffff;\">\n<td><span class=\"text12\"><strong>11. Alline Bettin de Oliveira <\/strong>&#8211; Defendeu em 28\/11\/2013<br \/>\n<strong><em>A Realidade Aumentada como Recurso Potencialmente Significativo para a Aprendizagem sobre o Processo de Frutifica\u00e7\u00e3o. <\/em><\/strong>Palavras-chave: ensino de Bot\u00e2nica, aprendizagem significativa, realidade aumentada<br \/>\nOrienta\u00e7\u00e3o: Prof\u00aa. Dr\u00aa. Leila de F\u00e1tima Nogueira Macias<br \/>\n<a href=\"http:\/\/guaiaca.ufpel.edu.br\/handle\/123456789\/1915\" target=\"_blank\" rel=\"noopener\">Disserta\u00e7\u00e3o<\/a> \/ Produto: <a href=\"https:\/\/drive.google.com\/open?id=0B-acF_5K4uDVcFBPRkhrQm83YW8\" target=\"_blank\" rel=\"noopener\">Parte 1<\/a> &#8211; <a href=\"https:\/\/drive.google.com\/open?id=0B-acF_5K4uDVamxNOWwwNTl3dkU\" target=\"_blank\" rel=\"noopener\">Parte 2<\/a> &#8211; <a href=\"https:\/\/drive.google.com\/open?id=0B-acF_5K4uDVUVFVZ0w3SFJueUE\" target=\"_blank\" rel=\"noopener\">Software<\/a><\/span><\/td>\n<\/tr>\n<tr style=\"background-color: #c4bdc9;\">\n<td><strong>10. Lidiane Schimitz Lopes <\/strong>&#8211; Defendeu em 27\/11\/2013<strong><br \/>\n<strong><em>A Hist\u00f3ria da Matem\u00e1tica e o Blog na Forma\u00e7\u00e3o Inicial do Professor. <\/em><\/strong><\/strong>Palavras-chave: aprendizagem significativa, blogs, forma\u00e7\u00e3o de professores, Hist\u00f3ria da Matem\u00e1tica<br \/>\nOrienta\u00e7\u00e3o: Prof. Dr. Andr\u00e9 Luis Andrejew Ferreira<br \/>\n<a href=\"http:\/\/guaiaca.ufpel.edu.br\/handle\/123456789\/1914\" target=\"_blank\" rel=\"noopener\">Disserta\u00e7\u00e3o<\/a> \/ <a href=\"https:\/\/drive.google.com\/open?id=0B-acF_5K4uDVYlkzVjVKcm92M3M\" target=\"_blank\" rel=\"noopener\">Produto<\/a><\/td>\n<\/tr>\n<tr style=\"background-color: #ffffff;\">\n<td><span class=\"text12\"><strong>9. Carla Vargas Bozzato <\/strong>&#8211; Defendeu em 24\/10\/2013<strong><br \/>\n<strong><em>Um Olhar Investigativo para a Metodologia de Projetos em uma Escola P\u00fablica Estadual: na busca da qualifica\u00e7\u00e3o do ensino em Ci\u00eancias e Biologia.<\/em><\/strong><\/strong> Palavras-chave: qualidade de ensino, metodologia de projetos, forma\u00e7\u00e3o de professores<br \/>\nOrienta\u00e7\u00e3o: Prof\u00aa. Dr\u00aa. Rita de C\u00e1ssia Morem C\u00f3ssio Rodriguez<br \/>\n<a href=\"http:\/\/guaiaca.ufpel.edu.br\/handle\/123456789\/1917\" target=\"_blank\" rel=\"noopener\">Disserta\u00e7\u00e3o<\/a> \/ <a href=\"https:\/\/drive.google.com\/open?id=0B-acF_5K4uDVUnRwamV5U2lZQlk\" target=\"_blank\" rel=\"noopener\">Produto<\/a><\/span><\/td>\n<\/tr>\n<tr style=\"background-color: #c4bdc9;\">\n<td><span class=\"text12\"><strong>8. Michele Gon\u00e7alves Fersula <\/strong>&#8211; Defendeu em 23\/10\/2013<strong><br \/>\n<em>\u00a0<strong>Concep\u00e7\u00f5es Epistemol\u00f3gicas e Pedag\u00f3gicas da A\u00e7\u00e3o Docente de Professores de Ci\u00eancias<\/strong>. <\/em><\/strong>Palavras-chave: epistemologia da pr\u00e1tica docente, modelos epistemol\u00f3gicos, modelos pedag\u00f3gicos, professor reflexivo<br \/>\nOrienta\u00e7\u00e3o: Prof\u00aa. Dr\u00aa. Rita de C\u00e1ssia Morem C\u00f3ssio Rodriguez<br \/>\n<a href=\"http:\/\/guaiaca.ufpel.edu.br\/handle\/123456789\/1916\" target=\"_blank\" rel=\"noopener\">Disserta\u00e7\u00e3o<\/a> \/ <a href=\"https:\/\/drive.google.com\/open?id=0B-acF_5K4uDVS0JPTFNuUWVySzg\" target=\"_blank\" rel=\"noopener\">Produto<\/a><\/span><\/td>\n<\/tr>\n<tr style=\"background-color: #ffffff;\">\n<td><span class=\"text12\"><strong>7. Dilson Ferreira Ribeiro<\/strong> &#8211; Defendeu em 18\/10\/2013<br \/>\n<strong><em>\u00a0Inova\u00e7\u00e3o e Resist\u00eancia: uma an\u00e1lise do ensino da Matem\u00e1tica em uma escola p\u00fablica. <\/em><\/strong>Palavras-chave: resist\u00eancia, inova\u00e7\u00e3o, ensino de Matem\u00e1tica<br \/>\nOrienta\u00e7\u00e3o: Prof. Dr. Jarbas Santos Vieira<br \/>\n<a href=\"http:\/\/guaiaca.ufpel.edu.br\/handle\/123456789\/1909\" target=\"_blank\" rel=\"noopener\">Disserta\u00e7\u00e3o<\/a> \/ <a href=\"http:\/\/guaiaca.ufpel.edu.br\/handle\/123456789\/1909\" target=\"_blank\" rel=\"noopener\">Produto<\/a><\/span><\/td>\n<\/tr>\n<tr style=\"background-color: #c4bdc9;\">\n<td><strong>6. Aruana da Rosa Sedr\u00eas<\/strong> &#8211; Defendeu em 31\/07\/2013<br \/>\n<strong><em>Escrita matem\u00e1tica: uma possibilidade para o ensino diferenciado de \u00c1lgebra. <\/em><\/strong>Palavras-chave: escrita, metacogni\u00e7\u00e3o, Matem\u00e1tica, \u00c1lgebra<br \/>\nOrienta\u00e7\u00e3o: Prof\u00aa. Dr\u00aa. Denise Nascimento Silveira<br \/>\n<a href=\"http:\/\/guaiaca.ufpel.edu.br\/handle\/123456789\/1911\" target=\"_blank\" rel=\"noopener\">Disserta\u00e7\u00e3o<\/a> \/ <a href=\"http:\/\/guaiaca.ufpel.edu.br\/handle\/123456789\/1911\" target=\"_blank\" rel=\"noopener\">Produto<\/a><\/td>\n<\/tr>\n<tr style=\"background-color: #ffffff;\">\n<td><strong>5. Adriani Mello F\u00e9lix<\/strong> &#8211; Defendeu em 30\/07\/2013<br \/>\n<strong><em>Pr\u00e1ticas Curriculares no RS: as (poli)t\u00e9cnicas de governamento. <\/em><\/strong>Palavras-chave: pol\u00edticas de curr\u00edculo, governamentalidade, saber estat\u00edstico, ensino polit\u00e9cnico<br \/>\nOrienta\u00e7\u00e3o: Prof\u00aa. Dr\u00aa. M\u00e1rcia Souza da Fonseca<br \/>\n<a href=\"http:\/\/guaiaca.ufpel.edu.br\/handle\/123456789\/1913\" target=\"_blank\" rel=\"noopener\">Disserta\u00e7\u00e3o<\/a> \/ <a href=\"https:\/\/drive.google.com\/open?id=0B-acF_5K4uDVS3o4dkExNXNuV1U\" target=\"_blank\" rel=\"noopener\">Produto<\/a><\/td>\n<\/tr>\n<tr style=\"background-color: #c4bdc9;\">\n<td><strong>4. Lisiane Jaques Rodrigues Scherwenske<\/strong> &#8211; Defendeu em 29\/07\/2013<br \/>\n<strong><em>Saberes Mobilizados pelo Professor de Matem\u00e1tica na Educa\u00e7\u00e3o de Jovens e Adultos: buscando fios que tecem esta rela\u00e7\u00e3o. <\/em><\/strong>Palavras-chave: saberes docentes, Educa\u00e7\u00e3o de Jovens e Adultos, ensino da Matem\u00e1tica<br \/>\nOrienta\u00e7\u00e3o: Prof\u00aa. Dr\u00aa. Maria de F\u00e1tima Duarte Martins<br \/>\n<a href=\"http:\/\/guaiaca.ufpel.edu.br\/handle\/123456789\/1912\" target=\"_blank\" rel=\"noopener\">Disserta\u00e7\u00e3o<\/a> \/ <a href=\"http:\/\/guaiaca.ufpel.edu.br\/handle\/123456789\/1912\" target=\"_blank\" rel=\"noopener\">Produto<\/a><\/td>\n<\/tr>\n<tr style=\"background-color: #ffffff;\">\n<td><strong>3. Ana Maria Sim\u00f5es Netto Cost<\/strong>a &#8211; Defendeu em 26\/07\/2013<br \/>\n<strong><em>Twitter e Facebook: aprendizagem colaborativa em Matem\u00e1tica. <\/em><\/strong>Palavras-chave: sites de rede social, pesquisa, aprendizagem colaborativa, Tecnologias de Informa\u00e7\u00e3o e Comunica\u00e7\u00e3o (TIC), ensino-aprendizagem<br \/>\nOrienta\u00e7\u00e3o: Prof\u00aa. Dr\u00aa. Andr\u00e9 Luis Andrejew Ferreira<br \/>\n<a href=\"http:\/\/guaiaca.ufpel.edu.br\/handle\/123456789\/1908\" target=\"_blank\" rel=\"noopener\">Disserta\u00e7\u00e3o<\/a> \/ <a href=\"https:\/\/drive.google.com\/open?id=0B-acF_5K4uDVOHRGVXNLUVRrSXc\" target=\"_blank\" rel=\"noopener\">Produto<\/a><\/td>\n<\/tr>\n<tr style=\"background-color: #c4bdc9;\">\n<td><strong>2. Maranlaini Patricia Azevedo Schemmfelnnig <\/strong>&#8211; Defendeu em 25\/07\/2013<br \/>\n<strong><em>Uma Experi\u00eancia de Forma\u00e7\u00e3o Continuada Referenciada pelo Modelo de Investiga\u00e7\u00e3o na Escola. <\/em><\/strong>Palavras-chave: forma\u00e7\u00e3o continuada, modelo de investiga\u00e7\u00e3o na escola, conhecimento profissional dos professores, concep\u00e7\u00f5es did\u00e1tico-metodol\u00f3gicas, modelos did\u00e1ticos pessoais<br \/>\nOrienta\u00e7\u00e3o: Prof. Dr. Verno Kr\u00fcger<br \/>\n<a href=\"http:\/\/guaiaca.ufpel.edu.br\/handle\/123456789\/1910\" target=\"_blank\" rel=\"noopener\">Disserta\u00e7\u00e3o<\/a> \/ <a href=\"http:\/\/guaiaca.ufpel.edu.br\/handle\/123456789\/1910\" target=\"_blank\" rel=\"noopener\">Produto<\/a><\/td>\n<\/tr>\n<tr style=\"background-color: #ffffff;\">\n<td><strong>1.<\/strong> <strong>Ver\u00f4nica Caldeira Leite<\/strong> &#8211; Defendeu em 22\/07\/2013<br \/>\n<strong><em>A Forma\u00e7\u00e3o Inicial de Professores de Qu\u00edmica e o Exerc\u00edcio da Doc\u00eancia na Escola: que discursos est\u00e3o em jogo?<\/em><\/strong> Palavras-chave: forma\u00e7\u00e3o de professores de Qu\u00edmica, discurso, professores ingressantes e estagi\u00e1rios<br \/>\nOrienta\u00e7\u00e3o: Prof\u00aa. Dr\u00aa. Maira Ferreira<br \/>\n<a href=\"http:\/\/guaiaca.ufpel.edu.br\/handle\/123456789\/1907\" target=\"_blank\" rel=\"noopener\">Disserta\u00e7\u00e3o<\/a> \/ <a href=\"http:\/\/guaiaca.ufpel.edu.br\/handle\/123456789\/1907\" target=\"_blank\" rel=\"noopener\">Produto<\/a><\/td>\n<\/tr>\n<\/tbody>\n<\/table>\n<p>&nbsp;<\/p>\n","protected":false},"excerpt":{"rendered":"<p>11. Alline Bettin de Oliveira &#8211; Defendeu em 28\/11\/2013 A Realidade Aumentada como Recurso Potencialmente Significativo para a Aprendizagem sobre o Processo de Frutifica\u00e7\u00e3o. Palavras-chave: ensino de Bot\u00e2nica, aprendizagem significativa, realidade aumentada Orienta\u00e7\u00e3o: Prof\u00aa. Dr\u00aa. Leila de F\u00e1tima Nogueira Macias Disserta\u00e7\u00e3o \/ Produto: Parte 1 &#8211; Parte 2 &#8211; Software 10. Lidiane Schimitz Lopes &#8211; [&hellip;]<\/p>\n","protected":false},"author":112,"featured_media":0,"parent":461,"menu_order":0,"comment_status":"closed","ping_status":"closed","template":"","meta":{"footnotes":""},"class_list":["post-464","page","type-page","status-publish","hentry"],"yoast_head":"<!-- This site is optimized with the Yoast SEO plugin v26.7 - https:\/\/yoast.com\/wordpress\/plugins\/seo\/ -->\n<title>Defesas 2013 - Programa de P\u00f3s Gradua\u00e7\u00e3o em Ensino de Ci\u00eancias e Matem\u00e1tica - Mestrado Profissional<\/title>\n<meta name=\"robots\" content=\"index, follow, max-snippet:-1, max-image-preview:large, max-video-preview:-1\" \/>\n<link rel=\"canonical\" href=\"https:\/\/wp.ufpel.edu.br\/ppgecm\/dissertacoes-e-produtos\/defesas-2013\/\" \/>\n<meta property=\"og:locale\" content=\"pt_BR\" \/>\n<meta property=\"og:type\" content=\"article\" \/>\n<meta property=\"og:title\" content=\"Defesas 2013 - Programa de P\u00f3s Gradua\u00e7\u00e3o em Ensino de Ci\u00eancias e Matem\u00e1tica - Mestrado Profissional\" \/>\n<meta property=\"og:description\" content=\"11. Alline Bettin de Oliveira &#8211; Defendeu em 28\/11\/2013 A Realidade Aumentada como Recurso Potencialmente Significativo para a Aprendizagem sobre o Processo de Frutifica\u00e7\u00e3o. Palavras-chave: ensino de Bot\u00e2nica, aprendizagem significativa, realidade aumentada Orienta\u00e7\u00e3o: Prof\u00aa. Dr\u00aa. Leila de F\u00e1tima Nogueira Macias Disserta\u00e7\u00e3o \/ Produto: Parte 1 &#8211; Parte 2 &#8211; Software 10. Lidiane Schimitz Lopes &#8211; [&hellip;]\" \/>\n<meta property=\"og:url\" content=\"https:\/\/wp.ufpel.edu.br\/ppgecm\/dissertacoes-e-produtos\/defesas-2013\/\" \/>\n<meta property=\"og:site_name\" content=\"Programa de P\u00f3s Gradua\u00e7\u00e3o em Ensino de Ci\u00eancias e Matem\u00e1tica - Mestrado Profissional\" \/>\n<meta property=\"article:modified_time\" content=\"2022-09-23T14:26:12+00:00\" \/>\n<meta name=\"twitter:card\" content=\"summary_large_image\" \/>\n<meta name=\"twitter:label1\" content=\"Est. tempo de leitura\" \/>\n\t<meta name=\"twitter:data1\" content=\"3 minutos\" \/>\n<script type=\"application\/ld+json\" class=\"yoast-schema-graph\">{\"@context\":\"https:\/\/schema.org\",\"@graph\":[{\"@type\":\"WebPage\",\"@id\":\"https:\/\/wp.ufpel.edu.br\/ppgecm\/dissertacoes-e-produtos\/defesas-2013\/\",\"url\":\"https:\/\/wp.ufpel.edu.br\/ppgecm\/dissertacoes-e-produtos\/defesas-2013\/\",\"name\":\"Defesas 2013 - Programa de P\u00f3s Gradua\u00e7\u00e3o em Ensino de Ci\u00eancias e Matem\u00e1tica - Mestrado Profissional\",\"isPartOf\":{\"@id\":\"https:\/\/wp.ufpel.edu.br\/ppgecm\/#website\"},\"datePublished\":\"2016-06-01T12:36:42+00:00\",\"dateModified\":\"2022-09-23T14:26:12+00:00\",\"breadcrumb\":{\"@id\":\"https:\/\/wp.ufpel.edu.br\/ppgecm\/dissertacoes-e-produtos\/defesas-2013\/#breadcrumb\"},\"inLanguage\":\"pt-BR\",\"potentialAction\":[{\"@type\":\"ReadAction\",\"target\":[\"https:\/\/wp.ufpel.edu.br\/ppgecm\/dissertacoes-e-produtos\/defesas-2013\/\"]}]},{\"@type\":\"BreadcrumbList\",\"@id\":\"https:\/\/wp.ufpel.edu.br\/ppgecm\/dissertacoes-e-produtos\/defesas-2013\/#breadcrumb\",\"itemListElement\":[{\"@type\":\"ListItem\",\"position\":1,\"name\":\"In\u00edcio\",\"item\":\"https:\/\/wp.ufpel.edu.br\/ppgecm\/\"},{\"@type\":\"ListItem\",\"position\":2,\"name\":\"Disserta\u00e7\u00f5es e Produtos Educacionais\",\"item\":\"https:\/\/wp.ufpel.edu.br\/ppgecm\/dissertacoes-e-produtos\/\"},{\"@type\":\"ListItem\",\"position\":3,\"name\":\"Defesas 2013\"}]},{\"@type\":\"WebSite\",\"@id\":\"https:\/\/wp.ufpel.edu.br\/ppgecm\/#website\",\"url\":\"https:\/\/wp.ufpel.edu.br\/ppgecm\/\",\"name\":\"Programa de P\u00f3s Gradua\u00e7\u00e3o em Ensino de Ci\u00eancias e Matem\u00e1tica - Mestrado Profissional\",\"description\":\"Universidade Federal de Pelotas\",\"potentialAction\":[{\"@type\":\"SearchAction\",\"target\":{\"@type\":\"EntryPoint\",\"urlTemplate\":\"https:\/\/wp.ufpel.edu.br\/ppgecm\/?s={search_term_string}\"},\"query-input\":{\"@type\":\"PropertyValueSpecification\",\"valueRequired\":true,\"valueName\":\"search_term_string\"}}],\"inLanguage\":\"pt-BR\"}]}<\/script>\n<!-- \/ Yoast SEO plugin. -->","yoast_head_json":{"title":"Defesas 2013 - Programa de P\u00f3s Gradua\u00e7\u00e3o em Ensino de Ci\u00eancias e Matem\u00e1tica - Mestrado Profissional","robots":{"index":"index","follow":"follow","max-snippet":"max-snippet:-1","max-image-preview":"max-image-preview:large","max-video-preview":"max-video-preview:-1"},"canonical":"https:\/\/wp.ufpel.edu.br\/ppgecm\/dissertacoes-e-produtos\/defesas-2013\/","og_locale":"pt_BR","og_type":"article","og_title":"Defesas 2013 - Programa de P\u00f3s Gradua\u00e7\u00e3o em Ensino de Ci\u00eancias e Matem\u00e1tica - Mestrado Profissional","og_description":"11. Alline Bettin de Oliveira &#8211; Defendeu em 28\/11\/2013 A Realidade Aumentada como Recurso Potencialmente Significativo para a Aprendizagem sobre o Processo de Frutifica\u00e7\u00e3o. Palavras-chave: ensino de Bot\u00e2nica, aprendizagem significativa, realidade aumentada Orienta\u00e7\u00e3o: Prof\u00aa. Dr\u00aa. Leila de F\u00e1tima Nogueira Macias Disserta\u00e7\u00e3o \/ Produto: Parte 1 &#8211; Parte 2 &#8211; Software 10. Lidiane Schimitz Lopes &#8211; [&hellip;]","og_url":"https:\/\/wp.ufpel.edu.br\/ppgecm\/dissertacoes-e-produtos\/defesas-2013\/","og_site_name":"Programa de P\u00f3s Gradua\u00e7\u00e3o em Ensino de Ci\u00eancias e Matem\u00e1tica - Mestrado Profissional","article_modified_time":"2022-09-23T14:26:12+00:00","twitter_card":"summary_large_image","twitter_misc":{"Est. tempo de leitura":"3 minutos"},"schema":{"@context":"https:\/\/schema.org","@graph":[{"@type":"WebPage","@id":"https:\/\/wp.ufpel.edu.br\/ppgecm\/dissertacoes-e-produtos\/defesas-2013\/","url":"https:\/\/wp.ufpel.edu.br\/ppgecm\/dissertacoes-e-produtos\/defesas-2013\/","name":"Defesas 2013 - Programa de P\u00f3s Gradua\u00e7\u00e3o em Ensino de Ci\u00eancias e Matem\u00e1tica - Mestrado Profissional","isPartOf":{"@id":"https:\/\/wp.ufpel.edu.br\/ppgecm\/#website"},"datePublished":"2016-06-01T12:36:42+00:00","dateModified":"2022-09-23T14:26:12+00:00","breadcrumb":{"@id":"https:\/\/wp.ufpel.edu.br\/ppgecm\/dissertacoes-e-produtos\/defesas-2013\/#breadcrumb"},"inLanguage":"pt-BR","potentialAction":[{"@type":"ReadAction","target":["https:\/\/wp.ufpel.edu.br\/ppgecm\/dissertacoes-e-produtos\/defesas-2013\/"]}]},{"@type":"BreadcrumbList","@id":"https:\/\/wp.ufpel.edu.br\/ppgecm\/dissertacoes-e-produtos\/defesas-2013\/#breadcrumb","itemListElement":[{"@type":"ListItem","position":1,"name":"In\u00edcio","item":"https:\/\/wp.ufpel.edu.br\/ppgecm\/"},{"@type":"ListItem","position":2,"name":"Disserta\u00e7\u00f5es e Produtos Educacionais","item":"https:\/\/wp.ufpel.edu.br\/ppgecm\/dissertacoes-e-produtos\/"},{"@type":"ListItem","position":3,"name":"Defesas 2013"}]},{"@type":"WebSite","@id":"https:\/\/wp.ufpel.edu.br\/ppgecm\/#website","url":"https:\/\/wp.ufpel.edu.br\/ppgecm\/","name":"Programa de P\u00f3s Gradua\u00e7\u00e3o em Ensino de Ci\u00eancias e Matem\u00e1tica - Mestrado Profissional","description":"Universidade Federal de Pelotas","potentialAction":[{"@type":"SearchAction","target":{"@type":"EntryPoint","urlTemplate":"https:\/\/wp.ufpel.edu.br\/ppgecm\/?s={search_term_string}"},"query-input":{"@type":"PropertyValueSpecification","valueRequired":true,"valueName":"search_term_string"}}],"inLanguage":"pt-BR"}]}},"_links":{"self":[{"href":"https:\/\/wp.ufpel.edu.br\/ppgecm\/wp-json\/wp\/v2\/pages\/464","targetHints":{"allow":["GET"]}}],"collection":[{"href":"https:\/\/wp.ufpel.edu.br\/ppgecm\/wp-json\/wp\/v2\/pages"}],"about":[{"href":"https:\/\/wp.ufpel.edu.br\/ppgecm\/wp-json\/wp\/v2\/types\/page"}],"author":[{"embeddable":true,"href":"https:\/\/wp.ufpel.edu.br\/ppgecm\/wp-json\/wp\/v2\/users\/112"}],"replies":[{"embeddable":true,"href":"https:\/\/wp.ufpel.edu.br\/ppgecm\/wp-json\/wp\/v2\/comments?post=464"}],"version-history":[{"count":8,"href":"https:\/\/wp.ufpel.edu.br\/ppgecm\/wp-json\/wp\/v2\/pages\/464\/revisions"}],"predecessor-version":[{"id":2513,"href":"https:\/\/wp.ufpel.edu.br\/ppgecm\/wp-json\/wp\/v2\/pages\/464\/revisions\/2513"}],"up":[{"embeddable":true,"href":"https:\/\/wp.ufpel.edu.br\/ppgecm\/wp-json\/wp\/v2\/pages\/461"}],"wp:attachment":[{"href":"https:\/\/wp.ufpel.edu.br\/ppgecm\/wp-json\/wp\/v2\/media?parent=464"}],"curies":[{"name":"wp","href":"https:\/\/api.w.org\/{rel}","templated":true}]}}