{"id":453,"date":"2016-05-31T13:48:16","date_gmt":"2016-05-31T16:48:16","guid":{"rendered":"https:\/\/wp.ufpel.edu.br\/ppgecm\/?page_id=453"},"modified":"2022-09-28T13:43:33","modified_gmt":"2022-09-28T16:43:33","slug":"formularios","status":"publish","type":"page","link":"https:\/\/wp.ufpel.edu.br\/ppgecm\/processo-seletivo\/formularios\/","title":{"rendered":"Documentos"},"content":{"rendered":"<p class=\"text12\"><a href=\"https:\/\/wp.ufpel.edu.br\/ppgecm\/category\/editais\/\">Editais<\/a><\/p>\n<p class=\"text12\"><a href=\"https:\/\/wp.ufpel.edu.br\/ppgecm\/files\/2016\/06\/modelo-anteprojeto.docx\" target=\"_blank\" rel=\"noopener noreferrer\">Modelo de Anteprojeto<\/a><\/p>\n<p><a href=\"https:\/\/wp.ufpel.edu.br\/ppge\/files\/2022\/03\/AUTODECLARACAO-ETNICO-RACIAL.pdf\" target=\"_blank\" rel=\"noopener\">Autodeclara\u00e7\u00e3o \u00e9tnico-racial<\/a><\/p>\n<p><a href=\"https:\/\/wp.ufpel.edu.br\/ppge\/files\/2022\/03\/AUTODECLARACAO-DE-IDENTIDADE-TRANS.pdf\" target=\"_blank\" rel=\"noopener\">Autodeclara\u00e7\u00e3o de identidade trans<\/a><\/p>\n<p><a href=\"https:\/\/wp.ufpel.edu.br\/ppge\/files\/2022\/03\/AUTODECLARACAO-DO-CANDIDATO-ESTUDANTE-INDIGENA.pdf\" target=\"_blank\" rel=\"noopener\">Autodeclara\u00e7\u00e3o do Candidato \u2013 Estudante ind\u00edgena<\/a><\/p>\n<p><a href=\"https:\/\/wp.ufpel.edu.br\/ppge\/files\/2022\/03\/DECLARACAO-DE-PERTENCIMENTO-ETNICO-PARA-ESTUDANTE-INDIGENA.pdf\" target=\"_blank\" rel=\"noopener\">Declara\u00e7\u00e3o de pertencimente \u00e9tnico para estudante ind\u00edgena<\/a><\/p>\n<p><a href=\"https:\/\/wp.ufpel.edu.br\/ppge\/files\/2022\/03\/AUTODECLARACAO-DO-CANDIDATO-%E2%80%93-ESTUDANTE-QUILOMBOLA.pdf\" target=\"_blank\" rel=\"noopener\">Autodeclara\u00e7\u00e3o do Candidato \u2013 Estudante quilombola<\/a><\/p>\n<p><a href=\"https:\/\/wp.ufpel.edu.br\/ppge\/files\/2022\/03\/DECLARACAO-DE-PERTENCIMENTO-ETNICO_PARA-ESTUDANTE-QUILOMBOLA.pdf\" target=\"_blank\" rel=\"noopener\">Declara\u00e7\u00e3o de pertencimento \u00e9tnico para estudante quilombola<\/a><\/p>\n","protected":false},"excerpt":{"rendered":"<p>Editais Modelo de Anteprojeto Autodeclara\u00e7\u00e3o \u00e9tnico-racial Autodeclara\u00e7\u00e3o de identidade trans Autodeclara\u00e7\u00e3o do Candidato \u2013 Estudante ind\u00edgena Declara\u00e7\u00e3o de pertencimente \u00e9tnico para estudante ind\u00edgena Autodeclara\u00e7\u00e3o do Candidato \u2013 Estudante quilombola Declara\u00e7\u00e3o de pertencimento \u00e9tnico para estudante quilombola<\/p>\n","protected":false},"author":112,"featured_media":0,"parent":421,"menu_order":0,"comment_status":"closed","ping_status":"closed","template":"","meta":{"footnotes":""},"class_list":["post-453","page","type-page","status-publish","hentry"],"yoast_head":"<!-- This site is optimized with the Yoast SEO plugin v26.7 - https:\/\/yoast.com\/wordpress\/plugins\/seo\/ -->\n<title>Documentos - Programa de P\u00f3s Gradua\u00e7\u00e3o em Ensino de Ci\u00eancias e Matem\u00e1tica - Mestrado Profissional<\/title>\n<meta name=\"robots\" content=\"index, follow, max-snippet:-1, max-image-preview:large, max-video-preview:-1\" \/>\n<link rel=\"canonical\" href=\"https:\/\/wp.ufpel.edu.br\/ppgecm\/processo-seletivo\/formularios\/\" \/>\n<meta property=\"og:locale\" content=\"pt_BR\" \/>\n<meta property=\"og:type\" content=\"article\" \/>\n<meta property=\"og:title\" content=\"Documentos - Programa de P\u00f3s Gradua\u00e7\u00e3o em Ensino de Ci\u00eancias e Matem\u00e1tica - Mestrado Profissional\" \/>\n<meta property=\"og:description\" content=\"Editais Modelo de Anteprojeto Autodeclara\u00e7\u00e3o \u00e9tnico-racial Autodeclara\u00e7\u00e3o de identidade trans Autodeclara\u00e7\u00e3o do Candidato \u2013 Estudante ind\u00edgena Declara\u00e7\u00e3o de pertencimente \u00e9tnico para estudante ind\u00edgena Autodeclara\u00e7\u00e3o do Candidato \u2013 Estudante quilombola Declara\u00e7\u00e3o de pertencimento \u00e9tnico para estudante quilombola\" \/>\n<meta property=\"og:url\" content=\"https:\/\/wp.ufpel.edu.br\/ppgecm\/processo-seletivo\/formularios\/\" \/>\n<meta property=\"og:site_name\" content=\"Programa de P\u00f3s Gradua\u00e7\u00e3o em Ensino de Ci\u00eancias e Matem\u00e1tica - Mestrado Profissional\" \/>\n<meta property=\"article:modified_time\" content=\"2022-09-28T16:43:33+00:00\" \/>\n<meta name=\"twitter:card\" content=\"summary_large_image\" \/>\n<meta name=\"twitter:label1\" content=\"Est. tempo de leitura\" \/>\n\t<meta name=\"twitter:data1\" content=\"1 minuto\" \/>\n<script type=\"application\/ld+json\" class=\"yoast-schema-graph\">{\"@context\":\"https:\/\/schema.org\",\"@graph\":[{\"@type\":\"WebPage\",\"@id\":\"https:\/\/wp.ufpel.edu.br\/ppgecm\/processo-seletivo\/formularios\/\",\"url\":\"https:\/\/wp.ufpel.edu.br\/ppgecm\/processo-seletivo\/formularios\/\",\"name\":\"Documentos - Programa de P\u00f3s Gradua\u00e7\u00e3o em Ensino de Ci\u00eancias e Matem\u00e1tica - Mestrado Profissional\",\"isPartOf\":{\"@id\":\"https:\/\/wp.ufpel.edu.br\/ppgecm\/#website\"},\"datePublished\":\"2016-05-31T16:48:16+00:00\",\"dateModified\":\"2022-09-28T16:43:33+00:00\",\"breadcrumb\":{\"@id\":\"https:\/\/wp.ufpel.edu.br\/ppgecm\/processo-seletivo\/formularios\/#breadcrumb\"},\"inLanguage\":\"pt-BR\",\"potentialAction\":[{\"@type\":\"ReadAction\",\"target\":[\"https:\/\/wp.ufpel.edu.br\/ppgecm\/processo-seletivo\/formularios\/\"]}]},{\"@type\":\"BreadcrumbList\",\"@id\":\"https:\/\/wp.ufpel.edu.br\/ppgecm\/processo-seletivo\/formularios\/#breadcrumb\",\"itemListElement\":[{\"@type\":\"ListItem\",\"position\":1,\"name\":\"In\u00edcio\",\"item\":\"https:\/\/wp.ufpel.edu.br\/ppgecm\/\"},{\"@type\":\"ListItem\",\"position\":2,\"name\":\"Processo Seletivo\",\"item\":\"https:\/\/wp.ufpel.edu.br\/ppgecm\/processo-seletivo\/\"},{\"@type\":\"ListItem\",\"position\":3,\"name\":\"Documentos\"}]},{\"@type\":\"WebSite\",\"@id\":\"https:\/\/wp.ufpel.edu.br\/ppgecm\/#website\",\"url\":\"https:\/\/wp.ufpel.edu.br\/ppgecm\/\",\"name\":\"Programa de P\u00f3s Gradua\u00e7\u00e3o em Ensino de Ci\u00eancias e Matem\u00e1tica - Mestrado Profissional\",\"description\":\"Universidade Federal de Pelotas\",\"potentialAction\":[{\"@type\":\"SearchAction\",\"target\":{\"@type\":\"EntryPoint\",\"urlTemplate\":\"https:\/\/wp.ufpel.edu.br\/ppgecm\/?s={search_term_string}\"},\"query-input\":{\"@type\":\"PropertyValueSpecification\",\"valueRequired\":true,\"valueName\":\"search_term_string\"}}],\"inLanguage\":\"pt-BR\"}]}<\/script>\n<!-- \/ Yoast SEO plugin. -->","yoast_head_json":{"title":"Documentos - Programa de P\u00f3s Gradua\u00e7\u00e3o em Ensino de Ci\u00eancias e Matem\u00e1tica - Mestrado Profissional","robots":{"index":"index","follow":"follow","max-snippet":"max-snippet:-1","max-image-preview":"max-image-preview:large","max-video-preview":"max-video-preview:-1"},"canonical":"https:\/\/wp.ufpel.edu.br\/ppgecm\/processo-seletivo\/formularios\/","og_locale":"pt_BR","og_type":"article","og_title":"Documentos - Programa de P\u00f3s Gradua\u00e7\u00e3o em Ensino de Ci\u00eancias e Matem\u00e1tica - Mestrado Profissional","og_description":"Editais Modelo de Anteprojeto Autodeclara\u00e7\u00e3o \u00e9tnico-racial Autodeclara\u00e7\u00e3o de identidade trans Autodeclara\u00e7\u00e3o do Candidato \u2013 Estudante ind\u00edgena Declara\u00e7\u00e3o de pertencimente \u00e9tnico para estudante ind\u00edgena Autodeclara\u00e7\u00e3o do Candidato \u2013 Estudante quilombola Declara\u00e7\u00e3o de pertencimento \u00e9tnico para estudante quilombola","og_url":"https:\/\/wp.ufpel.edu.br\/ppgecm\/processo-seletivo\/formularios\/","og_site_name":"Programa de P\u00f3s Gradua\u00e7\u00e3o em Ensino de Ci\u00eancias e Matem\u00e1tica - Mestrado Profissional","article_modified_time":"2022-09-28T16:43:33+00:00","twitter_card":"summary_large_image","twitter_misc":{"Est. tempo de leitura":"1 minuto"},"schema":{"@context":"https:\/\/schema.org","@graph":[{"@type":"WebPage","@id":"https:\/\/wp.ufpel.edu.br\/ppgecm\/processo-seletivo\/formularios\/","url":"https:\/\/wp.ufpel.edu.br\/ppgecm\/processo-seletivo\/formularios\/","name":"Documentos - Programa de P\u00f3s Gradua\u00e7\u00e3o em Ensino de Ci\u00eancias e Matem\u00e1tica - Mestrado Profissional","isPartOf":{"@id":"https:\/\/wp.ufpel.edu.br\/ppgecm\/#website"},"datePublished":"2016-05-31T16:48:16+00:00","dateModified":"2022-09-28T16:43:33+00:00","breadcrumb":{"@id":"https:\/\/wp.ufpel.edu.br\/ppgecm\/processo-seletivo\/formularios\/#breadcrumb"},"inLanguage":"pt-BR","potentialAction":[{"@type":"ReadAction","target":["https:\/\/wp.ufpel.edu.br\/ppgecm\/processo-seletivo\/formularios\/"]}]},{"@type":"BreadcrumbList","@id":"https:\/\/wp.ufpel.edu.br\/ppgecm\/processo-seletivo\/formularios\/#breadcrumb","itemListElement":[{"@type":"ListItem","position":1,"name":"In\u00edcio","item":"https:\/\/wp.ufpel.edu.br\/ppgecm\/"},{"@type":"ListItem","position":2,"name":"Processo Seletivo","item":"https:\/\/wp.ufpel.edu.br\/ppgecm\/processo-seletivo\/"},{"@type":"ListItem","position":3,"name":"Documentos"}]},{"@type":"WebSite","@id":"https:\/\/wp.ufpel.edu.br\/ppgecm\/#website","url":"https:\/\/wp.ufpel.edu.br\/ppgecm\/","name":"Programa de P\u00f3s Gradua\u00e7\u00e3o em Ensino de Ci\u00eancias e Matem\u00e1tica - Mestrado Profissional","description":"Universidade Federal de Pelotas","potentialAction":[{"@type":"SearchAction","target":{"@type":"EntryPoint","urlTemplate":"https:\/\/wp.ufpel.edu.br\/ppgecm\/?s={search_term_string}"},"query-input":{"@type":"PropertyValueSpecification","valueRequired":true,"valueName":"search_term_string"}}],"inLanguage":"pt-BR"}]}},"_links":{"self":[{"href":"https:\/\/wp.ufpel.edu.br\/ppgecm\/wp-json\/wp\/v2\/pages\/453","targetHints":{"allow":["GET"]}}],"collection":[{"href":"https:\/\/wp.ufpel.edu.br\/ppgecm\/wp-json\/wp\/v2\/pages"}],"about":[{"href":"https:\/\/wp.ufpel.edu.br\/ppgecm\/wp-json\/wp\/v2\/types\/page"}],"author":[{"embeddable":true,"href":"https:\/\/wp.ufpel.edu.br\/ppgecm\/wp-json\/wp\/v2\/users\/112"}],"replies":[{"embeddable":true,"href":"https:\/\/wp.ufpel.edu.br\/ppgecm\/wp-json\/wp\/v2\/comments?post=453"}],"version-history":[{"count":8,"href":"https:\/\/wp.ufpel.edu.br\/ppgecm\/wp-json\/wp\/v2\/pages\/453\/revisions"}],"predecessor-version":[{"id":2528,"href":"https:\/\/wp.ufpel.edu.br\/ppgecm\/wp-json\/wp\/v2\/pages\/453\/revisions\/2528"}],"up":[{"embeddable":true,"href":"https:\/\/wp.ufpel.edu.br\/ppgecm\/wp-json\/wp\/v2\/pages\/421"}],"wp:attachment":[{"href":"https:\/\/wp.ufpel.edu.br\/ppgecm\/wp-json\/wp\/v2\/media?parent=453"}],"curies":[{"name":"wp","href":"https:\/\/api.w.org\/{rel}","templated":true}]}}