{"id":417,"date":"2016-05-31T12:43:26","date_gmt":"2016-05-31T15:43:26","guid":{"rendered":"https:\/\/wp.ufpel.edu.br\/ppgecm\/?page_id=417"},"modified":"2020-09-21T16:40:30","modified_gmt":"2020-09-21T19:40:30","slug":"matriculas","status":"publish","type":"page","link":"https:\/\/wp.ufpel.edu.br\/ppgecm\/matriculas\/","title":{"rendered":"Matr\u00edculas"},"content":{"rendered":"<p>As matr\u00edculas s\u00e3o realizadas semestralmente para alunos regulares e para alunos especiais, em datas divulgadas nas\u00a0not\u00edcias do site.<\/p>\n<p><a href=\"https:\/\/wp.ufpel.edu.br\/ppgecm\/category\/matriculas\/\" target=\"_blank\" rel=\"noopener noreferrer\">Clique aqui<\/a> para acessar todas as not\u00edcias relacionadas \u00e0 Matr\u00edculas.<\/p>\n<p>Formul\u00e1rio de Matr\u00edcula:<\/p>\n<table>\n<tbody>\n<tr>\n<td style=\"border-color: #6e0909;background-color: #c4bdc9\">\n<div class=\"wpcf7 no-js\" id=\"wpcf7-f1050-o1\" lang=\"pt-BR\" dir=\"ltr\" data-wpcf7-id=\"1050\">\n<div class=\"screen-reader-response\"><p role=\"status\" aria-live=\"polite\" aria-atomic=\"true\"><\/p> <ul><\/ul><\/div>\n<form action=\"\/ppgecm\/wp-json\/wp\/v2\/pages\/417#wpcf7-f1050-o1\" method=\"post\" class=\"wpcf7-form init\" aria-label=\"Formul\u00e1rios de contato\" novalidate=\"novalidate\" data-status=\"init\">\n<fieldset class=\"hidden-fields-container\"><input type=\"hidden\" name=\"_wpcf7\" value=\"1050\" \/><input type=\"hidden\" name=\"_wpcf7_version\" value=\"6.1.4\" \/><input type=\"hidden\" name=\"_wpcf7_locale\" value=\"pt_BR\" \/><input type=\"hidden\" name=\"_wpcf7_unit_tag\" value=\"wpcf7-f1050-o1\" \/><input type=\"hidden\" name=\"_wpcf7_container_post\" value=\"0\" \/><input type=\"hidden\" name=\"_wpcf7_posted_data_hash\" value=\"\" \/>\n<\/fieldset>\n<p><label> Seu nome:*<br \/>\n<span class=\"wpcf7-form-control-wrap\" data-name=\"nome\"><input size=\"40\" maxlength=\"400\" class=\"wpcf7-form-control wpcf7-text wpcf7-validates-as-required\" aria-required=\"true\" aria-invalid=\"false\" value=\"\" type=\"text\" name=\"nome\" \/><\/span><\/label>\n<\/p>\n<p><label> Seu e-mail:*<br \/>\n<span class=\"wpcf7-form-control-wrap\" data-name=\"e-mail\"><input size=\"40\" maxlength=\"400\" class=\"wpcf7-form-control wpcf7-email wpcf7-validates-as-required wpcf7-text wpcf7-validates-as-email\" aria-required=\"true\" aria-invalid=\"false\" value=\"\" type=\"email\" name=\"e-mail\" \/><\/span> <\/label>\n<\/p>\n<p><label> Seu n\u00famero de matr\u00edcula:<br \/>\n<span class=\"wpcf7-form-control-wrap\" data-name=\"matricula\"><input class=\"wpcf7-form-control wpcf7-number wpcf7-validates-as-number\" aria-invalid=\"false\" value=\"\" type=\"number\" name=\"matricula\" \/><\/span><\/label>\n<\/p>\n<p>Informe o Ano e o Semestre que pretendes realizar matr\u00edcula:<br \/>\n<label> Ano*:<br \/>\n<span class=\"wpcf7-form-control-wrap\" data-name=\"ano\"><input class=\"wpcf7-form-control wpcf7-number wpcf7-validates-as-required wpcf7-validates-as-number\" min=\"2021\" max=\"2025\" aria-required=\"true\" aria-invalid=\"false\" value=\"\" type=\"number\" name=\"ano\" \/><\/span><\/label>\n<\/p>\n<p><label> Semestre*:<br \/>\n<span class=\"wpcf7-form-control-wrap\" data-name=\"semestre\"><input class=\"wpcf7-form-control wpcf7-number wpcf7-validates-as-required wpcf7-validates-as-number\" min=\"1\" max=\"2\" aria-required=\"true\" aria-invalid=\"false\" value=\"\" type=\"number\" name=\"semestre\" \/><\/span><br \/>\n<\/label><label> Informe as disciplinas*:<br \/>\n<span class=\"wpcf7-form-control-wrap\" data-name=\"disciplinas\"><span class=\"wpcf7-form-control wpcf7-checkbox wpcf7-validates-as-required\"><span class=\"wpcf7-list-item first\"><label><input type=\"checkbox\" name=\"disciplinas[]\" value=\"0368269 \u2013 Ensino e Aprendizagem\" \/><span class=\"wpcf7-list-item-label\">0368269 \u2013 Ensino e Aprendizagem<\/span><\/label><\/span><span class=\"wpcf7-list-item last\"><label><input type=\"checkbox\" name=\"disciplinas[]\" value=\"D000512 \u2013 S.A. M\u00eddias, Culturas e Processos de Aprendizagem\" \/><span class=\"wpcf7-list-item-label\">D000512 \u2013 S.A. M\u00eddias, Culturas e Processos de Aprendizagem<\/span><\/label><\/span><\/span><\/span><br \/>\n<\/label><label>Observa\u00e7\u00f5es:<br \/>\n<span class=\"wpcf7-form-control-wrap\" data-name=\"your-message\"><textarea cols=\"40\" rows=\"10\" maxlength=\"2000\" class=\"wpcf7-form-control wpcf7-textarea\" aria-invalid=\"false\" name=\"your-message\"><\/textarea><\/span><\/label>\n<\/p>\n<p><label>Imagem de seguran\u00e7a<\/label><br \/>\n<input type=\"hidden\" name=\"_wpcf7_captcha_challenge_captcha-1\" value=\"2699888284\" \/><img class=\"wpcf7-form-control wpcf7-captchac wpcf7-captcha-captcha-1\" width=\"72\" height=\"24\" alt=\"captcha\" src=\"https:\/\/wp.ufpel.edu.br\/ppgecm\/files\/wpcf7_captcha\/2699888284.png\" \/><span class=\"wpcf7-form-control-wrap\" data-name=\"captcha-1\"><input size=\"8\" class=\"wpcf7-form-control wpcf7-captchar\" autocomplete=\"off\" aria-invalid=\"false\" value=\"\" type=\"text\" name=\"captcha-1\" \/><\/span>\n<\/p>\n<p><input class=\"wpcf7-form-control wpcf7-submit has-spinner\" type=\"submit\" value=\"Enviar\" \/>\n<\/p>\n<p>Os campos marcados com * s\u00e3o de preenchimento obrigat\u00f3rio.\n<\/p><p style=\"display: none !important;\" class=\"akismet-fields-container\" data-prefix=\"_wpcf7_ak_\"><label>&#916;<textarea name=\"_wpcf7_ak_hp_textarea\" cols=\"45\" rows=\"8\" maxlength=\"100\"><\/textarea><\/label><input type=\"hidden\" id=\"ak_js_1\" name=\"_wpcf7_ak_js\" value=\"159\"\/><script>document.getElementById( \"ak_js_1\" ).setAttribute( \"value\", ( new Date() ).getTime() );<\/script><\/p><div class=\"wpcf7-response-output\" aria-hidden=\"true\"><\/div>\n<\/form>\n<\/div>\n<\/td>\n<\/tr>\n<\/tbody>\n<\/table>\n<p>&nbsp;<\/p>\n","protected":false},"excerpt":{"rendered":"<p>As matr\u00edculas s\u00e3o realizadas semestralmente para alunos regulares e para alunos especiais, em datas divulgadas nas\u00a0not\u00edcias do site. Clique aqui para acessar todas as not\u00edcias relacionadas \u00e0 Matr\u00edculas. Formul\u00e1rio de Matr\u00edcula: &nbsp;<\/p>\n","protected":false},"author":112,"featured_media":0,"parent":0,"menu_order":0,"comment_status":"closed","ping_status":"closed","template":"","meta":{"footnotes":""},"class_list":["post-417","page","type-page","status-publish","hentry"],"yoast_head":"<!-- This site is optimized with the Yoast SEO plugin v26.7 - https:\/\/yoast.com\/wordpress\/plugins\/seo\/ -->\n<title>Matr\u00edculas - Programa de P\u00f3s Gradua\u00e7\u00e3o em Ensino de Ci\u00eancias e Matem\u00e1tica - Mestrado Profissional<\/title>\n<meta name=\"robots\" content=\"index, follow, max-snippet:-1, max-image-preview:large, max-video-preview:-1\" \/>\n<link rel=\"canonical\" href=\"https:\/\/wp.ufpel.edu.br\/ppgecm\/matriculas\/\" \/>\n<meta property=\"og:locale\" content=\"pt_BR\" \/>\n<meta property=\"og:type\" content=\"article\" \/>\n<meta property=\"og:title\" content=\"Matr\u00edculas - Programa de P\u00f3s Gradua\u00e7\u00e3o em Ensino de Ci\u00eancias e Matem\u00e1tica - Mestrado Profissional\" \/>\n<meta property=\"og:description\" content=\"As matr\u00edculas s\u00e3o realizadas semestralmente para alunos regulares e para alunos especiais, em datas divulgadas nas\u00a0not\u00edcias do site. Clique aqui para acessar todas as not\u00edcias relacionadas \u00e0 Matr\u00edculas. Formul\u00e1rio de Matr\u00edcula: &nbsp;\" \/>\n<meta property=\"og:url\" content=\"https:\/\/wp.ufpel.edu.br\/ppgecm\/matriculas\/\" \/>\n<meta property=\"og:site_name\" content=\"Programa de P\u00f3s Gradua\u00e7\u00e3o em Ensino de Ci\u00eancias e Matem\u00e1tica - Mestrado Profissional\" \/>\n<meta property=\"article:modified_time\" content=\"2020-09-21T19:40:30+00:00\" \/>\n<meta name=\"twitter:card\" content=\"summary_large_image\" \/>\n<script type=\"application\/ld+json\" class=\"yoast-schema-graph\">{\"@context\":\"https:\/\/schema.org\",\"@graph\":[{\"@type\":\"WebPage\",\"@id\":\"https:\/\/wp.ufpel.edu.br\/ppgecm\/matriculas\/\",\"url\":\"https:\/\/wp.ufpel.edu.br\/ppgecm\/matriculas\/\",\"name\":\"Matr\u00edculas - Programa de P\u00f3s Gradua\u00e7\u00e3o em Ensino de Ci\u00eancias e Matem\u00e1tica - Mestrado Profissional\",\"isPartOf\":{\"@id\":\"https:\/\/wp.ufpel.edu.br\/ppgecm\/#website\"},\"datePublished\":\"2016-05-31T15:43:26+00:00\",\"dateModified\":\"2020-09-21T19:40:30+00:00\",\"breadcrumb\":{\"@id\":\"https:\/\/wp.ufpel.edu.br\/ppgecm\/matriculas\/#breadcrumb\"},\"inLanguage\":\"pt-BR\",\"potentialAction\":[{\"@type\":\"ReadAction\",\"target\":[\"https:\/\/wp.ufpel.edu.br\/ppgecm\/matriculas\/\"]}]},{\"@type\":\"BreadcrumbList\",\"@id\":\"https:\/\/wp.ufpel.edu.br\/ppgecm\/matriculas\/#breadcrumb\",\"itemListElement\":[{\"@type\":\"ListItem\",\"position\":1,\"name\":\"In\u00edcio\",\"item\":\"https:\/\/wp.ufpel.edu.br\/ppgecm\/\"},{\"@type\":\"ListItem\",\"position\":2,\"name\":\"Matr\u00edculas\"}]},{\"@type\":\"WebSite\",\"@id\":\"https:\/\/wp.ufpel.edu.br\/ppgecm\/#website\",\"url\":\"https:\/\/wp.ufpel.edu.br\/ppgecm\/\",\"name\":\"Programa de P\u00f3s Gradua\u00e7\u00e3o em Ensino de Ci\u00eancias e Matem\u00e1tica - Mestrado Profissional\",\"description\":\"Universidade Federal de Pelotas\",\"potentialAction\":[{\"@type\":\"SearchAction\",\"target\":{\"@type\":\"EntryPoint\",\"urlTemplate\":\"https:\/\/wp.ufpel.edu.br\/ppgecm\/?s={search_term_string}\"},\"query-input\":{\"@type\":\"PropertyValueSpecification\",\"valueRequired\":true,\"valueName\":\"search_term_string\"}}],\"inLanguage\":\"pt-BR\"}]}<\/script>\n<!-- \/ Yoast SEO plugin. -->","yoast_head_json":{"title":"Matr\u00edculas - Programa de P\u00f3s Gradua\u00e7\u00e3o em Ensino de Ci\u00eancias e Matem\u00e1tica - Mestrado Profissional","robots":{"index":"index","follow":"follow","max-snippet":"max-snippet:-1","max-image-preview":"max-image-preview:large","max-video-preview":"max-video-preview:-1"},"canonical":"https:\/\/wp.ufpel.edu.br\/ppgecm\/matriculas\/","og_locale":"pt_BR","og_type":"article","og_title":"Matr\u00edculas - Programa de P\u00f3s Gradua\u00e7\u00e3o em Ensino de Ci\u00eancias e Matem\u00e1tica - Mestrado Profissional","og_description":"As matr\u00edculas s\u00e3o realizadas semestralmente para alunos regulares e para alunos especiais, em datas divulgadas nas\u00a0not\u00edcias do site. Clique aqui para acessar todas as not\u00edcias relacionadas \u00e0 Matr\u00edculas. Formul\u00e1rio de Matr\u00edcula: &nbsp;","og_url":"https:\/\/wp.ufpel.edu.br\/ppgecm\/matriculas\/","og_site_name":"Programa de P\u00f3s Gradua\u00e7\u00e3o em Ensino de Ci\u00eancias e Matem\u00e1tica - Mestrado Profissional","article_modified_time":"2020-09-21T19:40:30+00:00","twitter_card":"summary_large_image","schema":{"@context":"https:\/\/schema.org","@graph":[{"@type":"WebPage","@id":"https:\/\/wp.ufpel.edu.br\/ppgecm\/matriculas\/","url":"https:\/\/wp.ufpel.edu.br\/ppgecm\/matriculas\/","name":"Matr\u00edculas - Programa de P\u00f3s Gradua\u00e7\u00e3o em Ensino de Ci\u00eancias e Matem\u00e1tica - Mestrado Profissional","isPartOf":{"@id":"https:\/\/wp.ufpel.edu.br\/ppgecm\/#website"},"datePublished":"2016-05-31T15:43:26+00:00","dateModified":"2020-09-21T19:40:30+00:00","breadcrumb":{"@id":"https:\/\/wp.ufpel.edu.br\/ppgecm\/matriculas\/#breadcrumb"},"inLanguage":"pt-BR","potentialAction":[{"@type":"ReadAction","target":["https:\/\/wp.ufpel.edu.br\/ppgecm\/matriculas\/"]}]},{"@type":"BreadcrumbList","@id":"https:\/\/wp.ufpel.edu.br\/ppgecm\/matriculas\/#breadcrumb","itemListElement":[{"@type":"ListItem","position":1,"name":"In\u00edcio","item":"https:\/\/wp.ufpel.edu.br\/ppgecm\/"},{"@type":"ListItem","position":2,"name":"Matr\u00edculas"}]},{"@type":"WebSite","@id":"https:\/\/wp.ufpel.edu.br\/ppgecm\/#website","url":"https:\/\/wp.ufpel.edu.br\/ppgecm\/","name":"Programa de P\u00f3s Gradua\u00e7\u00e3o em Ensino de Ci\u00eancias e Matem\u00e1tica - Mestrado Profissional","description":"Universidade Federal de Pelotas","potentialAction":[{"@type":"SearchAction","target":{"@type":"EntryPoint","urlTemplate":"https:\/\/wp.ufpel.edu.br\/ppgecm\/?s={search_term_string}"},"query-input":{"@type":"PropertyValueSpecification","valueRequired":true,"valueName":"search_term_string"}}],"inLanguage":"pt-BR"}]}},"_links":{"self":[{"href":"https:\/\/wp.ufpel.edu.br\/ppgecm\/wp-json\/wp\/v2\/pages\/417","targetHints":{"allow":["GET"]}}],"collection":[{"href":"https:\/\/wp.ufpel.edu.br\/ppgecm\/wp-json\/wp\/v2\/pages"}],"about":[{"href":"https:\/\/wp.ufpel.edu.br\/ppgecm\/wp-json\/wp\/v2\/types\/page"}],"author":[{"embeddable":true,"href":"https:\/\/wp.ufpel.edu.br\/ppgecm\/wp-json\/wp\/v2\/users\/112"}],"replies":[{"embeddable":true,"href":"https:\/\/wp.ufpel.edu.br\/ppgecm\/wp-json\/wp\/v2\/comments?post=417"}],"version-history":[{"count":5,"href":"https:\/\/wp.ufpel.edu.br\/ppgecm\/wp-json\/wp\/v2\/pages\/417\/revisions"}],"predecessor-version":[{"id":1788,"href":"https:\/\/wp.ufpel.edu.br\/ppgecm\/wp-json\/wp\/v2\/pages\/417\/revisions\/1788"}],"wp:attachment":[{"href":"https:\/\/wp.ufpel.edu.br\/ppgecm\/wp-json\/wp\/v2\/media?parent=417"}],"curies":[{"name":"wp","href":"https:\/\/api.w.org\/{rel}","templated":true}]}}