{"id":2793,"date":"2023-08-01T15:41:00","date_gmt":"2023-08-01T18:41:00","guid":{"rendered":"https:\/\/wp.ufpel.edu.br\/ppgecm\/?page_id=2793"},"modified":"2025-03-12T17:39:46","modified_gmt":"2025-03-12T20:39:46","slug":"defesas-2023-dissertacoes-e-produtos-educacionais-2023-mestrado-formacao-continuada","status":"publish","type":"page","link":"https:\/\/wp.ufpel.edu.br\/ppgecm\/dissertacoes-e-produtos\/defesas-2023-dissertacoes-e-produtos-educacionais-2023-mestrado-formacao-continuada\/","title":{"rendered":"Defesas 2023"},"content":{"rendered":"<table style=\"height: 299px; background-color: #ffffff;\" border=\"0\" cellspacing=\"8\" cellpadding=\"0\">\n<tbody>\n<tr>\n<td style=\"background-color: #ffffff; text-align: justify; width: 721px;\"><span class=\"text12\"><strong>129. Susana de Gusm\u00e3o Silveira Machado <\/strong>&#8211; Defendeu em 28\/08\/2023<strong><br \/>\n<em>Experi\u00eancias de professoras da educa\u00e7\u00e3o infantil na pandemia da COVID-19: hist\u00f3rias, dilemas e reflex\u00f5es. <\/em><\/strong>Palavras-chave: Pandemia; Professores; Educa\u00e7\u00e3o Infantil; Ensino Remoto..<br \/>\nOrienta\u00e7\u00e3o: Prof.\u00aa Dr.\u00aa Ros\u00e1ria Ilgenfritz Sperotto<br \/>\n<a href=\"http:\/\/guaiaca.ufpel.edu.br\/xmlui\/handle\/prefix\/10889\" target=\"_blank\" rel=\"noopener\">Reposit\u00f3rio Institucional da UFPel (Disserta\u00e7\u00e3o e Produto)<\/a><\/span><\/td>\n<\/tr>\n<tr>\n<td style=\"background-color: #c4bdc9; text-align: justify; width: 721px;\"><span class=\"text12\"><strong>128. Priscila Lazo Rodrigues<\/strong> &#8211; Defendeu em 15\/08\/2023<strong><br \/>\n<em>Educa\u00e7\u00e3o de surdos e ensino em ci\u00eancias: estudo de caso em Santa Vit\u00f3ria do Palmar\/RS. <\/em><\/strong>Palavras-chave: Inclus\u00e3o de Surdos; Libras; Ci\u00eancias; Ensino Fundamental.<br \/>\nOrienta\u00e7\u00e3o: Prof. Dr. F\u00e1bio Andr\u00e9 Sangiogo<br \/>\n<a href=\"http:\/\/guaiaca.ufpel.edu.br\/xmlui\/handle\/prefix\/10708\" target=\"_blank\" rel=\"noopener\">Reposit\u00f3rio Institucional da UFPel (Disserta\u00e7\u00e3o e Produto)<\/a><\/span><\/td>\n<\/tr>\n<tr>\n<td style=\"background-color: #ffffff; text-align: justify; width: 721px;\"><span class=\"text12\"><strong>127. Juliana Ribeiro Cigales<\/strong> &#8211; Defendeu em 31\/07\/2023<strong><br \/>\n<em>Rota cient\u00edfica pelo bosque-sem-fim: proposta de uso das estrat\u00e9gias autorregulat\u00f3rias a favor da alfabetiza\u00e7\u00e3o cient\u00edfica nos anos iniciais<\/em>. <\/strong>Palavras-chave: Autorregula\u00e7\u00e3o da Aprendizagem; Alfabetiza\u00e7\u00e3o Cient\u00edfica; Anos Iniciais.<strong><br \/>\n<\/strong>Orienta\u00e7\u00e3o: Prof. Dr. Robledo Lima Gil<br \/>\n<a href=\"http:\/\/guaiaca.ufpel.edu.br\/xmlui\/handle\/prefix\/10707\" target=\"_blank\" rel=\"noopener\">Reposit\u00f3rio Institucional da UFPel (Disserta\u00e7\u00e3o e Produto)<\/a><\/span><\/td>\n<\/tr>\n<tr>\n<td style=\"background-color: #c4bdc9; text-align: justify; width: 721px;\"><span class=\"text12\"><strong>126. Suelem Vaz da Silva Alves<\/strong> &#8211; Defendeu em 20\/03\/2023<strong><br \/>\n<strong style=\"font-family: inherit; font-size: inherit;\"><em>Os Pedagogos e o Ensino da Matem\u00e1tica nos Anos Iniciais: os desafios da pr\u00e1tica docente. <\/em><\/strong><\/strong><span style=\"font-family: inherit; font-size: inherit;\">P<\/span><span style=\"font-family: inherit; font-size: inherit;\">alavras-chave: Ensino de Matem\u00e1tica; Base Nacional Comum Curricular; Pedagogo; Pr\u00e1tica docente.<\/span><br \/>\nOrienta\u00e7\u00e3o: Prof. Dr. Lui N\u00f6rnberg<br \/>\n<a href=\"https:\/\/guaiaca.ufpel.edu.br\/handle\/prefix\/9358\" target=\"_blank\" rel=\"noopener\">Reposit\u00f3rio Institucional da UFPel (Disserta\u00e7\u00e3o e Produto)<\/a><\/span><\/td>\n<\/tr>\n<tr>\n<td style=\"background-color: #ffffff; text-align: justify; width: 721px; height: 120px;\"><span class=\"text12\"><strong>125. Cl\u00e9a Furtado<\/strong> <strong>da Silveira<\/strong> &#8211; Defendeu em 10\/03\/2023<strong><br \/>\n<strong style=\"font-family: inherit; font-size: inherit;\"><em>A import\u00e2ncia da visualidade e contextualiza\u00e7\u00e3o nos processos de ensino e aprendizagem de f\u00edsica para alunos surdos: o caso dos movimentos uniforme e uniforme variado. <\/em><\/strong><\/strong><span style=\"font-family: inherit; font-size: inherit;\">P<\/span><span style=\"font-family: inherit; font-size: inherit;\">alavras-chave: Alunos Surdos; F\u00edsica; Visualidade; Estrat\u00e9gias de Ensino.<\/span><br \/>\nOrienta\u00e7\u00e3o: Prof.\u00aa Dr.\u00aa Denise Nascimento Silveira<br \/>\n<a href=\"http:\/\/guaiaca.ufpel.edu.br\/xmlui\/handle\/prefix\/10018\" target=\"_blank\" rel=\"noopener\">Reposit\u00f3rio Institucional da UFPel (Disserta\u00e7\u00e3o e Produto)<\/a><\/span><\/td>\n<\/tr>\n<tr>\n<td style=\"background-color: #c4bdc9; text-align: justify; width: 721px; height: 120px;\"><span class=\"text12\"><strong>124. Sth\u00e9fani Borges Bregue <\/strong>&#8211; Defendeu em 10\/03\/2023<strong><br \/>\n<strong style=\"font-family: inherit; font-size: inherit;\"><em>Avalia\u00e7\u00e3o da Aprendizagem e a Inclus\u00e3o Escolar de Alunos com Transtorno do Espectro Autista (TEA): as percep\u00e7\u00f5es, a pr\u00e1tica pedag\u00f3gica e as barreiras encontradas pelos professores de Ci\u00eancias. <\/em><\/strong><\/strong><span style=\"font-family: inherit; font-size: inherit;\">Palavras-chave: Avalia\u00e7\u00e3o da aprendizagem; Inclus\u00e3o escolar; Alunos com<br \/>\nTranstorno do Espectro Autista; Ensino de Ci\u00eancias.<\/span><br \/>\nOrienta\u00e7\u00e3o: Prof\u00aa. Dr\u00aa. Francele de Abreu Carlan<\/span><span class=\"text12\"><br \/>\n<a href=\"https:\/\/guaiaca.ufpel.edu.br\/handle\/prefix\/9269\" target=\"_blank\" rel=\"noopener\">Reposit\u00f3rio Institucional da UFPel (Disserta\u00e7\u00e3o e Produto)<\/a><\/span><\/td>\n<\/tr>\n<tr>\n<td style=\"background-color: #ffffff; text-align: justify; width: 721px;\"><span class=\"text12\"><strong>123. Karen Furtado dos Santos <\/strong>&#8211; Defendeu em 27\/02\/2023<strong><br \/>\n<em>O Ensino de Matem\u00e1tica nos Anos Iniciais com alunos\/as Autistas: an\u00e1lise das atividades pedag\u00f3gicas de ensino. <\/em><\/strong><span style=\"font-family: inherit; font-size: inherit;\">Palavras-chave: Pr\u00e1ticas Pedag\u00f3gicas; Ensino de Matem\u00e1tica; Alunos Autistas; Anos Iniciais.<\/span><br \/>\nOrienta\u00e7\u00e3o: Prof. Dr. Lui N\u00f6rnberg<br \/>\n<a href=\"https:\/\/guaiaca.ufpel.edu.br\/handle\/prefix\/9289\" target=\"_blank\" rel=\"noopener\">Reposit\u00f3rio Institucional da UFPel (Disserta\u00e7\u00e3o e Produto)<\/a><\/span><\/td>\n<\/tr>\n<\/tbody>\n<\/table>\n<p>&nbsp;<\/p>\n","protected":false},"excerpt":{"rendered":"<p>129. Susana de Gusm\u00e3o Silveira Machado &#8211; Defendeu em 28\/08\/2023 Experi\u00eancias de professoras da educa\u00e7\u00e3o infantil na pandemia da COVID-19: hist\u00f3rias, dilemas e reflex\u00f5es. Palavras-chave: Pandemia; Professores; Educa\u00e7\u00e3o Infantil; Ensino Remoto.. Orienta\u00e7\u00e3o: Prof.\u00aa Dr.\u00aa Ros\u00e1ria Ilgenfritz Sperotto Reposit\u00f3rio Institucional da UFPel (Disserta\u00e7\u00e3o e Produto) 128. Priscila Lazo Rodrigues &#8211; Defendeu em 15\/08\/2023 Educa\u00e7\u00e3o de surdos [&hellip;]<\/p>\n","protected":false},"author":112,"featured_media":0,"parent":461,"menu_order":0,"comment_status":"closed","ping_status":"closed","template":"","meta":{"footnotes":""},"class_list":["post-2793","page","type-page","status-publish","hentry"],"yoast_head":"<!-- This site is optimized with the Yoast SEO plugin v26.7 - https:\/\/yoast.com\/wordpress\/plugins\/seo\/ -->\n<title>Defesas 2023 - Programa de P\u00f3s Gradua\u00e7\u00e3o em Ensino de Ci\u00eancias e Matem\u00e1tica - Mestrado Profissional<\/title>\n<meta name=\"description\" content=\"P\u00e1gina com disserta\u00e7\u00f5es e produtos educacionais dos egressos de 2023 do Programa de P\u00f3s-Gradua\u00e7\u00e3o em Ensino de Ci\u00eancias e Matem\u00e1tica.\" \/>\n<meta name=\"robots\" content=\"index, follow, max-snippet:-1, max-image-preview:large, max-video-preview:-1\" \/>\n<link rel=\"canonical\" href=\"https:\/\/wp.ufpel.edu.br\/ppgecm\/dissertacoes-e-produtos\/defesas-2023-dissertacoes-e-produtos-educacionais-2023-mestrado-formacao-continuada\/\" \/>\n<meta property=\"og:locale\" content=\"pt_BR\" \/>\n<meta property=\"og:type\" content=\"article\" \/>\n<meta property=\"og:title\" content=\"Defesas 2023 - Programa de P\u00f3s Gradua\u00e7\u00e3o em Ensino de Ci\u00eancias e Matem\u00e1tica - Mestrado Profissional\" \/>\n<meta property=\"og:description\" content=\"P\u00e1gina com disserta\u00e7\u00f5es e produtos educacionais dos egressos de 2023 do Programa de P\u00f3s-Gradua\u00e7\u00e3o em Ensino de Ci\u00eancias e Matem\u00e1tica.\" \/>\n<meta property=\"og:url\" content=\"https:\/\/wp.ufpel.edu.br\/ppgecm\/dissertacoes-e-produtos\/defesas-2023-dissertacoes-e-produtos-educacionais-2023-mestrado-formacao-continuada\/\" \/>\n<meta property=\"og:site_name\" content=\"Programa de P\u00f3s Gradua\u00e7\u00e3o em Ensino de Ci\u00eancias e Matem\u00e1tica - Mestrado Profissional\" \/>\n<meta property=\"article:modified_time\" content=\"2025-03-12T20:39:46+00:00\" \/>\n<meta name=\"twitter:card\" content=\"summary_large_image\" \/>\n<meta name=\"twitter:label1\" content=\"Est. tempo de leitura\" \/>\n\t<meta name=\"twitter:data1\" content=\"2 minutos\" \/>\n<script type=\"application\/ld+json\" class=\"yoast-schema-graph\">{\"@context\":\"https:\/\/schema.org\",\"@graph\":[{\"@type\":[\"WebPage\",\"CollectionPage\"],\"@id\":\"https:\/\/wp.ufpel.edu.br\/ppgecm\/dissertacoes-e-produtos\/defesas-2023-dissertacoes-e-produtos-educacionais-2023-mestrado-formacao-continuada\/\",\"url\":\"https:\/\/wp.ufpel.edu.br\/ppgecm\/dissertacoes-e-produtos\/defesas-2023-dissertacoes-e-produtos-educacionais-2023-mestrado-formacao-continuada\/\",\"name\":\"Defesas 2023 - Programa de P\u00f3s Gradua\u00e7\u00e3o em Ensino de Ci\u00eancias e Matem\u00e1tica - Mestrado Profissional\",\"isPartOf\":{\"@id\":\"https:\/\/wp.ufpel.edu.br\/ppgecm\/#website\"},\"datePublished\":\"2023-08-01T18:41:00+00:00\",\"dateModified\":\"2025-03-12T20:39:46+00:00\",\"description\":\"P\u00e1gina com disserta\u00e7\u00f5es e produtos educacionais dos egressos de 2023 do Programa de P\u00f3s-Gradua\u00e7\u00e3o em Ensino de Ci\u00eancias e Matem\u00e1tica.\",\"breadcrumb\":{\"@id\":\"https:\/\/wp.ufpel.edu.br\/ppgecm\/dissertacoes-e-produtos\/defesas-2023-dissertacoes-e-produtos-educacionais-2023-mestrado-formacao-continuada\/#breadcrumb\"},\"inLanguage\":\"pt-BR\"},{\"@type\":\"BreadcrumbList\",\"@id\":\"https:\/\/wp.ufpel.edu.br\/ppgecm\/dissertacoes-e-produtos\/defesas-2023-dissertacoes-e-produtos-educacionais-2023-mestrado-formacao-continuada\/#breadcrumb\",\"itemListElement\":[{\"@type\":\"ListItem\",\"position\":1,\"name\":\"In\u00edcio\",\"item\":\"https:\/\/wp.ufpel.edu.br\/ppgecm\/\"},{\"@type\":\"ListItem\",\"position\":2,\"name\":\"Disserta\u00e7\u00f5es e Produtos Educacionais\",\"item\":\"https:\/\/wp.ufpel.edu.br\/ppgecm\/dissertacoes-e-produtos\/\"},{\"@type\":\"ListItem\",\"position\":3,\"name\":\"Defesas 2023\"}]},{\"@type\":\"WebSite\",\"@id\":\"https:\/\/wp.ufpel.edu.br\/ppgecm\/#website\",\"url\":\"https:\/\/wp.ufpel.edu.br\/ppgecm\/\",\"name\":\"Programa de P\u00f3s Gradua\u00e7\u00e3o em Ensino de Ci\u00eancias e Matem\u00e1tica - Mestrado Profissional\",\"description\":\"Universidade Federal de Pelotas\",\"potentialAction\":[{\"@type\":\"SearchAction\",\"target\":{\"@type\":\"EntryPoint\",\"urlTemplate\":\"https:\/\/wp.ufpel.edu.br\/ppgecm\/?s={search_term_string}\"},\"query-input\":{\"@type\":\"PropertyValueSpecification\",\"valueRequired\":true,\"valueName\":\"search_term_string\"}}],\"inLanguage\":\"pt-BR\"}]}<\/script>\n<!-- \/ Yoast SEO plugin. -->","yoast_head_json":{"title":"Defesas 2023 - Programa de P\u00f3s Gradua\u00e7\u00e3o em Ensino de Ci\u00eancias e Matem\u00e1tica - Mestrado Profissional","description":"P\u00e1gina com disserta\u00e7\u00f5es e produtos educacionais dos egressos de 2023 do Programa de P\u00f3s-Gradua\u00e7\u00e3o em Ensino de Ci\u00eancias e Matem\u00e1tica.","robots":{"index":"index","follow":"follow","max-snippet":"max-snippet:-1","max-image-preview":"max-image-preview:large","max-video-preview":"max-video-preview:-1"},"canonical":"https:\/\/wp.ufpel.edu.br\/ppgecm\/dissertacoes-e-produtos\/defesas-2023-dissertacoes-e-produtos-educacionais-2023-mestrado-formacao-continuada\/","og_locale":"pt_BR","og_type":"article","og_title":"Defesas 2023 - Programa de P\u00f3s Gradua\u00e7\u00e3o em Ensino de Ci\u00eancias e Matem\u00e1tica - Mestrado Profissional","og_description":"P\u00e1gina com disserta\u00e7\u00f5es e produtos educacionais dos egressos de 2023 do Programa de P\u00f3s-Gradua\u00e7\u00e3o em Ensino de Ci\u00eancias e Matem\u00e1tica.","og_url":"https:\/\/wp.ufpel.edu.br\/ppgecm\/dissertacoes-e-produtos\/defesas-2023-dissertacoes-e-produtos-educacionais-2023-mestrado-formacao-continuada\/","og_site_name":"Programa de P\u00f3s Gradua\u00e7\u00e3o em Ensino de Ci\u00eancias e Matem\u00e1tica - Mestrado Profissional","article_modified_time":"2025-03-12T20:39:46+00:00","twitter_card":"summary_large_image","twitter_misc":{"Est. tempo de leitura":"2 minutos"},"schema":{"@context":"https:\/\/schema.org","@graph":[{"@type":["WebPage","CollectionPage"],"@id":"https:\/\/wp.ufpel.edu.br\/ppgecm\/dissertacoes-e-produtos\/defesas-2023-dissertacoes-e-produtos-educacionais-2023-mestrado-formacao-continuada\/","url":"https:\/\/wp.ufpel.edu.br\/ppgecm\/dissertacoes-e-produtos\/defesas-2023-dissertacoes-e-produtos-educacionais-2023-mestrado-formacao-continuada\/","name":"Defesas 2023 - Programa de P\u00f3s Gradua\u00e7\u00e3o em Ensino de Ci\u00eancias e Matem\u00e1tica - Mestrado Profissional","isPartOf":{"@id":"https:\/\/wp.ufpel.edu.br\/ppgecm\/#website"},"datePublished":"2023-08-01T18:41:00+00:00","dateModified":"2025-03-12T20:39:46+00:00","description":"P\u00e1gina com disserta\u00e7\u00f5es e produtos educacionais dos egressos de 2023 do Programa de P\u00f3s-Gradua\u00e7\u00e3o em Ensino de Ci\u00eancias e Matem\u00e1tica.","breadcrumb":{"@id":"https:\/\/wp.ufpel.edu.br\/ppgecm\/dissertacoes-e-produtos\/defesas-2023-dissertacoes-e-produtos-educacionais-2023-mestrado-formacao-continuada\/#breadcrumb"},"inLanguage":"pt-BR"},{"@type":"BreadcrumbList","@id":"https:\/\/wp.ufpel.edu.br\/ppgecm\/dissertacoes-e-produtos\/defesas-2023-dissertacoes-e-produtos-educacionais-2023-mestrado-formacao-continuada\/#breadcrumb","itemListElement":[{"@type":"ListItem","position":1,"name":"In\u00edcio","item":"https:\/\/wp.ufpel.edu.br\/ppgecm\/"},{"@type":"ListItem","position":2,"name":"Disserta\u00e7\u00f5es e Produtos Educacionais","item":"https:\/\/wp.ufpel.edu.br\/ppgecm\/dissertacoes-e-produtos\/"},{"@type":"ListItem","position":3,"name":"Defesas 2023"}]},{"@type":"WebSite","@id":"https:\/\/wp.ufpel.edu.br\/ppgecm\/#website","url":"https:\/\/wp.ufpel.edu.br\/ppgecm\/","name":"Programa de P\u00f3s Gradua\u00e7\u00e3o em Ensino de Ci\u00eancias e Matem\u00e1tica - Mestrado Profissional","description":"Universidade Federal de Pelotas","potentialAction":[{"@type":"SearchAction","target":{"@type":"EntryPoint","urlTemplate":"https:\/\/wp.ufpel.edu.br\/ppgecm\/?s={search_term_string}"},"query-input":{"@type":"PropertyValueSpecification","valueRequired":true,"valueName":"search_term_string"}}],"inLanguage":"pt-BR"}]}},"_links":{"self":[{"href":"https:\/\/wp.ufpel.edu.br\/ppgecm\/wp-json\/wp\/v2\/pages\/2793","targetHints":{"allow":["GET"]}}],"collection":[{"href":"https:\/\/wp.ufpel.edu.br\/ppgecm\/wp-json\/wp\/v2\/pages"}],"about":[{"href":"https:\/\/wp.ufpel.edu.br\/ppgecm\/wp-json\/wp\/v2\/types\/page"}],"author":[{"embeddable":true,"href":"https:\/\/wp.ufpel.edu.br\/ppgecm\/wp-json\/wp\/v2\/users\/112"}],"replies":[{"embeddable":true,"href":"https:\/\/wp.ufpel.edu.br\/ppgecm\/wp-json\/wp\/v2\/comments?post=2793"}],"version-history":[{"count":3,"href":"https:\/\/wp.ufpel.edu.br\/ppgecm\/wp-json\/wp\/v2\/pages\/2793\/revisions"}],"predecessor-version":[{"id":2855,"href":"https:\/\/wp.ufpel.edu.br\/ppgecm\/wp-json\/wp\/v2\/pages\/2793\/revisions\/2855"}],"up":[{"embeddable":true,"href":"https:\/\/wp.ufpel.edu.br\/ppgecm\/wp-json\/wp\/v2\/pages\/461"}],"wp:attachment":[{"href":"https:\/\/wp.ufpel.edu.br\/ppgecm\/wp-json\/wp\/v2\/media?parent=2793"}],"curies":[{"name":"wp","href":"https:\/\/api.w.org\/{rel}","templated":true}]}}