{"id":2548,"date":"2022-09-30T10:34:35","date_gmt":"2022-09-30T13:34:35","guid":{"rendered":"https:\/\/wp.ufpel.edu.br\/ppgecm\/?page_id=2548"},"modified":"2022-09-30T10:34:35","modified_gmt":"2022-09-30T13:34:35","slug":"research-lines","status":"publish","type":"page","link":"https:\/\/wp.ufpel.edu.br\/ppgecm\/research-lines\/","title":{"rendered":"Research Lines"},"content":{"rendered":"<p style=\"text-align: justify;\">TRAINING OF SCIENCE AND MATHEMATICS TEACHERS<\/p>\n<p style=\"text-align: justify;\">It discusses aspects involved in the continuing education of teachers, considering curricular perspectives and pedagogical practices for the construction of concepts in professional development processes, contemplating research in the classroom.<\/p>\n<p style=\"text-align: center;\">===============================================================================<\/p>\n<p style=\"text-align: justify;\">METHODOLOGICAL STRATEGIES AND EDUCATIONAL RESOURCES FOR SCIENCE AND MATHEMATICS TEACHING<\/p>\n<p style=\"text-align: justify;\">Discusses and proposes studies and research in Science and Mathematics teaching addressing learning processes, the development of teaching materials and experimental practices, and the use of new information and communication technologies.<\/p>\n","protected":false},"excerpt":{"rendered":"<p>TRAINING OF SCIENCE AND MATHEMATICS TEACHERS It discusses aspects involved in the continuing education of teachers, considering curricular perspectives and pedagogical practices for the construction of concepts in professional development processes, contemplating research in the classroom. =============================================================================== METHODOLOGICAL STRATEGIES AND EDUCATIONAL RESOURCES FOR SCIENCE AND MATHEMATICS TEACHING Discusses and proposes studies and research in Science [&hellip;]<\/p>\n","protected":false},"author":112,"featured_media":0,"parent":0,"menu_order":0,"comment_status":"closed","ping_status":"closed","template":"","meta":{"footnotes":""},"class_list":["post-2548","page","type-page","status-publish","hentry"],"yoast_head":"<!-- This site is optimized with the Yoast SEO plugin v26.7 - https:\/\/yoast.com\/wordpress\/plugins\/seo\/ -->\n<title>Research Lines - Programa de P\u00f3s Gradua\u00e7\u00e3o em Ensino de Ci\u00eancias e Matem\u00e1tica - Mestrado Profissional<\/title>\n<meta name=\"robots\" content=\"index, follow, max-snippet:-1, max-image-preview:large, max-video-preview:-1\" \/>\n<link rel=\"canonical\" href=\"https:\/\/wp.ufpel.edu.br\/ppgecm\/en\/research-lines\/\" \/>\n<meta property=\"og:locale\" content=\"pt_BR\" \/>\n<meta property=\"og:type\" content=\"article\" \/>\n<meta property=\"og:title\" content=\"Research Lines - Programa de P\u00f3s Gradua\u00e7\u00e3o em Ensino de Ci\u00eancias e Matem\u00e1tica - Mestrado Profissional\" \/>\n<meta property=\"og:description\" content=\"TRAINING OF SCIENCE AND MATHEMATICS TEACHERS It discusses aspects involved in the continuing education of teachers, considering curricular perspectives and pedagogical practices for the construction of concepts in professional development processes, contemplating research in the classroom. =============================================================================== METHODOLOGICAL STRATEGIES AND EDUCATIONAL RESOURCES FOR SCIENCE AND MATHEMATICS TEACHING Discusses and proposes studies and research in Science [&hellip;]\" \/>\n<meta property=\"og:url\" content=\"https:\/\/wp.ufpel.edu.br\/ppgecm\/en\/research-lines\/\" \/>\n<meta property=\"og:site_name\" content=\"Programa de P\u00f3s Gradua\u00e7\u00e3o em Ensino de Ci\u00eancias e Matem\u00e1tica - Mestrado Profissional\" \/>\n<meta name=\"twitter:card\" content=\"summary_large_image\" \/>\n<meta name=\"twitter:label1\" content=\"Est. tempo de leitura\" \/>\n\t<meta name=\"twitter:data1\" content=\"1 minuto\" \/>\n<script type=\"application\/ld+json\" class=\"yoast-schema-graph\">{\"@context\":\"https:\/\/schema.org\",\"@graph\":[{\"@type\":\"WebPage\",\"@id\":\"https:\/\/wp.ufpel.edu.br\/ppgecm\/en\/research-lines\/\",\"url\":\"https:\/\/wp.ufpel.edu.br\/ppgecm\/en\/research-lines\/\",\"name\":\"Research Lines - Programa de P\u00f3s Gradua\u00e7\u00e3o em Ensino de Ci\u00eancias e Matem\u00e1tica - Mestrado Profissional\",\"isPartOf\":{\"@id\":\"https:\/\/wp.ufpel.edu.br\/ppgecm\/#website\"},\"datePublished\":\"2022-09-30T13:34:35+00:00\",\"breadcrumb\":{\"@id\":\"https:\/\/wp.ufpel.edu.br\/ppgecm\/en\/research-lines\/#breadcrumb\"},\"inLanguage\":\"pt-BR\",\"potentialAction\":[{\"@type\":\"ReadAction\",\"target\":[\"https:\/\/wp.ufpel.edu.br\/ppgecm\/en\/research-lines\/\"]}]},{\"@type\":\"BreadcrumbList\",\"@id\":\"https:\/\/wp.ufpel.edu.br\/ppgecm\/en\/research-lines\/#breadcrumb\",\"itemListElement\":[{\"@type\":\"ListItem\",\"position\":1,\"name\":\"In\u00edcio\",\"item\":\"https:\/\/wp.ufpel.edu.br\/ppgecm\/\"},{\"@type\":\"ListItem\",\"position\":2,\"name\":\"Research Lines\"}]},{\"@type\":\"WebSite\",\"@id\":\"https:\/\/wp.ufpel.edu.br\/ppgecm\/#website\",\"url\":\"https:\/\/wp.ufpel.edu.br\/ppgecm\/\",\"name\":\"Programa de P\u00f3s Gradua\u00e7\u00e3o em Ensino de Ci\u00eancias e Matem\u00e1tica - Mestrado Profissional\",\"description\":\"Universidade Federal de Pelotas\",\"potentialAction\":[{\"@type\":\"SearchAction\",\"target\":{\"@type\":\"EntryPoint\",\"urlTemplate\":\"https:\/\/wp.ufpel.edu.br\/ppgecm\/?s={search_term_string}\"},\"query-input\":{\"@type\":\"PropertyValueSpecification\",\"valueRequired\":true,\"valueName\":\"search_term_string\"}}],\"inLanguage\":\"pt-BR\"}]}<\/script>\n<!-- \/ Yoast SEO plugin. -->","yoast_head_json":{"title":"Research Lines - Programa de P\u00f3s Gradua\u00e7\u00e3o em Ensino de Ci\u00eancias e Matem\u00e1tica - Mestrado Profissional","robots":{"index":"index","follow":"follow","max-snippet":"max-snippet:-1","max-image-preview":"max-image-preview:large","max-video-preview":"max-video-preview:-1"},"canonical":"https:\/\/wp.ufpel.edu.br\/ppgecm\/en\/research-lines\/","og_locale":"pt_BR","og_type":"article","og_title":"Research Lines - Programa de P\u00f3s Gradua\u00e7\u00e3o em Ensino de Ci\u00eancias e Matem\u00e1tica - Mestrado Profissional","og_description":"TRAINING OF SCIENCE AND MATHEMATICS TEACHERS It discusses aspects involved in the continuing education of teachers, considering curricular perspectives and pedagogical practices for the construction of concepts in professional development processes, contemplating research in the classroom. =============================================================================== METHODOLOGICAL STRATEGIES AND EDUCATIONAL RESOURCES FOR SCIENCE AND MATHEMATICS TEACHING Discusses and proposes studies and research in Science [&hellip;]","og_url":"https:\/\/wp.ufpel.edu.br\/ppgecm\/en\/research-lines\/","og_site_name":"Programa de P\u00f3s Gradua\u00e7\u00e3o em Ensino de Ci\u00eancias e Matem\u00e1tica - Mestrado Profissional","twitter_card":"summary_large_image","twitter_misc":{"Est. tempo de leitura":"1 minuto"},"schema":{"@context":"https:\/\/schema.org","@graph":[{"@type":"WebPage","@id":"https:\/\/wp.ufpel.edu.br\/ppgecm\/en\/research-lines\/","url":"https:\/\/wp.ufpel.edu.br\/ppgecm\/en\/research-lines\/","name":"Research Lines - Programa de P\u00f3s Gradua\u00e7\u00e3o em Ensino de Ci\u00eancias e Matem\u00e1tica - Mestrado Profissional","isPartOf":{"@id":"https:\/\/wp.ufpel.edu.br\/ppgecm\/#website"},"datePublished":"2022-09-30T13:34:35+00:00","breadcrumb":{"@id":"https:\/\/wp.ufpel.edu.br\/ppgecm\/en\/research-lines\/#breadcrumb"},"inLanguage":"pt-BR","potentialAction":[{"@type":"ReadAction","target":["https:\/\/wp.ufpel.edu.br\/ppgecm\/en\/research-lines\/"]}]},{"@type":"BreadcrumbList","@id":"https:\/\/wp.ufpel.edu.br\/ppgecm\/en\/research-lines\/#breadcrumb","itemListElement":[{"@type":"ListItem","position":1,"name":"In\u00edcio","item":"https:\/\/wp.ufpel.edu.br\/ppgecm\/"},{"@type":"ListItem","position":2,"name":"Research Lines"}]},{"@type":"WebSite","@id":"https:\/\/wp.ufpel.edu.br\/ppgecm\/#website","url":"https:\/\/wp.ufpel.edu.br\/ppgecm\/","name":"Programa de P\u00f3s Gradua\u00e7\u00e3o em Ensino de Ci\u00eancias e Matem\u00e1tica - Mestrado Profissional","description":"Universidade Federal de Pelotas","potentialAction":[{"@type":"SearchAction","target":{"@type":"EntryPoint","urlTemplate":"https:\/\/wp.ufpel.edu.br\/ppgecm\/?s={search_term_string}"},"query-input":{"@type":"PropertyValueSpecification","valueRequired":true,"valueName":"search_term_string"}}],"inLanguage":"pt-BR"}]}},"_links":{"self":[{"href":"https:\/\/wp.ufpel.edu.br\/ppgecm\/wp-json\/wp\/v2\/pages\/2548","targetHints":{"allow":["GET"]}}],"collection":[{"href":"https:\/\/wp.ufpel.edu.br\/ppgecm\/wp-json\/wp\/v2\/pages"}],"about":[{"href":"https:\/\/wp.ufpel.edu.br\/ppgecm\/wp-json\/wp\/v2\/types\/page"}],"author":[{"embeddable":true,"href":"https:\/\/wp.ufpel.edu.br\/ppgecm\/wp-json\/wp\/v2\/users\/112"}],"replies":[{"embeddable":true,"href":"https:\/\/wp.ufpel.edu.br\/ppgecm\/wp-json\/wp\/v2\/comments?post=2548"}],"version-history":[{"count":1,"href":"https:\/\/wp.ufpel.edu.br\/ppgecm\/wp-json\/wp\/v2\/pages\/2548\/revisions"}],"predecessor-version":[{"id":2550,"href":"https:\/\/wp.ufpel.edu.br\/ppgecm\/wp-json\/wp\/v2\/pages\/2548\/revisions\/2550"}],"wp:attachment":[{"href":"https:\/\/wp.ufpel.edu.br\/ppgecm\/wp-json\/wp\/v2\/media?parent=2548"}],"curies":[{"name":"wp","href":"https:\/\/api.w.org\/{rel}","templated":true}]}}