{"id":2538,"date":"2022-09-30T09:54:28","date_gmt":"2022-09-30T12:54:28","guid":{"rendered":"https:\/\/wp.ufpel.edu.br\/ppgecm\/?page_id=2538"},"modified":"2022-09-30T10:28:48","modified_gmt":"2022-09-30T13:28:48","slug":"about","status":"publish","type":"page","link":"https:\/\/wp.ufpel.edu.br\/ppgecm\/about\/","title":{"rendered":"About"},"content":{"rendered":"<p style=\"text-align: justify;\">The Professional Master&#8217;s Course in Science and Mathematics Teaching at FAE\/UFPEL aims to promote and encourage in-service teachers in the areas of Science and Mathematics to develop a professional culture guided by autonomy, classroom research, structuring and the development of flexible curricula, through reflection on student learning, through the development of methodologies and methodological strategies appropriate to the teaching of Science and Mathematics, through the development of a formative assessment process, in short, through the development of actions that characterize their intervention at school and his teaching work as an autonomous teacher and researcher of his practice.<\/p>\n<p style=\"text-align: justify;\">The option for these priorities is related to our belief in the need to participate in processes and actions that focus on improving teaching standards in schools, since the results indicated by the various indices that try to measure the quality of teaching in the our country and our state (for example, PISA, IDEB, ENEM, among others) point to unsatisfactory results in student learning.<\/p>\n<p style=\"text-align: justify;\">This Postgraduate Program is guided, therefore, by the purpose of producing changes in the field of professional action of the teachers of the Science and Mathematics Areas of our region of coverage, mainly, in the state and municipal public schools, in addition to knowledge to be socialized mainly in state and municipal public education networks.<\/p>\n<p style=\"text-align: justify;\">Course students will also have the opportunity to develop studies and research on interdisciplinary practices, including the development of teaching projects not only among the areas of knowledge involved with the Program, but also integrating other areas of knowledge and solid theoretical foundations in these activities.<\/p>\n<p style=\"text-align: justify;\">Another important aspect to highlight in this project is related to the theory\/practice articulation, specifically classroom research, which we understand as a fundamental axis in a Professional Master&#8217;s Degree in Teaching. This articulation intends to be a space for the development of analyzes and reflections on practice and in practice. In this sense, we intend that master&#8217;s dissertations are the instruments where this relationship is expressed, whether in the elaboration, development and analysis of curricular projects of the master&#8217;s students in their work reality, or in the analysis of specific situations of schools, curricula, teaching materials, etc.<\/p>\n<p style=\"text-align: justify;\">Finally, we understand this process of continuing education as a resignification of practice, which, instead of being a mere application of knowledge, will be the result of the production of knowledge that will be a source of reference for new practices and for the research of questions generated by daily life. school.<\/p>\n<p style=\"text-align: justify;\">In this sense, we believe that this Professional Master&#8217;s can be an agent of transformation in schools and of revitalization of Science and Mathematics classrooms in our region.<\/p>\n<p>General Information:<br \/>\nMinimum course period: 24 months<br \/>\nMaximum course period: 30 months<br \/>\nOrganization of course offerings: semester<br \/>\nEntry method: selection process<br \/>\nPlace of reference for the course: Faculty of Education\/UFPel<br \/>\nClasses: Fridays, with the possibility of another shift<\/p>\n<p>Office hours: Monday to Friday, from 8 am to 12 pm and from 1 pm to 5 pm.<\/p>\n<p>Coordinator: Prof. Robledo Lima Gil, Ph.D<\/p>\n<p>Assistant Coordinator: Prof. Denise Nascimento Silveira, Ph.D<\/p>\n<p>Secretary: Gabriela P. de Pereira<\/p>\n","protected":false},"excerpt":{"rendered":"<p>The Professional Master&#8217;s Course in Science and Mathematics Teaching at FAE\/UFPEL aims to promote and encourage in-service teachers in the areas of Science and Mathematics to develop a professional culture guided by autonomy, classroom research, structuring and the development of flexible curricula, through reflection on student learning, through the development of methodologies and methodological strategies [&hellip;]<\/p>\n","protected":false},"author":112,"featured_media":0,"parent":0,"menu_order":0,"comment_status":"closed","ping_status":"closed","template":"","meta":{"footnotes":""},"class_list":["post-2538","page","type-page","status-publish","hentry"],"yoast_head":"<!-- This site is optimized with the Yoast SEO plugin v26.7 - https:\/\/yoast.com\/wordpress\/plugins\/seo\/ -->\n<title>About - Programa de P\u00f3s Gradua\u00e7\u00e3o em Ensino de Ci\u00eancias e Matem\u00e1tica - Mestrado Profissional<\/title>\n<meta name=\"robots\" content=\"index, follow, max-snippet:-1, max-image-preview:large, max-video-preview:-1\" \/>\n<link rel=\"canonical\" href=\"https:\/\/wp.ufpel.edu.br\/ppgecm\/en\/about\/\" \/>\n<meta property=\"og:locale\" content=\"pt_BR\" \/>\n<meta property=\"og:type\" content=\"article\" \/>\n<meta property=\"og:title\" content=\"About - Programa de P\u00f3s Gradua\u00e7\u00e3o em Ensino de Ci\u00eancias e Matem\u00e1tica - Mestrado Profissional\" \/>\n<meta property=\"og:description\" content=\"The Professional Master&#8217;s Course in Science and Mathematics Teaching at FAE\/UFPEL aims to promote and encourage in-service teachers in the areas of Science and Mathematics to develop a professional culture guided by autonomy, classroom research, structuring and the development of flexible curricula, through reflection on student learning, through the development of methodologies and methodological strategies [&hellip;]\" \/>\n<meta property=\"og:url\" content=\"https:\/\/wp.ufpel.edu.br\/ppgecm\/en\/about\/\" \/>\n<meta property=\"og:site_name\" content=\"Programa de P\u00f3s Gradua\u00e7\u00e3o em Ensino de Ci\u00eancias e Matem\u00e1tica - Mestrado Profissional\" \/>\n<meta property=\"article:modified_time\" content=\"2022-09-30T13:28:48+00:00\" \/>\n<meta name=\"twitter:card\" content=\"summary_large_image\" \/>\n<meta name=\"twitter:label1\" content=\"Est. tempo de leitura\" \/>\n\t<meta name=\"twitter:data1\" content=\"3 minutos\" \/>\n<script type=\"application\/ld+json\" class=\"yoast-schema-graph\">{\"@context\":\"https:\/\/schema.org\",\"@graph\":[{\"@type\":\"WebPage\",\"@id\":\"https:\/\/wp.ufpel.edu.br\/ppgecm\/en\/about\/\",\"url\":\"https:\/\/wp.ufpel.edu.br\/ppgecm\/en\/about\/\",\"name\":\"About - Programa de P\u00f3s Gradua\u00e7\u00e3o em Ensino de Ci\u00eancias e Matem\u00e1tica - Mestrado Profissional\",\"isPartOf\":{\"@id\":\"https:\/\/wp.ufpel.edu.br\/ppgecm\/#website\"},\"datePublished\":\"2022-09-30T12:54:28+00:00\",\"dateModified\":\"2022-09-30T13:28:48+00:00\",\"breadcrumb\":{\"@id\":\"https:\/\/wp.ufpel.edu.br\/ppgecm\/en\/about\/#breadcrumb\"},\"inLanguage\":\"pt-BR\",\"potentialAction\":[{\"@type\":\"ReadAction\",\"target\":[\"https:\/\/wp.ufpel.edu.br\/ppgecm\/en\/about\/\"]}]},{\"@type\":\"BreadcrumbList\",\"@id\":\"https:\/\/wp.ufpel.edu.br\/ppgecm\/en\/about\/#breadcrumb\",\"itemListElement\":[{\"@type\":\"ListItem\",\"position\":1,\"name\":\"In\u00edcio\",\"item\":\"https:\/\/wp.ufpel.edu.br\/ppgecm\/\"},{\"@type\":\"ListItem\",\"position\":2,\"name\":\"About\"}]},{\"@type\":\"WebSite\",\"@id\":\"https:\/\/wp.ufpel.edu.br\/ppgecm\/#website\",\"url\":\"https:\/\/wp.ufpel.edu.br\/ppgecm\/\",\"name\":\"Programa de P\u00f3s Gradua\u00e7\u00e3o em Ensino de Ci\u00eancias e Matem\u00e1tica - Mestrado Profissional\",\"description\":\"Universidade Federal de Pelotas\",\"potentialAction\":[{\"@type\":\"SearchAction\",\"target\":{\"@type\":\"EntryPoint\",\"urlTemplate\":\"https:\/\/wp.ufpel.edu.br\/ppgecm\/?s={search_term_string}\"},\"query-input\":{\"@type\":\"PropertyValueSpecification\",\"valueRequired\":true,\"valueName\":\"search_term_string\"}}],\"inLanguage\":\"pt-BR\"}]}<\/script>\n<!-- \/ Yoast SEO plugin. -->","yoast_head_json":{"title":"About - Programa de P\u00f3s Gradua\u00e7\u00e3o em Ensino de Ci\u00eancias e Matem\u00e1tica - Mestrado Profissional","robots":{"index":"index","follow":"follow","max-snippet":"max-snippet:-1","max-image-preview":"max-image-preview:large","max-video-preview":"max-video-preview:-1"},"canonical":"https:\/\/wp.ufpel.edu.br\/ppgecm\/en\/about\/","og_locale":"pt_BR","og_type":"article","og_title":"About - Programa de P\u00f3s Gradua\u00e7\u00e3o em Ensino de Ci\u00eancias e Matem\u00e1tica - Mestrado Profissional","og_description":"The Professional Master&#8217;s Course in Science and Mathematics Teaching at FAE\/UFPEL aims to promote and encourage in-service teachers in the areas of Science and Mathematics to develop a professional culture guided by autonomy, classroom research, structuring and the development of flexible curricula, through reflection on student learning, through the development of methodologies and methodological strategies [&hellip;]","og_url":"https:\/\/wp.ufpel.edu.br\/ppgecm\/en\/about\/","og_site_name":"Programa de P\u00f3s Gradua\u00e7\u00e3o em Ensino de Ci\u00eancias e Matem\u00e1tica - Mestrado Profissional","article_modified_time":"2022-09-30T13:28:48+00:00","twitter_card":"summary_large_image","twitter_misc":{"Est. tempo de leitura":"3 minutos"},"schema":{"@context":"https:\/\/schema.org","@graph":[{"@type":"WebPage","@id":"https:\/\/wp.ufpel.edu.br\/ppgecm\/en\/about\/","url":"https:\/\/wp.ufpel.edu.br\/ppgecm\/en\/about\/","name":"About - Programa de P\u00f3s Gradua\u00e7\u00e3o em Ensino de Ci\u00eancias e Matem\u00e1tica - Mestrado Profissional","isPartOf":{"@id":"https:\/\/wp.ufpel.edu.br\/ppgecm\/#website"},"datePublished":"2022-09-30T12:54:28+00:00","dateModified":"2022-09-30T13:28:48+00:00","breadcrumb":{"@id":"https:\/\/wp.ufpel.edu.br\/ppgecm\/en\/about\/#breadcrumb"},"inLanguage":"pt-BR","potentialAction":[{"@type":"ReadAction","target":["https:\/\/wp.ufpel.edu.br\/ppgecm\/en\/about\/"]}]},{"@type":"BreadcrumbList","@id":"https:\/\/wp.ufpel.edu.br\/ppgecm\/en\/about\/#breadcrumb","itemListElement":[{"@type":"ListItem","position":1,"name":"In\u00edcio","item":"https:\/\/wp.ufpel.edu.br\/ppgecm\/"},{"@type":"ListItem","position":2,"name":"About"}]},{"@type":"WebSite","@id":"https:\/\/wp.ufpel.edu.br\/ppgecm\/#website","url":"https:\/\/wp.ufpel.edu.br\/ppgecm\/","name":"Programa de P\u00f3s Gradua\u00e7\u00e3o em Ensino de Ci\u00eancias e Matem\u00e1tica - Mestrado Profissional","description":"Universidade Federal de Pelotas","potentialAction":[{"@type":"SearchAction","target":{"@type":"EntryPoint","urlTemplate":"https:\/\/wp.ufpel.edu.br\/ppgecm\/?s={search_term_string}"},"query-input":{"@type":"PropertyValueSpecification","valueRequired":true,"valueName":"search_term_string"}}],"inLanguage":"pt-BR"}]}},"_links":{"self":[{"href":"https:\/\/wp.ufpel.edu.br\/ppgecm\/wp-json\/wp\/v2\/pages\/2538","targetHints":{"allow":["GET"]}}],"collection":[{"href":"https:\/\/wp.ufpel.edu.br\/ppgecm\/wp-json\/wp\/v2\/pages"}],"about":[{"href":"https:\/\/wp.ufpel.edu.br\/ppgecm\/wp-json\/wp\/v2\/types\/page"}],"author":[{"embeddable":true,"href":"https:\/\/wp.ufpel.edu.br\/ppgecm\/wp-json\/wp\/v2\/users\/112"}],"replies":[{"embeddable":true,"href":"https:\/\/wp.ufpel.edu.br\/ppgecm\/wp-json\/wp\/v2\/comments?post=2538"}],"version-history":[{"count":5,"href":"https:\/\/wp.ufpel.edu.br\/ppgecm\/wp-json\/wp\/v2\/pages\/2538\/revisions"}],"predecessor-version":[{"id":2547,"href":"https:\/\/wp.ufpel.edu.br\/ppgecm\/wp-json\/wp\/v2\/pages\/2538\/revisions\/2547"}],"wp:attachment":[{"href":"https:\/\/wp.ufpel.edu.br\/ppgecm\/wp-json\/wp\/v2\/media?parent=2538"}],"curies":[{"name":"wp","href":"https:\/\/api.w.org\/{rel}","templated":true}]}}